{"id":6445,"date":"2024-01-23T17:28:41","date_gmt":"2024-01-23T17:28:41","guid":{"rendered":"https:\/\/bootsshopbodensee.com\/?page_id=6445"},"modified":"2026-02-11T10:24:58","modified_gmt":"2026-02-11T10:24:58","slug":"contate-nos","status":"publish","type":"page","link":"https:\/\/bootsshopbodensee.com\/pt\/contact-us\/","title":{"rendered":"Contate-nos"},"content":{"rendered":"<div class=\"row row-collapse row-full-width\"  id=\"row-1892702868\">\n\n\n\t<div id=\"col-2111695539\" class=\"col small-12 large-12\"  >\n\t\t\t\t<div class=\"col-inner\"  >\n\t\t\t\n\t\t\t\n\n\n\t<section class=\"section\" id=\"section_1918634562\">\n\t\t<div class=\"section-bg fill\" >\n\t\t\t<img loading=\"lazy\" decoding=\"async\" width=\"1500\" height=\"1000\" src=\"https:\/\/bootsshopbodensee.com\/wp-content\/uploads\/2024\/01\/chris-henry-o3_nfpK4VsA-unsplash-1.jpg\" class=\"bg attachment- size-\" alt=\"\" \/>\t\t\t\t\t\t<div class=\"section-bg-overlay absolute fill\"><\/div>\n\t\t\t\n\n\t\t<\/div>\n\n\t\t\n\n\t\t<div class=\"section-content relative\">\n\t\t\t\n\n<div class=\"row row-collapse align-center\" style=\"max-width:\" id=\"row-304126374\">\n\n\n\t<div id=\"col-247523567\" class=\"col small-12 large-12\"  >\n\t\t\t\t<div class=\"col-inner text-center dark\"  >\n\t\t\t\n\t\t\t\n\n<h1><span style=\"font-size: 250%;\">Contato<\/span><\/h1>\n<p class=\"lead\"><span style=\"font-size: 120%;\">Envie-nos uma mensagem<\/span><\/p>\n\n\t\t<\/div>\n\t\t\t\t\n<style>\n#col-247523567 > .col-inner {\n  padding: 100px 20px 200px 0px;\n}\n@media (min-width:550px) {\n  #col-247523567 > .col-inner {\n    padding: 100px 0px 200px 0px;\n  }\n}\n<\/style>\n\t<\/div>\n\n\t\n\n<\/div>\n\n\t\t<\/div>\n\n\t\t\n<style>\n#section_1918634562 {\n  padding-top: 0px;\n  padding-bottom: 0px;\n  min-height: 0px;\n}\n#section_1918634562 .section-bg-overlay {\n  background-color: rgba(0, 0, 0, 0.12);\n}\n#section_1918634562 .section-bg img {\n  object-position: 55% 100%;\n}\n@media (min-width:550px) {\n  #section_1918634562 {\n    padding-top: 0px;\n    padding-bottom: 0px;\n  }\n  #section_1918634562 .section-bg-overlay {\n    background-color: rgba(0, 0, 0, 0.21);\n  }\n}\n@media (min-width:850px) {\n  #section_1918634562 {\n    padding-top: 0px;\n    padding-bottom: 0px;\n  }\n  #section_1918634562 .section-bg-overlay {\n    background-color: rgba(0, 0, 0, 0.12);\n  }\n}\n<\/style>\n\t<\/section>\n\t\n\n\t\t<\/div>\n\t\t\t\t\n<style>\n#col-2111695539 > .col-inner {\n  padding: 0px 30px 0px 30px;\n}\n<\/style>\n\t<\/div>\n\n\t\n\n<\/div>\n<div class=\"row row-large\" style=\"max-width:1400px\" id=\"row-1864535694\">\n\n\n\t<div id=\"col-135531603\" class=\"col small-12 large-12\"  >\n\t\t\t\t<div class=\"col-inner\" style=\"background-color:rgb(255, 255, 255);\" >\n\t\t\t\n\t\t\t\n\n<div class=\"row row-collapse row-full-width\"  id=\"row-1299955133\">\n\n\n\t<div id=\"col-995827712\" class=\"col medium-12 small-12 large-6\"  >\n\t\t\t\t<div class=\"col-inner\"  >\n\t\t\t\n\t\t\t\n\n<h2><span style=\"font-size: 120%;\">Contate-nos<\/span><\/h2>\n\t<div id=\"gap-1516053687\" class=\"gap-element clearfix\" style=\"display:block; height:auto;\">\n\t\t\n<style>\n#gap-1516053687 {\n  padding-top: 20px;\n}\n@media (min-width:550px) {\n  #gap-1516053687 {\n    padding-top: 20px;\n  }\n}\n@media (min-width:850px) {\n  #gap-1516053687 {\n    padding-top: 30px;\n  }\n}\n<\/style>\n\t<\/div>\n\t\n\n<div class=\"row\"  id=\"row-70324\">\n\n\n\t<div id=\"col-861554475\" class=\"col medium-7 small-12 large-7\"  >\n\t\t\t\t<div class=\"col-inner\"  >\n\t\t\t\n\t\t\t\n\n\t<div class=\"img has-hover x md-x lg-x y md-y lg-y\" id=\"image_1955105370\">\n\t\t\t\t\t\t\t\t<div class=\"img-inner dark\" >\n\t\t\t<img loading=\"lazy\" decoding=\"async\" width=\"240\" height=\"240\" src=\"https:\/\/bootsshopbodensee.com\/wp-content\/uploads\/2024\/01\/map-pin-2-fill-2.png\" class=\"attachment-large size-large\" alt=\"\" srcset=\"https:\/\/bootsshopbodensee.com\/wp-content\/uploads\/2024\/01\/map-pin-2-fill-2.png 240w, https:\/\/bootsshopbodensee.com\/wp-content\/uploads\/2024\/01\/map-pin-2-fill-2-100x100.png 100w\" sizes=\"auto, (max-width: 240px) 100vw, 240px\" \/>\t\t\t\t\t\t\n\t\t\t\t\t<\/div>\n\t\t\t\t\t\t\t\t\n<style>\n#image_1955105370 {\n  width: 15%;\n}\n@media (min-width:550px) {\n  #image_1955105370 {\n    width: 20%;\n  }\n}\n<\/style>\n\t<\/div>\n\t\n\n\t<div id=\"text-3408236379\" class=\"text\">\n\t\t\n\n<h3 class=\"uppercase\"><strong>Endere\u00e7o<\/strong><\/h3>\n<p data-pm-slice=\"1 1 &#091;&#093;\"><strong>Bootsshop Bodensee<\/strong><br \/>Escrit\u00f3rio, Keltenring 1<br \/>88682 Salem, Alemanha<br \/>contact@bootsshopbodensee.com<br \/>+491792994144<\/p>\n\t\t\n<style>\n#text-3408236379 {\n  font-size: 1rem;\n}\n<\/style>\n\t<\/div>\n\t\n\n\t\t<\/div>\n\t\t\t\t\t<\/div>\n\n\t\n\n\t<div id=\"col-535493168\" class=\"col medium-5 small-12 large-5\"  >\n\t\t\t\t<div class=\"col-inner\"  >\n\t\t\t\n\t\t\t\n\n\t<div class=\"img has-hover x md-x lg-x y md-y lg-y\" id=\"image_833241997\">\n\t\t\t\t\t\t\t\t<div class=\"img-inner dark\" >\n\t\t\t<img loading=\"lazy\" decoding=\"async\" width=\"240\" height=\"240\" src=\"https:\/\/bootsshopbodensee.com\/wp-content\/uploads\/2024\/01\/time-fill.png\" class=\"attachment-large size-large\" alt=\"\" srcset=\"https:\/\/bootsshopbodensee.com\/wp-content\/uploads\/2024\/01\/time-fill.png 240w, https:\/\/bootsshopbodensee.com\/wp-content\/uploads\/2024\/01\/time-fill-100x100.png 100w\" sizes=\"auto, (max-width: 240px) 100vw, 240px\" \/>\t\t\t\t\t\t\n\t\t\t\t\t<\/div>\n\t\t\t\t\t\t\t\t\n<style>\n#image_833241997 {\n  width: 15%;\n}\n@media (min-width:550px) {\n  #image_833241997 {\n    width: 20%;\n  }\n}\n<\/style>\n\t<\/div>\n\t\n\n<h3 class=\"uppercase\">Hor\u00e1rio de funcionamento<\/h3>\n<p>De segunda a sexta: das 9h \u00e0s 20h<br \/>S\u00e1bado: 08h \u2013 21h<br \/>Domingo: fechado<\/p>\n\n\t\t<\/div>\n\t\t\t\t\t<\/div>\n\n\t\n\n<\/div>\n<div class=\"row\"  id=\"row-169577949\">\n\n\n\t<div id=\"col-784667744\" class=\"col medium-7 small-12 large-7\"  >\n\t\t\t\t<div class=\"col-inner\"  >\n\t\t\t\n\t\t\t\n\n\t<div class=\"img has-hover x md-x lg-x y md-y lg-y\" id=\"image_1951971172\">\n\t\t\t\t\t\t\t\t<div class=\"img-inner dark\" >\n\t\t\t<img loading=\"lazy\" decoding=\"async\" width=\"240\" height=\"240\" src=\"https:\/\/bootsshopbodensee.com\/wp-content\/uploads\/2024\/01\/mail-open-fill.png\" class=\"attachment-large size-large\" alt=\"\" srcset=\"https:\/\/bootsshopbodensee.com\/wp-content\/uploads\/2024\/01\/mail-open-fill.png 240w, https:\/\/bootsshopbodensee.com\/wp-content\/uploads\/2024\/01\/mail-open-fill-100x100.png 100w\" sizes=\"auto, (max-width: 240px) 100vw, 240px\" \/>\t\t\t\t\t\t\n\t\t\t\t\t<\/div>\n\t\t\t\t\t\t\t\t\n<style>\n#image_1951971172 {\n  width: 15%;\n}\n@media (min-width:550px) {\n  #image_1951971172 {\n    width: 20%;\n  }\n}\n<\/style>\n\t<\/div>\n\t\n\n<h3 class=\"uppercase\">E-mail<\/h3>\n<p>contact@bootsshopbodensee.com<\/p>\n\n\t\t<\/div>\n\t\t\t\t\t<\/div>\n\n\t\n\n\t<div id=\"col-1122260392\" class=\"col medium-5 small-12 large-5\"  >\n\t\t\t\t<div class=\"col-inner\"  >\n\t\t\t\n\t\t\t\n\n\t<div class=\"img has-hover x md-x lg-x y md-y lg-y\" id=\"image_950153399\">\n\t\t\t\t\t\t\t\t<div class=\"img-inner dark\" >\n\t\t\t<img loading=\"lazy\" decoding=\"async\" width=\"240\" height=\"240\" src=\"https:\/\/bootsshopbodensee.com\/wp-content\/uploads\/2024\/01\/phone-fill.png\" class=\"attachment-large size-large\" alt=\"\" srcset=\"https:\/\/bootsshopbodensee.com\/wp-content\/uploads\/2024\/01\/phone-fill.png 240w, https:\/\/bootsshopbodensee.com\/wp-content\/uploads\/2024\/01\/phone-fill-100x100.png 100w\" sizes=\"auto, (max-width: 240px) 100vw, 240px\" \/>\t\t\t\t\t\t\n\t\t\t\t\t<\/div>\n\t\t\t\t\t\t\t\t\n<style>\n#image_950153399 {\n  width: 15%;\n}\n@media (min-width:550px) {\n  #image_950153399 {\n    width: 20%;\n  }\n}\n<\/style>\n\t<\/div>\n\t\n\n<h3 class=\"uppercase\">telefone<\/h3>\n<p>+491792994144<\/p>\n\n\t\t<\/div>\n\t\t\t\t\t<\/div>\n\n\t\n\n<\/div>\n\n\t\t<\/div>\n\t\t\t\t\n<style>\n#col-995827712 > .col-inner {\n  padding: 0px 0px 0px 20px;\n}\n<\/style>\n\t<\/div>\n\n\t\n\n\t<div id=\"col-263463521\" class=\"col medium-12 small-12 large-6\"  >\n\t\t\t\t<div class=\"col-inner\"  >\n\t\t\t\n\t\t\t\n\n<h2><span style=\"font-size: 120%;\">Fa\u00e7a uma pergunta<\/span><\/h2>\n\t<div id=\"gap-388907718\" class=\"gap-element clearfix\" style=\"display:block; height:auto;\">\n\t\t\n<style>\n#gap-388907718 {\n  padding-top: 20px;\n}\n@media (min-width:550px) {\n  #gap-388907718 {\n    padding-top: 20px;\n  }\n}\n@media (min-width:850px) {\n  #gap-388907718 {\n    padding-top: 30px;\n  }\n}\n<\/style>\n\t<\/div>\n\t\n\n\n<div class=\"wpcf7 no-js\" id=\"wpcf7-f13-o1\" lang=\"en-US\" dir=\"ltr\" data-wpcf7-id=\"13\">\n<div class=\"screen-reader-response\"><p role=\"status\" aria-live=\"polite\" aria-atomic=\"true\"><\/p> <ul><\/ul><\/div>\n<form action=\"\/pt\/wp-json\/wp\/v2\/pages\/6445#wpcf7-f13-o1\" method=\"post\" class=\"wpcf7-form init\" aria-label=\"Contact form\" novalidate=\"novalidate\" data-status=\"init\" data-trp-original-action=\"\/pt\/wp-json\/wp\/v2\/pages\/6445#wpcf7-f13-o1\">\n<fieldset class=\"hidden-fields-container\"><input type=\"hidden\" name=\"_wpcf7\" value=\"13\" \/><input type=\"hidden\" name=\"_wpcf7_version\" value=\"6.1.5\" \/><input type=\"hidden\" name=\"_wpcf7_locale\" value=\"en_US\" \/><input type=\"hidden\" name=\"_wpcf7_unit_tag\" value=\"wpcf7-f13-o1\" \/><input type=\"hidden\" name=\"_wpcf7_container_post\" value=\"0\" \/><input type=\"hidden\" name=\"_wpcf7_posted_data_hash\" value=\"\" \/>\n<\/fieldset>\n<p><label> Seu nome<br \/>\n<span class=\"wpcf7-form-control-wrap\" data-name=\"your-name\"><input size=\"40\" maxlength=\"400\" class=\"wpcf7-form-control wpcf7-text wpcf7-validates-as-required\" autocomplete=\"name\" aria-required=\"true\" aria-invalid=\"false\" value=\"\" type=\"text\" name=\"your-name\" \/><\/span> <\/label>\n<\/p>\n<p><label> Seu e-mail<br \/>\n<span class=\"wpcf7-form-control-wrap\" data-name=\"your-email\"><input size=\"40\" maxlength=\"400\" class=\"wpcf7-form-control wpcf7-email wpcf7-validates-as-required wpcf7-text wpcf7-validates-as-email\" autocomplete=\"email\" aria-required=\"true\" aria-invalid=\"false\" value=\"\" type=\"email\" name=\"your-email\" \/><\/span> <\/label>\n<\/p>\n<p><label> Assunto<br \/>\n<span class=\"wpcf7-form-control-wrap\" data-name=\"your-subject\"><input size=\"40\" maxlength=\"400\" class=\"wpcf7-form-control wpcf7-text wpcf7-validates-as-required\" aria-required=\"true\" aria-invalid=\"false\" value=\"\" type=\"text\" name=\"your-subject\" \/><\/span> <\/label>\n<\/p>\n<p><label> Sua mensagem (opcional)<br \/>\n<span class=\"wpcf7-form-control-wrap\" data-name=\"your-message\"><textarea cols=\"40\" rows=\"10\" maxlength=\"2000\" class=\"wpcf7-form-control wpcf7-textarea\" aria-invalid=\"false\" name=\"your-message\"><\/textarea><\/span> <\/label>\n<\/p>\n<p><input class=\"wpcf7-form-control wpcf7-submit has-spinner\" type=\"submit\" value=\"Enviar\" \/>\n<\/p><div class=\"wpcf7-response-output\" aria-hidden=\"true\"><\/div>\n<input type=\"hidden\" name=\"trp-form-language\" value=\"pt\"\/><\/form>\n<\/div>\n\n\n\n\t\t<\/div>\n\t\t\t\t\t<\/div>\n\n\t\n\n\n<style>\n#row-1299955133 > .col > .col-inner {\n  padding: 0px 15px 0px 15px;\n}\n<\/style>\n<\/div>\n\n\t\t<\/div>\n\t\t\t\t\n<style>\n#col-135531603 > .col-inner {\n  padding: 50px 20px 0px 20px;\n  margin: -0 0px 0px 0px;\n}\n@media (min-width:550px) {\n  #col-135531603 > .col-inner {\n    padding: 50px 20px 30px 20px;\n    margin: 0 0px 0px 0px;\n  }\n}\n@media (min-width:850px) {\n  #col-135531603 > .col-inner {\n    padding: 66px 5% 16px 5%;\n    margin: -135px 0px 0px 0px;\n  }\n}\n<\/style>\n\t<\/div>\n\n\t\n\n<\/div>","protected":false},"excerpt":{"rendered":"","protected":false},"author":1,"featured_media":0,"parent":0,"menu_order":0,"comment_status":"closed","ping_status":"closed","template":"","meta":{"footnotes":""},"class_list":["post-6445","page","type-page","status-publish","hentry"],"jetpack-related-posts":[{"id":6185,"url":"https:\/\/bootsshopbodensee.com\/pt\/","url_meta":{"origin":6445,"position":0},"title":"LAR","author":"rinaoben","date":"Janeiro 23, 2024","format":false,"excerpt":"WHY BUY FROM US Worldwide Shipping | \u00a0Verified Engines | Warranty & Testing | Secure Payments","rel":"","context":"Similar post","block_context":{"text":"Similar post","link":""},"img":{"alt_text":"","src":"","width":0,"height":0},"classes":[]},{"id":10,"url":"https:\/\/bootsshopbodensee.com\/pt\/refund-and-returns-policy-2\/","url_meta":{"origin":6445,"position":1},"title":"Pol\u00edtica de Reembolso e Devolu\u00e7\u00e3o","author":"rinaoben","date":"Janeiro 23, 2024","format":false,"excerpt":"","rel":"","context":"Similar post","block_context":{"text":"Similar post","link":""},"img":{"alt_text":"","src":"","width":0,"height":0},"classes":[]},{"id":6438,"url":"https:\/\/bootsshopbodensee.com\/pt\/shipping-policy\/","url_meta":{"origin":6445,"position":2},"title":"Pol\u00edtica de Envio","author":"rinaoben","date":"Janeiro 23, 2024","format":false,"excerpt":"","rel":"","context":"Similar post","block_context":{"text":"Similar post","link":""},"img":{"alt_text":"","src":"","width":0,"height":0},"classes":[]},{"id":3,"url":"https:\/\/bootsshopbodensee.com\/pt\/privacy-policy\/","url_meta":{"origin":6445,"position":3},"title":"pol\u00edtica de Privacidade","author":"rinaoben","date":"Janeiro 23, 2024","format":false,"excerpt":"","rel":"","context":"Similar post","block_context":{"text":"Similar post","link":""},"img":{"alt_text":"","src":"","width":0,"height":0},"classes":[]},{"id":6441,"url":"https:\/\/bootsshopbodensee.com\/pt\/terms-of-service\/","url_meta":{"origin":6445,"position":4},"title":"Termos de servi\u00e7o","author":"rinaoben","date":"Janeiro 23, 2024","format":false,"excerpt":"","rel":"","context":"Similar post","block_context":{"text":"Similar post","link":""},"img":{"alt_text":"","src":"","width":0,"height":0},"classes":[]}],"jetpack_sharing_enabled":true,"_links":{"self":[{"href":"https:\/\/bootsshopbodensee.com\/pt\/wp-json\/wp\/v2\/pages\/6445","targetHints":{"allow":["GET"]}}],"collection":[{"href":"https:\/\/bootsshopbodensee.com\/pt\/wp-json\/wp\/v2\/pages"}],"about":[{"href":"https:\/\/bootsshopbodensee.com\/pt\/wp-json\/wp\/v2\/types\/page"}],"author":[{"embeddable":true,"href":"https:\/\/bootsshopbodensee.com\/pt\/wp-json\/wp\/v2\/users\/1"}],"replies":[{"embeddable":true,"href":"https:\/\/bootsshopbodensee.com\/pt\/wp-json\/wp\/v2\/comments?post=6445"}],"version-history":[{"count":6,"href":"https:\/\/bootsshopbodensee.com\/pt\/wp-json\/wp\/v2\/pages\/6445\/revisions"}],"predecessor-version":[{"id":10009,"href":"https:\/\/bootsshopbodensee.com\/pt\/wp-json\/wp\/v2\/pages\/6445\/revisions\/10009"}],"wp:attachment":[{"href":"https:\/\/bootsshopbodensee.com\/pt\/wp-json\/wp\/v2\/media?parent=6445"}],"curies":[{"name":"wp","href":"https:\/\/api.w.org\/{rel}","templated":true}]}}