{"id":7601,"date":"2024-03-13T08:43:52","date_gmt":"2024-03-13T08:43:52","guid":{"rendered":"https:\/\/bootsshopbodensee.com\/?post_type=product&#038;p=7601"},"modified":"2026-02-28T19:54:31","modified_gmt":"2026-02-28T19:54:31","slug":"generatore-marino-paguro-14000-nuovo-di-zecca","status":"publish","type":"product","link":"https:\/\/bootsshopbodensee.com\/it\/shop\/brand-new-paguro-14000-marine-generator\/","title":{"rendered":"Nuovo generatore marino Paguro 14000"},"content":{"rendered":"<h2 data-start=\"718\" data-end=\"733\"><strong>Nuovo generatore marino Paguro 14000<\/strong><\/h2>\n<p data-start=\"735\" data-end=\"1411\">IL <strong data-start=\"739\" data-end=\"782\">nuovissimo generatore marino Paguro 14000<\/strong> Ridefinisce l&#039;alimentazione di bordo per grandi yacht e imbarcazioni da 50 a 70 piedi. Combinando efficienza, affidabilit\u00e0 e funzionamento ultra silenzioso, questo generatore garantisce un&#039;alimentazione ininterrotta per tutti i sistemi navali, dai condizionatori d&#039;aria pi\u00f9 potenti ai dispositivi elettronici pi\u00f9 delicati come laptop e TV. Con un consumo di gasolio di soli 0,35 litri per kW all&#039;ora, il Paguro 14000 massimizza l&#039;efficienza del carburante senza compromettere le prestazioni. Progettato per un&#039;integrazione perfetta e un facile monitoraggio tramite un pannello di controllo remoto, questo generatore \u00e8 ideale per capitani, proprietari di yacht e ingegneri navali che richiedono potenza e tranquillit\u00e0.<\/p>\n<hr data-start=\"1413\" data-end=\"1416\" \/>\n<h2 data-start=\"1418\" data-end=\"1457\">Prestazioni ed efficienza senza pari<\/h2>\n<p data-start=\"1459\" data-end=\"1680\">IL <strong data-start=\"1463\" data-end=\"1496\">Generatore marino Paguro 14000<\/strong> Si distingue per la sua impressionante potenza di 14,0 kW e la potenza dell&#039;onda sinusoidale pulita, che lo rendono perfetto per dispositivi elettronici sensibili ed elettrodomestici ad alto consumo. Alcuni dei principali vantaggi operativi includono:<\/p>\n<ul data-start=\"1682\" data-end=\"1992\">\n<li data-start=\"1682\" data-end=\"1774\">\n<p data-start=\"1684\" data-end=\"1774\"><strong data-start=\"1684\" data-end=\"1704\">Efficienza del carburante:<\/strong> Solo 0,35 litri per kW all&#039;ora, ottimizzando i viaggi a lunga distanza.<\/p>\n<\/li>\n<li data-start=\"1775\" data-end=\"1897\">\n<p data-start=\"1777\" data-end=\"1897\"><strong data-start=\"1777\" data-end=\"1803\">Capacit\u00e0 di carico iniziale:<\/strong> Supera 300%, consentendo l&#039;alimentazione immediata di apparecchiature pesanti come le unit\u00e0 di condizionamento dell&#039;aria.<\/p>\n<\/li>\n<li data-start=\"1898\" data-end=\"1992\">\n<p data-start=\"1900\" data-end=\"1992\"><strong data-start=\"1900\" data-end=\"1919\">Tensione stabile:<\/strong> 230 V a 50 Hz garantiscono prestazioni costanti per i moderni sistemi navali.<\/p>\n<\/li>\n<\/ul>\n<p data-start=\"1994\" data-end=\"2150\">Bilanciando efficienza energetica e potenza pura, il Paguro 14000 offre una combinazione senza pari di sostenibilit\u00e0 e prestazioni per applicazioni marine.<\/p>\n<hr data-start=\"2152\" data-end=\"2155\" \/>\n<h2 data-start=\"2157\" data-end=\"2196\">Controllo superiore del rumore e delle vibrazioni<\/h2>\n<p data-start=\"2198\" data-end=\"2541\">I lunghi viaggi sull&#039;acqua richiedono comfort e il Paguro 14000 lo offre. Il suo design migliorato <strong data-start=\"2285\" data-end=\"2319\">capsula insonorizzata a tripla pelle<\/strong> E <strong data-start=\"2324\" data-end=\"2358\">supporti antivibranti esterni<\/strong> Riducono significativamente il rumore e le vibrazioni del motore. Ci\u00f2 consente a passeggeri ed equipaggio di godere di un ambiente di bordo tranquillo e sereno, anche quando il generatore \u00e8 in funzione a piena capacit\u00e0.<\/p>\n<ul data-start=\"2543\" data-end=\"2828\">\n<li data-start=\"2543\" data-end=\"2631\">\n<p data-start=\"2545\" data-end=\"2631\"><strong data-start=\"2545\" data-end=\"2575\">Capsula sonora a tripla pelle:<\/strong> Racchiude il generatore per ridurre al minimo la trasmissione del rumore.<\/p>\n<\/li>\n<li data-start=\"2632\" data-end=\"2731\">\n<p data-start=\"2634\" data-end=\"2731\"><strong data-start=\"2634\" data-end=\"2660\">Design antivibrazione:<\/strong> Impedisce che le vibrazioni strutturali influiscano sui componenti elettronici sensibili.<\/p>\n<\/li>\n<li data-start=\"2732\" data-end=\"2828\">\n<p data-start=\"2734\" data-end=\"2828\"><strong data-start=\"2734\" data-end=\"2769\">Esperienza di bordo confortevole:<\/strong> Ideale per imbarcazioni da diporto, imbarcazioni da crociera e yacht di lusso.<\/p>\n<\/li>\n<\/ul>\n<hr data-start=\"2830\" data-end=\"2833\" \/>\n<h2 data-start=\"2835\" data-end=\"2875\">Design compatto con facile installazione<\/h2>\n<p data-start=\"2877\" data-end=\"3226\">Nonostante la potenza di 14,0 kW, il Paguro 14000 \u00e8 sorprendentemente compatto e leggero, con un peso di soli 210 kg. Le sue dimensioni di 860 x 580 x 650 mm consentono una facile installazione in sale macchine ristrette o in appositi vani generatore. Inoltre, il kit di installazione incluso <strong data-start=\"3131\" data-end=\"3164\">Cablaggio del pannello remoto da 13 metri<\/strong> fornisce un comodo monitoraggio e controllo a distanza.<\/p>\n<p data-start=\"3228\" data-end=\"3254\"><strong data-start=\"3228\" data-end=\"3254\">Vantaggi dell&#039;installazione:<\/strong><\/p>\n<ul data-start=\"3256\" data-end=\"3440\">\n<li data-start=\"3256\" data-end=\"3322\">\n<p data-start=\"3258\" data-end=\"3322\">Adatto alla maggior parte delle sale macchine marine senza dover apportare modifiche sostanziali.<\/p>\n<\/li>\n<li data-start=\"3323\" data-end=\"3383\">\n<p data-start=\"3325\" data-end=\"3383\">Il pannello remoto garantisce sicurezza operativa e facilit\u00e0 d&#039;uso.<\/p>\n<\/li>\n<li data-start=\"3384\" data-end=\"3440\">\n<p data-start=\"3386\" data-end=\"3440\">La pompa manuale per il cambio dell&#039;olio semplifica la manutenzione ordinaria.<\/p>\n<\/li>\n<\/ul>\n<hr data-start=\"3442\" data-end=\"3445\" \/>\n<h2 data-start=\"3447\" data-end=\"3474\"><strong>Caratteristiche principali a colpo d&#039;occhio<\/strong><\/h2>\n<div class=\"TyagGW_tableContainer\">\n<div class=\"group TyagGW_tableWrapper flex flex-col-reverse w-fit\" tabindex=\"-1\">\n<table class=\"w-fit min-w-(--thread-content-width)\" data-start=\"3476\" data-end=\"4263\">\n<thead data-start=\"3476\" data-end=\"3497\">\n<tr data-start=\"3476\" data-end=\"3497\">\n<th class=\"\" data-start=\"3476\" data-end=\"3486\" data-col-size=\"sm\">Caratteristica<\/th>\n<th class=\"\" data-start=\"3486\" data-end=\"3497\" data-col-size=\"md\">Beneficio<\/th>\n<\/tr>\n<\/thead>\n<tbody data-start=\"3520\" data-end=\"4263\">\n<tr data-start=\"3520\" data-end=\"3596\">\n<td data-start=\"3520\" data-end=\"3540\" data-col-size=\"sm\"><strong data-start=\"3522\" data-end=\"3539\">Capsula sonora<\/strong><\/td>\n<td data-start=\"3540\" data-end=\"3596\" data-col-size=\"md\">Riduce il rumore operativo per un ambiente tranquillo<\/td>\n<\/tr>\n<tr data-start=\"3597\" data-end=\"3694\">\n<td data-start=\"3597\" data-end=\"3634\" data-col-size=\"sm\"><strong data-start=\"3599\" data-end=\"3633\">Supporti antivibranti esterni<\/strong><\/td>\n<td data-start=\"3634\" data-end=\"3694\" data-col-size=\"md\">Riduce al minimo le vibrazioni trasmesse alla struttura della nave<\/td>\n<\/tr>\n<tr data-start=\"3695\" data-end=\"3794\">\n<td data-start=\"3695\" data-end=\"3730\" data-col-size=\"sm\"><strong data-start=\"3697\" data-end=\"3729\">Pannello remoto e cablaggio (13 m)<\/strong><\/td>\n<td data-start=\"3730\" data-end=\"3794\" data-col-size=\"md\">Consente un facile monitoraggio e controllo da qualsiasi posizione a bordo<\/td>\n<\/tr>\n<tr data-start=\"3795\" data-end=\"3877\">\n<td data-start=\"3795\" data-end=\"3820\" data-col-size=\"sm\"><strong data-start=\"3797\" data-end=\"3819\">Kit girante di ricambio<\/strong><\/td>\n<td data-start=\"3820\" data-end=\"3877\" data-col-size=\"md\">Garantisce una rapida sostituzione e un funzionamento ininterrotto<\/td>\n<\/tr>\n<tr data-start=\"3878\" data-end=\"3958\">\n<td data-start=\"3878\" data-end=\"3905\" data-col-size=\"sm\"><strong data-start=\"3880\" data-end=\"3904\">Pompa manuale per il cambio dell&#039;olio<\/strong><\/td>\n<td data-start=\"3905\" data-end=\"3958\" data-col-size=\"md\">Semplifica la manutenzione ordinaria, riducendo i tempi di fermo<\/td>\n<\/tr>\n<tr data-start=\"3959\" data-end=\"4041\">\n<td data-start=\"3959\" data-end=\"3979\" data-col-size=\"sm\"><strong data-start=\"3961\" data-end=\"3978\">Potenza di 14,0 kW<\/strong><\/td>\n<td data-start=\"3979\" data-end=\"4041\" data-col-size=\"md\">Alimenta sia attrezzature pesanti che dispositivi elettronici sensibili<\/td>\n<\/tr>\n<tr data-start=\"4042\" data-end=\"4113\">\n<td data-start=\"4042\" data-end=\"4060\" data-col-size=\"sm\"><a href=\"https:\/\/en.wikipedia.org\/wiki\/Diesel_fuel\" target=\"_blank\" rel=\"noopener\"><strong data-start=\"4044\" data-end=\"4059\">gasolio<\/strong><\/a><\/td>\n<td data-start=\"4060\" data-end=\"4113\" data-col-size=\"md\">Efficiente e ampiamente disponibile per le imbarcazioni marittime<\/td>\n<\/tr>\n<tr data-start=\"4114\" data-end=\"4184\">\n<td data-start=\"4114\" data-end=\"4142\" data-col-size=\"sm\"><strong data-start=\"4116\" data-end=\"4141\">Tensione: 230 V a 50 Hz<\/strong><\/td>\n<td data-start=\"4142\" data-end=\"4184\" data-col-size=\"md\">Energia stabile e pulita per dispositivi moderni<\/td>\n<\/tr>\n<tr data-start=\"4185\" data-end=\"4263\">\n<td data-start=\"4185\" data-end=\"4199\" data-col-size=\"sm\"><strong data-start=\"4187\" data-end=\"4198\">3000 giri\/min<\/strong><\/td>\n<td data-start=\"4199\" data-end=\"4263\" data-col-size=\"md\">Regime motore ottimale per prestazioni ed efficienza bilanciate<\/td>\n<\/tr>\n<\/tbody>\n<\/table>\n<\/div>\n<\/div>\n<hr data-start=\"4265\" data-end=\"4268\" \/>\n<h2 data-start=\"4270\" data-end=\"4309\">Vantaggi pratici per i proprietari di imbarcazioni<\/h2>\n<p data-start=\"4311\" data-end=\"4381\">Scegliere il generatore marino Paguro 14000 offre vantaggi tangibili:<\/p>\n<ol data-start=\"4383\" data-end=\"4795\">\n<li data-start=\"4383\" data-end=\"4474\">\n<p data-start=\"4386\" data-end=\"4474\"><strong data-start=\"4386\" data-end=\"4413\">Fornitura di energia affidabile:<\/strong> Mantiene operativi i sistemi dell&#039;imbarcazione durante i viaggi prolungati.<\/p>\n<\/li>\n<li data-start=\"4475\" data-end=\"4597\">\n<p data-start=\"4478\" data-end=\"4597\"><strong data-start=\"4478\" data-end=\"4515\">Protezione elettronica sensibile:<\/strong> Un&#039;onda sinusoidale pulita garantisce il funzionamento sicuro di computer portatili, TV e sistemi di navigazione.<\/p>\n<\/li>\n<li data-start=\"4598\" data-end=\"4696\">\n<p data-start=\"4601\" data-end=\"4696\"><strong data-start=\"4601\" data-end=\"4631\">Efficienza dei costi a lungo termine:<\/strong> Il basso consumo di gasolio riduce le spese operative nel tempo.<\/p>\n<\/li>\n<li data-start=\"4697\" data-end=\"4795\">\n<p data-start=\"4700\" data-end=\"4795\"><strong data-start=\"4700\" data-end=\"4729\">Comfort di bordo migliorato:<\/strong> Il funzionamento silenzioso e privo di vibrazioni aumenta il piacere generale.<\/p>\n<\/li>\n<\/ol>\n<p data-start=\"4797\" data-end=\"4886\">Queste caratteristiche lo rendono una soluzione ideale sia per imbarcazioni professionali che per imbarcazioni da diporto.<\/p>\n<hr data-start=\"4888\" data-end=\"4891\" \/>\n<h2 data-start=\"4893\" data-end=\"4909\">Pro e contro<\/h2>\n<p data-start=\"4911\" data-end=\"4920\"><strong data-start=\"4911\" data-end=\"4920\">Pro:<\/strong><\/p>\n<ul data-start=\"4922\" data-end=\"5146\">\n<li data-start=\"4922\" data-end=\"4968\">\n<p data-start=\"4924\" data-end=\"4968\">Elevata potenza di uscita (14 kW) per imbarcazioni di grandi dimensioni<\/p>\n<\/li>\n<li data-start=\"4969\" data-end=\"5020\">\n<p data-start=\"4971\" data-end=\"5020\">Consumo di gasolio ultra efficiente (0,35 L\/kWh)<\/p>\n<\/li>\n<li data-start=\"5021\" data-end=\"5061\">\n<p data-start=\"5023\" data-end=\"5061\">Controllo superiore del rumore e delle vibrazioni<\/p>\n<\/li>\n<li data-start=\"5062\" data-end=\"5096\">\n<p data-start=\"5064\" data-end=\"5096\">Design compatto e leggero<\/p>\n<\/li>\n<li data-start=\"5097\" data-end=\"5146\">\n<p data-start=\"5099\" data-end=\"5146\">Monitoraggio remoto per comodit\u00e0 operativa<\/p>\n<\/li>\n<\/ul>\n<p data-start=\"5148\" data-end=\"5157\"><strong data-start=\"5148\" data-end=\"5157\">Contro:<\/strong><\/p>\n<ul data-start=\"5159\" data-end=\"5345\">\n<li data-start=\"5159\" data-end=\"5228\">\n<p data-start=\"5161\" data-end=\"5228\">Investimento iniziale leggermente pi\u00f9 elevato rispetto ai generatori pi\u00f9 piccoli<\/p>\n<\/li>\n<li data-start=\"5229\" data-end=\"5284\">\n<p data-start=\"5231\" data-end=\"5284\">Richiede una ventilazione adeguata nelle sale macchine compatte<\/p>\n<\/li>\n<li data-start=\"5285\" data-end=\"5345\">\n<p data-start=\"5287\" data-end=\"5345\">Pi\u00f9 pesante di alcune alternative di generatori marini portatili<\/p>\n<\/li>\n<\/ul>\n<hr data-start=\"5347\" data-end=\"5350\" \/>\n<h2 data-start=\"5352\" data-end=\"5381\">Suggerimenti per un funzionamento ottimale<\/h2>\n<p data-start=\"5383\" data-end=\"5465\">Per massimizzare la durata e l&#039;efficienza del tuo <strong data-start=\"5431\" data-end=\"5464\">Generatore marino Paguro 14000<\/strong>:<\/p>\n<ul data-start=\"5467\" data-end=\"5804\">\n<li data-start=\"5467\" data-end=\"5516\">\n<p data-start=\"5469\" data-end=\"5516\">Assicurare una corretta ventilazione nella sala macchine.<\/p>\n<\/li>\n<li data-start=\"5517\" data-end=\"5584\">\n<p data-start=\"5519\" data-end=\"5584\">Eseguire la manutenzione ordinaria utilizzando la pompa per il cambio dell&#039;olio inclusa.<\/p>\n<\/li>\n<li data-start=\"5585\" data-end=\"5662\">\n<p data-start=\"5587\" data-end=\"5662\">Per prestazioni affidabili, utilizzare pezzi di ricambio originali, come il kit girante.<\/p>\n<\/li>\n<li data-start=\"5663\" data-end=\"5729\">\n<p data-start=\"5665\" data-end=\"5729\">Monitorare i carichi di potenza tramite il pannello remoto per evitare sovraccarichi.<\/p>\n<\/li>\n<li data-start=\"5730\" data-end=\"5804\">\n<p data-start=\"5732\" data-end=\"5804\">Per mantenere la massima efficienza, programmare un&#039;ispezione professionale annuale.<\/p>\n<\/li>\n<\/ul>\n<hr data-start=\"5806\" data-end=\"5809\" \/>\n<h2 data-start=\"5811\" data-end=\"5828\">Parere di esperti<\/h2>\n<p data-start=\"5830\" data-end=\"6148\">Gli ingegneri navali e i professionisti degli yacht raccomandano costantemente <strong data-start=\"5898\" data-end=\"5931\">Generatore marino Paguro 14000<\/strong> Per imbarcazioni di lunghezza superiore a 50 piedi. La sua combinazione di efficienza, durata e silenziosit\u00e0 lo rende particolarmente adatto per lunghe navigazioni, dove comfort e affidabilit\u00e0 sono fondamentali. Un armatore di yacht ha osservato:<\/p>\n<p data-start=\"6150\" data-end=\"6348\"><em data-start=\"6150\" data-end=\"6346\">\u201c&quot;Dopo l&#039;installazione del Paguro 14000, la nostra vita a bordo \u00e8 diventata notevolmente pi\u00f9 silenziosa e i nostri sistemi elettronici hanno funzionato senza il minimo intoppo. L&#039;efficienza nei consumi \u00e8 impressionante rispetto al nostro precedente generatore.&quot;\u201d<\/em><\/p>\n<hr data-start=\"6350\" data-end=\"6353\" \/>\n<h2 data-start=\"6355\" data-end=\"6381\">Applicazioni nel mondo reale<\/h2>\n<p data-start=\"6383\" data-end=\"6436\">IL <strong data-start=\"6387\" data-end=\"6420\">Generatore marino Paguro 14000<\/strong> \u00e8 perfetto per:<\/p>\n<ul data-start=\"6438\" data-end=\"6700\">\n<li data-start=\"6438\" data-end=\"6485\">\n<p data-start=\"6440\" data-end=\"6485\">Yacht di lusso e imbarcazioni a vela (50&#039;-70&#039;)<\/p>\n<\/li>\n<li data-start=\"6486\" data-end=\"6539\">\n<p data-start=\"6488\" data-end=\"6539\">Navi commerciali che necessitano di energia elettrica di bordo affidabile<\/p>\n<\/li>\n<li data-start=\"6540\" data-end=\"6599\">\n<p data-start=\"6542\" data-end=\"6599\">Imbarcazioni da crociera che necessitano di energia continua per i servizi<\/p>\n<\/li>\n<li data-start=\"6600\" data-end=\"6700\">\n<p data-start=\"6602\" data-end=\"6700\">Sistemi ad alta richiesta, tra cui aria condizionata, apparecchiature di navigazione e dispositivi di intrattenimento<\/p>\n<\/li>\n<\/ul>\n<p data-start=\"6702\" data-end=\"6825\">La sua flessibilit\u00e0 garantisce che sia gli utenti professionali che quelli amatoriali possano trarre vantaggio da un generatore affidabile e ad alte prestazioni.<\/p>\n<hr data-start=\"6827\" data-end=\"6830\" \/>\n<h2 data-start=\"6832\" data-end=\"6860\">Manutenzione e assistenza<\/h2>\n<p data-start=\"6862\" data-end=\"6905\">La cura di routine garantisce l&#039;affidabilit\u00e0 a lungo termine:<\/p>\n<ul data-start=\"6907\" data-end=\"7221\">\n<li data-start=\"6907\" data-end=\"6974\">\n<p data-start=\"6909\" data-end=\"6974\"><strong data-start=\"6909\" data-end=\"6925\">Cambio dell&#039;olio:<\/strong> Per una facile manutenzione, utilizzare la pompa manuale inclusa.<\/p>\n<\/li>\n<li data-start=\"6975\" data-end=\"7052\">\n<p data-start=\"6977\" data-end=\"7052\"><strong data-start=\"6977\" data-end=\"7002\">Manutenzione della girante:<\/strong> Tieni a bordo un kit di riserva per una rapida sostituzione.<\/p>\n<\/li>\n<li data-start=\"7053\" data-end=\"7144\">\n<p data-start=\"7055\" data-end=\"7144\"><strong data-start=\"7055\" data-end=\"7079\">Ispezioni regolari:<\/strong> Controllare mensilmente le linee del carburante, i filtri e i collegamenti elettrici.<\/p>\n<\/li>\n<li data-start=\"7145\" data-end=\"7221\">\n<p data-start=\"7147\" data-end=\"7221\"><strong data-start=\"7147\" data-end=\"7169\">Monitoraggio remoto:<\/strong> Utilizzare il pannello da 13 metri per rilevare tempestivamente le anomalie.<\/p>\n<\/li>\n<\/ul>\n<p data-start=\"7223\" data-end=\"7304\">Con questi passaggi, il tuo Paguro 14000 ti garantir\u00e0 un servizio ininterrotto per anni.<\/p>\n<hr data-start=\"7306\" data-end=\"7309\" \/>\n<h2 data-start=\"7311\" data-end=\"7338\">Perch\u00e9 scegliere Paguro 14000?<\/h2>\n<ul data-start=\"7340\" data-end=\"7709\">\n<li data-start=\"7340\" data-end=\"7413\">\n<p data-start=\"7342\" data-end=\"7413\"><strong data-start=\"7342\" data-end=\"7357\">Efficienza:<\/strong> Il consumo minimo di gasolio riduce i costi operativi.<\/p>\n<\/li>\n<li data-start=\"7414\" data-end=\"7471\">\n<p data-start=\"7416\" data-end=\"7471\"><strong data-start=\"7416\" data-end=\"7426\">Energia:<\/strong> La potenza di 14 kW gestisce facilmente carichi pesanti.<\/p>\n<\/li>\n<li data-start=\"7472\" data-end=\"7555\">\n<p data-start=\"7474\" data-end=\"7555\"><strong data-start=\"7474\" data-end=\"7495\">Funzionamento silenzioso:<\/strong> La capsula a triplo strato e i supporti antivibrazioni garantiscono il massimo comfort.<\/p>\n<\/li>\n<li data-start=\"7556\" data-end=\"7632\">\n<p data-start=\"7558\" data-end=\"7632\"><strong data-start=\"7558\" data-end=\"7574\">Facilit\u00e0 d&#039;uso:<\/strong> Il pannello remoto e i comandi intuitivi semplificano l&#039;utilizzo.<\/p>\n<\/li>\n<li data-start=\"7633\" data-end=\"7709\">\n<p data-start=\"7635\" data-end=\"7709\"><strong data-start=\"7635\" data-end=\"7650\">Durata:<\/strong> Progettato per le condizioni marine con struttura robusta.<\/p>\n<\/li>\n<\/ul>\n<p data-start=\"7711\" data-end=\"7810\">Per i proprietari di imbarcazioni che cercano una potenza affidabile e ad alte prestazioni, il Paguro 14000 \u00e8 la scelta migliore.<\/p>\n<hr data-start=\"7812\" data-end=\"7815\" \/>\n<h2 data-start=\"7817\" data-end=\"7830\">Conclusione<\/h2>\n<p data-start=\"7832\" data-end=\"8278\">IL <strong data-start=\"7836\" data-end=\"7879\">nuovissimo generatore marino Paguro 14000<\/strong> rappresenta una svolta per le imbarcazioni di grandi dimensioni, offrendo efficienza, affidabilit\u00e0 e comfort a bordo eccezionali. La sua potenza di 14 kW, il basso consumo di carburante, il funzionamento silenzioso e le funzionalit\u00e0 di monitoraggio remoto lo rendono ideale per yacht, navi commerciali e imbarcazioni da diporto. Investendo nel Paguro 14000, vi assicurerete un generatore che bilancia potenza, efficienza e tranquillit\u00e0 per qualsiasi avventura in mare. <a href=\"https:\/\/bootsshopbodensee.com\/it\/contattaci\/\">Contattaci<\/a><\/p>\n<hr data-start=\"8280\" data-end=\"8283\" \/>\n<h2 data-start=\"8285\" data-end=\"8319\"><\/h2>\n<p data-start=\"8321\" data-end=\"8488\"><strong data-start=\"8321\" data-end=\"8396\">D1: Quali imbarcazioni sono compatibili con il generatore marino Paguro 14000?<\/strong><br data-start=\"8396\" data-end=\"8399\" \/>A1: Il generatore \u00e8 ideale per yacht e imbarcazioni di lunghezza compresa tra 50 e 70 piedi.<\/p>\n<p data-start=\"8490\" data-end=\"8634\"><strong data-start=\"8490\" data-end=\"8542\">D2: Quanto carburante consuma il Paguro 14000?<\/strong><br data-start=\"8542\" data-end=\"8545\" \/>A2: Consuma solo 0,35 litri di gasolio per kW all&#039;ora, massimizzando l&#039;efficienza del carburante.<\/p>\n<p data-start=\"8636\" data-end=\"8783\"><strong data-start=\"8636\" data-end=\"8680\">D3: Il generatore Paguro 14000 \u00e8 silenzioso?<\/strong><br data-start=\"8680\" data-end=\"8683\" \/>A3: S\u00ec, \u00e8 dotato di una capsula insonorizzata a tripla parete e di supporti antivibrazioni per ridurre al minimo il rumore.<\/p>\n<p data-start=\"8785\" data-end=\"8931\"><strong data-start=\"8785\" data-end=\"8828\">D4: Pu\u00f2 alimentare dispositivi elettronici sensibili?<\/strong><br data-start=\"8828\" data-end=\"8831\" \/>A4: Assolutamente s\u00ec. Produce un&#039;onda sinusoidale pulita, adatta a laptop, TV e dispositivi di navigazione.<\/p>\n<p data-start=\"8933\" data-end=\"9088\"><strong data-start=\"8933\" data-end=\"8970\">D5: Che tipo di manutenzione \u00e8 richiesta?<\/strong><br data-start=\"8970\" data-end=\"8973\" \/>A5: Si consigliano cambi d&#039;olio di routine, ispezioni della girante e controlli mensili dei sistemi di alimentazione ed elettrici.<\/p>\n<p data-start=\"9090\" data-end=\"9254\"><strong data-start=\"9090\" data-end=\"9153\">D6: Supporta carichi pesanti come l&#039;aria condizionata?<\/strong><br data-start=\"9153\" data-end=\"9156\" \/>A6: S\u00ec, con una capacit\u00e0 di carico iniziale di oltre 300%, \u00e8 in grado di gestire attrezzature pesanti senza problemi.<\/p>\n<p data-start=\"9256\" data-end=\"9405\"><strong data-start=\"9256\" data-end=\"9303\">D7: Come posso monitorare il generatore di bordo?<\/strong><br data-start=\"9303\" data-end=\"9306\" \/>A7: Un pannello remoto da 13 metri consente un comodo monitoraggio e controllo da qualsiasi punto dell&#039;imbarcazione.<\/p>\n<p data-start=\"9407\" data-end=\"9539\"><strong data-start=\"9407\" data-end=\"9462\">D8: Quali sono le dimensioni e il peso del generatore?<\/strong><br data-start=\"9462\" data-end=\"9465\" \/>A8: Il generatore misura 860 x 580 x 650 mm (LxWxH) e pesa 210 kg.<\/p>\n<hr data-start=\"9541\" data-end=\"9544\" \/>\n<p data-start=\"9546\" data-end=\"9810\">","protected":false},"excerpt":{"rendered":"<p>Capsula sonora | Supporti antivibrazioni esterni | Pannello remoto e cablaggio | Kit girante di ricambio<br \/>\nPompa manuale per il cambio dell&#039;olio per una facile manutenzione<br \/>\nPotenza in uscita 14,0 kW<br \/>\nTensione: 230 V a 50 Hz<br \/>\n3000 giri\/min<br \/>\nDiesel<br \/>\nPeso \u2013 210 kg<br \/>\nDimensioni: 860 x 580 x 650 | (LxWxH)<\/p>","protected":false},"featured_media":7602,"comment_status":"open","ping_status":"closed","template":"","meta":[],"product_brand":[],"product_cat":[51,109],"product_tag":[],"class_list":{"0":"post-7601","1":"product","2":"type-product","3":"status-publish","4":"has-post-thumbnail","6":"product_cat-marine-generators","7":"product_cat-paguro-generator","9":"first","10":"instock","11":"taxable","12":"shipping-taxable","13":"purchasable","14":"product-type-simple"},"jetpack-related-posts":[],"jetpack_sharing_enabled":true,"_links":{"self":[{"href":"https:\/\/bootsshopbodensee.com\/it\/wp-json\/wp\/v2\/product\/7601","targetHints":{"allow":["GET"]}}],"collection":[{"href":"https:\/\/bootsshopbodensee.com\/it\/wp-json\/wp\/v2\/product"}],"about":[{"href":"https:\/\/bootsshopbodensee.com\/it\/wp-json\/wp\/v2\/types\/product"}],"replies":[{"embeddable":true,"href":"https:\/\/bootsshopbodensee.com\/it\/wp-json\/wp\/v2\/comments?post=7601"}],"wp:featuredmedia":[{"embeddable":true,"href":"https:\/\/bootsshopbodensee.com\/it\/wp-json\/wp\/v2\/media\/7602"}],"wp:attachment":[{"href":"https:\/\/bootsshopbodensee.com\/it\/wp-json\/wp\/v2\/media?parent=7601"}],"wp:term":[{"taxonomy":"product_brand","embeddable":true,"href":"https:\/\/bootsshopbodensee.com\/it\/wp-json\/wp\/v2\/product_brand?post=7601"},{"taxonomy":"product_cat","embeddable":true,"href":"https:\/\/bootsshopbodensee.com\/it\/wp-json\/wp\/v2\/product_cat?post=7601"},{"taxonomy":"product_tag","embeddable":true,"href":"https:\/\/bootsshopbodensee.com\/it\/wp-json\/wp\/v2\/product_tag?post=7601"}],"curies":[{"name":"wp","href":"https:\/\/api.w.org\/{rel}","templated":true}]}}