{"id":6939,"date":"2024-02-06T09:10:42","date_gmt":"2024-02-06T09:10:42","guid":{"rendered":"https:\/\/bootsshopbodensee.com\/?post_type=product&#038;p=6939"},"modified":"2026-02-18T17:50:49","modified_gmt":"2026-02-18T17:50:49","slug":"cuffie-bose-a30-aviation-con-bluetooth","status":"publish","type":"product","link":"https:\/\/bootsshopbodensee.com\/it\/shop\/bose-a30-aviation-headset-with-bluetooth\/","title":{"rendered":"Cuffie aeronautiche Bose A30 con Bluetooth"},"content":{"rendered":"<h2 data-start=\"764\" data-end=\"781\"><strong>Cuffie aeronautiche Bose A30 con Bluetooth<\/strong><\/h2>\n<p data-start=\"783\" data-end=\"1313\">IL <strong data-start=\"787\" data-end=\"831\">Cuffie aeronautiche Bose A30 con Bluetooth<\/strong> Rappresenta una svolta nella tecnologia audio aeronautica, combinando comfort, cancellazione avanzata del rumore e connettivit\u00e0 Bluetooth senza interruzioni per i piloti. Progettato per sostituire l&#039;apprezzato A20, l&#039;A30 migliora la comunicazione in volo e la chiarezza audio, diventando l&#039;auricolare preferito per l&#039;aviazione generale, i piloti commerciali e gli operatori di elicotteri. Dal primo volo ai lunghi viaggi a lungo raggio, il Bose A30 garantisce un&#039;esperienza pi\u00f9 silenziosa, pi\u00f9 chiara e pi\u00f9 confortevole.<\/p>\n<p data-start=\"1315\" data-end=\"1767\">Grazie al suo design leggero da 400 grammi, alla forza di serraggio ridotta e alla riduzione attiva del rumore digitale (ANR), questa cuffia risolve i principali problemi che i piloti si trovano ad affrontare: affaticamento dovuto all&#039;uso prolungato, scarsa comunicazione in cabine di pilotaggio rumorose e comandi scomodi. Che si voli su aerei a pistoni, turboelica, jet privati o aerei di linea commerciali, l&#039;A30 si adatta perfettamente all&#039;ambiente circostante, diventando uno strumento indispensabile per voli sicuri e piacevoli.<\/p>\n<hr data-start=\"1769\" data-end=\"1772\" \/>\n<h2 data-start=\"1774\" data-end=\"1824\">Caratteristiche principali delle cuffie Bose A30 Aviation<\/h2>\n<ul data-start=\"1826\" data-end=\"2748\">\n<li data-start=\"1826\" data-end=\"1907\">\n<p data-start=\"1828\" data-end=\"1907\"><strong data-start=\"1828\" data-end=\"1854\">Forza di serraggio ridotta<\/strong> \u2013 20% in meno rispetto all&#039;A20, garantendo comfort per tutto il giorno.<\/p>\n<\/li>\n<li data-start=\"1908\" data-end=\"2008\">\n<p data-start=\"1910\" data-end=\"2008\"><strong data-start=\"1910\" data-end=\"1950\">Riduzione attiva digitale del rumore (ANR)<\/strong> \u2013 Riduce al minimo il rumore ambientale in tutte le condizioni di volo.<\/p>\n<\/li>\n<li data-start=\"2009\" data-end=\"2187\">\n<p data-start=\"2011\" data-end=\"2059\"><strong data-start=\"2011\" data-end=\"2056\">Tre modalit\u00e0 di cancellazione del rumore selezionabili<\/strong>:<\/p>\n<ul data-start=\"2062\" data-end=\"2187\">\n<li data-start=\"2062\" data-end=\"2106\">\n<p data-start=\"2064\" data-end=\"2106\">Alto: Aviazione generale e aeromobili a pistoni<\/p>\n<\/li>\n<li data-start=\"2109\" data-end=\"2148\">\n<p data-start=\"2111\" data-end=\"2148\">Medio: Jet privati e turboeliche<\/p>\n<\/li>\n<li data-start=\"2151\" data-end=\"2187\">\n<p data-start=\"2153\" data-end=\"2187\">Basso: aerei di linea e jet commerciali<\/p>\n<\/li>\n<\/ul>\n<\/li>\n<li data-start=\"2188\" data-end=\"2304\">\n<p data-start=\"2190\" data-end=\"2304\"><strong data-start=\"2190\" data-end=\"2236\">Tocca il comando per la comunicazione vocale.<\/strong> \u2013 Passaggio agevole a una bassa riduzione del rumore attivo (ANR) con miglioramento della chiarezza del parlato.<\/p>\n<\/li>\n<li data-start=\"2305\" data-end=\"2394\">\n<p data-start=\"2307\" data-end=\"2394\"><strong data-start=\"2307\" data-end=\"2346\">Cavo di discesa leggero e flessibile<\/strong> \u2013 migliora la manovrabilit\u00e0 in abitacoli ristretti.<\/p>\n<\/li>\n<li data-start=\"2395\" data-end=\"2478\">\n<p data-start=\"2397\" data-end=\"2478\"><strong data-start=\"2397\" data-end=\"2431\">Microfono a braccio orientabile lateralmente<\/strong> \u2013 si adatta alle preferenze del pilota senza bisogno di attrezzi.<\/p>\n<\/li>\n<li data-start=\"2479\" data-end=\"2576\">\n<p data-start=\"2481\" data-end=\"2576\"><strong data-start=\"2481\" data-end=\"2508\">Connettivit\u00e0 Bluetooth\u00ae<\/strong> \u2013 Integrazione wireless con EFB, telefoni cellulari e dispositivi musicali.<\/p>\n<\/li>\n<li data-start=\"2577\" data-end=\"2665\">\n<p data-start=\"2579\" data-end=\"2665\"><strong data-start=\"2579\" data-end=\"2615\">Certificazione FAA\/EASA TSO-C139a<\/strong> \u2013 Qualit\u00e0 affidabile e certificata per tutti gli aeromobili.<\/p>\n<\/li>\n<li data-start=\"2666\" data-end=\"2748\">\n<p data-start=\"2668\" data-end=\"2748\"><strong data-start=\"2668\" data-end=\"2691\">Equalizzazione attiva<\/strong> \u2013 garantisce una chiarezza e un&#039;intelligibilit\u00e0 audio senza pari.<\/p>\n<\/li>\n<\/ul>\n<hr data-start=\"2750\" data-end=\"2753\" \/>\n<h2 data-start=\"2755\" data-end=\"2816\">Vantaggi delle cuffie Bose A30 Aviation con Bluetooth<\/h2>\n<h3 data-start=\"2818\" data-end=\"2856\">Comfort e vestibilit\u00e0 superiori<\/h3>\n<p data-start=\"2857\" data-end=\"3113\">Le cuffie A30 sono progettate per i piloti che trascorrono ore in cabina di pilotaggio. Grazie a materiali di alta qualit\u00e0, una forza di serraggio ridotta e una struttura leggera, minimizzano l&#039;affaticamento e la pressione sulla testa. Ci\u00f2 consente ai piloti di concentrarsi sul volo senza distrazioni.<\/p>\n<h3 data-start=\"3115\" data-end=\"3146\">Riduzione del rumore senza pari<\/h3>\n<p data-start=\"3147\" data-end=\"3406\">La tecnologia ANR digitale, combinata con tre modalit\u00e0 selezionabili dall&#039;utente, offre ai piloti un controllo ottimale del rumore in qualsiasi ambiente. Dagli aerei a pistoni ai jet commerciali, l&#039;A30 riduce efficacemente il rumore in cabina di pilotaggio, consentendo comunicazioni pi\u00f9 chiare e operazioni pi\u00f9 sicure.<\/p>\n<h3 data-start=\"3408\" data-end=\"3444\">Integrazione Bluetooth senza soluzione di continuit\u00e0<\/h3>\n<p data-start=\"3445\" data-end=\"3710\">La funzionalit\u00e0 audio wireless consente ai piloti di connettersi con le Electronic Flight Bag (EFB), i telefoni cellulari e i dispositivi di intrattenimento. Il Bluetooth d\u00e0 priorit\u00e0 alle comunicazioni essenziali, garantendo che non si perdano mai istruzioni critiche, consentendo al contempo di godere di un comodo streaming audio.<\/p>\n<h3 data-start=\"3712\" data-end=\"3748\">Design flessibile e durata nel tempo<\/h3>\n<p data-start=\"3749\" data-end=\"4034\">La A30 \u00e8 progettata per offrire prestazioni e durata nel tempo. I componenti intercambiabili lateralmente, i cavi flessibili e la robusta custodia la rendono versatile e pronta per i viaggi. \u00c8 progettata per resistere all&#039;uso quotidiano in diverse condizioni ambientali senza compromettere comfort o prestazioni.<\/p>\n<h3 data-start=\"4036\" data-end=\"4086\">Chiarezza audio e comunicazione interattiva<\/h3>\n<p data-start=\"4087\" data-end=\"4312\">Grazie al controllo tramite tocco, i piloti possono passare rapidamente alla modalit\u00e0 di comunicazione diretta per conversazioni chiare senza dover togliere le cuffie. L&#039;equalizzazione attiva ottimizza i segnali audio, garantendo comunicazioni nitide e intelligibili in ogni momento.<\/p>\n<hr data-start=\"4314\" data-end=\"4317\" \/>\n<h2 data-start=\"4319\" data-end=\"4369\">Consigli pratici per l&#039;utilizzo delle cuffie Bose A30<\/h2>\n<ol data-start=\"4371\" data-end=\"5091\">\n<li data-start=\"4371\" data-end=\"4540\">\n<p data-start=\"4374\" data-end=\"4540\"><strong data-start=\"4374\" data-end=\"4411\">Selezione della modalit\u00e0 di cancellazione del rumore<\/strong> \u2013 Iniziate con l&#039;impostazione media per i motori turboelica o a reazione, passate all&#039;impostazione alta per gli aerei a pistoni e a quella bassa per gli aerei di linea commerciali.<\/p>\n<\/li>\n<li data-start=\"4541\" data-end=\"4678\">\n<p data-start=\"4544\" data-end=\"4678\"><strong data-start=\"4544\" data-end=\"4580\">Ottimizzazione delle connessioni Bluetooth<\/strong> \u2013 Associa prima le cuffie al tuo EFB, poi al telefono. Dai la priorit\u00e0 all&#039;audio in volo per motivi di sicurezza.<\/p>\n<\/li>\n<li data-start=\"4679\" data-end=\"4818\">\n<p data-start=\"4682\" data-end=\"4818\"><strong data-start=\"4682\" data-end=\"4709\">Manutenzione delle cuffie<\/strong> \u2013 Conservare nella custodia migliorata, sostituire le batterie quando necessario ed evitare di piegare eccessivamente i cavi.<\/p>\n<\/li>\n<li data-start=\"4819\" data-end=\"4938\">\n<p data-start=\"4822\" data-end=\"4938\"><strong data-start=\"4822\" data-end=\"4855\">Utilizzo efficiente del controllo tramite tocco<\/strong> \u2013 Tocca due volte per potenziare le frequenze vocali; tocca una sola volta per attivare\/disattivare la modalit\u00e0 di conversazione.<\/p>\n<\/li>\n<li data-start=\"4939\" data-end=\"5091\">\n<p data-start=\"4942\" data-end=\"5091\"><strong data-start=\"4942\" data-end=\"4982\">Regolazione del microfono tramite inversione laterale<\/strong> \u2013 Assicurarsi che il microfono ad asta sia posizionato in modo da garantire la massima chiarezza della voce; ci\u00f2 riduce le interferenze dovute ai rumori di fondo.<\/p>\n<\/li>\n<\/ol>\n<hr data-start=\"5093\" data-end=\"5096\" \/>\n<h2 data-start=\"5098\" data-end=\"5117\">Parere di esperti<\/h2>\n<p data-start=\"5119\" data-end=\"5723\">I professionisti dell&#039;aviazione classificano costantemente il <strong data-start=\"5164\" data-end=\"5208\">Cuffie aeronautiche Bose A30 con Bluetooth<\/strong> Tra i migliori della sua categoria. La sua tecnologia ANR digitale, combinata con l&#039;integrazione Bluetooth, risponde alle esigenze dei piloti sia in ambito di addestramento che operativo. Gli esperti sottolineano che la ridotta forza di serraggio e il design leggero diminuiscono significativamente l&#039;affaticamento durante i voli a lungo raggio, rendendolo superiore ai modelli precedenti. I test sul campo, effettuati sia su aerei a pistoni che a reazione, confermano la maggiore chiarezza, il comfort e l&#039;adattabilit\u00e0, conferendo all&#039;A30 la reputazione di cuffia affidabile e ad alte prestazioni per i piloti professionisti.<\/p>\n<hr data-start=\"5725\" data-end=\"5728\" \/>\n<h2 data-start=\"5730\" data-end=\"5748\">Pro e contro<\/h2>\n<h3 data-start=\"5750\" data-end=\"5760\">Professionisti<\/h3>\n<ul data-start=\"5761\" data-end=\"6127\">\n<li data-start=\"5761\" data-end=\"5813\">\n<p data-start=\"5763\" data-end=\"5813\">ANR digitale avanzato con tre modalit\u00e0 regolabili<\/p>\n<\/li>\n<li data-start=\"5814\" data-end=\"5865\">\n<p data-start=\"5816\" data-end=\"5865\">Design leggero con 20%, minore forza di serraggio<\/p>\n<\/li>\n<li data-start=\"5866\" data-end=\"5916\">\n<p data-start=\"5868\" data-end=\"5916\">Certificato FAA\/EASA per diverse tipologie di aeromobili.<\/p>\n<\/li>\n<li data-start=\"5917\" data-end=\"5968\">\n<p data-start=\"5919\" data-end=\"5968\">Connettivit\u00e0 Bluetooth per EFB e telefoni cellulari<\/p>\n<\/li>\n<li data-start=\"5969\" data-end=\"6029\">\n<p data-start=\"5971\" data-end=\"6029\">Microfono e cavo inferiore intercambiabili lateralmente per una facile personalizzazione<\/p>\n<\/li>\n<li data-start=\"6030\" data-end=\"6076\">\n<p data-start=\"6032\" data-end=\"6076\">Tocca il comando per la comunicazione vocale<\/p>\n<\/li>\n<li data-start=\"6077\" data-end=\"6127\">\n<p data-start=\"6079\" data-end=\"6127\">Equalizzazione attiva per una chiarezza audio superiore<\/p>\n<\/li>\n<\/ul>\n<h3 data-start=\"6129\" data-end=\"6139\">Contro<\/h3>\n<ul data-start=\"6140\" data-end=\"6259\">\n<li data-start=\"6140\" data-end=\"6198\">\n<p data-start=\"6142\" data-end=\"6198\">Il prezzo elevato potrebbe non essere adatto ai piloti occasionali o che vola di rado.<\/p>\n<\/li>\n<li data-start=\"6199\" data-end=\"6259\">\n<p data-start=\"6201\" data-end=\"6259\">\u00c8 necessario un breve periodo di apprendimento per il controllo tramite tocco e il cambio di modalit\u00e0.<\/p>\n<\/li>\n<\/ul>\n<hr data-start=\"6261\" data-end=\"6264\" \/>\n<h2 data-start=\"6266\" data-end=\"6283\">Approfondimenti chiave<\/h2>\n<ul data-start=\"6285\" data-end=\"6689\">\n<li data-start=\"6285\" data-end=\"6421\">\n<p data-start=\"6287\" data-end=\"6421\">IL <strong data-start=\"6291\" data-end=\"6335\">Cuffie aeronautiche Bose A30 con Bluetooth<\/strong> Unisce comfort, cancellazione del rumore e connettivit\u00e0 in un unico auricolare professionale.<\/p>\n<\/li>\n<li data-start=\"6422\" data-end=\"6515\">\n<p data-start=\"6424\" data-end=\"6515\">Adatto a piloti di tutti i tipi di aeromobili: a pistoni, turboelica, a reazione ed elicotteri.<\/p>\n<\/li>\n<li data-start=\"6516\" data-end=\"6598\">\n<p data-start=\"6518\" data-end=\"6598\">La cancellazione attiva del rumore digitale e le tre modalit\u00e0 regolabili consentono un controllo preciso del rumore in cabina di pilotaggio.<\/p>\n<\/li>\n<li data-start=\"6599\" data-end=\"6689\">\n<p data-start=\"6601\" data-end=\"6689\">I componenti intercambiabili lateralmente e il design leggero massimizzano la versatilit\u00e0 e la vestibilit\u00e0.<\/p>\n<\/li>\n<\/ul>\n<hr data-start=\"6691\" data-end=\"6694\" \/>\n<h2 data-start=\"6696\" data-end=\"6720\">Esempi concreti<\/h2>\n<ul data-start=\"6722\" data-end=\"7076\">\n<li data-start=\"6722\" data-end=\"6836\">\n<p data-start=\"6724\" data-end=\"6836\"><strong data-start=\"6724\" data-end=\"6747\">Pilota di jet aziendali<\/strong>Utilizza un ANR medio per i jet privati e integra il Bluetooth con l&#039;EFB per le app di navigazione.<\/p>\n<\/li>\n<li data-start=\"6837\" data-end=\"6944\">\n<p data-start=\"6839\" data-end=\"6944\"><strong data-start=\"6839\" data-end=\"6860\">Istruttore di volo<\/strong>Si basa sul controllo tramite tocco per comunicare con gli studenti durante il monitoraggio degli strumenti.<\/p>\n<\/li>\n<li data-start=\"6945\" data-end=\"7076\">\n<p data-start=\"6947\" data-end=\"7076\"><strong data-start=\"6947\" data-end=\"6970\">Operatore di elicotteri<\/strong>Passa alla modalit\u00e0 a bassa velocit\u00e0 per i voli commerciali, garantendo comunicazioni chiare in ambienti con rotori rumorosi.<\/p>\n<\/li>\n<\/ul>\n<hr data-start=\"7078\" data-end=\"7081\" \/>\n<h2 data-start=\"7083\" data-end=\"7098\">Conclusione<\/h2>\n<p data-start=\"7100\" data-end=\"7591\">IL <strong data-start=\"7104\" data-end=\"7148\">Cuffie aeronautiche Bose A30 con Bluetooth<\/strong> Ridefinisce il comfort del pilota, la chiarezza audio e l&#039;efficienza operativa. La sua combinazione di design leggero, forza di serraggio ridotta, cancellazione digitale del rumore e integrazione Bluetooth lo rende un accessorio indispensabile sia per i piloti amatoriali che per i professionisti. Che si tratti di un aereo a pistoni, a turboelica o di un jet commerciale, l&#039;A30 migliora ogni aspetto dell&#039;esperienza di volo, garantendo comunicazioni cristalline e riducendo al minimo l&#039;affaticamento.<a href=\"https:\/\/bootsshopbodensee.com\/it\/contattaci\/\"> Contattaci<\/a><\/p>\n<hr data-start=\"7593\" data-end=\"7596\" \/>\n<p data-start=\"7615\" data-end=\"7803\"><strong data-start=\"7615\" data-end=\"7675\">D1: Cosa rende le cuffie Bose A30 migliori delle A20?<\/strong><br data-start=\"7675\" data-end=\"7678\" \/>A1: L&#039;A30 offre 20% con minore forza di serraggio, ANR digitale, controllo tramite tocco per la funzione talk-through e connettivit\u00e0 Bluetooth migliorata.<\/p>\n<p data-start=\"7805\" data-end=\"7927\"><strong data-start=\"7805\" data-end=\"7851\">D2: Le cuffie A30 sono certificate FAA\/EASA?<\/strong><br data-start=\"7851\" data-end=\"7854\" \/>A2: S\u00ec, il Bose A30 \u00e8 <a href=\"https:\/\/www.faa.gov\/aircraft\/air_cert\/design_approvals\/tso\" target=\"_blank\" rel=\"noopener\">TSO-<\/a>Certificato C139a e conforme agli standard ARINC.<\/p>\n<p data-start=\"7929\" data-end=\"8076\"><strong data-start=\"7929\" data-end=\"7980\">D3: \u00c8 possibile utilizzare le cuffie A30 sugli elicotteri?<\/strong><br data-start=\"7980\" data-end=\"7983\" \/>A3: S\u00ec, con l&#039;opzione di connettore per elicottero U-174\/U, \u00e8 adatto per operazioni con elicotteri.<\/p>\n<p data-start=\"8078\" data-end=\"8253\"><strong data-start=\"8078\" data-end=\"8129\">D4: Come funziona il Bluetooth sull&#039;auricolare A30?<\/strong><br data-start=\"8129\" data-end=\"8132\" \/>A4: Il Bluetooth consente la connettivit\u00e0 wireless con EFB, telefoni cellulari e dispositivi audio, dando priorit\u00e0 alle comunicazioni di volo.<\/p>\n<p data-start=\"8255\" data-end=\"8394\"><strong data-start=\"8255\" data-end=\"8305\">D5: Quanto dura la garanzia delle cuffie Bose A30?<\/strong><br data-start=\"8305\" data-end=\"8308\" \/>A5: \u00c8 coperto da una garanzia limitata di 5 anni che copre difetti e problemi di funzionamento.<\/p>\n<p data-start=\"8396\" data-end=\"8544\"><strong data-start=\"8396\" data-end=\"8441\">D6: Posso regolare la posizione del microfono?<\/strong><br data-start=\"8441\" data-end=\"8444\" \/>A6: S\u00ec, il microfono ad asta \u00e8 reversibile per l&#039;utilizzo con la mano sinistra o destra, senza bisogno di attrezzi.<\/p>\n<p data-start=\"8546\" data-end=\"8705\"><strong data-start=\"8546\" data-end=\"8592\">D7: Quali sono le modalit\u00e0 di cancellazione del rumore?<\/strong><br data-start=\"8592\" data-end=\"8595\" \/>A7: Sono disponibili tre modalit\u00e0: Alta (aerei a pistoni\/aviazione generale), Media (jet privati) e Bassa (jet commerciali).<\/p>\n<p data-start=\"8707\" data-end=\"8882\"><strong data-start=\"8707\" data-end=\"8759\">D8: Le cuffie sono comode per i voli lunghi?<\/strong><br data-start=\"8759\" data-end=\"8762\" \/>A8: S\u00ec, il design leggero, i materiali di alta qualit\u00e0 e la forza di serraggio ridotta garantiscono comfort durante i voli prolungati.<\/p>","protected":false},"excerpt":{"rendered":"<p>Scopri prezzi imbattibili con la nostra offerta esclusiva!<br \/>\nVi presentiamo le rivoluzionarie cuffie Bose A30 Aviation, che stabiliscono nuovi standard in termini di comfort, funzionalit\u00e0 e cancellazione del rumore.<\/p>","protected":false},"featured_media":6940,"comment_status":"open","ping_status":"closed","template":"","meta":[],"product_brand":[],"product_cat":[29],"product_tag":[],"class_list":{"0":"post-6939","1":"product","2":"type-product","3":"status-publish","4":"has-post-thumbnail","6":"product_cat-airplane-headset-adapters","8":"first","9":"instock","10":"taxable","11":"shipping-taxable","12":"purchasable","13":"product-type-simple"},"jetpack-related-posts":[],"jetpack_sharing_enabled":true,"_links":{"self":[{"href":"https:\/\/bootsshopbodensee.com\/it\/wp-json\/wp\/v2\/product\/6939","targetHints":{"allow":["GET"]}}],"collection":[{"href":"https:\/\/bootsshopbodensee.com\/it\/wp-json\/wp\/v2\/product"}],"about":[{"href":"https:\/\/bootsshopbodensee.com\/it\/wp-json\/wp\/v2\/types\/product"}],"replies":[{"embeddable":true,"href":"https:\/\/bootsshopbodensee.com\/it\/wp-json\/wp\/v2\/comments?post=6939"}],"wp:featuredmedia":[{"embeddable":true,"href":"https:\/\/bootsshopbodensee.com\/it\/wp-json\/wp\/v2\/media\/6940"}],"wp:attachment":[{"href":"https:\/\/bootsshopbodensee.com\/it\/wp-json\/wp\/v2\/media?parent=6939"}],"wp:term":[{"taxonomy":"product_brand","embeddable":true,"href":"https:\/\/bootsshopbodensee.com\/it\/wp-json\/wp\/v2\/product_brand?post=6939"},{"taxonomy":"product_cat","embeddable":true,"href":"https:\/\/bootsshopbodensee.com\/it\/wp-json\/wp\/v2\/product_cat?post=6939"},{"taxonomy":"product_tag","embeddable":true,"href":"https:\/\/bootsshopbodensee.com\/it\/wp-json\/wp\/v2\/product_tag?post=6939"}],"curies":[{"name":"wp","href":"https:\/\/api.w.org\/{rel}","templated":true}]}}