{"id":6822,"date":"2024-02-05T06:27:20","date_gmt":"2024-02-05T06:27:20","guid":{"rendered":"https:\/\/bootsshopbodensee.com\/?post_type=product&#038;p=6822"},"modified":"2026-02-13T12:12:33","modified_gmt":"2026-02-13T12:12:33","slug":"motore-fuoribordo-honda-20-cv-bf20d3sht-del-2019","status":"publish","type":"product","link":"https:\/\/bootsshopbodensee.com\/it\/shop\/2019-honda-20-hp-bf20d3sht-outboard-motor\/","title":{"rendered":"Motore fuoribordo HONDA BF20D3SHT 20 HP 2019"},"content":{"rendered":"<h2 data-start=\"512\" data-end=\"527\"><strong>Motore fuoribordo HONDA BF20D3SHT 20 HP 2019<\/strong><\/h2>\n<p data-start=\"529\" data-end=\"1101\">IL <strong data-start=\"533\" data-end=\"578\">Motore fuoribordo HONDA BF20D3SHT 20 HP 2019<\/strong> \u00e8 la scelta definitiva per imbarcazioni compatte da 12 a 16 piedi. Questo motore a 4 tempi leggero combina la leggendaria affidabilit\u00e0, il funzionamento fluido e l&#039;efficienza dei consumi di Honda con caratteristiche pratiche come <strong data-start=\"788\" data-end=\"849\">inclinazione elettrica, guida in acque poco profonde e ricarica ad alta potenza<\/strong>. Con un peso di soli 59 kg, \u00e8 facile da trasportare e installare, il che lo rende perfetto sia per la nautica da diporto che per quella professionale. Che si tratti di pesca, traina o crociera, il BF20D3SHT offre prestazioni affidabili e una lunga durata.<\/p>\n<hr data-start=\"1103\" data-end=\"1106\" \/>\n<h2 data-start=\"1108\" data-end=\"1185\"><strong>Caratteristiche e specifiche del motore fuoribordo HONDA BF20D3SHT da 20 CV del 2019<\/strong><\/h2>\n<ul data-start=\"1187\" data-end=\"1988\">\n<li data-start=\"1187\" data-end=\"1211\">\n<p data-start=\"1189\" data-end=\"1211\"><strong data-start=\"1189\" data-end=\"1199\">Modello:<\/strong> Modello BF20D3SHT<\/p>\n<\/li>\n<li data-start=\"1212\" data-end=\"1230\">\n<p data-start=\"1214\" data-end=\"1230\"><strong data-start=\"1214\" data-end=\"1223\">Anno:<\/strong> 2019<\/p>\n<\/li>\n<li data-start=\"1231\" data-end=\"1265\">\n<p data-start=\"1233\" data-end=\"1265\"><strong data-start=\"1233\" data-end=\"1250\">Produttore:<\/strong> Honda, Giappone<\/p>\n<\/li>\n<li data-start=\"1266\" data-end=\"1291\">\n<p data-start=\"1268\" data-end=\"1291\"><strong data-start=\"1268\" data-end=\"1283\">Potenza:<\/strong> 20 CV<\/p>\n<\/li>\n<li data-start=\"1292\" data-end=\"1314\">\n<p data-start=\"1294\" data-end=\"1314\"><strong data-start=\"1294\" data-end=\"1305\">Peso:<\/strong> 130 libbre<\/p>\n<\/li>\n<li data-start=\"1315\" data-end=\"1348\">\n<p data-start=\"1317\" data-end=\"1348\"><strong data-start=\"1317\" data-end=\"1334\">Lunghezza dell&#039;albero:<\/strong> 15\u2033 (corto)<\/p>\n<\/li>\n<li data-start=\"1349\" data-end=\"1373\">\n<p data-start=\"1351\" data-end=\"1373\"><strong data-start=\"1351\" data-end=\"1364\">Sterzo:<\/strong> Timone<\/p>\n<\/li>\n<li data-start=\"1374\" data-end=\"1400\">\n<p data-start=\"1376\" data-end=\"1400\"><strong data-start=\"1376\" data-end=\"1389\">Di partenza:<\/strong> Elettrico<\/p>\n<\/li>\n<li data-start=\"1401\" data-end=\"1432\">\n<p data-start=\"1403\" data-end=\"1432\"><strong data-start=\"1403\" data-end=\"1419\">Rifinitura e inclinazione:<\/strong> Inclinazione elettrica<\/p>\n<\/li>\n<li data-start=\"1433\" data-end=\"1466\">\n<p data-start=\"1435\" data-end=\"1466\"><strong data-start=\"1435\" data-end=\"1453\">Consegna del carburante:<\/strong> Carburatore<\/p>\n<\/li>\n<li data-start=\"1467\" data-end=\"1529\">\n<p data-start=\"1469\" data-end=\"1529\"><strong data-start=\"1469\" data-end=\"1483\">Serbatoio del carburante:<\/strong> Tubo carburante esterno da 3,2 galloni + attacco rapido<\/p>\n<\/li>\n<li data-start=\"1530\" data-end=\"1550\">\n<p data-start=\"1532\" data-end=\"1550\"><strong data-start=\"1532\" data-end=\"1546\">Cilindri:<\/strong> 2<\/p>\n<\/li>\n<li data-start=\"1551\" data-end=\"1592\">\n<p data-start=\"1553\" data-end=\"1592\"><strong data-start=\"1553\" data-end=\"1570\">Spostamento:<\/strong> 350 cc (21,5 pollici cubi)<\/p>\n<\/li>\n<li data-start=\"1593\" data-end=\"1631\">\n<p data-start=\"1595\" data-end=\"1631\"><strong data-start=\"1595\" data-end=\"1617\">Regime massimo:<\/strong> 5.000\u20136.000<\/p>\n<\/li>\n<li data-start=\"1632\" data-end=\"1663\">\n<p data-start=\"1634\" data-end=\"1663\"><strong data-start=\"1634\" data-end=\"1654\">Sistema di accensione:<\/strong> PGM-IG<\/p>\n<\/li>\n<li data-start=\"1664\" data-end=\"1710\">\n<p data-start=\"1666\" data-end=\"1710\"><strong data-start=\"1666\" data-end=\"1680\">Induzione:<\/strong> SOHC, 2 valvole per cilindro<\/p>\n<\/li>\n<li data-start=\"1711\" data-end=\"1759\">\n<p data-start=\"1713\" data-end=\"1759\"><strong data-start=\"1713\" data-end=\"1727\">Tipo di carburante:<\/strong> Benzina senza piombo (86 ottani)<\/p>\n<\/li>\n<li data-start=\"1760\" data-end=\"1800\">\n<p data-start=\"1762\" data-end=\"1800\"><strong data-start=\"1762\" data-end=\"1775\">Tipo di olio:<\/strong> FC-W 10W-30 (coppa umida)<\/p>\n<\/li>\n<li data-start=\"1801\" data-end=\"1835\">\n<p data-start=\"1803\" data-end=\"1835\"><strong data-start=\"1803\" data-end=\"1818\">Alternatore:<\/strong> 12 Ampere (151 W)<\/p>\n<\/li>\n<li data-start=\"1836\" data-end=\"1889\">\n<p data-start=\"1838\" data-end=\"1889\"><strong data-start=\"1838\" data-end=\"1857\">Sistema di raffreddamento:<\/strong> Raffreddato ad acqua, adatto per acqua salata<\/p>\n<\/li>\n<li data-start=\"1890\" data-end=\"1941\">\n<p data-start=\"1892\" data-end=\"1941\"><strong data-start=\"1892\" data-end=\"1907\">Rapporto di trasmissione:<\/strong> 2.08:1, Avanti-Folle-Retromarcia<\/p>\n<\/li>\n<li data-start=\"1942\" data-end=\"1988\">\n<p data-start=\"1944\" data-end=\"1988\"><strong data-start=\"1944\" data-end=\"1958\">Elica:<\/strong> 9\u00bc x 10 pollici 4 lame in alluminio<\/p>\n<\/li>\n<\/ul>\n<hr data-start=\"1990\" data-end=\"1993\" \/>\n<h2 data-start=\"1995\" data-end=\"2057\">Vantaggi del motore fuoribordo Honda BF20 per imbarcazioni compatte<\/h2>\n<ul data-start=\"2059\" data-end=\"2524\">\n<li data-start=\"2059\" data-end=\"2126\">\n<p data-start=\"2061\" data-end=\"2126\"><strong data-start=\"2061\" data-end=\"2084\">Design leggero:<\/strong> Facile da maneggiare e trasportare anche da una sola persona.<\/p>\n<\/li>\n<li data-start=\"2127\" data-end=\"2209\">\n<p data-start=\"2129\" data-end=\"2209\"><strong data-start=\"2129\" data-end=\"2164\">Motore a 4 tempi a basso consumo di carburante:<\/strong> Basse emissioni con conformit\u00e0 CARB a 3 stelle.<\/p>\n<\/li>\n<li data-start=\"2210\" data-end=\"2293\">\n<p data-start=\"2212\" data-end=\"2293\"><strong data-start=\"2212\" data-end=\"2244\">Sistema di ricarica ad alta potenza:<\/strong> Alimentare tutti i dispositivi elettronici di bordo durante la pesca a traina.<\/p>\n<\/li>\n<li data-start=\"2294\" data-end=\"2369\">\n<p data-start=\"2296\" data-end=\"2369\"><strong data-start=\"2296\" data-end=\"2333\">Inclinazione elettrica e guida in acque poco profonde:<\/strong> Navigare facilmente in zone poco profonde.<\/p>\n<\/li>\n<li data-start=\"2370\" data-end=\"2450\">\n<p data-start=\"2372\" data-end=\"2450\"><strong data-start=\"2372\" data-end=\"2394\">Affidabilit\u00e0 Honda:<\/strong> Garanzia reale di 5 anni e robusta protezione contro la corrosione.<\/p>\n<\/li>\n<li data-start=\"2451\" data-end=\"2524\">\n<p data-start=\"2453\" data-end=\"2524\"><strong data-start=\"2453\" data-end=\"2492\">Maniglia di trasporto integrata e EZ Steer:<\/strong> Facile manovrabilit\u00e0 e controllo.<\/p>\n<\/li>\n<\/ul>\n<hr data-start=\"2526\" data-end=\"2529\" \/>\n<h2 data-start=\"2531\" data-end=\"2579\">Suggerimenti per l&#039;installazione, il funzionamento e la manutenzione<\/h2>\n<ol data-start=\"2581\" data-end=\"3089\">\n<li data-start=\"2581\" data-end=\"2655\">\n<p data-start=\"2584\" data-end=\"2655\"><strong data-start=\"2584\" data-end=\"2597\">Montaggio:<\/strong> Utilizzare uno specchio di poppa standard compatibile con un albero corto da 15&quot;.<\/p>\n<\/li>\n<li data-start=\"2656\" data-end=\"2753\">\n<p data-start=\"2659\" data-end=\"2753\"><strong data-start=\"2659\" data-end=\"2674\">Configurazione del carburante:<\/strong> Collegare il serbatoio del carburante esterno da 3,2 galloni utilizzando il tubo del carburante a collegamento rapido.<\/p>\n<\/li>\n<li data-start=\"2754\" data-end=\"2829\">\n<p data-start=\"2757\" data-end=\"2829\"><strong data-start=\"2757\" data-end=\"2770\">Di partenza:<\/strong> Utilizza l&#039;avviamento elettrico per un&#039;accensione agevole con una sola mano.<\/p>\n<\/li>\n<li data-start=\"2830\" data-end=\"3011\">\n<p data-start=\"2833\" data-end=\"2851\"><strong data-start=\"2833\" data-end=\"2849\">Manutenzione:<\/strong><\/p>\n<ul data-start=\"2855\" data-end=\"3011\">\n<li data-start=\"2855\" data-end=\"2907\">\n<p data-start=\"2857\" data-end=\"2907\">Cambiare l&#039;olio motore ogni 100 ore o stagionalmente.<\/p>\n<\/li>\n<li data-start=\"2911\" data-end=\"2956\">\n<p data-start=\"2913\" data-end=\"2956\">Dopo l&#039;uso in acqua salata, lavare il sistema di raffreddamento.<\/p>\n<\/li>\n<li data-start=\"2960\" data-end=\"3011\">\n<p data-start=\"2962\" data-end=\"3011\">Controllare che i comandi dell&#039;elica e della barra del timone non siano usurati.<\/p>\n<\/li>\n<\/ul>\n<\/li>\n<li data-start=\"3012\" data-end=\"3089\">\n<p data-start=\"3015\" data-end=\"3089\"><strong data-start=\"3015\" data-end=\"3027\">Magazzinaggio:<\/strong> Fuori stagione, conservare in posizione verticale in un luogo asciutto e ventilato.<\/p>\n<\/li>\n<\/ol>\n<hr data-start=\"3091\" data-end=\"3094\" \/>\n<h2 data-start=\"3096\" data-end=\"3141\">Perch\u00e9 scegliere i motori fuoribordo Honda a 4 tempi<\/h2>\n<p data-start=\"3143\" data-end=\"3256\">I fuoribordo Honda sono progettati per <strong data-start=\"3178\" data-end=\"3227\">efficienza, affidabilit\u00e0 e funzionamento regolare<\/strong>. Il modello BF20D3SHT offre:<\/p>\n<ul data-start=\"3258\" data-end=\"3536\">\n<li data-start=\"3258\" data-end=\"3319\">\n<p data-start=\"3260\" data-end=\"3319\">Grande cilindrata per coppia e accelerazione costanti<\/p>\n<\/li>\n<li data-start=\"3320\" data-end=\"3381\">\n<p data-start=\"3322\" data-end=\"3381\">Sistema di allarme motore per la sicurezza e la manutenzione preventiva<\/p>\n<\/li>\n<li data-start=\"3382\" data-end=\"3462\">\n<p data-start=\"3384\" data-end=\"3462\">Sistema di protezione dalla corrosione a 4 fronti per la massima durata in ambienti di acqua salata<\/p>\n<\/li>\n<li data-start=\"3463\" data-end=\"3536\">\n<p data-start=\"3465\" data-end=\"3536\">Lubrificazione positiva e sistema di montaggio a pendolo per una maggiore durata del motore<\/p>\n<\/li>\n<\/ul>\n<p data-start=\"3538\" data-end=\"3671\">Questa combinazione di innovazione e affidabilit\u00e0 garantisce che il tuo motore funzioni in qualsiasi condizione, offrendoti tranquillit\u00e0 in ogni viaggio.<\/p>\n<hr data-start=\"3673\" data-end=\"3676\" \/>\n<h2 data-start=\"3678\" data-end=\"3699\">Esempio reale<\/h2>\n<p data-start=\"3701\" data-end=\"3828\">Un diportista del Bodensee ha sostituito il suo vecchio motore da 15 CV con il <strong data-start=\"3776\" data-end=\"3800\">Honda BF20D3SHT del 2019<\/strong>. Nel giro di poche settimane, ha riferito:<\/p>\n<ul data-start=\"3830\" data-end=\"4032\">\n<li data-start=\"3830\" data-end=\"3882\">\n<p data-start=\"3832\" data-end=\"3882\"><strong data-start=\"3832\" data-end=\"3851\">Maneggevolezza pi\u00f9 semplice<\/strong> grazie al design leggero<\/p>\n<\/li>\n<li data-start=\"3883\" data-end=\"3945\">\n<p data-start=\"3885\" data-end=\"3945\"><strong data-start=\"3885\" data-end=\"3917\">Efficienza di traina migliorata<\/strong> con ricarica ad alta potenza<\/p>\n<\/li>\n<li data-start=\"3946\" data-end=\"3984\">\n<p data-start=\"3948\" data-end=\"3984\"><strong data-start=\"3948\" data-end=\"3982\">Funzionamento regolare in acque poco profonde<\/strong><\/p>\n<\/li>\n<li data-start=\"3985\" data-end=\"4032\">\n<p data-start=\"3987\" data-end=\"4032\"><strong data-start=\"3987\" data-end=\"4003\">Risparmio di carburante<\/strong> grazie all&#039;efficienza del motore a 4 tempi<\/p>\n<\/li>\n<\/ul>\n<p data-start=\"4034\" data-end=\"4114\">Ci\u00f2 dimostra la versatilit\u00e0 del BF20D3SHT e l&#039;impegno di Honda per la qualit\u00e0.<\/p>\n<hr data-start=\"4116\" data-end=\"4119\" \/>\n<h2 data-start=\"4121\" data-end=\"4135\">Pro e contro<\/h2>\n<p data-start=\"4137\" data-end=\"4148\"><strong data-start=\"4137\" data-end=\"4146\">Pro:<\/strong><\/p>\n<ul data-start=\"4149\" data-end=\"4339\">\n<li data-start=\"4149\" data-end=\"4184\">\n<p data-start=\"4151\" data-end=\"4184\">Leggero e portatile (130 libbre)<\/p>\n<\/li>\n<li data-start=\"4185\" data-end=\"4219\">\n<p data-start=\"4187\" data-end=\"4219\">Affidabile motore Honda a 4 tempi<\/p>\n<\/li>\n<li data-start=\"4220\" data-end=\"4254\">\n<p data-start=\"4222\" data-end=\"4254\">Efficienza nei consumi e basse emissioni<\/p>\n<\/li>\n<li data-start=\"4255\" data-end=\"4291\">\n<p data-start=\"4257\" data-end=\"4291\">Inclinazione elettrica e guida in acque poco profonde<\/p>\n<\/li>\n<li data-start=\"4292\" data-end=\"4339\">\n<p data-start=\"4294\" data-end=\"4339\">Garanzia reale di 5 anni e protezione dalla corrosione<\/p>\n<\/li>\n<\/ul>\n<p data-start=\"4341\" data-end=\"4352\"><strong data-start=\"4341\" data-end=\"4350\">Contro:<\/strong><\/p>\n<ul data-start=\"4353\" data-end=\"4444\">\n<li data-start=\"4353\" data-end=\"4399\">\n<p data-start=\"4355\" data-end=\"4399\">Richiede un serbatoio di carburante esterno (non incorporato)<\/p>\n<\/li>\n<li data-start=\"4400\" data-end=\"4444\">\n<p data-start=\"4402\" data-end=\"4444\">L&#039;albero corto da 15&quot; potrebbe non essere adatto a scafi pi\u00f9 profondi<\/p>\n<\/li>\n<\/ul>\n<hr data-start=\"4446\" data-end=\"4449\" \/>\n<h2 data-start=\"4451\" data-end=\"4492\">Consigli pratici per ottenere le massime prestazioni<\/h2>\n<ul data-start=\"4494\" data-end=\"4867\">\n<li data-start=\"4494\" data-end=\"4559\">\n<p data-start=\"4496\" data-end=\"4559\">Utilizzare il <strong data-start=\"4504\" data-end=\"4527\">Sistema di allarme motore<\/strong> per monitorare le esigenze di manutenzione.<\/p>\n<\/li>\n<li data-start=\"4560\" data-end=\"4652\">\n<p data-start=\"4562\" data-end=\"4652\">Durante il rodaggio iniziale, far funzionare il motore a pieno regime (5.000\u20136.000 giri\/min).<\/p>\n<\/li>\n<li data-start=\"4653\" data-end=\"4733\">\n<p data-start=\"4655\" data-end=\"4733\">Fare domanda a <strong data-start=\"4661\" data-end=\"4680\">Olio FC-W 10W-30<\/strong> costantemente per la lubrificazione e la longevit\u00e0 del motore.<\/p>\n<\/li>\n<li data-start=\"4734\" data-end=\"4796\">\n<p data-start=\"4736\" data-end=\"4796\">Dopo l&#039;uso in acqua salata, sciacquare abbondantemente per prevenire la corrosione.<\/p>\n<\/li>\n<li data-start=\"4797\" data-end=\"4867\">\n<p data-start=\"4799\" data-end=\"4867\">Conservare in posizione verticale per proteggere il carburatore e il tubo del carburante. <a href=\"https:\/\/bootsshopbodensee.com\/it\/contattaci\/\">contattaci\u00a0<\/a><\/p>\n<\/li>\n<\/ul>\n<hr data-start=\"4869\" data-end=\"4872\" \/>\n<h2 data-start=\"4874\" data-end=\"4895\"><\/h2>\n<ol data-start=\"4897\" data-end=\"5798\">\n<li data-start=\"4897\" data-end=\"5032\">\n<p data-start=\"4900\" data-end=\"5032\"><strong data-start=\"4900\" data-end=\"4972\">Qual \u00e8 il peso del 2019 <a href=\"https:\/\/www.honda.com\/\" target=\"_blank\" rel=\"noopener\">Honda<\/a> Motore fuoribordo BF20D3SHT da 20 CV?<\/strong><br data-start=\"4972\" data-end=\"4975\" \/>130 libbre, il che lo rende uno dei motori da 20 CV pi\u00f9 leggeri.<\/p>\n<\/li>\n<li data-start=\"5034\" data-end=\"5154\">\n<p data-start=\"5037\" data-end=\"5154\"><strong data-start=\"5037\" data-end=\"5085\">Il modello BF20D3SHT \u00e8 adatto all&#039;uso in acqua salata?<\/strong><br data-start=\"5085\" data-end=\"5088\" \/>S\u00ec, \u00e8 dotato del sistema di protezione dalla corrosione sui 4 lati della Honda.<\/p>\n<\/li>\n<li data-start=\"5156\" data-end=\"5255\">\n<p data-start=\"5159\" data-end=\"5255\"><strong data-start=\"5159\" data-end=\"5195\">Quanto dura la garanzia?<\/strong><br data-start=\"5195\" data-end=\"5198\" \/>Garanzia reale di 5 anni che copre i difetti di fabbricazione.<\/p>\n<\/li>\n<li data-start=\"5257\" data-end=\"5364\">\n<p data-start=\"5260\" data-end=\"5364\"><strong data-start=\"5260\" data-end=\"5303\">Posso inclinare e sterzare il motore facilmente?<\/strong><br data-start=\"5303\" data-end=\"5306\" \/>S\u00ec, \u00e8 dotato di inclinazione elettrica e controllo della frizione EZ Steer.<\/p>\n<\/li>\n<li data-start=\"5366\" data-end=\"5462\">\n<p data-start=\"5369\" data-end=\"5462\"><strong data-start=\"5369\" data-end=\"5417\">Che tipo di carburante utilizza la Honda BF20 del 2019?<\/strong><br data-start=\"5417\" data-end=\"5420\" \/>Benzina senza piombo, minimo 86 ottani.<\/p>\n<\/li>\n<li data-start=\"5464\" data-end=\"5608\">\n<p data-start=\"5467\" data-end=\"5608\"><strong data-start=\"5467\" data-end=\"5514\">Come posso mantenere il motore a lungo?<\/strong><br data-start=\"5514\" data-end=\"5517\" \/>Cambi regolari dell&#039;olio, lavaggio del sistema di raffreddamento, ispezione dei comandi e corretta conservazione.<\/p>\n<\/li>\n<li data-start=\"5610\" data-end=\"5677\">\n<p data-start=\"5613\" data-end=\"5677\"><strong data-start=\"5613\" data-end=\"5653\">Qual \u00e8 l&#039;intervallo di giri massimo raggiungibile con l&#039;acceleratore?<\/strong><br data-start=\"5653\" data-end=\"5656\" \/>5.000\u20136.000 giri\/min.<\/p>\n<\/li>\n<li data-start=\"5679\" data-end=\"5798\">\n<p data-start=\"5682\" data-end=\"5798\"><strong data-start=\"5682\" data-end=\"5731\">Questo motore pu\u00f2 essere utilizzato su una barca da 12 a 16 piedi?<\/strong><br data-start=\"5731\" data-end=\"5734\" \/>S\u00ec, \u00e8 progettato per imbarcazioni compatte di queste dimensioni.<\/p>\n<\/li>\n<\/ol>\n<hr data-start=\"5800\" data-end=\"5803\" \/>\n<p data-start=\"5805\" data-end=\"5826\"><strong data-start=\"5805\" data-end=\"5824\">Invito all&#039;azione:<\/strong><\/p>\n<p data-start=\"5828\" data-end=\"6019\">Ottieni il tuo <strong data-start=\"5837\" data-end=\"5882\">Motore fuoribordo HONDA BF20D3SHT 20 HP 2019<\/strong> oggi! Affidabile, efficiente nei consumi e leggero: perfetto per imbarcazioni compatte. <strong data-start=\"5961\" data-end=\"6016\">Richiedi un preventivo o acquista subito da Boots Shop Bodensee<\/strong>.<\/p>","protected":false},"excerpt":{"rendered":"<p>Motore fuoribordo HONDA BF20D3SHT 20 HP 2019<\/p>","protected":false},"featured_media":6823,"comment_status":"open","ping_status":"closed","template":"","meta":[],"product_brand":[],"product_cat":[25],"product_tag":[],"class_list":{"0":"post-6822","1":"product","2":"type-product","3":"status-publish","4":"has-post-thumbnail","6":"product_cat-honda-outboard-motors","8":"first","9":"instock","10":"taxable","11":"shipping-taxable","12":"purchasable","13":"product-type-simple"},"jetpack-related-posts":[],"jetpack_sharing_enabled":true,"_links":{"self":[{"href":"https:\/\/bootsshopbodensee.com\/it\/wp-json\/wp\/v2\/product\/6822","targetHints":{"allow":["GET"]}}],"collection":[{"href":"https:\/\/bootsshopbodensee.com\/it\/wp-json\/wp\/v2\/product"}],"about":[{"href":"https:\/\/bootsshopbodensee.com\/it\/wp-json\/wp\/v2\/types\/product"}],"replies":[{"embeddable":true,"href":"https:\/\/bootsshopbodensee.com\/it\/wp-json\/wp\/v2\/comments?post=6822"}],"wp:featuredmedia":[{"embeddable":true,"href":"https:\/\/bootsshopbodensee.com\/it\/wp-json\/wp\/v2\/media\/6823"}],"wp:attachment":[{"href":"https:\/\/bootsshopbodensee.com\/it\/wp-json\/wp\/v2\/media?parent=6822"}],"wp:term":[{"taxonomy":"product_brand","embeddable":true,"href":"https:\/\/bootsshopbodensee.com\/it\/wp-json\/wp\/v2\/product_brand?post=6822"},{"taxonomy":"product_cat","embeddable":true,"href":"https:\/\/bootsshopbodensee.com\/it\/wp-json\/wp\/v2\/product_cat?post=6822"},{"taxonomy":"product_tag","embeddable":true,"href":"https:\/\/bootsshopbodensee.com\/it\/wp-json\/wp\/v2\/product_tag?post=6822"}],"curies":[{"name":"wp","href":"https:\/\/api.w.org\/{rel}","templated":true}]}}