{"id":6818,"date":"2024-02-05T06:20:49","date_gmt":"2024-02-05T06:20:49","guid":{"rendered":"https:\/\/bootsshopbodensee.com\/?post_type=product&#038;p=6818"},"modified":"2026-02-13T12:20:52","modified_gmt":"2026-02-13T12:20:52","slug":"motore-fuoribordo-honda-bf150ak2ja-da-150-cv-del-2019","status":"publish","type":"product","link":"https:\/\/bootsshopbodensee.com\/it\/shop\/2019-honda-150-hp-bf150ak2ja-outboard-motor\/","title":{"rendered":"Motore fuoribordo Honda BF150AK2JA da 150 CV del 2019"},"content":{"rendered":"<h2 data-start=\"155\" data-end=\"206\"><strong data-start=\"157\" data-end=\"204\">Motore fuoribordo Honda BF150AK2JA da 150 CV del 2019<\/strong><\/h2>\n<p data-start=\"208\" data-end=\"515\">Prova potenza, precisione e affidabilit\u00e0 senza pari con <strong data-start=\"272\" data-end=\"319\">Motore fuoribordo Honda BF150AK2JA da 150 CV del 2019<\/strong>. Progettato per applicazioni nautiche professionali e ricreative, questo nuovissimo fuoribordo unisce la rinomata ingegneria Honda alla tecnologia avanzata per prestazioni eccezionali in acqua.<\/p>\n<hr data-start=\"517\" data-end=\"520\" \/>\n<h2 data-start=\"522\" data-end=\"556\"><strong data-start=\"525\" data-end=\"554\">Caratteristiche e specifiche<\/strong><\/h2>\n<ul data-start=\"558\" data-end=\"965\">\n<li data-start=\"558\" data-end=\"611\">\n<p data-start=\"560\" data-end=\"611\"><strong data-start=\"560\" data-end=\"576\">Tipo di motore:<\/strong> Honda BF150AK2JA Jet quattro tempi<\/p>\n<\/li>\n<li data-start=\"612\" data-end=\"659\">\n<p data-start=\"614\" data-end=\"659\"><strong data-start=\"614\" data-end=\"629\">Potenza:<\/strong> 150 CV (105 CV alla pompa a getto)<\/p>\n<\/li>\n<li data-start=\"660\" data-end=\"697\">\n<p data-start=\"662\" data-end=\"697\"><strong data-start=\"662\" data-end=\"676\">Cilindri:<\/strong> 4 cilindri in linea<\/p>\n<\/li>\n<li data-start=\"698\" data-end=\"723\">\n<p data-start=\"700\" data-end=\"723\"><strong data-start=\"700\" data-end=\"717\">Lunghezza dell&#039;albero:<\/strong> 20\u2033<\/p>\n<\/li>\n<li data-start=\"724\" data-end=\"759\">\n<p data-start=\"726\" data-end=\"759\"><strong data-start=\"726\" data-end=\"739\">Sterzo:<\/strong> Meccanico remoto<\/p>\n<\/li>\n<li data-start=\"760\" data-end=\"785\">\n<p data-start=\"762\" data-end=\"785\"><strong data-start=\"762\" data-end=\"774\">Antipasto:<\/strong> Elettrico<\/p>\n<\/li>\n<li data-start=\"786\" data-end=\"809\">\n<p data-start=\"788\" data-end=\"809\"><strong data-start=\"788\" data-end=\"799\">Peso:<\/strong> 478 libbre<\/p>\n<\/li>\n<li data-start=\"810\" data-end=\"852\">\n<p data-start=\"812\" data-end=\"852\"><strong data-start=\"812\" data-end=\"836\">Gamma completa di accelerazione:<\/strong> 5000\u20136000 giri\/min<\/p>\n<\/li>\n<li data-start=\"853\" data-end=\"881\">\n<p data-start=\"855\" data-end=\"881\"><strong data-start=\"855\" data-end=\"872\">Spostamento:<\/strong> 2354cc<\/p>\n<\/li>\n<li data-start=\"882\" data-end=\"939\">\n<p data-start=\"884\" data-end=\"939\"><strong data-start=\"884\" data-end=\"905\">Sistema di induzione:<\/strong> EFI (iniezione elettronica del carburante)<\/p>\n<\/li>\n<li data-start=\"940\" data-end=\"965\">\n<p data-start=\"942\" data-end=\"965\"><strong data-start=\"942\" data-end=\"955\">Garanzia:<\/strong> 5 anni<\/p>\n<\/li>\n<\/ul>\n<hr data-start=\"967\" data-end=\"970\" \/>\n<h2 data-start=\"972\" data-end=\"1032\"><strong data-start=\"975\" data-end=\"1030\">Perch\u00e9 scegliere il motore fuoribordo Honda BF150AK2JA del 2019<\/strong><\/h2>\n<p data-start=\"1034\" data-end=\"1221\">IL <strong data-start=\"1038\" data-end=\"1058\">Honda BF150AK2JA<\/strong> Deriva dall&#039;affidabile piattaforma BF150 di Honda e incorpora tecnologie nautiche all&#039;avanguardia per garantire versatilit\u00e0 e prestazioni elevate. I principali vantaggi includono:<\/p>\n<ul data-start=\"1223\" data-end=\"1804\">\n<li data-start=\"1223\" data-end=\"1349\">\n<p data-start=\"1225\" data-end=\"1349\"><strong data-start=\"1225\" data-end=\"1281\">Architettura a doppio albero a camme in testa e 4 cilindri in linea:<\/strong> Garantisce un&#039;erogazione di potenza fluida e una reattivit\u00e0 ispirata alle corse.<\/p>\n<\/li>\n<li data-start=\"1350\" data-end=\"1463\">\n<p data-start=\"1352\" data-end=\"1463\"><strong data-start=\"1352\" data-end=\"1377\">Induzione a doppio stadio:<\/strong> Fornisce la coppia massima a bassi e alti regimi, migliorando l&#039;accelerazione e l&#039;efficienza.<\/p>\n<\/li>\n<li data-start=\"1464\" data-end=\"1592\">\n<p data-start=\"1466\" data-end=\"1592\"><strong data-start=\"1466\" data-end=\"1488\">Controllo della combustione magra:<\/strong> Ottimizza automaticamente la miscela aria-carburante per un funzionamento efficiente in tutti i regimi di accelerazione.<\/p>\n<\/li>\n<li data-start=\"1593\" data-end=\"1685\">\n<p data-start=\"1595\" data-end=\"1685\"><strong data-start=\"1595\" data-end=\"1626\">Versatilit\u00e0 della propulsione a getto:<\/strong> Perfetto per acque poco profonde e per la navigazione ad alte prestazioni.<\/p>\n<\/li>\n<li data-start=\"1686\" data-end=\"1804\">\n<p data-start=\"1688\" data-end=\"1804\"><strong data-start=\"1688\" data-end=\"1724\">Design durevole e a bassa manutenzione:<\/strong> Costruito per durare e richiedere una manutenzione minima, ideale per uso commerciale e ricreativo.<\/p>\n<\/li>\n<\/ul>\n<hr data-start=\"1806\" data-end=\"1809\" \/>\n<h2 data-start=\"1811\" data-end=\"1849\"><strong data-start=\"1814\" data-end=\"1847\">Prestazioni ed efficienza del carburante<\/strong><\/h2>\n<p data-start=\"1851\" data-end=\"2087\">Honda <strong data-start=\"1859\" data-end=\"1892\">Motore fuoribordo a getto BF150AK2JA<\/strong> \u00e8 progettato per una maneggevolezza precisa e un risparmio di carburante superiore. Grazie al <strong data-start=\"1969\" data-end=\"1997\">Sistema di controllo della combustione magra<\/strong>, questo fuoribordo regola automaticamente il consumo di carburante in base al carico del motore, offrendoti:<\/p>\n<ul data-start=\"2089\" data-end=\"2276\">\n<li data-start=\"2089\" data-end=\"2131\">\n<p data-start=\"2091\" data-end=\"2131\">Maggiore efficienza del carburante nei viaggi lunghi<\/p>\n<\/li>\n<li data-start=\"2132\" data-end=\"2180\">\n<p data-start=\"2134\" data-end=\"2180\">Emissioni ridotte per un funzionamento ecocompatibile<\/p>\n<\/li>\n<li data-start=\"2181\" data-end=\"2234\">\n<p data-start=\"2183\" data-end=\"2234\">Risposta immediata dell&#039;acceleratore per un&#039;accelerazione fluida<\/p>\n<\/li>\n<li data-start=\"2235\" data-end=\"2276\">\n<p data-start=\"2237\" data-end=\"2276\">Prestazioni costanti ad alte velocit\u00e0<\/p>\n<\/li>\n<\/ul>\n<p data-start=\"2278\" data-end=\"2420\">Che tu stia gestendo un&#039;imbarcazione commerciale o praticando la navigazione da diporto, questo motore mantiene le massime prestazioni in tutte le condizioni.<\/p>\n<hr data-start=\"2422\" data-end=\"2425\" \/>\n<h2 data-start=\"2427\" data-end=\"2467\"><strong data-start=\"2430\" data-end=\"2465\">Suggerimenti per l&#039;installazione e la manutenzione<\/strong><\/h2>\n<p data-start=\"2469\" data-end=\"2564\">Per massimizzare la durata e le prestazioni del tuo <strong data-start=\"2514\" data-end=\"2561\">Motore fuoribordo Honda BF150AK2JA da 150 CV del 2019<\/strong>:<\/p>\n<ol data-start=\"2566\" data-end=\"3136\">\n<li data-start=\"2566\" data-end=\"2689\">\n<p data-start=\"2569\" data-end=\"2689\"><strong data-start=\"2569\" data-end=\"2611\">Installazione professionale consigliata:<\/strong> Assicurare il corretto montaggio, allineamento e collegamento allo sterzo e ai comandi.<\/p>\n<\/li>\n<li data-start=\"2690\" data-end=\"2804\">\n<p data-start=\"2693\" data-end=\"2804\"><strong data-start=\"2693\" data-end=\"2724\">Controlli di manutenzione ordinaria:<\/strong> Ispezionare l&#039;elica, la pompa a getto e il sistema di alimentazione ogni 50-100 ore di funzionamento.<\/p>\n<\/li>\n<li data-start=\"2805\" data-end=\"2913\">\n<p data-start=\"2808\" data-end=\"2913\"><strong data-start=\"2808\" data-end=\"2840\">Utilizzare i ricambi Honda consigliati:<\/strong> Per prestazioni ottimali, sostituire sempre le parti soggette a usura con componenti OEM.<\/p>\n<\/li>\n<li data-start=\"2914\" data-end=\"3011\">\n<p data-start=\"2917\" data-end=\"3011\"><strong data-start=\"2917\" data-end=\"2936\">Rimessaggio invernale:<\/strong> Sciacquare con acqua dolce e conservare in un luogo asciutto per evitare la corrosione.<\/p>\n<\/li>\n<li data-start=\"3012\" data-end=\"3136\">\n<p data-start=\"3015\" data-end=\"3136\"><strong data-start=\"3015\" data-end=\"3043\">Monitorare l&#039;efficienza del carburante:<\/strong> Il controllo della combustione magra riduce il consumo di carburante, ma un controllo periodico ne garantisce il corretto funzionamento.<\/p>\n<\/li>\n<\/ol>\n<hr data-start=\"3138\" data-end=\"3141\" \/>\n<h2 data-start=\"3143\" data-end=\"3181\"><strong data-start=\"3146\" data-end=\"3179\">Chi dovrebbe scegliere questo motore<\/strong><\/h2>\n<p data-start=\"3183\" data-end=\"3236\">IL <strong data-start=\"3187\" data-end=\"3220\">Fuoribordo Honda BF150AK2JA Jet<\/strong> \u00e8 ideale per:<\/p>\n<ul data-start=\"3238\" data-end=\"3483\">\n<li data-start=\"3238\" data-end=\"3283\">\n<p data-start=\"3240\" data-end=\"3283\">Operatori marittimi commerciali e motoscafi a reazione<\/p>\n<\/li>\n<li data-start=\"3284\" data-end=\"3336\">\n<p data-start=\"3286\" data-end=\"3336\">Navigatori da diporto in acque poco profonde o strette<\/p>\n<\/li>\n<li data-start=\"3337\" data-end=\"3397\">\n<p data-start=\"3339\" data-end=\"3397\">Operatori di pesca che cercano controllo preciso e durata<\/p>\n<\/li>\n<li data-start=\"3398\" data-end=\"3483\">\n<p data-start=\"3400\" data-end=\"3483\">Operatori di porti turistici che necessitano di motori nuovi e affidabili per flotte di rivendita o charter<\/p>\n<\/li>\n<\/ul>\n<hr data-start=\"3485\" data-end=\"3488\" \/>\n<h2 data-start=\"3490\" data-end=\"3517\"><strong data-start=\"3493\" data-end=\"3515\">Esempio reale<\/strong><\/h2>\n<p data-start=\"3519\" data-end=\"3630\">Un operatore professionista di motoscafi nella regione del Bodensee ha recentemente effettuato l&#039;aggiornamento a <strong data-start=\"3600\" data-end=\"3614\">Modello BF150AK2JA<\/strong> e ha riferito:<\/p>\n<blockquote data-start=\"3632\" data-end=\"3827\">\n<p data-start=\"3634\" data-end=\"3827\">\u201c&quot;La reattivit\u00e0 e l&#039;efficienza nei consumi di questo fuoribordo Honda sono eccezionali. Gestisce con facilit\u00e0 acque poco profonde e il sistema Lean Burn ha ridotto notevolmente i nostri costi di carburante durante i viaggi pi\u00f9 lunghi.&quot;\u201d<\/p>\n<\/blockquote>\n<hr data-start=\"3829\" data-end=\"3832\" \/>\n<h2 data-start=\"3834\" data-end=\"3862\"><strong data-start=\"3837\" data-end=\"3860\">Pro e approfondimenti chiave<\/strong><\/h2>\n<p data-start=\"3864\" data-end=\"3875\"><strong data-start=\"3864\" data-end=\"3873\">Pro:<\/strong><\/p>\n<ul data-start=\"3876\" data-end=\"4083\">\n<li data-start=\"3876\" data-end=\"3921\">\n<p data-start=\"3878\" data-end=\"3921\">Motore fuoribordo nuovo di zecca, completamente ispezionato<\/p>\n<\/li>\n<li data-start=\"3922\" data-end=\"3965\">\n<p data-start=\"3924\" data-end=\"3965\">Garanzia Honda di 5 anni per la massima tranquillit\u00e0<\/p>\n<\/li>\n<li data-start=\"3966\" data-end=\"4008\">\n<p data-start=\"3968\" data-end=\"4008\">Sistema di propulsione a getto ad alte prestazioni<\/p>\n<\/li>\n<li data-start=\"4009\" data-end=\"4044\">\n<p data-start=\"4011\" data-end=\"4044\">Tecnologia avanzata per il risparmio di carburante<\/p>\n<\/li>\n<li data-start=\"4045\" data-end=\"4083\">\n<p data-start=\"4047\" data-end=\"4083\">Design durevole e di facile manutenzione<\/p>\n<\/li>\n<\/ul>\n<p data-start=\"4085\" data-end=\"4104\"><strong data-start=\"4085\" data-end=\"4102\">Approfondimenti chiave:<\/strong><\/p>\n<ul data-start=\"4105\" data-end=\"4318\">\n<li data-start=\"4105\" data-end=\"4165\">\n<p data-start=\"4107\" data-end=\"4165\">L&#039;induzione a doppio stadio garantisce le massime prestazioni a tutti i regimi<\/p>\n<\/li>\n<li data-start=\"4166\" data-end=\"4246\">\n<p data-start=\"4168\" data-end=\"4246\">Il design a 4 cilindri in linea offre una risposta dell&#039;acceleratore fluida e ispirata alle corse<\/p>\n<\/li>\n<li data-start=\"4247\" data-end=\"4318\">\n<p data-start=\"4249\" data-end=\"4318\">Perfetto sia per applicazioni nautiche professionali che ricreative<\/p>\n<\/li>\n<\/ul>\n<hr data-start=\"4320\" data-end=\"4323\" \/>\n<h2 data-start=\"4325\" data-end=\"4383\"><strong data-start=\"4328\" data-end=\"4381\">FAQ \u2013 Motore fuoribordo Honda BF150AK2JA da 150 CV del 2019<\/strong><\/h2>\n<p data-start=\"4385\" data-end=\"4581\"><strong data-start=\"4385\" data-end=\"4436\">1. Cosa rende unica la Honda BF150AK2JA del 2019?<\/strong><br data-start=\"4436\" data-end=\"4439\" \/>Combina la collaudata piattaforma BF150 di Honda con propulsione a getto, doppio albero a camme in testa e controllo della combustione magra per garantire efficienza nei consumi e prestazioni.<\/p>\n<p data-start=\"4583\" data-end=\"4751\"><strong data-start=\"4583\" data-end=\"4650\">2. Questo motore \u00e8 adatto all&#039;uso ricreativo e commerciale?<\/strong><br data-start=\"4650\" data-end=\"4653\" \/>S\u00ec. La sua versatilit\u00e0 lo rende ideale per la pesca, le imbarcazioni a reazione, i charter e le operazioni commerciali.<\/p>\n<p data-start=\"4753\" data-end=\"4908\"><strong data-start=\"4753\" data-end=\"4797\">3. Quanto \u00e8 efficiente il BF150AK2JA in termini di consumo di carburante?<\/strong><br data-start=\"4797\" data-end=\"4800\" \/>Il sistema Lean Burn ottimizza automaticamente la miscela aria-carburante per la massima efficienza del carburante a tutti i regimi.<\/p>\n<p data-start=\"4910\" data-end=\"5053\"><strong data-start=\"4910\" data-end=\"4953\">4. Cosa copre la garanzia di 5 anni?<\/strong><br data-start=\"4953\" data-end=\"4956\" \/>La garanzia Honda copre i difetti di materiale o di fabbricazione del motore in normali condizioni d&#039;uso.<\/p>\n<p data-start=\"5055\" data-end=\"5211\"><strong data-start=\"5055\" data-end=\"5102\">5. Posso installare questo fuoribordo su qualsiasi imbarcazione?<\/strong><br data-start=\"5102\" data-end=\"5105\" \/>\u00c8 compatibile con imbarcazioni progettate per motori a getto d&#039;acqua da 20&quot;. Si consiglia l&#039;installazione da parte di un professionista.<\/p>\n<p data-start=\"5213\" data-end=\"5363\"><strong data-start=\"5213\" data-end=\"5267\">6. Con quale frequenza dovrei sottoporre a manutenzione questo motore fuoribordo?<\/strong><br data-start=\"5267\" data-end=\"5270\" \/>Si consiglia un&#039;ispezione regolare ogni 50-100 ore, insieme a controlli di manutenzione annuali.<\/p>\n<p data-start=\"5365\" data-end=\"5512\"><strong data-start=\"5365\" data-end=\"5422\">7. Sono a 4 tempi <a href=\"https:\/\/www.honda.com\/\" target=\"_blank\" rel=\"noopener\">Honda<\/a> i fuoribordo sono migliori dei motori a 2 tempi?<\/strong><br data-start=\"5422\" data-end=\"5425\" \/>S\u00ec. I motori a 4 tempi sono pi\u00f9 silenziosi, pi\u00f9 efficienti nei consumi e pi\u00f9 rispettosi dell&#039;ambiente.<\/p>\n<p data-start=\"5514\" data-end=\"5661\"><strong data-start=\"5514\" data-end=\"5563\">8. Quanto tempo posso aspettarmi che duri questo motore?<\/strong><br data-start=\"5563\" data-end=\"5566\" \/>Con una manutenzione adeguata, il BF150AK2JA pu\u00f2 durare oltre un decennio mantenendo inalterate le prestazioni.<\/p>\n<hr data-start=\"5663\" data-end=\"5666\" \/>\n<h2 data-start=\"5668\" data-end=\"5691\"><strong data-start=\"5671\" data-end=\"5689\">Chiamata all&#039;azione<\/strong><\/h2>\n<p data-start=\"5693\" data-end=\"5914\">Migliora la tua esperienza di navigazione con <strong data-start=\"5734\" data-end=\"5791\">nuovissimo motore fuoribordo Honda BF150AK2JA da 150 CV del 2019<\/strong>. Richiedi un preventivo oggi o <a href=\"https:\/\/bootsshopbodensee.com\/it\/contattaci\/\">contatto <strong data-start=\"5826\" data-end=\"5849\">Boots Shop Bodensee<\/strong><\/a> per una consulenza competente e una consegna rapida in tutta la Germania e in Europa.<\/p>","protected":false},"excerpt":{"rendered":"<p>Motore fuoribordo Honda BF150AK2JA da 150 CV del 2019<\/p>","protected":false},"featured_media":6819,"comment_status":"open","ping_status":"closed","template":"","meta":[],"product_brand":[],"product_cat":[25],"product_tag":[],"class_list":{"0":"post-6818","1":"product","2":"type-product","3":"status-publish","4":"has-post-thumbnail","6":"product_cat-honda-outboard-motors","8":"first","9":"instock","10":"taxable","11":"shipping-taxable","12":"purchasable","13":"product-type-simple"},"jetpack-related-posts":[],"jetpack_sharing_enabled":true,"_links":{"self":[{"href":"https:\/\/bootsshopbodensee.com\/it\/wp-json\/wp\/v2\/product\/6818","targetHints":{"allow":["GET"]}}],"collection":[{"href":"https:\/\/bootsshopbodensee.com\/it\/wp-json\/wp\/v2\/product"}],"about":[{"href":"https:\/\/bootsshopbodensee.com\/it\/wp-json\/wp\/v2\/types\/product"}],"replies":[{"embeddable":true,"href":"https:\/\/bootsshopbodensee.com\/it\/wp-json\/wp\/v2\/comments?post=6818"}],"wp:featuredmedia":[{"embeddable":true,"href":"https:\/\/bootsshopbodensee.com\/it\/wp-json\/wp\/v2\/media\/6819"}],"wp:attachment":[{"href":"https:\/\/bootsshopbodensee.com\/it\/wp-json\/wp\/v2\/media?parent=6818"}],"wp:term":[{"taxonomy":"product_brand","embeddable":true,"href":"https:\/\/bootsshopbodensee.com\/it\/wp-json\/wp\/v2\/product_brand?post=6818"},{"taxonomy":"product_cat","embeddable":true,"href":"https:\/\/bootsshopbodensee.com\/it\/wp-json\/wp\/v2\/product_cat?post=6818"},{"taxonomy":"product_tag","embeddable":true,"href":"https:\/\/bootsshopbodensee.com\/it\/wp-json\/wp\/v2\/product_tag?post=6818"}],"curies":[{"name":"wp","href":"https:\/\/api.w.org\/{rel}","templated":true}]}}