{"id":6768,"date":"2024-02-05T05:24:42","date_gmt":"2024-02-05T05:24:42","guid":{"rendered":"https:\/\/bootsshopbodensee.com\/?post_type=product&#038;p=6768"},"modified":"2026-02-14T06:06:02","modified_gmt":"2026-02-14T06:06:02","slug":"motore-fuoribordo-honda-5-cv-bf5dhlhna-del-2018","status":"publish","type":"product","link":"https:\/\/bootsshopbodensee.com\/it\/shop\/2018-honda-5-hp-bf5dhlhna-outboard-motor\/","title":{"rendered":"Motore fuoribordo Honda BF5DHLHNA da 5 CV del 2018"},"content":{"rendered":"<h2 data-start=\"665\" data-end=\"682\"><strong>Motore fuoribordo Honda BF5DHLHNA da 5 CV del 2018<\/strong><\/h2>\n<p data-start=\"684\" data-end=\"1189\">IL <strong data-start=\"688\" data-end=\"732\">Motore fuoribordo Honda BF5DHLHNA da 5 CV del 2018<\/strong> Offre prestazioni ineguagliabili in un design compatto e portatile. Progettato con la precisione Honda, rinomata in tutto il mondo, questo motore marino a 4 tempi offre <strong data-start=\"883\" data-end=\"948\">funzionamento silenzioso, basse vibrazioni ed eccellente efficienza del carburante<\/strong>, rendendolo la scelta ideale per piccoli tender, jon boat e gommoni. Leggero ma potente, fornisce una propulsione affidabile per una variet\u00e0 di imbarcazioni, mantenendo al contempo la responsabilit\u00e0 ambientale grazie alle emissioni estremamente basse.<\/p>\n<hr data-start=\"1191\" data-end=\"1194\" \/>\n<h2 data-start=\"1196\" data-end=\"1226\">Caratteristiche e specifiche<\/h2>\n<h3 data-start=\"1228\" data-end=\"1246\">Caratteristiche principali<\/h3>\n<ul data-start=\"1248\" data-end=\"2084\">\n<li data-start=\"1248\" data-end=\"1299\">\n<p data-start=\"1250\" data-end=\"1299\">Motore a 4 tempi affidabile per prestazioni fluide<\/p>\n<\/li>\n<li data-start=\"1300\" data-end=\"1346\">\n<p data-start=\"1302\" data-end=\"1346\">Leggero e compatto per un facile trasporto<\/p>\n<\/li>\n<li data-start=\"1347\" data-end=\"1398\">\n<p data-start=\"1349\" data-end=\"1398\">Maniglia del timone ripiegabile per una guida comoda<\/p>\n<\/li>\n<li data-start=\"1399\" data-end=\"1441\">\n<p data-start=\"1401\" data-end=\"1441\">Grande cilindrata per una maggiore potenza<\/p>\n<\/li>\n<li data-start=\"1442\" data-end=\"1491\">\n<p data-start=\"1444\" data-end=\"1491\">Acceleratore a manopola girevole per un funzionamento confortevole<\/p>\n<\/li>\n<li data-start=\"1492\" data-end=\"1529\">\n<p data-start=\"1494\" data-end=\"1529\">Garanzia True 5 per la massima tranquillit\u00e0<\/p>\n<\/li>\n<li data-start=\"1530\" data-end=\"1583\">\n<p data-start=\"1532\" data-end=\"1583\">Sistema di protezione dalla corrosione a 4 fronti per una maggiore longevit\u00e0<\/p>\n<\/li>\n<li data-start=\"1584\" data-end=\"1626\">\n<p data-start=\"1586\" data-end=\"1626\">Accensione CDI digitale per un facile avviamento<\/p>\n<\/li>\n<li data-start=\"1627\" data-end=\"1682\">\n<p data-start=\"1629\" data-end=\"1682\">Avviso di basso livello dell&#039;olio e avvisi di riduzione dei giri per la sicurezza<\/p>\n<\/li>\n<li data-start=\"1683\" data-end=\"1727\">\n<p data-start=\"1685\" data-end=\"1727\">Nuovi supporti isolanti per ridurre le vibrazioni<\/p>\n<\/li>\n<li data-start=\"1728\" data-end=\"1787\">\n<p data-start=\"1730\" data-end=\"1787\">Capacit\u00e0 di navigazione in acque poco profonde per una navigazione versatile<\/p>\n<\/li>\n<li data-start=\"1788\" data-end=\"1824\">\n<p data-start=\"1790\" data-end=\"1824\">Cambio FNR per il pieno controllo<\/p>\n<\/li>\n<li data-start=\"1825\" data-end=\"1864\">\n<p data-start=\"1827\" data-end=\"1864\">Lubrificazione a carter umido per una maggiore durata<\/p>\n<\/li>\n<li data-start=\"1865\" data-end=\"1900\">\n<p data-start=\"1867\" data-end=\"1900\">Emissioni CARB a 3 stelle ultra basse<\/p>\n<\/li>\n<li data-start=\"1901\" data-end=\"1935\">\n<p data-start=\"1903\" data-end=\"1935\">Sistema di ricarica opzionale da 6 ampere<\/p>\n<\/li>\n<li data-start=\"1936\" data-end=\"1979\">\n<p data-start=\"1938\" data-end=\"1979\">Meccanismo di decompressione per avviamenti facili<\/p>\n<\/li>\n<li data-start=\"1980\" data-end=\"2016\">\n<p data-start=\"1982\" data-end=\"2016\">Pulsante di arresto con una sola pressione e rilascio<\/p>\n<\/li>\n<li data-start=\"2017\" data-end=\"2084\">\n<p data-start=\"2019\" data-end=\"2084\">Serbatoio interno da 1,5 l con connettore esterno per un tempo di funzionamento prolungato<\/p>\n<\/li>\n<\/ul>\n<h3 data-start=\"2086\" data-end=\"2116\">Specifiche tecniche<\/h3>\n<ul data-start=\"2118\" data-end=\"2658\">\n<li data-start=\"2118\" data-end=\"2142\">\n<p data-start=\"2120\" data-end=\"2142\"><strong data-start=\"2120\" data-end=\"2130\">Modello:<\/strong> BF5DHLHNA<\/p>\n<\/li>\n<li data-start=\"2143\" data-end=\"2161\">\n<p data-start=\"2145\" data-end=\"2161\"><strong data-start=\"2145\" data-end=\"2154\">Anno:<\/strong> 2018<\/p>\n<\/li>\n<li data-start=\"2162\" data-end=\"2186\">\n<p data-start=\"2164\" data-end=\"2186\"><strong data-start=\"2164\" data-end=\"2175\">Peso:<\/strong> 60,6 libbre<\/p>\n<\/li>\n<li data-start=\"2187\" data-end=\"2211\">\n<p data-start=\"2189\" data-end=\"2211\"><strong data-start=\"2189\" data-end=\"2204\">Potenza:<\/strong> 5 CV<\/p>\n<\/li>\n<li data-start=\"2212\" data-end=\"2244\">\n<p data-start=\"2214\" data-end=\"2244\"><strong data-start=\"2214\" data-end=\"2231\">Lunghezza dell&#039;albero:<\/strong> 20\u2033 (Lungo)<\/p>\n<\/li>\n<li data-start=\"2245\" data-end=\"2269\">\n<p data-start=\"2247\" data-end=\"2269\"><strong data-start=\"2247\" data-end=\"2260\">Sterzo:<\/strong> Timone<\/p>\n<\/li>\n<li data-start=\"2270\" data-end=\"2294\">\n<p data-start=\"2272\" data-end=\"2294\"><strong data-start=\"2272\" data-end=\"2285\">Di partenza:<\/strong> Manuale<\/p>\n<\/li>\n<li data-start=\"2295\" data-end=\"2322\">\n<p data-start=\"2297\" data-end=\"2322\"><strong data-start=\"2297\" data-end=\"2313\">Rifinitura e inclinazione:<\/strong> Manuale<\/p>\n<\/li>\n<li data-start=\"2323\" data-end=\"2356\">\n<p data-start=\"2325\" data-end=\"2356\"><strong data-start=\"2325\" data-end=\"2343\">Consegna del carburante:<\/strong> Carburatore<\/p>\n<\/li>\n<li data-start=\"2357\" data-end=\"2414\">\n<p data-start=\"2359\" data-end=\"2414\"><strong data-start=\"2359\" data-end=\"2373\">Serbatoio del carburante:<\/strong> Interno 1,5 L con connettore esterno<\/p>\n<\/li>\n<li data-start=\"2415\" data-end=\"2435\">\n<p data-start=\"2417\" data-end=\"2435\"><strong data-start=\"2417\" data-end=\"2431\">Cilindri:<\/strong> 1<\/p>\n<\/li>\n<li data-start=\"2436\" data-end=\"2464\">\n<p data-start=\"2438\" data-end=\"2464\"><strong data-start=\"2438\" data-end=\"2455\">Spostamento:<\/strong> 127 cc<\/p>\n<\/li>\n<li data-start=\"2465\" data-end=\"2501\">\n<p data-start=\"2467\" data-end=\"2501\"><strong data-start=\"2467\" data-end=\"2487\">Sistema di accensione:<\/strong> CDI digitale<\/p>\n<\/li>\n<li data-start=\"2502\" data-end=\"2528\">\n<p data-start=\"2504\" data-end=\"2528\"><strong data-start=\"2504\" data-end=\"2519\">Rapporto di trasmissione:<\/strong> 2.08:1<\/p>\n<\/li>\n<li data-start=\"2529\" data-end=\"2592\">\n<p data-start=\"2531\" data-end=\"2592\"><strong data-start=\"2531\" data-end=\"2545\">Elica:<\/strong> Diametro 7-7\/8\u2033 x passo 7-1\/2\u2033, alluminio a 3 lame<\/p>\n<\/li>\n<li data-start=\"2593\" data-end=\"2621\">\n<p data-start=\"2595\" data-end=\"2621\"><strong data-start=\"2595\" data-end=\"2615\">Classificazione per acqua salata:<\/strong> S\u00cc<\/p>\n<\/li>\n<li data-start=\"2622\" data-end=\"2658\">\n<p data-start=\"2624\" data-end=\"2658\"><strong data-start=\"2624\" data-end=\"2643\">Sistema di raffreddamento:<\/strong> Raffreddato ad acqua<\/p>\n<\/li>\n<\/ul>\n<hr data-start=\"2660\" data-end=\"2663\" \/>\n<h2 data-start=\"2665\" data-end=\"2726\"><strong>Vantaggi del motore fuoribordo Honda BF5DHLHNA da 5 CV del 2018<\/strong><\/h2>\n<ul data-start=\"2728\" data-end=\"3171\">\n<li data-start=\"2728\" data-end=\"2793\">\n<p data-start=\"2730\" data-end=\"2793\"><strong data-start=\"2730\" data-end=\"2753\">Compatto e portatile:<\/strong> Facile da trasportare, trasportare e installare<\/p>\n<\/li>\n<li data-start=\"2794\" data-end=\"2869\">\n<p data-start=\"2796\" data-end=\"2869\"><strong data-start=\"2796\" data-end=\"2815\">Risparmio di carburante:<\/strong> Il design a 4 tempi garantisce una maggiore autonomia con meno carburante<\/p>\n<\/li>\n<li data-start=\"2870\" data-end=\"2951\">\n<p data-start=\"2872\" data-end=\"2951\"><strong data-start=\"2872\" data-end=\"2895\">Durevole e affidabile:<\/strong> Protezione anticorrosione 4-Front e lubrificazione a carter umido<\/p>\n<\/li>\n<li data-start=\"2952\" data-end=\"3035\">\n<p data-start=\"2954\" data-end=\"3035\"><strong data-start=\"2954\" data-end=\"2977\">Sicuro e facile da usare:<\/strong> Avvisi di basso livello dell&#039;olio, riduzione dei giri al minuto e pulsante di arresto con un solo tocco<\/p>\n<\/li>\n<li data-start=\"3036\" data-end=\"3117\">\n<p data-start=\"3038\" data-end=\"3117\"><strong data-start=\"3038\" data-end=\"3052\">Versatile:<\/strong> Funziona in acque poco profonde con controllo FNR per una manovrabilit\u00e0 precisa<\/p>\n<\/li>\n<li data-start=\"3118\" data-end=\"3171\">\n<p data-start=\"3120\" data-end=\"3171\"><strong data-start=\"3120\" data-end=\"3137\">Ecologico:<\/strong> Emissioni CARB a 3 stelle ultra basse<\/p>\n<\/li>\n<\/ul>\n<hr data-start=\"3173\" data-end=\"3176\" \/>\n<h2 data-start=\"3178\" data-end=\"3214\">Suggerimenti per l&#039;installazione e la manutenzione<\/h2>\n<ol data-start=\"3216\" data-end=\"3538\">\n<li data-start=\"3216\" data-end=\"3261\">\n<p data-start=\"3219\" data-end=\"3261\">Controllare sempre i livelli dell&#039;olio prima di ogni viaggio<\/p>\n<\/li>\n<li data-start=\"3262\" data-end=\"3329\">\n<p data-start=\"3265\" data-end=\"3329\">Utilizzare benzina senza piombo (87 ottani) per mantenere la longevit\u00e0 del motore<\/p>\n<\/li>\n<li data-start=\"3330\" data-end=\"3378\">\n<p data-start=\"3333\" data-end=\"3378\">Ispezionare regolarmente l&#039;elica e il sistema di ingranaggi<\/p>\n<\/li>\n<li data-start=\"3379\" data-end=\"3433\">\n<p data-start=\"3382\" data-end=\"3433\">Dopo l&#039;uso in acqua salata, lavare il motore con acqua dolce<\/p>\n<\/li>\n<li data-start=\"3434\" data-end=\"3495\">\n<p data-start=\"3437\" data-end=\"3495\">Lubrificare le parti mobili come raccomandato nel manuale utente<\/p>\n<\/li>\n<li data-start=\"3496\" data-end=\"3538\">\n<p data-start=\"3499\" data-end=\"3538\">Conservare in posizione verticale per evitare perdite di carburante<\/p>\n<\/li>\n<\/ol>\n<hr data-start=\"3540\" data-end=\"3543\" \/>\n<h2 data-start=\"3545\" data-end=\"3570\">Accessori inclusi<\/h2>\n<ul data-start=\"3572\" data-end=\"4002\">\n<li data-start=\"3572\" data-end=\"3595\">\n<p data-start=\"3574\" data-end=\"3595\">Unit\u00e0 motore fuoribordo<\/p>\n<\/li>\n<li data-start=\"3596\" data-end=\"3613\">\n<p data-start=\"3598\" data-end=\"3613\">Maniglia del timone<\/p>\n<\/li>\n<li data-start=\"3614\" data-end=\"3653\">\n<p data-start=\"3616\" data-end=\"3653\">Serbatoio carburante + tubo carburante a collegamento rapido<\/p>\n<\/li>\n<li data-start=\"3654\" data-end=\"3707\">\n<p data-start=\"3656\" data-end=\"3707\">Comando acceleratore Teleflex SL3 (montaggio superiore o laterale)<\/p>\n<\/li>\n<li data-start=\"3708\" data-end=\"3772\">\n<p data-start=\"3710\" data-end=\"3772\">Scheda di garanzia fuoribordo (copertura di 5 anni a seconda del motore)<\/p>\n<\/li>\n<li data-start=\"3773\" data-end=\"3804\">\n<p data-start=\"3775\" data-end=\"3804\">Elica standard in alluminio<\/p>\n<\/li>\n<li data-start=\"3805\" data-end=\"3821\">\n<p data-start=\"3807\" data-end=\"3821\">Limitatore di assetto<\/p>\n<\/li>\n<li data-start=\"3822\" data-end=\"3873\">\n<p data-start=\"3824\" data-end=\"3873\">Confezioni di olio gratuite (Honda Marine Oil o equivalente)<\/p>\n<\/li>\n<li data-start=\"3874\" data-end=\"3920\">\n<p data-start=\"3876\" data-end=\"3920\">Dispositivo antifurto fuoribordo in acciaio inossidabile<\/p>\n<\/li>\n<li data-start=\"3921\" data-end=\"3962\">\n<p data-start=\"3923\" data-end=\"3962\">Manuale del proprietario ed ebook di installazione<\/p>\n<\/li>\n<li data-start=\"3963\" data-end=\"4002\">\n<p data-start=\"3965\" data-end=\"4002\">Sistema di protezione dei cavi (3x, 800mm)<\/p>\n<\/li>\n<\/ul>\n<hr data-start=\"4004\" data-end=\"4007\" \/>\n<h2 data-start=\"4009\" data-end=\"4040\">Perch\u00e9 scegliere i fuoribordo Honda<\/h2>\n<p data-start=\"4042\" data-end=\"4404\">Honda \u00e8 riconosciuta a livello mondiale per l&#039;affidabilit\u00e0 dei motori marini, la tecnologia avanzata a 4 tempi e il design ecologico. <strong data-start=\"4173\" data-end=\"4186\">BF5DHLHNA<\/strong> Combina portabilit\u00e0, basse vibrazioni e funzionamento silenzioso, rendendolo la scelta ideale sia per i diportisti che per i professionisti. La garanzia True 5 di Honda garantisce sicurezza e tranquillit\u00e0 ad ogni acquisto.<\/p>\n<hr data-start=\"4406\" data-end=\"4409\" \/>\n<h2 data-start=\"4411\" data-end=\"4434\">Esempio reale<\/h2>\n<p data-start=\"4436\" data-end=\"4700\">Un piccolo operatore di pesca in Baviera ha recentemente effettuato l&#039;aggiornamento a <strong data-start=\"4497\" data-end=\"4526\">Honda 5 CV BF5DHLHNA del 2018<\/strong>. Hanno segnalato viaggi pi\u00f9 fluidi, un funzionamento pi\u00f9 silenzioso e un consumo di carburante ridotto rispetto ai vecchi motori a 2 tempi, rendendo i viaggi al mattino presto pi\u00f9 piacevoli ed efficienti.<\/p>\n<hr data-start=\"4702\" data-end=\"4705\" \/>\n<h2 data-start=\"4707\" data-end=\"4722\">Conclusione<\/h2>\n<p data-start=\"4724\" data-end=\"5083\">IL <strong data-start=\"4728\" data-end=\"4772\">2018 <a href=\"https:\/\/www.honda.com\/\" target=\"_blank\" rel=\"noopener\">Honda<\/a> Motore fuoribordo BF5DHLHNA da 5 CV<\/strong> \u00e8 una combinazione perfetta di portabilit\u00e0, prestazioni e affidabilit\u00e0. Il suo design leggero a 4 tempi, le basse vibrazioni e la facilit\u00e0 d&#039;uso lo rendono la scelta ideale per piccole imbarcazioni, tender e gommoni. <a href=\"https:\/\/bootsshopbodensee.com\/it\/contattaci\/\">Ordina oggi da Boots Shop Bodensee<\/a> e divertiti <strong data-start=\"5028\" data-end=\"5080\">spedizione veloce, garanzia completa e supporto esperto<\/strong>.<\/p>\n<hr data-start=\"5085\" data-end=\"5088\" \/>\n<h2 data-start=\"5090\" data-end=\"5113\"><\/h2>\n<ol data-start=\"5115\" data-end=\"6208\">\n<li data-start=\"5115\" data-end=\"5270\">\n<p data-start=\"5118\" data-end=\"5270\"><strong data-start=\"5118\" data-end=\"5171\">I fuoribordo Honda 5 Hp BF5DHLHNA del 2018 sono affidabili?<\/strong><br data-start=\"5171\" data-end=\"5174\" \/>S\u00ec, i motori a 4 tempi Honda sono noti per la loro durevolezza, la ridotta manutenzione e la lunga durata.<\/p>\n<\/li>\n<li data-start=\"5272\" data-end=\"5426\">\n<p data-start=\"5275\" data-end=\"5426\"><strong data-start=\"5275\" data-end=\"5322\">Come si installa il motore Honda BF5DHLHNA?<\/strong><br data-start=\"5322\" data-end=\"5325\" \/>Il motore \u00e8 dotato di timone, bulloneria di montaggio e guida all&#039;installazione per una facile configurazione.<\/p>\n<\/li>\n<li data-start=\"5428\" data-end=\"5542\">\n<p data-start=\"5431\" data-end=\"5542\"><strong data-start=\"5431\" data-end=\"5475\">Questo fuoribordo \u00e8 dotato di garanzia?<\/strong><br data-start=\"5475\" data-end=\"5478\" \/>S\u00ec, include la garanzia True 5 di Honda fino a 5 anni.<\/p>\n<\/li>\n<li data-start=\"5544\" data-end=\"5664\">\n<p data-start=\"5547\" data-end=\"5664\"><strong data-start=\"5547\" data-end=\"5579\">Pu\u00f2 essere utilizzato in acqua salata?<\/strong><br data-start=\"5579\" data-end=\"5582\" \/>S\u00ec, il sistema di protezione dalla corrosione sui 4 fronti lo rende sicuro per l&#039;uso in acqua salata.<\/p>\n<\/li>\n<li data-start=\"5666\" data-end=\"5798\">\n<p data-start=\"5669\" data-end=\"5798\"><strong data-start=\"5669\" data-end=\"5702\">Quale manutenzione \u00e8 richiesta?<\/strong><br data-start=\"5702\" data-end=\"5705\" \/>Controlli regolari dell&#039;olio, ispezioni dell&#039;elica e lavaggio con acqua dolce dopo l&#039;uso in acqua salata.<\/p>\n<\/li>\n<li data-start=\"5800\" data-end=\"5922\">\n<p data-start=\"5803\" data-end=\"5922\"><strong data-start=\"5803\" data-end=\"5841\">Quanto \u00e8 efficiente questo motore in termini di consumo di carburante?<\/strong><br data-start=\"5841\" data-end=\"5844\" \/>Il suo design a 4 tempi garantisce un&#039;eccellente efficienza nei consumi di carburante per i viaggi pi\u00f9 lunghi.<\/p>\n<\/li>\n<li data-start=\"5924\" data-end=\"6055\">\n<p data-start=\"5927\" data-end=\"6055\"><strong data-start=\"5927\" data-end=\"5970\">Quali imbarcazioni sono adatte a questo motore?<\/strong><br data-start=\"5970\" data-end=\"5973\" \/>Piccole imbarcazioni, jon boat, gommoni e altre imbarcazioni leggere.<\/p>\n<\/li>\n<li data-start=\"6057\" data-end=\"6208\">\n<p data-start=\"6060\" data-end=\"6208\"><strong data-start=\"6060\" data-end=\"6093\">Sono inclusi tutti gli accessori?<\/strong><br data-start=\"6093\" data-end=\"6096\" \/>S\u00ec, \u00e8 dotato di barra del timone, serbatoio del carburante, elica, sistema antifurto, manuali e guida all&#039;installazione.<\/p>\n<\/li>\n<\/ol>","protected":false},"excerpt":{"rendered":"<p>Motore fuoribordo Honda BF5DHLHNA da 5 CV del 2018<\/p>","protected":false},"featured_media":6769,"comment_status":"open","ping_status":"closed","template":"","meta":[],"product_brand":[],"product_cat":[25],"product_tag":[],"class_list":{"0":"post-6768","1":"product","2":"type-product","3":"status-publish","4":"has-post-thumbnail","6":"product_cat-honda-outboard-motors","8":"first","9":"instock","10":"taxable","11":"shipping-taxable","12":"purchasable","13":"product-type-simple"},"jetpack-related-posts":[],"jetpack_sharing_enabled":true,"_links":{"self":[{"href":"https:\/\/bootsshopbodensee.com\/it\/wp-json\/wp\/v2\/product\/6768","targetHints":{"allow":["GET"]}}],"collection":[{"href":"https:\/\/bootsshopbodensee.com\/it\/wp-json\/wp\/v2\/product"}],"about":[{"href":"https:\/\/bootsshopbodensee.com\/it\/wp-json\/wp\/v2\/types\/product"}],"replies":[{"embeddable":true,"href":"https:\/\/bootsshopbodensee.com\/it\/wp-json\/wp\/v2\/comments?post=6768"}],"wp:featuredmedia":[{"embeddable":true,"href":"https:\/\/bootsshopbodensee.com\/it\/wp-json\/wp\/v2\/media\/6769"}],"wp:attachment":[{"href":"https:\/\/bootsshopbodensee.com\/it\/wp-json\/wp\/v2\/media?parent=6768"}],"wp:term":[{"taxonomy":"product_brand","embeddable":true,"href":"https:\/\/bootsshopbodensee.com\/it\/wp-json\/wp\/v2\/product_brand?post=6768"},{"taxonomy":"product_cat","embeddable":true,"href":"https:\/\/bootsshopbodensee.com\/it\/wp-json\/wp\/v2\/product_cat?post=6768"},{"taxonomy":"product_tag","embeddable":true,"href":"https:\/\/bootsshopbodensee.com\/it\/wp-json\/wp\/v2\/product_tag?post=6768"}],"curies":[{"name":"wp","href":"https:\/\/api.w.org\/{rel}","templated":true}]}}