{"id":6755,"date":"2024-02-04T05:11:24","date_gmt":"2024-02-04T05:11:24","guid":{"rendered":"https:\/\/bootsshopbodensee.com\/?post_type=product&#038;p=6755"},"modified":"2026-02-14T06:53:08","modified_gmt":"2026-02-14T06:53:08","slug":"motore-fuoribordo-honda-2-3-hp-bf2-3dhsch-del-2018","status":"publish","type":"product","link":"https:\/\/bootsshopbodensee.com\/it\/shop\/2018-honda-2-3-hp-bf2-3dhsch-outboard-motor\/","title":{"rendered":"Motore fuoribordo Honda BF2.3DHSCH 2018 da 2,3 CV"},"content":{"rendered":"<h2 data-start=\"803\" data-end=\"848\"><strong>Motore fuoribordo Honda BF2.3DHSCH 2018 da 2,3 CV<\/strong><\/h2>\n<p data-start=\"850\" data-end=\"1429\">IL <strong data-start=\"854\" data-end=\"901\">Motore fuoribordo Honda BF2.3DHSCH 2018 da 2,3 CV<\/strong> Ridefinisce le prestazioni nautiche compatte. Progettato per piccole imbarcazioni, canoe e tender, questo motore leggero da 2,3 CV offre potenza, efficienza e durata eccezionali. L&#039;ingegneria avanzata di Honda garantisce che ogni ora in acqua sia ottimizzata, con fino a un&#039;ora di funzionamento in pi\u00f9 con un singolo serbatoio rispetto a motori fuoribordo portatili simili. Che si tratti di navigare in acque poco profonde o di passeggiare su un lago tranquillo, questo motore fuoribordo da 2,3 CV garantisce affidabilit\u00e0 e facilit\u00e0 d&#039;uso sia per i principianti che per i diportisti esperti.<\/p>\n<hr data-start=\"1431\" data-end=\"1434\" \/>\n<h2 data-start=\"1436\" data-end=\"1491\"><strong>Caratteristiche principali del motore fuoribordo Honda da 2,3 CV del 2018<\/strong><\/h2>\n<ul data-start=\"1493\" data-end=\"2258\">\n<li data-start=\"1493\" data-end=\"1584\">\n<p data-start=\"1495\" data-end=\"1584\"><strong data-start=\"1495\" data-end=\"1524\">Motore a 4 tempi efficiente<\/strong> \u2013 Efficiente nei consumi e affidabile per lunghe gite in barca.<\/p>\n<\/li>\n<li data-start=\"1585\" data-end=\"1681\">\n<p data-start=\"1587\" data-end=\"1681\"><strong data-start=\"1587\" data-end=\"1619\">Design compatto e leggero<\/strong> \u2013 Facile da trasportare, installare e manovrare su piccole imbarcazioni.<\/p>\n<\/li>\n<li data-start=\"1682\" data-end=\"1766\">\n<p data-start=\"1684\" data-end=\"1766\"><strong data-start=\"1684\" data-end=\"1712\">Controllo preciso dell&#039;acceleratore<\/strong> \u2013 Regolazione fluida della velocit\u00e0 per una navigazione ottimale.<\/p>\n<\/li>\n<li data-start=\"1767\" data-end=\"1845\">\n<p data-start=\"1769\" data-end=\"1845\"><strong data-start=\"1769\" data-end=\"1797\">Sistema di raffreddamento ad aria forzata<\/strong> \u2013 Elimina le preoccupazioni relative alla manutenzione della pompa dell&#039;acqua.<\/p>\n<\/li>\n<li data-start=\"1846\" data-end=\"1925\">\n<p data-start=\"1848\" data-end=\"1925\"><strong data-start=\"1848\" data-end=\"1883\">Emissioni CARB a 3 stelle ultra basse<\/strong> \u2013 Prestazioni rispettose dell&#039;ambiente.<\/p>\n<\/li>\n<li data-start=\"1926\" data-end=\"2001\">\n<p data-start=\"1928\" data-end=\"2001\"><strong data-start=\"1928\" data-end=\"1958\">Garanzia Honda di 5 anni<\/strong> \u2013 Tranquillit\u00e0 per chi possiede l&#039;immobile a lungo termine.<\/p>\n<\/li>\n<li data-start=\"2002\" data-end=\"2083\">\n<p data-start=\"2004\" data-end=\"2083\"><strong data-start=\"2004\" data-end=\"2046\">Sterzo girevole a 360\u00b0 e assetto regolabile<\/strong> \u2013 Pieno controllo in corsi d&#039;acqua ristretti.<\/p>\n<\/li>\n<li data-start=\"2084\" data-end=\"2163\">\n<p data-start=\"2086\" data-end=\"2163\"><strong data-start=\"2086\" data-end=\"2109\">Shallow Water Drive<\/strong> \u2013 Navigare in sicurezza in aree ricche di detriti o con fondali bassi.<\/p>\n<\/li>\n<li data-start=\"2164\" data-end=\"2258\">\n<p data-start=\"2166\" data-end=\"2258\"><strong data-start=\"2166\" data-end=\"2217\">Timone pieghevole e doppi morsetti di bloccaggio per lo specchio di poppa.<\/strong> \u2013 Ingombro ridotto e montaggio sicuro.<\/p>\n<\/li>\n<\/ul>\n<hr data-start=\"2260\" data-end=\"2263\" \/>\n<h2 data-start=\"2265\" data-end=\"2322\">Perch\u00e9 scegliere il motore fuoribordo Honda BF2.3DHSCH da 2,3 CV?<\/h2>\n<h3 data-start=\"2324\" data-end=\"2336\">Benefici<\/h3>\n<ol data-start=\"2337\" data-end=\"2750\">\n<li data-start=\"2337\" data-end=\"2427\">\n<p data-start=\"2340\" data-end=\"2427\"><strong data-start=\"2340\" data-end=\"2374\">Portabilit\u00e0 senza compromessi<\/strong> \u2013 Ideale per piccole imbarcazioni, leggero ma potente.<\/p>\n<\/li>\n<li data-start=\"2428\" data-end=\"2501\">\n<p data-start=\"2431\" data-end=\"2501\"><strong data-start=\"2431\" data-end=\"2450\">Efficienza del carburante<\/strong> \u2013 Fino a un&#039;ora in pi\u00f9 di autonomia per pieno rispetto alla concorrenza.<\/p>\n<\/li>\n<li data-start=\"2502\" data-end=\"2595\">\n<p data-start=\"2505\" data-end=\"2595\"><strong data-start=\"2505\" data-end=\"2524\">Bassa manutenzione<\/strong> \u2013 Raffreddamento ad aria forzata, accensione a transistor e protezione dalla corrosione.<\/p>\n<\/li>\n<li data-start=\"2596\" data-end=\"2675\">\n<p data-start=\"2599\" data-end=\"2675\"><strong data-start=\"2599\" data-end=\"2613\">Durata<\/strong> \u2013 Sistema anticorrosione a 4 punti e l&#039;affidabile ingegneria Honda.<\/p>\n<\/li>\n<li data-start=\"2676\" data-end=\"2750\">\n<p data-start=\"2679\" data-end=\"2750\"><strong data-start=\"2679\" data-end=\"2694\">Facilit\u00e0 d&#039;uso<\/strong> \u2013 Maniglia pieghevole, acceleratore preciso e avviamento facile.<\/p>\n<\/li>\n<\/ol>\n<h3 data-start=\"2752\" data-end=\"2760\">Professionisti<\/h3>\n<ul data-start=\"2761\" data-end=\"2918\">\n<li data-start=\"2761\" data-end=\"2788\">\n<p data-start=\"2763\" data-end=\"2788\">Leggero e compatto<\/p>\n<\/li>\n<li data-start=\"2789\" data-end=\"2815\">\n<p data-start=\"2791\" data-end=\"2815\">Emissioni ecocompatibili<\/p>\n<\/li>\n<li data-start=\"2816\" data-end=\"2840\">\n<p data-start=\"2818\" data-end=\"2840\">Lungo periodo di garanzia<\/p>\n<\/li>\n<li data-start=\"2841\" data-end=\"2876\">\n<p data-start=\"2843\" data-end=\"2876\">Installazione e trasporto semplici<\/p>\n<\/li>\n<li data-start=\"2877\" data-end=\"2918\">\n<p data-start=\"2879\" data-end=\"2918\">Versatile, adatto sia ad acque basse che a acque aperte.<\/p>\n<\/li>\n<\/ul>\n<h3 data-start=\"2920\" data-end=\"2928\">Contro<\/h3>\n<ul data-start=\"2929\" data-end=\"3005\">\n<li data-start=\"2929\" data-end=\"2963\">\n<p data-start=\"2931\" data-end=\"2963\">Non adatto a imbarcazioni di grandi dimensioni<\/p>\n<\/li>\n<li data-start=\"2964\" data-end=\"3005\">\n<p data-start=\"2966\" data-end=\"3005\">Avviamento solo manuale (nessun avviamento elettrico)<\/p>\n<\/li>\n<\/ul>\n<hr data-start=\"3007\" data-end=\"3010\" \/>\n<h2 data-start=\"3012\" data-end=\"3071\">Consigli pratici per l&#039;utilizzo del motore fuoribordo Honda da 2,3 CV<\/h2>\n<ol data-start=\"3073\" data-end=\"3529\">\n<li data-start=\"3073\" data-end=\"3166\">\n<p data-start=\"3076\" data-end=\"3166\"><strong data-start=\"3076\" data-end=\"3099\">Controllo pre-operatorio<\/strong> \u2013 Verificare i livelli del carburante, il fissaggio dell&#039;elica e la regolazione dell&#039;inclinazione.<\/p>\n<\/li>\n<li data-start=\"3167\" data-end=\"3253\">\n<p data-start=\"3170\" data-end=\"3253\"><strong data-start=\"3170\" data-end=\"3192\">Utilizzo ottimale del carburante<\/strong> \u2013 Mantenere un regime di giri costante tra 5.000 e 6.000 RPM per ottimizzare l&#039;efficienza.<\/p>\n<\/li>\n<li data-start=\"3254\" data-end=\"3343\">\n<p data-start=\"3257\" data-end=\"3343\"><strong data-start=\"3257\" data-end=\"3285\">Navigazione in acque poco profonde<\/strong> \u2013 Utilizzare la modalit\u00e0 di navigazione in acque basse per proteggere l&#039;elica.<\/p>\n<\/li>\n<li data-start=\"3344\" data-end=\"3441\">\n<p data-start=\"3347\" data-end=\"3441\"><strong data-start=\"3347\" data-end=\"3370\">Preparazione del magazzino<\/strong> \u2013 Prima di riporre il carburatore per lunghi periodi, svuotarlo attraverso la vite di scarico.<\/p>\n<\/li>\n<li data-start=\"3442\" data-end=\"3529\">\n<p data-start=\"3445\" data-end=\"3529\"><strong data-start=\"3445\" data-end=\"3468\">Manutenzione ordinaria<\/strong> \u2013 Pulire e ispezionare dopo ogni utilizzo per prolungarne la durata.<\/p>\n<\/li>\n<\/ol>\n<hr data-start=\"3531\" data-end=\"3534\" \/>\n<h2 data-start=\"3536\" data-end=\"3553\">Parere di esperti<\/h2>\n<p data-start=\"3555\" data-end=\"3891\">Gli esperti marini raccomandano costantemente l&#039; <strong data-start=\"3597\" data-end=\"3644\">Motore fuoribordo Honda BF2.3DHSCH 2018 da 2,3 CV<\/strong> Ideale per imbarcazioni di piccole dimensioni grazie al suo equilibrio tra portabilit\u00e0, affidabilit\u00e0 e la qualit\u00e0 ingegneristica che contraddistingue Honda. Il suo design a bassa manutenzione e l&#039;efficienza nei consumi lo rendono perfetto per la nautica da diporto, la pesca e come motore ausiliario per imbarcazioni pi\u00f9 grandi.<\/p>\n<p data-start=\"3893\" data-end=\"4092\"><strong data-start=\"3893\" data-end=\"3916\">Esempio pratico:<\/strong> Un circolo di pescatori locale ha riferito di aver utilizzato questo motore su piccole imbarcazioni da pesca per escursioni di diverse ore sul lago, elogiandone la precisione nell&#039;acceleratore e la facilit\u00e0 di trasporto tra i laghi.<\/p>\n<hr data-start=\"4094\" data-end=\"4097\" \/>\n<h2 data-start=\"4099\" data-end=\"4116\">Specifiche<\/h2>\n<ul data-start=\"4118\" data-end=\"4555\">\n<li data-start=\"4118\" data-end=\"4143\">\n<p data-start=\"4120\" data-end=\"4143\"><strong data-start=\"4120\" data-end=\"4130\">Modello:<\/strong> BF2.3DHSCH<\/p>\n<\/li>\n<li data-start=\"4144\" data-end=\"4162\">\n<p data-start=\"4146\" data-end=\"4162\"><strong data-start=\"4146\" data-end=\"4155\">Anno:<\/strong> 2018<\/p>\n<\/li>\n<li data-start=\"4163\" data-end=\"4189\">\n<p data-start=\"4165\" data-end=\"4189\"><strong data-start=\"4165\" data-end=\"4180\">Potenza:<\/strong> 2,3 CV<\/p>\n<\/li>\n<li data-start=\"4190\" data-end=\"4223\">\n<p data-start=\"4192\" data-end=\"4223\"><strong data-start=\"4192\" data-end=\"4209\">Lunghezza dell&#039;albero:<\/strong> 15\u201d (corto)<\/p>\n<\/li>\n<li data-start=\"4224\" data-end=\"4248\">\n<p data-start=\"4226\" data-end=\"4248\"><strong data-start=\"4226\" data-end=\"4239\">Sterzo:<\/strong> Timone<\/p>\n<\/li>\n<li data-start=\"4249\" data-end=\"4273\">\n<p data-start=\"4251\" data-end=\"4273\"><strong data-start=\"4251\" data-end=\"4262\">Peso:<\/strong> 29,5 libbre<\/p>\n<\/li>\n<li data-start=\"4274\" data-end=\"4322\">\n<p data-start=\"4276\" data-end=\"4322\"><strong data-start=\"4276\" data-end=\"4290\">Tipo di carburante:<\/strong> Benzina senza piombo (86 ottani)<\/p>\n<\/li>\n<li data-start=\"4323\" data-end=\"4379\">\n<p data-start=\"4325\" data-end=\"4379\"><strong data-start=\"4325\" data-end=\"4348\">Capacit\u00e0 del serbatoio del carburante:<\/strong> 0,29 galloni USA (1,1 L) interni<\/p>\n<\/li>\n<li data-start=\"4380\" data-end=\"4422\">\n<p data-start=\"4382\" data-end=\"4422\"><strong data-start=\"4382\" data-end=\"4395\">Accensione:<\/strong> Transistorizzato Inutile<\/p>\n<\/li>\n<li data-start=\"4423\" data-end=\"4450\">\n<p data-start=\"4425\" data-end=\"4450\"><strong data-start=\"4425\" data-end=\"4437\">Raffreddamento:<\/strong> Aria forzata<\/p>\n<\/li>\n<li data-start=\"4451\" data-end=\"4519\">\n<p data-start=\"4453\" data-end=\"4519\"><strong data-start=\"4453\" data-end=\"4467\">Elica:<\/strong> 7-1\/4\u2033 di diametro x 4-3\/4\u2033 di passo, 3 pale in polipropilene<\/p>\n<\/li>\n<li data-start=\"4520\" data-end=\"4555\">\n<p data-start=\"4522\" data-end=\"4555\"><strong data-start=\"4522\" data-end=\"4535\">Garanzia:<\/strong> Garanzia Honda di 5 anni<\/p>\n<\/li>\n<\/ul>\n<hr data-start=\"4557\" data-end=\"4560\" \/>\n<h2 data-start=\"4562\" data-end=\"4575\">Conclusione<\/h2>\n<p data-start=\"4577\" data-end=\"4936\">Per chiunque cerchi un <strong data-start=\"4598\" data-end=\"4655\">nuovissimo 2018 <a href=\"https:\/\/www.honda.com\/\" target=\"_blank\" rel=\"noopener\">Honda<\/a> Motore fuoribordo BF2.3DHSCH da 2,3 CV<\/strong>, Questo motore compatto e potente \u00e8 impareggiabile in termini di portabilit\u00e0, efficienza e durata. L&#039;innovativo design Honda garantisce un funzionamento senza problemi e prestazioni di lunga durata, rendendolo la scelta ideale per gli appassionati di piccole imbarcazioni, per chi usa la canoa o per chiunque cerchi un motore portatile affidabile. <a href=\"https:\/\/bootsshopbodensee.com\/it\/contattaci\/\">Contattaci\u00a0<\/a><\/p>\n<hr data-start=\"4938\" data-end=\"4941\" \/>\n<h2 data-start=\"4943\" data-end=\"4964\"><\/h2>\n<ol data-start=\"4966\" data-end=\"6069\">\n<li data-start=\"4966\" data-end=\"5116\">\n<p data-start=\"4969\" data-end=\"5116\"><strong data-start=\"4969\" data-end=\"5028\">Qual \u00e8 il peso del motore Honda BF2.3DHSCH da 2,3 CV del 2018?<\/strong><br data-start=\"5028\" data-end=\"5031\" \/>Il motore pesa 29,5 libbre, il che lo rende facilmente trasportabile per piccole imbarcazioni e canoe.<\/p>\n<\/li>\n<li data-start=\"5118\" data-end=\"5260\">\n<p data-start=\"5121\" data-end=\"5260\"><strong data-start=\"5121\" data-end=\"5182\">Questo motore fuoribordo Honda da 2,3 CV \u00e8 adatto all&#039;uso in acqua salata?<\/strong><br data-start=\"5182\" data-end=\"5185\" \/>S\u00ec, \u00e8 adatto all&#039;acqua salata e dotato di un sistema di protezione anticorrosione a 4 strati.<\/p>\n<\/li>\n<li data-start=\"5262\" data-end=\"5367\">\n<p data-start=\"5265\" data-end=\"5367\"><strong data-start=\"5265\" data-end=\"5305\">Il motore \u00e8 coperto da garanzia?<\/strong><br data-start=\"5305\" data-end=\"5308\" \/>S\u00ec, include la garanzia ufficiale Honda di 5 anni.<\/p>\n<\/li>\n<li data-start=\"5369\" data-end=\"5463\">\n<p data-start=\"5372\" data-end=\"5463\"><strong data-start=\"5372\" data-end=\"5406\">Che tipo di carburante utilizza?<\/strong><br data-start=\"5406\" data-end=\"5409\" \/>Funziona con benzina senza piombo (minimo 86 ottani).<\/p>\n<\/li>\n<li data-start=\"5465\" data-end=\"5615\">\n<p data-start=\"5468\" data-end=\"5615\"><strong data-start=\"5468\" data-end=\"5524\">Questo motore pu\u00f2 essere utilizzato su una piccola barca a fondo piatto o su una canoa?<\/strong><br data-start=\"5524\" data-end=\"5527\" \/>Assolutamente. Il suo albero corto da 15 pollici e il design leggero sono ideali per imbarcazioni di piccole dimensioni.<\/p>\n<\/li>\n<li data-start=\"5617\" data-end=\"5805\">\n<p data-start=\"5620\" data-end=\"5805\"><strong data-start=\"5620\" data-end=\"5673\">Come si effettua la manutenzione del motore fuoribordo Honda da 2,3 CV del 2018?<\/strong><br data-start=\"5673\" data-end=\"5676\" \/>La manutenzione ordinaria comprende la pulizia dopo l&#039;uso, lo svuotamento del carburatore prima del rimessaggio e il controllo dell&#039;elica e dei morsetti.<\/p>\n<\/li>\n<li data-start=\"5807\" data-end=\"5903\">\n<p data-start=\"5810\" data-end=\"5903\"><strong data-start=\"5810\" data-end=\"5842\">\u00c8 dotato di elica?<\/strong><br data-start=\"5842\" data-end=\"5845\" \/>S\u00ec, \u00e8 dotata di un&#039;elica in polipropilene a 3 pale.<\/p>\n<\/li>\n<li data-start=\"5905\" data-end=\"6069\">\n<p data-start=\"5908\" data-end=\"6069\"><strong data-start=\"5908\" data-end=\"5963\">Posso navigare in acque poco profonde con questo motore fuoribordo?<\/strong><br data-start=\"5963\" data-end=\"5966\" \/>S\u00ec, \u00e8 dotato di un sistema di trazione per acque basse che consente un funzionamento sicuro in aree con detriti o con fondali bassi.<\/p>\n<\/li>\n<\/ol>","protected":false},"excerpt":{"rendered":"<p>Motore fuoribordo Honda BF2.3DHSCH 2018 da 2,3 CV<\/p>","protected":false},"featured_media":6756,"comment_status":"open","ping_status":"closed","template":"","meta":[],"product_brand":[],"product_cat":[25],"product_tag":[],"class_list":{"0":"post-6755","1":"product","2":"type-product","3":"status-publish","4":"has-post-thumbnail","6":"product_cat-honda-outboard-motors","8":"first","9":"instock","10":"taxable","11":"shipping-taxable","12":"purchasable","13":"product-type-simple"},"jetpack-related-posts":[],"jetpack_sharing_enabled":true,"_links":{"self":[{"href":"https:\/\/bootsshopbodensee.com\/it\/wp-json\/wp\/v2\/product\/6755","targetHints":{"allow":["GET"]}}],"collection":[{"href":"https:\/\/bootsshopbodensee.com\/it\/wp-json\/wp\/v2\/product"}],"about":[{"href":"https:\/\/bootsshopbodensee.com\/it\/wp-json\/wp\/v2\/types\/product"}],"replies":[{"embeddable":true,"href":"https:\/\/bootsshopbodensee.com\/it\/wp-json\/wp\/v2\/comments?post=6755"}],"wp:featuredmedia":[{"embeddable":true,"href":"https:\/\/bootsshopbodensee.com\/it\/wp-json\/wp\/v2\/media\/6756"}],"wp:attachment":[{"href":"https:\/\/bootsshopbodensee.com\/it\/wp-json\/wp\/v2\/media?parent=6755"}],"wp:term":[{"taxonomy":"product_brand","embeddable":true,"href":"https:\/\/bootsshopbodensee.com\/it\/wp-json\/wp\/v2\/product_brand?post=6755"},{"taxonomy":"product_cat","embeddable":true,"href":"https:\/\/bootsshopbodensee.com\/it\/wp-json\/wp\/v2\/product_cat?post=6755"},{"taxonomy":"product_tag","embeddable":true,"href":"https:\/\/bootsshopbodensee.com\/it\/wp-json\/wp\/v2\/product_tag?post=6755"}],"curies":[{"name":"wp","href":"https:\/\/api.w.org\/{rel}","templated":true}]}}