{"id":6750,"date":"2024-02-04T05:07:47","date_gmt":"2024-02-04T05:07:47","guid":{"rendered":"https:\/\/bootsshopbodensee.com\/?post_type=product&#038;p=6750"},"modified":"2026-02-14T06:57:31","modified_gmt":"2026-02-14T06:57:31","slug":"motore-fuoribordo-honda-bf15d3sht-da-15-cv-del-2018","status":"publish","type":"product","link":"https:\/\/bootsshopbodensee.com\/it\/shop\/2018-honda-15-hp-bf15d3sht-outboard-motor\/","title":{"rendered":"Motore fuoribordo Honda BF15D3SHT da 15 CV del 2018"},"content":{"rendered":"<h2 data-start=\"828\" data-end=\"871\"><strong>Motore fuoribordo Honda BF15D3SHT da 15 CV del 2018<\/strong><\/h2>\n<p data-start=\"873\" data-end=\"1431\">IL <strong data-start=\"877\" data-end=\"922\">Motore fuoribordo Honda BF15D3SHT da 15 CV del 2018<\/strong> \u00c8 progettato per offrire prestazioni, praticit\u00e0 e durata eccezionali ai diportisti che richiedono efficienza e affidabilit\u00e0. Questo nuovissimo fuoribordo combina l&#039;ingegneria avanzata di Honda Marine con un design leggero e compatto, rendendolo ideale sia per piccole imbarcazioni che per l&#039;uso quotidiano. Dotato di un albero corto da 15 pollici, inclinazione elettrica e la flessibilit\u00e0 dell&#039;avviamento elettrico e manuale, il BF15D3SHT garantisce un funzionamento fluido, offrendo al contempo una ricarica ad alta potenza per i dispositivi elettronici di bordo.<\/p>\n<hr data-start=\"1433\" data-end=\"1436\" \/>\n<h2 data-start=\"1438\" data-end=\"1504\">Caratteristiche principali del motore fuoribordo Honda BF15D3SHT da 15 CV del 2018<\/h2>\n<ul data-start=\"1506\" data-end=\"2212\">\n<li data-start=\"1506\" data-end=\"1600\">\n<p data-start=\"1508\" data-end=\"1600\"><strong data-start=\"1508\" data-end=\"1536\">Motore a 4 tempi affidabile<\/strong>: Ottimizzato per l&#039;efficienza del carburante e l&#039;erogazione di potenza costante.<\/p>\n<\/li>\n<li data-start=\"1601\" data-end=\"1685\">\n<p data-start=\"1603\" data-end=\"1685\"><strong data-start=\"1603\" data-end=\"1632\">Cilindrata elevata (350 cc)<\/strong>: Fornisce una coppia superiore per un&#039;accelerazione fluida.<\/p>\n<\/li>\n<li data-start=\"1686\" data-end=\"1770\">\n<p data-start=\"1688\" data-end=\"1770\"><strong data-start=\"1688\" data-end=\"1711\">Facile avvio con una sola mano<\/strong>: Le opzioni di avviamento elettrico e manuale semplificano il funzionamento.<\/p>\n<\/li>\n<li data-start=\"1771\" data-end=\"1856\">\n<p data-start=\"1773\" data-end=\"1856\"><strong data-start=\"1773\" data-end=\"1799\">Leggero e portatile<\/strong>: Con un peso di soli 130 libbre, \u00e8 facile da trasportare e manovrare.<\/p>\n<\/li>\n<li data-start=\"1857\" data-end=\"1936\">\n<p data-start=\"1859\" data-end=\"1936\"><strong data-start=\"1859\" data-end=\"1895\">Inclinazione elettrica e guida in acque poco profonde<\/strong>: Migliora la navigazione e il comfort dell&#039;utente.<\/p>\n<\/li>\n<li data-start=\"1937\" data-end=\"2037\">\n<p data-start=\"1939\" data-end=\"2037\"><strong data-start=\"1939\" data-end=\"1965\">Funzionamento ecologico<\/strong>: Le emissioni CARB ultra-basse a 3 stelle soddisfano rigorosi standard ambientali.<\/p>\n<\/li>\n<li data-start=\"2038\" data-end=\"2122\">\n<p data-start=\"2040\" data-end=\"2122\"><strong data-start=\"2040\" data-end=\"2064\">Garanzia reale di 5 anni<\/strong>: La garanzia di fabbrica Honda garantisce tranquillit\u00e0.<\/p>\n<\/li>\n<li data-start=\"2123\" data-end=\"2212\">\n<p data-start=\"2125\" data-end=\"2212\"><strong data-start=\"2125\" data-end=\"2148\">Sistema di allarme motore<\/strong>: Diagnostica in tempo reale per il monitoraggio della sicurezza e delle prestazioni.<\/p>\n<\/li>\n<\/ul>\n<hr data-start=\"2214\" data-end=\"2217\" \/>\n<h2 data-start=\"2219\" data-end=\"2281\">Vantaggi del motore fuoribordo Honda BF15D3SHT da 15 CV del 2018<\/h2>\n<ol data-start=\"2283\" data-end=\"2737\">\n<li data-start=\"2283\" data-end=\"2360\">\n<p data-start=\"2286\" data-end=\"2360\"><strong data-start=\"2286\" data-end=\"2311\">Guida fluida e silenziosa<\/strong> \u2013 Ideale per laghi, fiumi e acque costiere.<\/p>\n<\/li>\n<li data-start=\"2361\" data-end=\"2453\">\n<p data-start=\"2364\" data-end=\"2453\"><strong data-start=\"2364\" data-end=\"2383\">Efficienza del carburante<\/strong> \u2013 Il design a 4 tempi riduce il consumo di carburante mantenendo la potenza.<\/p>\n<\/li>\n<li data-start=\"2454\" data-end=\"2551\">\n<p data-start=\"2457\" data-end=\"2551\"><strong data-start=\"2457\" data-end=\"2477\">Facilit\u00e0 di gestione<\/strong> \u2013 Il design leggero e la maniglia di trasporto integrata semplificano il trasporto.<\/p>\n<\/li>\n<li data-start=\"2552\" data-end=\"2652\">\n<p data-start=\"2555\" data-end=\"2652\"><strong data-start=\"2555\" data-end=\"2583\">Funzionalit\u00e0 di sicurezza avanzate<\/strong> \u2013 Il sistema di allarme del motore e la protezione dalla corrosione prolungano la durata del motore.<\/p>\n<\/li>\n<li data-start=\"2653\" data-end=\"2737\">\n<p data-start=\"2656\" data-end=\"2737\"><strong data-start=\"2656\" data-end=\"2671\">Versatilit\u00e0<\/strong> \u2013 Adatto per barche da pesca, piccoli pontoni e imbarcazioni tender.<\/p>\n<\/li>\n<\/ol>\n<hr data-start=\"2739\" data-end=\"2742\" \/>\n<h2 data-start=\"2744\" data-end=\"2760\">Pro e contro<\/h2>\n<p data-start=\"2762\" data-end=\"2773\"><strong data-start=\"2762\" data-end=\"2771\">Pro:<\/strong><\/p>\n<ul data-start=\"2774\" data-end=\"2961\">\n<li data-start=\"2774\" data-end=\"2823\">\n<p data-start=\"2776\" data-end=\"2823\">Design leggero e compatto per una facile maneggevolezza<\/p>\n<\/li>\n<li data-start=\"2824\" data-end=\"2868\">\n<p data-start=\"2826\" data-end=\"2868\">Doppia opzione di avviamento (manuale ed elettrico)<\/p>\n<\/li>\n<li data-start=\"2869\" data-end=\"2895\">\n<p data-start=\"2871\" data-end=\"2895\">Emissioni ecocompatibili<\/p>\n<\/li>\n<li data-start=\"2896\" data-end=\"2921\">\n<p data-start=\"2898\" data-end=\"2921\">Garanzia Honda di 5 anni<\/p>\n<\/li>\n<li data-start=\"2922\" data-end=\"2961\">\n<p data-start=\"2924\" data-end=\"2961\">Elevata potenza per l&#039;elettronica di bordo<\/p>\n<\/li>\n<\/ul>\n<p data-start=\"2963\" data-end=\"2974\"><strong data-start=\"2963\" data-end=\"2972\">Contro:<\/strong><\/p>\n<ul data-start=\"2975\" data-end=\"3092\">\n<li data-start=\"2975\" data-end=\"3029\">\n<p data-start=\"2977\" data-end=\"3029\">Un albero corto da 15 pollici potrebbe non essere adatto a imbarcazioni con scafo pi\u00f9 profondo<\/p>\n<\/li>\n<li data-start=\"3030\" data-end=\"3092\">\n<p data-start=\"3032\" data-end=\"3092\">Batteria interna non inclusa (richiede ricarica esterna)<\/p>\n<\/li>\n<\/ul>\n<hr data-start=\"3094\" data-end=\"3097\" \/>\n<h2 data-start=\"3099\" data-end=\"3155\">Consigli pratici per l&#039;utilizzo del tuo Honda 15 Hp BF15D3SHT<\/h2>\n<ul data-start=\"3157\" data-end=\"3651\">\n<li data-start=\"3157\" data-end=\"3244\">\n<p data-start=\"3159\" data-end=\"3244\"><strong data-start=\"3159\" data-end=\"3174\">Scelta del carburante<\/strong>: Per prestazioni ottimali, utilizzare benzina senza piombo con 86 ottani o superiore.<\/p>\n<\/li>\n<li data-start=\"3245\" data-end=\"3342\">\n<p data-start=\"3247\" data-end=\"3342\"><strong data-start=\"3247\" data-end=\"3262\">Manutenzione<\/strong>: Controllare regolarmente l&#039;olio (FC-W 10W-30) e la lubrificazione del motore per prolungarne la durata.<\/p>\n<\/li>\n<li data-start=\"3343\" data-end=\"3447\">\n<p data-start=\"3345\" data-end=\"3447\"><strong data-start=\"3345\" data-end=\"3358\">Trasporto<\/strong>: Utilizzare la maniglia di trasporto integrata e il sistema di montaggio a pendolo per ridurre le vibrazioni.<\/p>\n<\/li>\n<li data-start=\"3448\" data-end=\"3561\">\n<p data-start=\"3450\" data-end=\"3561\"><strong data-start=\"3450\" data-end=\"3478\">Navigazione in acque poco profonde<\/strong>: Utilizzare la funzione di guida in acque poco profonde per evitare danni all&#039;elica nelle aree piene di detriti.<\/p>\n<\/li>\n<li data-start=\"3562\" data-end=\"3651\">\n<p data-start=\"3564\" data-end=\"3651\"><strong data-start=\"3564\" data-end=\"3582\">Rimessaggio invernale<\/strong>: Svuotare il carburatore e aggiungere stabilizzatore del carburante per evitare intasamenti.<\/p>\n<\/li>\n<\/ul>\n<hr data-start=\"3653\" data-end=\"3656\" \/>\n<h2 data-start=\"3658\" data-end=\"3677\">Parere di esperti<\/h2>\n<p data-start=\"3679\" data-end=\"4247\">I diportisti lodano costantemente il <strong data-start=\"3711\" data-end=\"3724\">Modello BF15D3SHT<\/strong> per la sua combinazione di design compatto, potenza e funzionalit\u00e0 intuitive. Secondo gli specialisti Honda Marine, il suo <strong data-start=\"3842\" data-end=\"3865\">Sistema di accensione PGM<\/strong> E <strong data-start=\"3870\" data-end=\"3884\">inclinazione elettrica<\/strong> Lo rendono uno dei fuoribordo pi\u00f9 affidabili nella classe da 15 CV. Per gli appassionati di pesca o gli utenti ricreativi, offre una maneggevolezza fluida, un funzionamento silenzioso e un risparmio di carburante superiore. Gli utenti reali segnalano avviamenti senza sforzo in condizioni variabili, sterzo reattivo con EZ Steer Friction Control e prestazioni durature anche in ambienti marini.<\/p>\n<hr data-start=\"4249\" data-end=\"4252\" \/>\n<h2 data-start=\"4254\" data-end=\"4285\">Perch\u00e9 scegliere i fuoribordo Honda<\/h2>\n<p data-start=\"4287\" data-end=\"4334\">I fuoribordo Honda si sono guadagnati la reputazione di:<\/p>\n<ul data-start=\"4336\" data-end=\"4671\">\n<li data-start=\"4336\" data-end=\"4410\">\n<p data-start=\"4338\" data-end=\"4410\"><strong data-start=\"4338\" data-end=\"4368\">Affidabilit\u00e0 e durata<\/strong> \u2013 Progettato per anni di utilizzo costante.<\/p>\n<\/li>\n<li data-start=\"4411\" data-end=\"4508\">\n<p data-start=\"4413\" data-end=\"4508\"><strong data-start=\"4413\" data-end=\"4437\">Ingegneria avanzata<\/strong> \u2013 Caratteristiche come i sistemi di montaggio a pendolo riducono le vibrazioni per un maggiore comfort.<\/p>\n<\/li>\n<li data-start=\"4509\" data-end=\"4584\">\n<p data-start=\"4511\" data-end=\"4584\"><strong data-start=\"4511\" data-end=\"4539\">Prestazioni ecocompatibili<\/strong> \u2013 Conforme ai rigorosi standard sulle emissioni.<\/p>\n<\/li>\n<li data-start=\"4585\" data-end=\"4671\">\n<p data-start=\"4587\" data-end=\"4671\"><strong data-start=\"4587\" data-end=\"4612\">Supporto completo<\/strong> \u2013 Garanzia di 5 anni e ricambi facilmente reperibili in tutto il mondo. Motore fuoribordo Honda BF15D3SHT da 15 CV del 2018<\/p>\n<\/li>\n<\/ul>\n<hr data-start=\"4673\" data-end=\"4676\" \/>\n<h2 data-start=\"4678\" data-end=\"4693\">Conclusione<\/h2>\n<p data-start=\"4695\" data-end=\"5191\">IL <strong data-start=\"4699\" data-end=\"4744\">2018 <a href=\"https:\/\/www.honda.com\/\" target=\"_blank\" rel=\"noopener\">Honda<\/a> Motore fuoribordo BF15D3SHT da 15 CV<\/strong> \u00e8 un fuoribordo compatto, leggero e a basso consumo di carburante, progettato per offrire potenza affidabile e facilit\u00e0 d&#039;uso. Perfetto per piccole imbarcazioni, pontoni o tender, combina la resistenza tipica di Honda con caratteristiche come il power tilt, la guida in acque poco profonde e la ricarica ad alta potenza. Con una garanzia di fabbrica di 5 anni e la comprovata ingegneria Honda, questo fuoribordo garantisce tranquillit\u00e0 ai diportisti che cercano efficienza, prestazioni e versatilit\u00e0 in acqua. <a href=\"https:\/\/bootsshopbodensee.com\/it\/contattaci\/\">Contattaci<\/a><\/p>\n<hr data-start=\"5193\" data-end=\"5196\" \/>\n<h2 data-start=\"5198\" data-end=\"5229\"><\/h2>\n<p data-start=\"5231\" data-end=\"5359\"><strong data-start=\"5231\" data-end=\"5286\">D1: Che tipo di carburante utilizza l&#039;Honda BF15D3SHT?<\/strong><br data-start=\"5286\" data-end=\"5289\" \/>A1: Utilizza benzina senza piombo con un numero di ottano pari o superiore a 86.<\/p>\n<p data-start=\"5361\" data-end=\"5496\"><strong data-start=\"5361\" data-end=\"5422\">D2: Qual \u00e8 la lunghezza dell&#039;albero motore dell&#039;Honda BF15D3SHT del 2018?<\/strong><br data-start=\"5422\" data-end=\"5425\" \/>A2: Questo modello \u00e8 dotato di un albero corto da 15 pollici, ideale per piccole imbarcazioni.<\/p>\n<p data-start=\"5498\" data-end=\"5621\"><strong data-start=\"5498\" data-end=\"5546\">D3: Questo fuoribordo \u00e8 coperto da garanzia?<\/strong><br data-start=\"5546\" data-end=\"5549\" \/>A3: S\u00ec, Honda offre una garanzia di fabbrica di 5 anni per questo modello.<\/p>\n<p data-start=\"5623\" data-end=\"5752\"><strong data-start=\"5623\" data-end=\"5665\">D4: Posso usare questo motore in acqua salata?<\/strong><br data-start=\"5665\" data-end=\"5668\" \/>A4: S\u00ec, \u00e8 idoneo all&#039;acqua salata e dispone di un sistema di protezione dalla corrosione su 4 fronti.<\/p>\n<p data-start=\"5754\" data-end=\"5873\"><strong data-start=\"5754\" data-end=\"5801\">D5: Il modello BF15D3SHT ha l&#039;avviamento elettrico?<\/strong><br data-start=\"5801\" data-end=\"5804\" \/>A5: S\u00ec, \u00e8 dotato sia di avviamento elettrico che manuale.<\/p>\n<p data-start=\"5875\" data-end=\"6017\"><strong data-start=\"5875\" data-end=\"5937\">D6: Qual \u00e8 la potenza e la cilindrata di questo motore?<\/strong><br data-start=\"5937\" data-end=\"5940\" \/>A6: Fornisce 15 CV con una cilindrata di 350 cc (21,4 pollici cubici).<\/p>\n<p data-start=\"6019\" data-end=\"6162\"><strong data-start=\"6019\" data-end=\"6068\">D7: Il fuoribordo \u00e8 leggero e portatile?<\/strong><br data-start=\"6068\" data-end=\"6071\" \/>A7: S\u00ec, pesa 130 libbre e include una maniglia di trasporto integrata per un facile trasporto.<\/p>\n<p data-start=\"6164\" data-end=\"6309\"><strong data-start=\"6164\" data-end=\"6221\">D8: Posso caricare i dispositivi elettronici di bordo con questo motore?<\/strong><br data-start=\"6221\" data-end=\"6224\" \/>A8: S\u00ec, l&#039;alternatore ad alta potenza fornisce energia sufficiente per i dispositivi elettronici.<\/p>","protected":false},"excerpt":{"rendered":"<p data-start=\"388\" data-end=\"452\">Motore fuoribordo Honda BF15D3SHT da 15 CV del 2018: affidabile ed efficiente<\/p>\n<h2 data-start=\"454\" data-end=\"493\"><\/h2>","protected":false},"featured_media":6751,"comment_status":"open","ping_status":"closed","template":"","meta":[],"product_brand":[],"product_cat":[25],"product_tag":[],"class_list":{"0":"post-6750","1":"product","2":"type-product","3":"status-publish","4":"has-post-thumbnail","6":"product_cat-honda-outboard-motors","8":"first","9":"instock","10":"taxable","11":"shipping-taxable","12":"purchasable","13":"product-type-simple"},"jetpack-related-posts":[],"jetpack_sharing_enabled":true,"_links":{"self":[{"href":"https:\/\/bootsshopbodensee.com\/it\/wp-json\/wp\/v2\/product\/6750","targetHints":{"allow":["GET"]}}],"collection":[{"href":"https:\/\/bootsshopbodensee.com\/it\/wp-json\/wp\/v2\/product"}],"about":[{"href":"https:\/\/bootsshopbodensee.com\/it\/wp-json\/wp\/v2\/types\/product"}],"replies":[{"embeddable":true,"href":"https:\/\/bootsshopbodensee.com\/it\/wp-json\/wp\/v2\/comments?post=6750"}],"wp:featuredmedia":[{"embeddable":true,"href":"https:\/\/bootsshopbodensee.com\/it\/wp-json\/wp\/v2\/media\/6751"}],"wp:attachment":[{"href":"https:\/\/bootsshopbodensee.com\/it\/wp-json\/wp\/v2\/media?parent=6750"}],"wp:term":[{"taxonomy":"product_brand","embeddable":true,"href":"https:\/\/bootsshopbodensee.com\/it\/wp-json\/wp\/v2\/product_brand?post=6750"},{"taxonomy":"product_cat","embeddable":true,"href":"https:\/\/bootsshopbodensee.com\/it\/wp-json\/wp\/v2\/product_cat?post=6750"},{"taxonomy":"product_tag","embeddable":true,"href":"https:\/\/bootsshopbodensee.com\/it\/wp-json\/wp\/v2\/product_tag?post=6750"}],"curies":[{"name":"wp","href":"https:\/\/api.w.org\/{rel}","templated":true}]}}