{"id":6638,"date":"2024-02-03T15:38:11","date_gmt":"2024-02-03T15:38:11","guid":{"rendered":"https:\/\/bootsshopbodensee.com\/?post_type=product&#038;p=6638"},"modified":"2026-02-13T11:13:14","modified_gmt":"2026-02-13T11:13:14","slug":"motore-fuoribordo-evinrude-25-cv-e25dpsl-e-tec-del-2017","status":"publish","type":"product","link":"https:\/\/bootsshopbodensee.com\/it\/shop\/2017-evinrude-25-hp-e25dpsl-e-tec-outboard-motor\/","title":{"rendered":"Motore fuoribordo Evinrude 25 HP E25DPSL E-Tec del 2017"},"content":{"rendered":"<h2 data-start=\"605\" data-end=\"620\"><strong>Motore fuoribordo Evinrude 25 HP E25DPSL E-Tec del 2017<\/strong><\/h2>\n<p data-start=\"622\" data-end=\"1090\">IL <strong data-start=\"626\" data-end=\"678\">Motore fuoribordo Evinrude 25 HP E25DPSL E-Tec del 2017<\/strong> \u00e8 un motore compatto ma potente, progettato per gli appassionati di nautica, i marinai professionisti e i proprietari di piccole imbarcazioni. Nuovo di zecca e dotato della rinomata tecnologia E-Tec di Evinrude, questo motore da 25 CV garantisce prestazioni fluide, efficienti e affidabili in ogni avventura acquatica. Dal serbatoio del carburante integrato all&#039;elica flow-through che riduce il rumore, questo motore fuoribordo offre un&#039;esperienza di navigazione di prima classe.<\/p>\n<p data-start=\"1092\" data-end=\"1298\">Che tu stia aggiornando il tuo motore attuale o iniziando con una nuova barca, il <strong data-start=\"1171\" data-end=\"1223\">Motore fuoribordo Evinrude 25 HP E25DPSL E-Tec del 2017<\/strong> \u00e8 progettato per soddisfare i pi\u00f9 elevati standard di prestazioni e durata.<\/p>\n<hr data-start=\"1300\" data-end=\"1303\" \/>\n<h2 data-start=\"1305\" data-end=\"1333\">Caratteristiche e specifiche<\/h2>\n<p data-start=\"1335\" data-end=\"1352\"><strong data-start=\"1335\" data-end=\"1352\">Caratteristiche principali:<\/strong><\/p>\n<ul data-start=\"1354\" data-end=\"1672\">\n<li data-start=\"1354\" data-end=\"1422\">\n<p data-start=\"1356\" data-end=\"1422\"><strong data-start=\"1356\" data-end=\"1379\">Navigazione senza sforzo:<\/strong> Sistema di avviamento rapido al minimo per un facile avviamento<\/p>\n<\/li>\n<li data-start=\"1423\" data-end=\"1522\">\n<p data-start=\"1425\" data-end=\"1522\"><strong data-start=\"1425\" data-end=\"1449\">Controllo semplificato:<\/strong> Leve del cambio anteriori opzionali, guida in acque poco profonde e inclinazione elettrica<\/p>\n<\/li>\n<li data-start=\"1523\" data-end=\"1596\">\n<p data-start=\"1525\" data-end=\"1596\"><strong data-start=\"1525\" data-end=\"1550\">Serbatoio carburante integrato:<\/strong> Integrato per la comodit\u00e0 e i viaggi pi\u00f9 lunghi<\/p>\n<\/li>\n<li data-start=\"1597\" data-end=\"1672\">\n<p data-start=\"1599\" data-end=\"1672\"><strong data-start=\"1599\" data-end=\"1619\">Riduzione del rumore:<\/strong> L&#039;elica passante riduce al minimo il rumore operativo<\/p>\n<\/li>\n<\/ul>\n<p data-start=\"1674\" data-end=\"1703\"><strong data-start=\"1674\" data-end=\"1703\">Specifiche tecniche:<\/strong><\/p>\n<div class=\"TyagGW_tableContainer\">\n<div class=\"group TyagGW_tableWrapper flex flex-col-reverse w-fit\" tabindex=\"-1\">\n<table class=\"w-fit min-w-(--thread-content-width)\" data-start=\"1705\" data-end=\"2356\">\n<thead data-start=\"1705\" data-end=\"1731\">\n<tr data-start=\"1705\" data-end=\"1731\">\n<th class=\"\" data-start=\"1705\" data-end=\"1721\" data-col-size=\"sm\">Specifica<\/th>\n<th class=\"\" data-start=\"1721\" data-end=\"1731\" data-col-size=\"xl\">Dettaglio<\/th>\n<\/tr>\n<\/thead>\n<tbody data-start=\"1759\" data-end=\"2356\">\n<tr data-start=\"1759\" data-end=\"1784\">\n<td data-start=\"1759\" data-end=\"1767\" data-col-size=\"sm\">Modello<\/td>\n<td data-start=\"1767\" data-end=\"1784\" data-col-size=\"xl\">E25DPSL E-Tec<\/td>\n<\/tr>\n<tr data-start=\"1785\" data-end=\"1800\">\n<td data-start=\"1785\" data-end=\"1792\" data-col-size=\"sm\">Anno<\/td>\n<td data-start=\"1792\" data-end=\"1800\" data-col-size=\"xl\">2017<\/td>\n<\/tr>\n<tr data-start=\"1801\" data-end=\"1827\">\n<td data-start=\"1801\" data-end=\"1815\" data-col-size=\"sm\">Tipo di motore<\/td>\n<td data-col-size=\"xl\" data-start=\"1815\" data-end=\"1827\">2 tempi<\/td>\n<\/tr>\n<tr data-start=\"1828\" data-end=\"1852\">\n<td data-start=\"1828\" data-end=\"1843\" data-col-size=\"sm\">Albero di trasmissione HP<\/td>\n<td data-col-size=\"xl\" data-start=\"1843\" data-end=\"1852\">25 CV<\/td>\n<\/tr>\n<tr data-start=\"1853\" data-end=\"1870\">\n<td data-start=\"1853\" data-end=\"1865\" data-col-size=\"sm\">Cilindri<\/td>\n<td data-start=\"1865\" data-end=\"1870\" data-col-size=\"xl\">2<\/td>\n<\/tr>\n<tr data-start=\"1871\" data-end=\"1906\">\n<td data-start=\"1871\" data-end=\"1886\" data-col-size=\"sm\">Lunghezza dell&#039;albero<\/td>\n<td data-start=\"1886\" data-end=\"1906\" data-col-size=\"xl\">20\u2033 (albero lungo)<\/td>\n<\/tr>\n<tr data-start=\"1907\" data-end=\"1928\">\n<td data-start=\"1907\" data-end=\"1918\" data-col-size=\"sm\">Sterzo<\/td>\n<td data-start=\"1918\" data-end=\"1928\" data-col-size=\"xl\">Remoto<\/td>\n<\/tr>\n<tr data-start=\"1929\" data-end=\"1965\">\n<td data-start=\"1929\" data-end=\"1940\" data-col-size=\"sm\">Di partenza<\/td>\n<td data-start=\"1940\" data-end=\"1965\" data-col-size=\"xl\">Avviamento a corda \/ elettrico<\/td>\n<\/tr>\n<tr data-start=\"1966\" data-end=\"1986\">\n<td data-start=\"1966\" data-end=\"1975\" data-col-size=\"sm\">Peso<\/td>\n<td data-start=\"1975\" data-end=\"1986\" data-col-size=\"xl\">181 libbre<\/td>\n<\/tr>\n<tr data-start=\"1987\" data-end=\"2012\">\n<td data-start=\"1987\" data-end=\"1999\" data-col-size=\"sm\">Gamma di giri al minuto<\/td>\n<td data-start=\"1999\" data-end=\"2012\" data-col-size=\"xl\">5500\u20136000<\/td>\n<\/tr>\n<tr data-start=\"2013\" data-end=\"2053\">\n<td data-start=\"2013\" data-end=\"2028\" data-col-size=\"sm\">Spostamento<\/td>\n<td data-start=\"2028\" data-end=\"2053\" data-col-size=\"xl\">35,2 pollici cubi (577 cc)<\/td>\n<\/tr>\n<tr data-start=\"2054\" data-end=\"2077\">\n<td data-start=\"2054\" data-end=\"2067\" data-col-size=\"sm\">Rapporto di trasmissione<\/td>\n<td data-start=\"2067\" data-end=\"2077\" data-col-size=\"xl\">2.15:1<\/td>\n<\/tr>\n<tr data-start=\"2078\" data-end=\"2119\">\n<td data-start=\"2078\" data-end=\"2099\" data-col-size=\"sm\">Elica standard<\/td>\n<td data-start=\"2099\" data-end=\"2119\" data-col-size=\"xl\">3 lame in alluminio<\/td>\n<\/tr>\n<tr data-start=\"2120\" data-end=\"2137\">\n<td data-start=\"2120\" data-end=\"2128\" data-col-size=\"sm\">Colore<\/td>\n<td data-start=\"2128\" data-end=\"2137\" data-col-size=\"xl\">Bianco<\/td>\n<\/tr>\n<tr data-start=\"2138\" data-end=\"2168\">\n<td data-start=\"2138\" data-end=\"2157\" data-col-size=\"sm\">Garanzia di fabbrica<\/td>\n<td data-start=\"2157\" data-end=\"2168\" data-col-size=\"xl\">3 anni<\/td>\n<\/tr>\n<tr data-start=\"2169\" data-end=\"2356\">\n<td data-start=\"2169\" data-end=\"2191\" data-col-size=\"sm\">Caratteristiche aggiuntive<\/td>\n<td data-start=\"2191\" data-end=\"2356\" data-col-size=\"xl\">Cambio avanti\/folle\/retromarcia, raffreddamento ad acqua, assetto e inclinazione elettrici, serbatoio dell&#039;olio interno, alternatore da 56 ampere (15 ampere alla batteria), serbatoio e tubo del carburante inclusi<\/td>\n<\/tr>\n<\/tbody>\n<\/table>\n<\/div>\n<\/div>\n<hr data-start=\"2358\" data-end=\"2361\" \/>\n<h2 data-start=\"2363\" data-end=\"2407\">Vantaggi dell&#039;Evinrude 25 HP E-Tec del 2017<\/h2>\n<ul data-start=\"2409\" data-end=\"2869\">\n<li data-start=\"2409\" data-end=\"2523\">\n<p data-start=\"2411\" data-end=\"2523\"><strong data-start=\"2411\" data-end=\"2436\">Prestazioni affidabili:<\/strong> La tecnologia Evinrude E-Tec garantisce un&#039;accelerazione fluida e un consumo di carburante efficiente<\/p>\n<\/li>\n<li data-start=\"2524\" data-end=\"2604\">\n<p data-start=\"2526\" data-end=\"2604\"><strong data-start=\"2526\" data-end=\"2552\">Compatto e leggero:<\/strong> Perfetto per piccole imbarcazioni senza rinunciare alla potenza<\/p>\n<\/li>\n<li data-start=\"2605\" data-end=\"2680\">\n<p data-start=\"2607\" data-end=\"2680\"><strong data-start=\"2607\" data-end=\"2622\">Durata:<\/strong> Motore raffreddato ad acqua con componenti resistenti alla corrosione<\/p>\n<\/li>\n<li data-start=\"2681\" data-end=\"2801\">\n<p data-start=\"2683\" data-end=\"2801\"><strong data-start=\"2683\" data-end=\"2711\">Funzionamento intuitivo:<\/strong> Le opzioni di avviamento tramite corda o elettrico lo rendono facile sia per i principianti che per i diportisti esperti<\/p>\n<\/li>\n<li data-start=\"2802\" data-end=\"2869\">\n<p data-start=\"2804\" data-end=\"2869\"><strong data-start=\"2804\" data-end=\"2825\">Garanzia Premium:<\/strong> Copertura di fabbrica di 3 anni per la massima tranquillit\u00e0<\/p>\n<\/li>\n<\/ul>\n<hr data-start=\"2871\" data-end=\"2874\" \/>\n<h2 data-start=\"2876\" data-end=\"2910\">Suggerimenti per l&#039;installazione e la manutenzione<\/h2>\n<ol data-start=\"2912\" data-end=\"3479\">\n<li data-start=\"2912\" data-end=\"3054\">\n<p data-start=\"2915\" data-end=\"3054\"><strong data-start=\"2915\" data-end=\"2939\">Installazione corretta:<\/strong> Assicurarsi che il motore sia montato saldamente sullo specchio di poppa e che tutti i collegamenti dello sterzo e del carburante siano correttamente allineati.<\/p>\n<\/li>\n<li data-start=\"3055\" data-end=\"3155\">\n<p data-start=\"3058\" data-end=\"3155\"><strong data-start=\"3058\" data-end=\"3079\">Controllo carburante e olio:<\/strong> Per un funzionamento regolare, utilizzare il carburante consigliato e il serbatoio dell&#039;olio interno.<\/p>\n<\/li>\n<li data-start=\"3156\" data-end=\"3272\">\n<p data-start=\"3159\" data-end=\"3272\"><strong data-start=\"3159\" data-end=\"3183\">Manutenzione ordinaria:<\/strong> Ispezionare l&#039;elica, pulire le prese d&#039;acqua ed effettuare la manutenzione secondo il programma di fabbrica.<\/p>\n<\/li>\n<li data-start=\"3273\" data-end=\"3376\">\n<p data-start=\"3276\" data-end=\"3376\"><strong data-start=\"3276\" data-end=\"3294\">Preparazione per l&#039;inverno:<\/strong> Prepara il motore per il rimessaggio fuori stagione con un drenaggio e una protezione adeguati.<\/p>\n<\/li>\n<li data-start=\"3377\" data-end=\"3479\">\n<p data-start=\"3380\" data-end=\"3479\"><strong data-start=\"3380\" data-end=\"3395\">E-Tec Care:<\/strong> Per massimizzare la durata dei motori E-Tec a 2 tempi, seguire le linee guida Evinrude per la manutenzione.<\/p>\n<\/li>\n<\/ol>\n<hr data-start=\"3481\" data-end=\"3484\" \/>\n<h2 data-start=\"3486\" data-end=\"3522\">Scegliere il motore fuoribordo giusto<\/h2>\n<p data-start=\"3524\" data-end=\"3584\">Quando si sceglie un motore fuoribordo per la propria imbarcazione, bisogna considerare:<\/p>\n<ul data-start=\"3586\" data-end=\"3946\">\n<li data-start=\"3586\" data-end=\"3654\">\n<p data-start=\"3588\" data-end=\"3654\"><strong data-start=\"3588\" data-end=\"3611\">Dimensioni e peso della barca:<\/strong> 25 CV \u00e8 l&#039;ideale per imbarcazioni di piccole e medie dimensioni<\/p>\n<\/li>\n<li data-start=\"3655\" data-end=\"3719\">\n<p data-start=\"3657\" data-end=\"3719\"><strong data-start=\"3657\" data-end=\"3674\">Lunghezza dell&#039;albero:<\/strong> L&#039;albero lungo 20\u2033 si adatta agli specchi di poppa standard<\/p>\n<\/li>\n<li data-start=\"3720\" data-end=\"3793\">\n<p data-start=\"3722\" data-end=\"3793\"><strong data-start=\"3722\" data-end=\"3739\">Uso previsto:<\/strong> Applicazioni ricreative, di pesca o professionali<\/p>\n<\/li>\n<li data-start=\"3794\" data-end=\"3871\">\n<p data-start=\"3796\" data-end=\"3871\"><strong data-start=\"3796\" data-end=\"3816\">Efficienza del carburante:<\/strong> I motori E-Tec sono ottimizzati per un basso consumo di carburante<\/p>\n<\/li>\n<li data-start=\"3872\" data-end=\"3946\">\n<p data-start=\"3874\" data-end=\"3946\"><strong data-start=\"3874\" data-end=\"3897\">Garanzia e supporto:<\/strong> La garanzia di fabbrica garantisce affidabilit\u00e0 a lungo termine<\/p>\n<\/li>\n<\/ul>\n<hr data-start=\"3948\" data-end=\"3951\" \/>\n<h2 data-start=\"3953\" data-end=\"3974\">Esempio reale<\/h2>\n<p data-start=\"3976\" data-end=\"4392\">Una piccola azienda di pesca in Baviera ha potenziato la propria flotta con <strong data-start=\"4042\" data-end=\"4094\">2017 <a href=\"https:\/\/www.evinrude.com\/us\/en\/\" target=\"_blank\" rel=\"noopener\">Evinrude<\/a> Motore fuoribordo E-Tec E25DPSL da 25 CV<\/strong>. I motori sono stati installati su imbarcazioni da 18 piedi e hanno immediatamente migliorato la velocit\u00e0, l&#039;efficienza nei consumi e la manovrabilit\u00e0 in acque poco profonde. I serbatoi di carburante inclusi e il sistema di avviamento facilitato hanno semplificato le operazioni quotidiane, dimostrando che i motori E-Tec sono affidabili e pratici sia per uso commerciale che ricreativo.<\/p>\n<hr data-start=\"4394\" data-end=\"4397\" \/>\n<h2 data-start=\"4399\" data-end=\"4413\">Pro e contro<\/h2>\n<p data-start=\"4415\" data-end=\"4424\"><strong data-start=\"4415\" data-end=\"4424\">Pro:<\/strong><\/p>\n<ul data-start=\"4426\" data-end=\"4600\">\n<li data-start=\"4426\" data-end=\"4460\">\n<p data-start=\"4428\" data-end=\"4460\">Design compatto e leggero<\/p>\n<\/li>\n<li data-start=\"4461\" data-end=\"4499\">\n<p data-start=\"4463\" data-end=\"4499\">Avviamento facile con starter a minimo rapido<\/p>\n<\/li>\n<li data-start=\"4500\" data-end=\"4537\">\n<p data-start=\"4502\" data-end=\"4537\">Tecnologia E-Tec a 2 tempi durevole<\/p>\n<\/li>\n<li data-start=\"4538\" data-end=\"4565\">\n<p data-start=\"4540\" data-end=\"4565\">Garanzia di fabbrica di 3 anni<\/p>\n<\/li>\n<li data-start=\"4566\" data-end=\"4600\">\n<p data-start=\"4568\" data-end=\"4600\">Funzionamento silenzioso e regolare<\/p>\n<\/li>\n<\/ul>\n<p data-start=\"4602\" data-end=\"4611\"><strong data-start=\"4602\" data-end=\"4611\">Contro:<\/strong><\/p>\n<ul data-start=\"4613\" data-end=\"4706\">\n<li data-start=\"4613\" data-end=\"4649\">\n<p data-start=\"4615\" data-end=\"4649\">Limitato a 25 CV per piccole imbarcazioni<\/p>\n<\/li>\n<li data-start=\"4650\" data-end=\"4706\">\n<p data-start=\"4652\" data-end=\"4706\">Richiede manutenzione ordinaria come tutti i motori marini<\/p>\n<\/li>\n<\/ul>\n<hr data-start=\"4708\" data-end=\"4711\" \/>\n<h2 data-start=\"4713\" data-end=\"4726\">Conclusione<\/h2>\n<p data-start=\"4728\" data-end=\"5035\">IL <strong data-start=\"4732\" data-end=\"4784\">Motore fuoribordo Evinrude 25 HP E25DPSL E-Tec del 2017<\/strong> \u00e8 la scelta perfetta per chiunque cerchi un <strong data-start=\"4828\" data-end=\"4880\">motore marino nuovo di zecca, affidabile ed efficiente<\/strong>. Grazie alle sue funzionalit\u00e0 avanzate, alla facilit\u00e0 d&#039;uso e alla garanzia di 3 anni, \u00e8 progettato per ottimizzare la tua esperienza di navigazione riducendo al minimo i problemi di manutenzione.<\/p>\n<p data-start=\"5037\" data-end=\"5130\"><strong data-start=\"5037\" data-end=\"5128\"><a href=\"https:\/\/bootsshopbodensee.com\/it\/contattaci\/\">Ordina oggi da Boots Shop Bodensee<\/a> e goditi la consegna veloce in tutta la Germania e in tutta Europa!<\/strong><\/p>\n<hr data-start=\"5132\" data-end=\"5135\" \/>\n<h2 data-start=\"5137\" data-end=\"5158\">FAQ (pronto per lo schema)<\/h2>\n<p data-start=\"5160\" data-end=\"5317\"><strong data-start=\"5160\" data-end=\"5215\">D1: I motori Evinrude 25 HP E-Tec del 2017 sono affidabili?<\/strong><br data-start=\"5215\" data-end=\"5218\" \/>R: S\u00ec, la tecnologia E-Tec di Evinrude \u00e8 nota per le sue prestazioni fluide, efficienti e durature.<\/p>\n<p data-start=\"5319\" data-end=\"5463\"><strong data-start=\"5319\" data-end=\"5376\">D2: Qual \u00e8 il risparmio di carburante dell&#039;E25DPSL E-Tec?<\/strong><br data-start=\"5376\" data-end=\"5379\" \/>A: Questo motore \u00e8 progettato per ottimizzare il consumo di carburante per imbarcazioni di piccole e medie dimensioni.<\/p>\n<p data-start=\"5465\" data-end=\"5598\"><strong data-start=\"5465\" data-end=\"5529\">D3: Quanto \u00e8 lungo l&#039;albero e per quali imbarcazioni \u00e8 adatto?<\/strong><br data-start=\"5529\" data-end=\"5532\" \/>A: L&#039;albero lungo 20&quot; \u00e8 ideale per piccole imbarcazioni con specchio di poppa standard.<\/p>\n<p data-start=\"5600\" data-end=\"5695\"><strong data-start=\"5600\" data-end=\"5644\">D4: Questo motore \u00e8 coperto da garanzia?<\/strong><br data-start=\"5644\" data-end=\"5647\" \/>R: S\u00ec, \u00e8 inclusa una garanzia di fabbrica di 3 anni.<\/p>\n<p data-start=\"5697\" data-end=\"5828\"><strong data-start=\"5697\" data-end=\"5740\">D5: Posso installarlo su qualsiasi piccola imbarcazione?<\/strong><br data-start=\"5740\" data-end=\"5743\" \/>A: \u00c8 compatibile con la maggior parte delle piccole imbarcazioni; assicurarsi che il montaggio e la lunghezza dell&#039;albero siano corretti.<\/p>\n<p data-start=\"5830\" data-end=\"5996\"><strong data-start=\"5830\" data-end=\"5896\">D6: Quale manutenzione \u00e8 necessaria per ottenere prestazioni durature?<\/strong><br data-start=\"5896\" data-end=\"5899\" \/>A: Ispezioni regolari, cura dell&#039;elica, pulizia della presa d&#039;acqua e manutenzione consigliata da E-Tec.<\/p>\n<p data-start=\"5998\" data-end=\"6212\"><strong data-start=\"5998\" data-end=\"6078\">D7: Quali sono le differenze tra i motori Evinrude a 2 e 4 tempi?<\/strong><br data-start=\"6078\" data-end=\"6081\" \/>R: I motori E-Tec a 2 tempi sono leggeri, efficienti nei consumi e richiedono meno manutenzione rispetto ai tradizionali motori a 4 tempi.<\/p>\n<p data-start=\"6214\" data-end=\"6389\"><strong data-start=\"6214\" data-end=\"6281\">D8: Quanto velocemente posso ricevere questo motore in Germania o in Europa?<\/strong><br data-start=\"6281\" data-end=\"6284\" \/>A: Boots Shop Bodensee offre spedizioni rapide in tutta la Germania e in Europa; i tempi di consegna variano a seconda della localit\u00e0.<\/p>","protected":false},"excerpt":{"rendered":"<p>Motore fuoribordo Evinrude 25 HP E25DPSL E-Tec del 2017<br \/>\nAnno: 2017<br \/>\nTipo di motore: 2 tempi<br \/>\nPotenza dell&#039;albero di trasmissione: 25 CV<\/p>","protected":false},"featured_media":6639,"comment_status":"open","ping_status":"closed","template":"","meta":[],"product_brand":[],"product_cat":[24],"product_tag":[],"class_list":{"0":"post-6638","1":"product","2":"type-product","3":"status-publish","4":"has-post-thumbnail","6":"product_cat-evinrude-outboard-motors","8":"first","9":"instock","10":"taxable","11":"shipping-taxable","12":"purchasable","13":"product-type-simple"},"jetpack-related-posts":[],"jetpack_sharing_enabled":true,"_links":{"self":[{"href":"https:\/\/bootsshopbodensee.com\/it\/wp-json\/wp\/v2\/product\/6638","targetHints":{"allow":["GET"]}}],"collection":[{"href":"https:\/\/bootsshopbodensee.com\/it\/wp-json\/wp\/v2\/product"}],"about":[{"href":"https:\/\/bootsshopbodensee.com\/it\/wp-json\/wp\/v2\/types\/product"}],"replies":[{"embeddable":true,"href":"https:\/\/bootsshopbodensee.com\/it\/wp-json\/wp\/v2\/comments?post=6638"}],"wp:featuredmedia":[{"embeddable":true,"href":"https:\/\/bootsshopbodensee.com\/it\/wp-json\/wp\/v2\/media\/6639"}],"wp:attachment":[{"href":"https:\/\/bootsshopbodensee.com\/it\/wp-json\/wp\/v2\/media?parent=6638"}],"wp:term":[{"taxonomy":"product_brand","embeddable":true,"href":"https:\/\/bootsshopbodensee.com\/it\/wp-json\/wp\/v2\/product_brand?post=6638"},{"taxonomy":"product_cat","embeddable":true,"href":"https:\/\/bootsshopbodensee.com\/it\/wp-json\/wp\/v2\/product_cat?post=6638"},{"taxonomy":"product_tag","embeddable":true,"href":"https:\/\/bootsshopbodensee.com\/it\/wp-json\/wp\/v2\/product_tag?post=6638"}],"curies":[{"name":"wp","href":"https:\/\/api.w.org\/{rel}","templated":true}]}}