{"id":6634,"date":"2024-02-03T15:34:45","date_gmt":"2024-02-03T15:34:45","guid":{"rendered":"https:\/\/bootsshopbodensee.com\/?post_type=product&#038;p=6634"},"modified":"2026-02-13T11:20:10","modified_gmt":"2026-02-13T11:20:10","slug":"motore-fuoribordo-evinrude-15-cv-e15teg4-del-2017","status":"publish","type":"product","link":"https:\/\/bootsshopbodensee.com\/it\/shop\/2017-evinrude-15-hp-e15teg4-outboard-motor\/","title":{"rendered":"Motore fuoribordo Evinrude 15 HP E15TEG4 del 2017"},"content":{"rendered":"<h2 data-start=\"896\" data-end=\"915\"><strong>Motore fuoribordo Evinrude 15 HP E15TEG4 del 2017<\/strong><\/h2>\n<p data-start=\"917\" data-end=\"1379\">IL <strong data-start=\"921\" data-end=\"967\">Motore fuoribordo Evinrude 15 HP E15TEG4 del 2017<\/strong> \u00e8 un motore compatto, leggero e ricco di funzionalit\u00e0, progettato per piccole imbarcazioni, pescherecci e imbarcazioni da diporto. Grazie al suo efficiente motore a 2 cilindri, al serbatoio del carburante integrato e all&#039;elica passante, questo motore garantisce un&#039;esperienza di navigazione silenziosa, fluida e affidabile. Perfetto sia per i principianti che per i diportisti esperti, l&#039;E15TEG4 combina praticit\u00e0, prestazioni e durata in un unico prodotto.<\/p>\n<p data-start=\"1381\" data-end=\"1694\">Che tu stia navigando su laghi, fiumi o acque costiere, questo <strong data-start=\"1447\" data-end=\"1484\">motore fuoribordo Evinrude nuovo di zecca<\/strong> \u00c8 progettato per garantire una navigazione senza sforzo e con una manutenzione minima. Grazie a caratteristiche opzionali come l&#039;inclinazione elettrica, la guida in acque poco profonde e le leve del cambio montate frontalmente, offre il massimo controllo e flessibilit\u00e0.<\/p>\n<hr data-start=\"1696\" data-end=\"1699\" \/>\n<h2 data-start=\"1701\" data-end=\"1770\"><strong data-start=\"1704\" data-end=\"1770\">Caratteristiche principali del motore fuoribordo Evinrude 15 HP E15TEG4 del 2017<\/strong><\/h2>\n<ul data-start=\"1772\" data-end=\"2593\">\n<li data-start=\"1772\" data-end=\"1868\">\n<p data-start=\"1774\" data-end=\"1868\"><strong data-start=\"1774\" data-end=\"1797\">Navigazione senza sforzo:<\/strong> Dotato di sistema di avviamento rapido al minimo per un avviamento facile in ogni occasione.<\/p>\n<\/li>\n<li data-start=\"1869\" data-end=\"1982\">\n<p data-start=\"1871\" data-end=\"1982\"><strong data-start=\"1871\" data-end=\"1898\">Opzioni di controllo semplici:<\/strong> La leva del cambio montata anteriormente, la guida in acque poco profonde e l&#039;inclinazione elettrica aumentano la praticit\u00e0.<\/p>\n<\/li>\n<li data-start=\"1983\" data-end=\"2072\">\n<p data-start=\"1985\" data-end=\"2072\"><strong data-start=\"1985\" data-end=\"2005\">Funzionamento silenzioso:<\/strong> Il design dell&#039;elica a flusso passante riduce il rumore per una navigazione pi\u00f9 fluida.<\/p>\n<\/li>\n<li data-start=\"2073\" data-end=\"2157\">\n<p data-start=\"2075\" data-end=\"2157\"><strong data-start=\"2075\" data-end=\"2100\">Serbatoio carburante integrato:<\/strong> Serbatoio del carburante esterno da 3,1 galloni con tubo del carburante incluso.<\/p>\n<\/li>\n<li data-start=\"2158\" data-end=\"2249\">\n<p data-start=\"2160\" data-end=\"2249\"><strong data-start=\"2160\" data-end=\"2187\">Portatile e leggero:<\/strong> Con un peso di soli 55 kg (120 libbre), \u00e8 facile da trasportare e montare.<\/p>\n<\/li>\n<li data-start=\"2250\" data-end=\"2363\">\n<p data-start=\"2252\" data-end=\"2363\"><strong data-start=\"2252\" data-end=\"2275\">Durevole e affidabile:<\/strong> Carburatore singolo, raffreddato ad acqua e conforme alle normative sulle emissioni EPA 2013 \/ CARB 3 STAR \/ UE.<\/p>\n<\/li>\n<li data-start=\"2364\" data-end=\"2451\">\n<p data-start=\"2366\" data-end=\"2451\"><strong data-start=\"2366\" data-end=\"2400\">Avanti, folle e retromarcia:<\/strong> Facile da manovrare grazie alla leva del cambio montata anteriormente.<\/p>\n<\/li>\n<li data-start=\"2452\" data-end=\"2521\">\n<p data-start=\"2454\" data-end=\"2521\"><strong data-start=\"2454\" data-end=\"2482\">Alternatore 12V opzionale:<\/strong> 145W \/ 12A sui modelli con avviamento elettrico.<\/p>\n<\/li>\n<li data-start=\"2522\" data-end=\"2593\">\n<p data-start=\"2524\" data-end=\"2593\"><strong data-start=\"2524\" data-end=\"2537\">Garanzia:<\/strong> La copertura triennale senza decadimento garantisce tranquillit\u00e0.<\/p>\n<\/li>\n<\/ul>\n<hr data-start=\"2595\" data-end=\"2598\" \/>\n<h2 data-start=\"2600\" data-end=\"2621\"><strong data-start=\"2603\" data-end=\"2621\">Specifiche<\/strong><\/h2>\n<div class=\"TyagGW_tableContainer\">\n<div class=\"group TyagGW_tableWrapper flex flex-col-reverse w-fit\" tabindex=\"-1\">\n<table class=\"w-fit min-w-(--thread-content-width)\" data-start=\"2623\" data-end=\"3415\">\n<thead data-start=\"2623\" data-end=\"2650\">\n<tr data-start=\"2623\" data-end=\"2650\">\n<th class=\"\" data-start=\"2623\" data-end=\"2633\" data-col-size=\"sm\">Caratteristica<\/th>\n<th class=\"\" data-start=\"2633\" data-end=\"2650\" data-col-size=\"md\">Specifica<\/th>\n<\/tr>\n<\/thead>\n<tbody data-start=\"2679\" data-end=\"3415\">\n<tr data-start=\"2679\" data-end=\"2698\">\n<td data-start=\"2679\" data-end=\"2687\" data-col-size=\"sm\">Modello<\/td>\n<td data-start=\"2687\" data-end=\"2698\" data-col-size=\"md\">E15TEG4<\/td>\n<\/tr>\n<tr data-start=\"2699\" data-end=\"2714\">\n<td data-start=\"2699\" data-end=\"2706\" data-col-size=\"sm\">Anno<\/td>\n<td data-start=\"2706\" data-end=\"2714\" data-col-size=\"md\">2017<\/td>\n<\/tr>\n<tr data-start=\"2715\" data-end=\"2758\">\n<td data-start=\"2715\" data-end=\"2738\" data-col-size=\"sm\">Modello del motore (colore)<\/td>\n<td data-start=\"2738\" data-end=\"2758\" data-col-size=\"md\">E15TEG4 Grafite<\/td>\n<\/tr>\n<tr data-start=\"2759\" data-end=\"2787\">\n<td data-start=\"2759\" data-end=\"2773\" data-col-size=\"sm\">Tipo di motore<\/td>\n<td data-start=\"2773\" data-end=\"2787\" data-col-size=\"md\">2 cilindri<\/td>\n<\/tr>\n<tr data-start=\"2788\" data-end=\"2834\">\n<td data-start=\"2788\" data-end=\"2804\" data-col-size=\"sm\">Alesaggio x corsa<\/td>\n<td data-start=\"2804\" data-end=\"2834\" data-col-size=\"md\">2,4 x 2,36 pollici (61 x 60 mm)<\/td>\n<\/tr>\n<tr data-start=\"2835\" data-end=\"2873\">\n<td data-start=\"2835\" data-end=\"2850\" data-col-size=\"sm\">Spostamento<\/td>\n<td data-start=\"2850\" data-end=\"2873\" data-col-size=\"md\">21,4 pollici cubi (351 cc)<\/td>\n<\/tr>\n<tr data-start=\"2874\" data-end=\"2897\">\n<td data-start=\"2874\" data-end=\"2887\" data-col-size=\"sm\">Rapporto di trasmissione<\/td>\n<td data-start=\"2887\" data-end=\"2897\" data-col-size=\"md\">2.15:1<\/td>\n<\/tr>\n<tr data-start=\"2898\" data-end=\"2941\">\n<td data-start=\"2898\" data-end=\"2924\" data-col-size=\"sm\">Gamma di giri al minuto a pieno regime<\/td>\n<td data-start=\"2924\" data-end=\"2941\" data-col-size=\"md\">5000-6000 giri\/min<\/td>\n<\/tr>\n<tr data-start=\"2942\" data-end=\"2970\">\n<td data-start=\"2942\" data-end=\"2951\" data-col-size=\"sm\">Peso<\/td>\n<td data-start=\"2951\" data-end=\"2970\" data-col-size=\"md\">120 libbre (55 kg)<\/td>\n<\/tr>\n<tr data-start=\"2971\" data-end=\"2994\">\n<td data-start=\"2971\" data-end=\"2982\" data-col-size=\"sm\">Di partenza<\/td>\n<td data-start=\"2982\" data-end=\"2994\" data-col-size=\"md\">Elettrico<\/td>\n<\/tr>\n<tr data-start=\"2995\" data-end=\"3020\">\n<td data-start=\"2995\" data-end=\"3006\" data-col-size=\"sm\">Controlli<\/td>\n<td data-start=\"3006\" data-end=\"3020\" data-col-size=\"md\">Meccanico<\/td>\n<\/tr>\n<tr data-start=\"3021\" data-end=\"3052\">\n<td data-start=\"3021\" data-end=\"3038\" data-col-size=\"sm\">Induzione del carburante<\/td>\n<td data-start=\"3038\" data-end=\"3052\" data-col-size=\"md\">Carburatore<\/td>\n<\/tr>\n<tr data-start=\"3053\" data-end=\"3127\">\n<td data-start=\"3053\" data-end=\"3073\" data-col-size=\"sm\">Uscita dell&#039;alternatore<\/td>\n<td data-start=\"3073\" data-end=\"3127\" data-col-size=\"md\">12V, 145W, 12A (opzionale sui modelli con avviamento elettrico)<\/td>\n<\/tr>\n<tr data-start=\"3128\" data-end=\"3149\">\n<td data-start=\"3128\" data-end=\"3139\" data-col-size=\"sm\">Sterzo<\/td>\n<td data-start=\"3139\" data-end=\"3149\" data-col-size=\"md\">Timone<\/td>\n<\/tr>\n<tr data-start=\"3150\" data-end=\"3188\">\n<td data-start=\"3150\" data-end=\"3164\" data-col-size=\"sm\">Metodo di rifinitura<\/td>\n<td data-col-size=\"md\" data-start=\"3164\" data-end=\"3188\">Inclinazione manuale o elettrica<\/td>\n<\/tr>\n<tr data-start=\"3189\" data-end=\"3222\">\n<td data-start=\"3189\" data-end=\"3204\" data-col-size=\"sm\">Lunghezza dell&#039;albero<\/td>\n<td data-start=\"3204\" data-end=\"3222\" data-col-size=\"md\">15 pollici (381 mm)<\/td>\n<\/tr>\n<tr data-start=\"3223\" data-end=\"3264\">\n<td data-start=\"3223\" data-end=\"3243\" data-col-size=\"sm\">Capacit\u00e0 del serbatoio dell&#039;olio<\/td>\n<td data-col-size=\"md\" data-start=\"3243\" data-end=\"3264\">950 ml (32 fl oz)<\/td>\n<\/tr>\n<tr data-start=\"3265\" data-end=\"3327\">\n<td data-start=\"3265\" data-end=\"3283\" data-col-size=\"sm\">Olio consigliato<\/td>\n<td data-start=\"3283\" data-end=\"3327\" data-col-size=\"md\">Olio Evinrude\/Johnson 5W40 Ultra 4 tempi<\/td>\n<\/tr>\n<tr data-start=\"3328\" data-end=\"3360\">\n<td data-start=\"3328\" data-end=\"3347\" data-col-size=\"sm\">Carburante consigliato<\/td>\n<td data-start=\"3347\" data-end=\"3360\" data-col-size=\"md\">87 ottani<\/td>\n<\/tr>\n<tr data-start=\"3361\" data-end=\"3415\">\n<td data-start=\"3361\" data-end=\"3384\" data-col-size=\"sm\">Conformit\u00e0 alle emissioni<\/td>\n<td data-start=\"3384\" data-end=\"3415\" data-col-size=\"md\">EPA 2013 \/ CARB 3 STELLE \/ UE<\/td>\n<\/tr>\n<\/tbody>\n<\/table>\n<\/div>\n<\/div>\n<hr data-start=\"3417\" data-end=\"3420\" \/>\n<h2 data-start=\"3422\" data-end=\"3496\"><strong data-start=\"3425\" data-end=\"3496\">Vantaggi dell&#039;acquisto di un nuovissimo motore fuoribordo Evinrude E15TEG4 del 2017<\/strong><\/h2>\n<ol data-start=\"3498\" data-end=\"4093\">\n<li data-start=\"3498\" data-end=\"3590\">\n<p data-start=\"3501\" data-end=\"3590\"><strong data-start=\"3501\" data-end=\"3517\">Affidabilit\u00e0:<\/strong> Condizioni pari al nuovo garantiscono prestazioni ottimali senza usura precedente.<\/p>\n<\/li>\n<li data-start=\"3591\" data-end=\"3667\">\n<p data-start=\"3594\" data-end=\"3667\"><strong data-start=\"3594\" data-end=\"3614\">Efficienza del carburante:<\/strong> Il design compatto a 2 cilindri riduce il consumo di carburante.<\/p>\n<\/li>\n<li data-start=\"3668\" data-end=\"3746\">\n<p data-start=\"3671\" data-end=\"3746\"><strong data-start=\"3671\" data-end=\"3691\">Funzionamento silenzioso:<\/strong> L&#039;elica passante riduce al minimo il rumore sull&#039;acqua.<\/p>\n<\/li>\n<li data-start=\"3747\" data-end=\"3823\">\n<p data-start=\"3750\" data-end=\"3823\"><strong data-start=\"3750\" data-end=\"3771\">Facile manutenzione:<\/strong> Sistema a carburatore semplice e design raffreddato ad acqua.<\/p>\n<\/li>\n<li data-start=\"3824\" data-end=\"3916\">\n<p data-start=\"3827\" data-end=\"3916\"><strong data-start=\"3827\" data-end=\"3854\">Leggero e portatile:<\/strong> Perfetto per barche portatili, gommoni e piccole imbarcazioni.<\/p>\n<\/li>\n<li data-start=\"3917\" data-end=\"3993\">\n<p data-start=\"3920\" data-end=\"3993\"><strong data-start=\"3920\" data-end=\"3942\">Garanzia inclusa:<\/strong> Garanzia di 3 anni senza decadenza per la massima tranquillit\u00e0.<\/p>\n<\/li>\n<li data-start=\"3994\" data-end=\"4093\">\n<p data-start=\"3997\" data-end=\"4093\"><strong data-start=\"3997\" data-end=\"4026\">Opzioni di controllo flessibili:<\/strong> Azionamento opzionale per acque poco profonde, inclinazione elettrica e leva del cambio anteriore.<\/p>\n<\/li>\n<\/ol>\n<hr data-start=\"4095\" data-end=\"4098\" \/>\n<h2 data-start=\"4100\" data-end=\"4152\"><strong data-start=\"4103\" data-end=\"4152\">Suggerimenti per l&#039;installazione, il funzionamento e la manutenzione<\/strong><\/h2>\n<ul data-start=\"4154\" data-end=\"4679\">\n<li data-start=\"4154\" data-end=\"4235\">\n<p data-start=\"4156\" data-end=\"4235\"><strong data-start=\"4156\" data-end=\"4169\">Montaggio:<\/strong> Il design leggero consente una facile installazione su piccole imbarcazioni.<\/p>\n<\/li>\n<li data-start=\"4236\" data-end=\"4320\">\n<p data-start=\"4238\" data-end=\"4320\"><strong data-start=\"4238\" data-end=\"4251\">Di partenza:<\/strong> Il sistema di avviamento rapido al minimo garantisce avviamenti fluidi e rapidi ogni volta.<\/p>\n<\/li>\n<li data-start=\"4321\" data-end=\"4394\">\n<p data-start=\"4323\" data-end=\"4394\"><strong data-start=\"4323\" data-end=\"4336\">Sterzo:<\/strong> Lo sterzo a barra garantisce un controllo preciso negli spazi ristretti.<\/p>\n<\/li>\n<li data-start=\"4395\" data-end=\"4479\">\n<p data-start=\"4397\" data-end=\"4479\"><strong data-start=\"4397\" data-end=\"4412\">Carburante e olio:<\/strong> Utilizzare carburante a 87 ottani e olio Evinrude\/Johnson 5W40 Ultra 4-Stroke.<\/p>\n<\/li>\n<li data-start=\"4480\" data-end=\"4577\">\n<p data-start=\"4482\" data-end=\"4577\"><strong data-start=\"4482\" data-end=\"4501\">Controlli regolari:<\/strong> Ispezionare l&#039;elica, i tubi del carburante e il sistema di raffreddamento ad acqua prima di ogni viaggio.<\/p>\n<\/li>\n<li data-start=\"4578\" data-end=\"4679\">\n<p data-start=\"4580\" data-end=\"4679\"><strong data-start=\"4580\" data-end=\"4597\">Suggerimenti per la conservazione:<\/strong> Scaricare il carburante prima di un rimessaggio prolungato e conservare il motore in un luogo asciutto e coperto.<\/p>\n<\/li>\n<\/ul>\n<hr data-start=\"4681\" data-end=\"4684\" \/>\n<h2 data-start=\"4686\" data-end=\"4745\"><strong data-start=\"4689\" data-end=\"4745\">Perch\u00e9 scegliere i motori fuoribordo Evinrude \u2013 Opinione degli esperti<\/strong><\/h2>\n<p data-start=\"4747\" data-end=\"5143\">L&#039;Evinrude E15TEG4 del 2017 \u00e8 un motore affidabile nel settore nautico, rinomato per la sua affidabilit\u00e0, silenziosit\u00e0 e facilit\u00e0 di utilizzo. Gli esperti lo consigliano a proprietari di piccole imbarcazioni, pescatori e diportisti perch\u00e9 bilancia <strong data-start=\"4981\" data-end=\"5020\">dimensioni compatte, potenza ed efficienza<\/strong>. Grazie alla conformit\u00e0 alle normative sulle emissioni EPA, CARB ed UE, \u00e8 ecologico e garantisce prestazioni costanti.<\/p>\n<p data-start=\"5145\" data-end=\"5399\">I professionisti e gli appassionati della nautica elogiano l&#039;E15TEG4 per la sua <strong data-start=\"5210\" data-end=\"5268\">facilit\u00e0 di trasporto, semplice manutenzione e versatilit\u00e0<\/strong>. Caratteristiche opzionali come l&#039;inclinazione elettrica e la guida in acque poco profonde lo rendono adattabile a diverse condizioni dell&#039;acqua e alle preferenze dell&#039;utente.<\/p>\n<hr data-start=\"5401\" data-end=\"5404\" \/>\n<h2 data-start=\"5406\" data-end=\"5424\"><strong data-start=\"5409\" data-end=\"5424\">Pro e contro<\/strong><\/h2>\n<p data-start=\"5426\" data-end=\"5437\"><strong data-start=\"5426\" data-end=\"5435\">Pro:<\/strong><\/p>\n<ul data-start=\"5438\" data-end=\"5643\">\n<li data-start=\"5438\" data-end=\"5463\">\n<p data-start=\"5440\" data-end=\"5463\">Nuovo di zecca, mai usato<\/p>\n<\/li>\n<li data-start=\"5464\" data-end=\"5492\">\n<p data-start=\"5466\" data-end=\"5492\">Leggero e portatile<\/p>\n<\/li>\n<li data-start=\"5493\" data-end=\"5530\">\n<p data-start=\"5495\" data-end=\"5530\">Conforme alle emissioni EPA, CARB, UE<\/p>\n<\/li>\n<li data-start=\"5531\" data-end=\"5564\">\n<p data-start=\"5533\" data-end=\"5564\">Garanzia di 3 anni non decrescente<\/p>\n<\/li>\n<li data-start=\"5565\" data-end=\"5603\">\n<p data-start=\"5567\" data-end=\"5603\">Avviamento facile con starter a minimo rapido<\/p>\n<\/li>\n<li data-start=\"5604\" data-end=\"5643\">\n<p data-start=\"5606\" data-end=\"5643\">Design dell&#039;elica a flusso passante silenzioso<\/p>\n<\/li>\n<\/ul>\n<p data-start=\"5645\" data-end=\"5656\"><strong data-start=\"5645\" data-end=\"5654\">Contro:<\/strong><\/p>\n<ul data-start=\"5657\" data-end=\"5823\">\n<li data-start=\"5657\" data-end=\"5696\">\n<p data-start=\"5659\" data-end=\"5696\">Potenza limitata per barche pi\u00f9 grandi<\/p>\n<\/li>\n<li data-start=\"5697\" data-end=\"5759\">\n<p data-start=\"5699\" data-end=\"5759\">Lunghezza dell&#039;albero di soli 15 pollici (non adatto per imbarcazioni con scafo profondo)<\/p>\n<\/li>\n<li data-start=\"5760\" data-end=\"5823\">\n<p data-start=\"5762\" data-end=\"5823\">Comandi meccanici (elettronici non inclusi nel modello base)<\/p>\n<\/li>\n<\/ul>\n<hr data-start=\"5825\" data-end=\"5828\" \/>\n<h2 data-start=\"5830\" data-end=\"5863\"><strong data-start=\"5833\" data-end=\"5863\">Consigli pratici per i diportisti<\/strong><\/h2>\n<ul data-start=\"5865\" data-end=\"6199\">\n<li data-start=\"5865\" data-end=\"5918\">\n<p data-start=\"5867\" data-end=\"5918\">Controllare sempre i livelli del carburante e dell&#039;olio prima di avviare il motore.<\/p>\n<\/li>\n<li data-start=\"5919\" data-end=\"5981\">\n<p data-start=\"5921\" data-end=\"5981\">Utilizzare lo sterzo a barra per un controllo preciso in acque poco profonde.<\/p>\n<\/li>\n<li data-start=\"5982\" data-end=\"6048\">\n<p data-start=\"5984\" data-end=\"6048\">Dopo l&#039;uso, pulire il motore e l&#039;elica per evitare la corrosione.<\/p>\n<\/li>\n<li data-start=\"6049\" data-end=\"6109\">\n<p data-start=\"6051\" data-end=\"6109\">Eseguire la manutenzione ordinaria secondo le linee guida del produttore.<\/p>\n<\/li>\n<li data-start=\"6110\" data-end=\"6199\">\n<p data-start=\"6112\" data-end=\"6199\">Utilizza funzionalit\u00e0 opzionali come l&#039;inclinazione elettrica per proteggere l&#039;elica in zone poco profonde. <a href=\"https:\/\/bootsshopbodensee.com\/it\/contattaci\/\">contattaci\u00a0<\/a><\/p>\n<\/li>\n<\/ul>\n<hr data-start=\"6201\" data-end=\"6204\" \/>\n<h2 data-start=\"6206\" data-end=\"6231\"><\/h2>\n<ol data-start=\"6233\" data-end=\"7459\">\n<li data-start=\"6233\" data-end=\"6433\">\n<p data-start=\"6236\" data-end=\"6433\"><strong data-start=\"6236\" data-end=\"6316\">Quali sono le caratteristiche principali del 2017? <a href=\"https:\/\/www.evinrude.com\/us\/en\/\" target=\"_blank\" rel=\"noopener\">Evinrude<\/a> Motore fuoribordo E15TEG4 da 15 CV?<\/strong><br data-start=\"6316\" data-end=\"6319\" \/>Motore compatto a 2 cilindri, elica passante, starter rapido al minimo, inclinazione manuale\/elettrica, conforme a EPA\/CARB\/UE.<\/p>\n<\/li>\n<li data-start=\"6435\" data-end=\"6600\">\n<p data-start=\"6438\" data-end=\"6600\"><strong data-start=\"6438\" data-end=\"6502\">Questo motore \u00e8 adatto a piccole imbarcazioni e pescherecci?<\/strong><br data-start=\"6502\" data-end=\"6505\" \/>S\u00ec, il motore leggero da 120 libbre \u00e8 ideale per piccole imbarcazioni, gommoni e barche da pesca.<\/p>\n<\/li>\n<li data-start=\"6602\" data-end=\"6718\">\n<p data-start=\"6605\" data-end=\"6718\"><strong data-start=\"6605\" data-end=\"6638\">\u00c8 dotato di garanzia?<\/strong><br data-start=\"6638\" data-end=\"6641\" \/>S\u00ec, include una garanzia di 3 anni senza decadenza per la massima tranquillit\u00e0.<\/p>\n<\/li>\n<li data-start=\"6720\" data-end=\"6829\">\n<p data-start=\"6723\" data-end=\"6829\"><strong data-start=\"6723\" data-end=\"6761\">Quali carburante e olio sono consigliati?<\/strong><br data-start=\"6761\" data-end=\"6764\" \/>Carburante a 87 ottani e olio Evinrude\/Johnson 5W40 Ultra 4-Stroke.<\/p>\n<\/li>\n<li data-start=\"6831\" data-end=\"7017\">\n<p data-start=\"6834\" data-end=\"7017\"><strong data-start=\"6834\" data-end=\"6876\">Come si avvia e si fa funzionare questo motore?<\/strong><br data-start=\"6876\" data-end=\"6879\" \/>Utilizza il sistema di avviamento rapido; lo sterzo a barra garantisce un controllo semplice. L&#039;inclinazione elettrica opzionale e la guida in acque poco profonde migliorano la fruibilit\u00e0.<\/p>\n<\/li>\n<li data-start=\"7019\" data-end=\"7141\">\n<p data-start=\"7022\" data-end=\"7141\"><strong data-start=\"7022\" data-end=\"7057\">\u00c8 ecologico?<\/strong><br data-start=\"7057\" data-end=\"7060\" \/>S\u00ec, \u00e8 conforme agli standard sulle emissioni EPA 2013, CARB 3 STAR e dell&#039;Unione Europea.<\/p>\n<\/li>\n<li data-start=\"7143\" data-end=\"7289\">\n<p data-start=\"7146\" data-end=\"7289\"><strong data-start=\"7146\" data-end=\"7188\">Pu\u00f2 essere installato su imbarcazioni portatili?<\/strong><br data-start=\"7188\" data-end=\"7191\" \/>Certamente, il suo design leggero e la maniglia integrata lo rendono facile da trasportare e montare.<\/p>\n<\/li>\n<li data-start=\"7291\" data-end=\"7459\">\n<p data-start=\"7294\" data-end=\"7459\"><strong data-start=\"7294\" data-end=\"7327\">Quale manutenzione \u00e8 richiesta?<\/strong><br data-start=\"7327\" data-end=\"7330\" \/>Controlli regolari del carburante e dell&#039;olio, pulizia dell&#039;elica e del sistema di raffreddamento ad acqua e rispetto delle linee guida di manutenzione del produttore.<\/p>\n<\/li>\n<\/ol>","protected":false},"excerpt":{"rendered":"<p>Motore fuoribordo Evinrude 15 HP E15TEG4 del 2017<br \/>\nModello: E15TEG4<br \/>\nAnno: 2017<br \/>\nModello motore (colore): E15TEG4 Graphite<br \/>\nTipo di motore: 2 cilindri<\/p>","protected":false},"featured_media":6635,"comment_status":"open","ping_status":"closed","template":"","meta":[],"product_brand":[],"product_cat":[24],"product_tag":[],"class_list":{"0":"post-6634","1":"product","2":"type-product","3":"status-publish","4":"has-post-thumbnail","6":"product_cat-evinrude-outboard-motors","8":"first","9":"instock","10":"taxable","11":"shipping-taxable","12":"purchasable","13":"product-type-simple"},"jetpack-related-posts":[],"jetpack_sharing_enabled":true,"_links":{"self":[{"href":"https:\/\/bootsshopbodensee.com\/it\/wp-json\/wp\/v2\/product\/6634","targetHints":{"allow":["GET"]}}],"collection":[{"href":"https:\/\/bootsshopbodensee.com\/it\/wp-json\/wp\/v2\/product"}],"about":[{"href":"https:\/\/bootsshopbodensee.com\/it\/wp-json\/wp\/v2\/types\/product"}],"replies":[{"embeddable":true,"href":"https:\/\/bootsshopbodensee.com\/it\/wp-json\/wp\/v2\/comments?post=6634"}],"wp:featuredmedia":[{"embeddable":true,"href":"https:\/\/bootsshopbodensee.com\/it\/wp-json\/wp\/v2\/media\/6635"}],"wp:attachment":[{"href":"https:\/\/bootsshopbodensee.com\/it\/wp-json\/wp\/v2\/media?parent=6634"}],"wp:term":[{"taxonomy":"product_brand","embeddable":true,"href":"https:\/\/bootsshopbodensee.com\/it\/wp-json\/wp\/v2\/product_brand?post=6634"},{"taxonomy":"product_cat","embeddable":true,"href":"https:\/\/bootsshopbodensee.com\/it\/wp-json\/wp\/v2\/product_cat?post=6634"},{"taxonomy":"product_tag","embeddable":true,"href":"https:\/\/bootsshopbodensee.com\/it\/wp-json\/wp\/v2\/product_tag?post=6634"}],"curies":[{"name":"wp","href":"https:\/\/api.w.org\/{rel}","templated":true}]}}