{"id":11094,"date":"2026-03-09T07:41:06","date_gmt":"2026-03-09T07:41:06","guid":{"rendered":"https:\/\/bootsshopbodensee.com\/shop\/briggs-and-stratton-48kw-480v-generator-ng-lp-76155\/"},"modified":"2026-04-01T02:40:07","modified_gmt":"2026-04-01T02:40:07","slug":"generatore-briggs-and-stratton-fortress-da-30-kw-120-240-v-monofase","status":"publish","type":"product","link":"https:\/\/bootsshopbodensee.com\/it\/shop\/briggs-and-stratton-fortress-30kw-generator-120-240v-single-phase\/","title":{"rendered":"Generatore Briggs and Stratton Fortress 30kW 120\/240V monofase | 76880"},"content":{"rendered":"<h2 data-section-id=\"sply9b\" data-start=\"1129\" data-end=\"1196\"><strong>Generatore Briggs and Stratton Fortress da 30 kW, 120\/240 V monofase.<\/strong><\/h2>\n<p data-start=\"1215\" data-end=\"1704\">IL <strong data-start=\"1219\" data-end=\"1288\">Generatore Briggs and Stratton Fortress da 30 kW, 120\/240 V monofase.<\/strong> \u00c8 progettato per fornire un&#039;alimentazione di emergenza affidabile a case di grandi dimensioni, propriet\u00e0 di lusso e strutture commerciali di piccole e medie dimensioni. Le interruzioni di corrente possono causare gravi disagi, compromettendo la refrigerazione, il riscaldamento, l&#039;aria condizionata, i sistemi di sicurezza e le attivit\u00e0 aziendali. Un generatore di emergenza installato da professionisti elimina questi rischi ripristinando automaticamente l&#039;elettricit\u00e0 in pochi secondi in caso di interruzione della rete elettrica.<\/p>\n<p data-start=\"1706\" data-end=\"2066\">Progettato e realizzato negli Stati Uniti, questo <strong data-start=\"1759\" data-end=\"1785\">Generatore di emergenza da 30 kW<\/strong> Unisce ingegneria avanzata, un potente motore da 1,6 litri raffreddato a liquido e una tecnologia intelligente di gestione del carico. Fornisce potenza costante sia che funzioni a gas naturale che a propano, rappresentando una soluzione flessibile e affidabile per l&#039;alimentazione di emergenza in ambito residenziale e commerciale.<\/p>\n<p data-start=\"2068\" data-end=\"2450\">A differenza dei generatori portatili che richiedono l&#039;avviamento manuale e lo stoccaggio del carburante, questo <strong data-start=\"2146\" data-end=\"2177\">generatore automatico di emergenza<\/strong> Funziona in modo impeccabile con un interruttore di trasferimento automatico per rilevare le interruzioni di corrente e fornire immediatamente alimentazione ai circuiti selezionati. Per i proprietari di case e le aziende che non possono permettersi tempi di inattivit\u00e0, la serie Fortress rappresenta uno dei sistemi di alimentazione di emergenza pi\u00f9 affidabili oggi disponibili.<\/p>\n<hr data-start=\"2452\" data-end=\"2455\" \/>\n<h3 data-section-id=\"1phk5xo\" data-start=\"2457\" data-end=\"2537\"><strong>Perch\u00e9 il generatore Briggs and Stratton da 30 kW \u00e8 progettato per fornire un&#039;alimentazione di emergenza affidabile.<\/strong><\/h3>\n<p data-start=\"2539\" data-end=\"2817\">A <strong data-start=\"2541\" data-end=\"2579\">Generatore Briggs and Stratton da 30 kW<\/strong> \u00c8 specificamente progettata per applicazioni in cui affidabilit\u00e0, durata e potenza elevata sono essenziali. La serie Fortress utilizza un motore di livello commerciale e un robusto sistema di alternatori per garantire un&#039;alimentazione elettrica stabile durante interruzioni prolungate.<\/p>\n<p data-start=\"2819\" data-end=\"2849\">Le principali priorit\u00e0 di progettazione includono:<\/p>\n<p data-start=\"2851\" data-end=\"3077\">\u2022 Funzionamento continuo e affidabile<br data-start=\"2882\" data-end=\"2885\" \/>\u2022 Tecnologia avanzata di gestione del carico<br data-start=\"2922\" data-end=\"2925\" \/>\u2022 Lunghi intervalli di manutenzione e interventi semplificati<br data-start=\"2976\" data-end=\"2979\" \/>\u2022 Funzionamento silenzioso, adatto ad ambienti residenziali<br data-start=\"3034\" data-end=\"3037\" \/>\u2022 Installazione esterna resistente alle intemperie<\/p>\n<p data-start=\"3079\" data-end=\"3261\">Il sistema \u00e8 in grado di alimentare grandi carichi elettrici residenziali o apparecchiature commerciali essenziali come sistemi di refrigerazione, unit\u00e0 HVAC, infrastrutture per uffici e illuminazione.<\/p>\n<hr data-start=\"3263\" data-end=\"3266\" \/>\n<h2 data-section-id=\"bhdakj\" data-start=\"3268\" data-end=\"3337\">Potente generatore di emergenza da 30 kW per uso residenziale e commerciale.<\/h2>\n<p data-start=\"3339\" data-end=\"3578\">A <strong data-start=\"3341\" data-end=\"3367\">Generatore di emergenza da 30 kW<\/strong> \u00c8 ideale per le propriet\u00e0 che richiedono pi\u00f9 energia di quanta ne possano fornire i generatori di emergenza domestici di dimensioni pi\u00f9 ridotte. Questo livello di potenza \u00e8 in grado di alimentare comodamente i sistemi domestici essenziali, consentendo al contempo di alimentare gli elettrodomestici ad alto consumo energetico.<\/p>\n<p data-start=\"3580\" data-end=\"3621\">Le applicazioni residenziali tipiche includono:<\/p>\n<p data-start=\"3623\" data-end=\"3810\">\u2022 Sistemi di climatizzazione centralizzati<br data-start=\"3657\" data-end=\"3660\" \/>\u2022 Scaldabagni elettrici<br data-start=\"3684\" data-end=\"3687\" \/>\u2022 Frigoriferi e congelatori<br data-start=\"3715\" data-end=\"3718\" \/>\u2022 Apparecchi di cottura elettrici<br data-start=\"3747\" data-end=\"3750\" \/>\u2022 Sistemi di sicurezza domestica<br data-start=\"3773\" data-end=\"3776\" \/>\u2022 Circuiti di illuminazione<br data-start=\"3795\" data-end=\"3798\" \/>\u2022 Pompe per pozzi<\/p>\n<p data-start=\"3812\" data-end=\"3891\">Per gli ambienti commerciali, un <strong data-start=\"3839\" data-end=\"3870\">generatore di backup commerciale<\/strong> come questo pu\u00f2 alimentare:<\/p>\n<p data-start=\"3893\" data-end=\"4036\">\u2022 Sistemi di refrigerazione per la vendita al dettaglio<br data-start=\"3923\" data-end=\"3926\" \/>\u2022 Apparecchiature HVAC<br data-start=\"3942\" data-end=\"3945\" \/>\u2022 Computer e server per ufficio<br data-start=\"3975\" data-end=\"3978\" \/>\u2022 Sistemi di illuminazione e sicurezza<br data-start=\"4009\" data-end=\"4012\" \/>\u2022 Reti di comunicazione<\/p>\n<p data-start=\"4038\" data-end=\"4120\">Ci\u00f2 garantisce che le aziende rimangano operative anche durante prolungate interruzioni della rete elettrica.<\/p>\n<hr data-start=\"4122\" data-end=\"4125\" \/>\n<h3 data-section-id=\"i9m724\" data-start=\"4127\" data-end=\"4184\"><strong>Motore da 1,6 litri affidabile e prestazioni elevate con raffreddamento a liquido.<\/strong><\/h3>\n<p data-start=\"4186\" data-end=\"4445\">Nel cuore del <strong data-start=\"4206\" data-end=\"4275\">Generatore Briggs and Stratton Fortress da 30 kW, 120\/240 V monofase.<\/strong> \u00e8 un prodotto durevole <strong data-start=\"4289\" data-end=\"4327\">Motore a 4 cilindri in linea da 1,6 litri<\/strong>. Questo motore \u00e8 stato progettato specificamente per sistemi di alimentazione di emergenza che devono funzionare in modo affidabile per periodi prolungati.<\/p>\n<p data-start=\"4447\" data-end=\"4477\">I principali vantaggi del motore includono:<\/p>\n<p data-start=\"4479\" data-end=\"4695\">\u2022 Sistema di raffreddamento a liquido per un controllo costante della temperatura<br data-start=\"4536\" data-end=\"4539\" \/>\u2022 Prestazioni a 3600 giri\/minuto per una generazione di energia stabile<br data-start=\"4589\" data-end=\"4592\" \/>\u2022 Protezione contro il basso livello dell&#039;olio<br data-start=\"4621\" data-end=\"4624\" \/>\u2022 Sensori di monitoraggio del liquido di raffreddamento<br data-start=\"4652\" data-end=\"4655\" \/>\u2022 Riscaldatore del blocco motore per l&#039;avviamento a freddo<\/p>\n<p data-start=\"4697\" data-end=\"4885\">A <strong data-start=\"4699\" data-end=\"4734\">generatore di riserva raffreddato a liquido<\/strong> In genere dura pi\u00f9 a lungo rispetto alle alternative raffreddate ad aria perch\u00e9 mantiene la temperatura ottimale del motore anche durante lunghi periodi di inattivit\u00e0 o in presenza di elevati carichi elettrici.<\/p>\n<hr data-start=\"4887\" data-end=\"4890\" \/>\n<h2 data-section-id=\"1m11alk\" data-start=\"4892\" data-end=\"4934\">Tecnologia di gestione dell&#039;alimentazione Symphony II<\/h2>\n<p data-start=\"4936\" data-end=\"5109\">Una delle caratteristiche principali di questo sistema \u00e8 <strong data-start=\"4983\" data-end=\"5015\">Gestione dell&#039;alimentazione di Symphony II<\/strong>. Questo sistema intelligente distribuisce automaticamente la potenza erogata dal generatore su pi\u00f9 circuiti.<\/p>\n<p data-start=\"5111\" data-end=\"5128\">I vantaggi includono:<\/p>\n<p data-start=\"5130\" data-end=\"5284\">\u2022 Previene le condizioni di sovraccarico<br data-start=\"5160\" data-end=\"5163\" \/>\u2022 D\u00e0 priorit\u00e0 agli elettrodomestici pi\u00f9 richiesti<br data-start=\"5199\" data-end=\"5202\" \/>\u2022 Ottimizza l&#039;efficienza del generatore<br data-start=\"5234\" data-end=\"5237\" \/>\u2022 Consente il funzionamento simultaneo di pi\u00f9 elettrodomestici<\/p>\n<p data-start=\"5286\" data-end=\"5475\">Ad esempio, se il generatore alimenta l&#039;aria condizionata, la refrigerazione e l&#039;illuminazione, il sistema garantisce che l&#039;energia venga distribuita in modo efficiente senza superare la capacit\u00e0 del generatore.<\/p>\n<p data-start=\"5477\" data-end=\"5572\">Questa caratteristica rende il generatore ideale come <strong data-start=\"5521\" data-end=\"5554\">generatore di emergenza per tutta la casa<\/strong> per case pi\u00f9 grandi.<\/p>\n<hr data-start=\"5574\" data-end=\"5577\" \/>\n<h2 data-section-id=\"1slqdru\" data-start=\"5579\" data-end=\"5622\">Flessibilit\u00e0 nell&#039;utilizzo di combustibili a gas naturale e propano<\/h2>\n<p data-start=\"5624\" data-end=\"5894\">La flessibilit\u00e0 del carburante \u00e8 un fattore importante nella scelta di un generatore di emergenza. Questo modello pu\u00f2 funzionare sia come generatore di emergenza che come generatore di riserva. <strong data-start=\"5734\" data-end=\"5767\">generatore di emergenza a gas naturale<\/strong> o un <strong data-start=\"5773\" data-end=\"5802\">generatore di emergenza a propano<\/strong>, consentendo ai proprietari degli immobili di selezionare la fonte di combustibile pi\u00f9 adatta alla propria infrastruttura.<\/p>\n<p data-start=\"5896\" data-end=\"5919\">Vantaggi del gas naturale:<\/p>\n<p data-start=\"5921\" data-end=\"6016\">\u2022 Fornitura continua tramite le reti del gas municipali<br data-start=\"5965\" data-end=\"5968\" \/>\u2022 Non \u00e8 necessario alcuno stoccaggio di carburante<br data-start=\"5994\" data-end=\"5997\" \/>\u2022 Minore manutenzione<\/p>\n<p data-start=\"6018\" data-end=\"6037\">Vantaggi del propano:<\/p>\n<p data-start=\"6039\" data-end=\"6130\">\u2022 Deposito carburante affidabile in loco<br data-start=\"6070\" data-end=\"6073\" \/>\u2022 Ideale per propriet\u00e0 rurali<br data-start=\"6101\" data-end=\"6104\" \/>\u2022 Stabilit\u00e0 del carburante a lungo termine<\/p>\n<p data-start=\"6132\" data-end=\"6155\">Tassi di consumo di carburante:<\/p>\n<p data-start=\"6157\" data-end=\"6168\">Gas naturale<\/p>\n<p data-start=\"6170\" data-end=\"6249\">\u2022 293 piedi cubi all&#039;ora a met\u00e0 carico<br data-start=\"6208\" data-end=\"6211\" \/>\u2022 444 piedi cubi all&#039;ora a pieno carico<\/p>\n<p data-start=\"6251\" data-end=\"6258\">Propano<\/p>\n<p data-start=\"6260\" data-end=\"6333\">\u2022 3,7 galloni all&#039;ora a mezzo carico<br data-start=\"6295\" data-end=\"6298\" \/>\u2022 5,4 galloni all&#039;ora a pieno carico<\/p>\n<hr data-start=\"6335\" data-end=\"6338\" \/>\n<h3 data-section-id=\"4l2brc\" data-start=\"6340\" data-end=\"6387\"><strong>Contenitore in acciaio zincato resistente agli agenti atmosferici<\/strong><\/h3>\n<p data-start=\"6389\" data-end=\"6547\">L&#039;involucro del generatore \u00e8 costruito da <strong data-start=\"6433\" data-end=\"6470\">acciaio galvanico di qualit\u00e0 automobilistica<\/strong>, un materiale ampiamente utilizzato nell&#039;industria automobilistica per la sua resistenza alla corrosione.<\/p>\n<p data-start=\"6549\" data-end=\"6586\">I vantaggi di questo tipo di recinzione includono:<\/p>\n<p data-start=\"6588\" data-end=\"6711\">\u2022 Protezione antiruggine superiore<br data-start=\"6614\" data-end=\"6617\" \/>\u2022 Lunga durata all&#039;aperto<br data-start=\"6640\" data-end=\"6643\" \/>\u2022 Resistenza alle condizioni meteorologiche estreme<br data-start=\"6674\" data-end=\"6677\" \/>\u2022 Riduzione delle esigenze di manutenzione<\/p>\n<p data-start=\"6713\" data-end=\"6845\">Questo robusto alloggiamento garantisce un funzionamento affidabile anche in ambienti difficili come le regioni costiere o le aree con elevata umidit\u00e0.<\/p>\n<hr data-start=\"6847\" data-end=\"6850\" \/>\n<h2 data-section-id=\"vxva7o\" data-start=\"6852\" data-end=\"6897\">Installazione flessibile e ottimizzazione dello spazio.<\/h2>\n<p data-start=\"6899\" data-end=\"7146\">IL <strong data-start=\"6903\" data-end=\"6972\">Generatore Briggs and Stratton Fortress da 30 kW, 120\/240 V monofase.<\/strong> \u00e8 progettato per un&#039;installazione flessibile. Pu\u00f2 essere installato il pi\u00f9 vicino possibile a <strong data-start=\"7044\" data-end=\"7073\">18 pollici da un edificio<\/strong>, il che lo rende adatto a cortili residenziali e spazi commerciali compatti.<\/p>\n<p data-start=\"7148\" data-end=\"7194\">Tra le considerazioni importanti per l&#039;installazione si annoverano:<\/p>\n<p data-start=\"7196\" data-end=\"7336\">\u2022 Piastra di montaggio predisposta<br data-start=\"7219\" data-end=\"7222\" \/>\u2022 Conformit\u00e0 alle normative elettriche locali<br data-start=\"7262\" data-end=\"7265\" \/>\u2022 Corretto collegamento della linea del carburante<br data-start=\"7294\" data-end=\"7297\" \/>\u2022 Si consiglia l&#039;installazione da parte di un professionista.<\/p>\n<p data-start=\"7338\" data-end=\"7437\">Se hai bisogno di assistenza per l&#039;installazione o di supporto professionale, puoi contattare i nostri specialisti qui:<\/p>\n<p data-start=\"7482\" data-end=\"7564\"><a href=\"https:\/\/bootsshopbodensee.com\/it\/contattaci\/\">Il nostro team pu\u00f2 aiutarti<\/a> Determina la configurazione corretta del generatore per la tua propriet\u00e0.<\/p>\n<hr data-start=\"7566\" data-end=\"7569\" \/>\n<h2 data-section-id=\"fl9ydq\" data-start=\"7571\" data-end=\"7616\">Facilit\u00e0 di manutenzione e accessibilit\u00e0 per l&#039;assistenza.<\/h2>\n<p data-start=\"7618\" data-end=\"7818\">L&#039;accesso per la manutenzione \u00e8 una caratteristica fondamentale nei generatori di emergenza. Il generatore Fortress \u00e8 progettato con <strong data-start=\"7722\" data-end=\"7758\">comodi pannelli di accesso ai servizi<\/strong> in modo che i tecnici possano ispezionare e manutenere rapidamente il motore.<\/p>\n<p data-start=\"7820\" data-end=\"7854\">Le funzionalit\u00e0 che facilitano l&#039;utilizzo del servizio includono:<\/p>\n<p data-start=\"7856\" data-end=\"7997\">\u2022 Facile accesso al vano motore<br data-start=\"7895\" data-end=\"7898\" \/>\u2022 Punti di ispezione rapida<br data-start=\"7923\" data-end=\"7926\" \/>\u2022 Procedure di manutenzione semplificate<br data-start=\"7961\" data-end=\"7964\" \/>\u2022 Riduzione dei tempi di intervento dei tecnici<\/p>\n<p data-start=\"7999\" data-end=\"8102\">La manutenzione ordinaria contribuisce a garantire che il generatore rimanga pronto a funzionare ogni qualvolta si verifichi un&#039;interruzione di corrente.<\/p>\n<hr data-start=\"8104\" data-end=\"8107\" \/>\n<h2 data-section-id=\"173ugw1\" data-start=\"8109\" data-end=\"8149\">Funzionamento silenzioso per le zone residenziali<\/h2>\n<p data-start=\"8151\" data-end=\"8231\">Nonostante l&#039;elevata potenza erogata, il generatore funziona con un livello di rumorosit\u00e0 relativamente basso.<\/p>\n<p data-start=\"8233\" data-end=\"8246\">Livello di rumore:<\/p>\n<p data-start=\"8248\" data-end=\"8264\">66 dBA (senza carico)<\/p>\n<p data-start=\"8266\" data-end=\"8370\">Questo funzionamento silenzioso lo rende adatto ai quartieri residenziali dove potrebbero essere in vigore restrizioni sul rumore.<\/p>\n<hr data-start=\"8372\" data-end=\"8375\" \/>\n<h3 data-section-id=\"rkota4\" data-start=\"8377\" data-end=\"8398\"><strong>Specifiche principali<\/strong><\/h3>\n<p data-start=\"8400\" data-end=\"8420\">Numero di modello<br data-start=\"8412\" data-end=\"8415\" \/>76880<\/p>\n<p data-start=\"8422\" data-end=\"8465\">Potere di valutazione<br data-start=\"8433\" data-end=\"8436\" \/>30 kW (gas naturale o propano)<\/p>\n<p data-start=\"8467\" data-end=\"8503\">Voltaggio<br data-start=\"8474\" data-end=\"8477\" \/>120\/240 Volt monofase<\/p>\n<p data-start=\"8505\" data-end=\"8530\">Amperaggio nominale<br data-start=\"8519\" data-end=\"8522\" \/>125 Ampere<\/p>\n<p data-start=\"8532\" data-end=\"8563\">Motore<br data-start=\"8538\" data-end=\"8541\" \/>Motore a 4 cilindri in linea da 1,6 litri<\/p>\n<p data-start=\"8565\" data-end=\"8595\">Sistema di raffreddamento<br data-start=\"8579\" data-end=\"8582\" \/>Raffreddamento a liquido<\/p>\n<p data-start=\"8597\" data-end=\"8614\">Frequenza<br data-start=\"8606\" data-end=\"8609\" \/>60 Hz<\/p>\n<p data-start=\"8616\" data-end=\"8649\">Sistema di avviamento<br data-start=\"8631\" data-end=\"8634\" \/>Avvio automatico<\/p>\n<p data-start=\"8651\" data-end=\"8683\">Alternatore<br data-start=\"8661\" data-end=\"8664\" \/>Autoeccitato 4-Lead<\/p>\n<p data-start=\"8685\" data-end=\"8713\">Allegato<br data-start=\"8694\" data-end=\"8697\" \/>Acciaio galvanico<\/p>\n<p data-start=\"8715\" data-end=\"8752\">Dimensioni<br data-start=\"8725\" data-end=\"8728\" \/>71L x 32,3W x 37H pollici<\/p>\n<p data-start=\"8754\" data-end=\"8771\">Peso<br data-start=\"8760\" data-end=\"8763\" \/>1000 libbre<\/p>\n<p data-start=\"8773\" data-end=\"8803\">Certificazione<br data-start=\"8786\" data-end=\"8789\" \/>Certificato UL-2200<\/p>\n<p data-start=\"8805\" data-end=\"8839\">Garanzia<br data-start=\"8813\" data-end=\"8816\" \/>Garanzia limitata di 6 anni<\/p>\n<hr data-start=\"8841\" data-end=\"8844\" \/>\n<h2 data-section-id=\"67q3xp\" data-start=\"8846\" data-end=\"8907\">Raccomandazione degli esperti: a chi dovrebbe installare un generatore da 30 kW?<\/h2>\n<p data-start=\"8909\" data-end=\"8957\">A <strong data-start=\"8911\" data-end=\"8937\">Generatore di emergenza da 30 kW<\/strong> \u00e8 pi\u00f9 adatto per:<\/p>\n<p data-start=\"8959\" data-end=\"9162\">Grandi case con pi\u00f9 unit\u00e0 di climatizzazione<br data-start=\"8995\" data-end=\"8998\" \/>Case di lusso con elevato fabbisogno energetico<br data-start=\"9038\" data-end=\"9041\" \/>Uffici commerciali<br data-start=\"9059\" data-end=\"9062\" \/>Negozi al dettaglio<br data-start=\"9075\" data-end=\"9078\" \/>Ristoranti con sistemi di refrigerazione<br data-start=\"9116\" data-end=\"9119\" \/>Cliniche mediche e strutture professionali<\/p>\n<p data-start=\"9164\" data-end=\"9324\">Per gli immobili con elevato consumo energetico, l&#039;installazione di un generatore di capacit\u00e0 adeguata garantisce che i sistemi essenziali rimangano operativi durante le emergenze.<\/p>\n<hr data-start=\"9326\" data-end=\"9329\" \/>\n<h2 data-section-id=\"1qoicj9\" data-start=\"9331\" data-end=\"9352\">Esempio concreto<\/h2>\n<p data-start=\"9354\" data-end=\"9560\">Si pensi a un negozio di alimentari al dettaglio che dipende dalla refrigerazione per i prodotti deperibili. Durante un&#039;interruzione di corrente prolungata, anche solo poche ore senza elettricit\u00e0 possono causare perdite di merce per migliaia di dollari.<\/p>\n<p data-start=\"9562\" data-end=\"9792\">Installazione di un <strong data-start=\"9575\" data-end=\"9606\">generatore di backup commerciale<\/strong> Come il Fortress 30kW, i sistemi di refrigerazione, illuminazione e sicurezza rimangono operativi. Questo protegge le scorte e permette all&#039;azienda di continuare a servire i clienti.<\/p>\n<hr data-start=\"9794\" data-end=\"9797\" \/>\n<h2 data-section-id=\"8dtpi\" data-start=\"9799\" data-end=\"9812\">Conclusione<\/h2>\n<p data-start=\"9814\" data-end=\"10180\">IL <strong data-start=\"9818\" data-end=\"9887\">Generatore Briggs and Stratton Fortress da 30 kW, 120\/240 V monofase.<\/strong> Offre una soluzione di alimentazione di emergenza potente e affidabile per ambienti residenziali e commerciali esigenti. Grazie al robusto motore da 1,6 litri raffreddato a liquido, all&#039;intelligente sistema di gestione del carico Symphony II e alla flessibilit\u00e0 di funzionamento a gas naturale o propano, questo generatore \u00e8 progettato per garantire un&#039;affidabilit\u00e0 a lungo termine.<\/p>\n<p data-start=\"10182\" data-end=\"10521\">Il suo involucro resistente agli agenti atmosferici, il funzionamento silenzioso e la garanzia di 6 anni, leader del settore, lo rendono uno dei sistemi di alimentazione di emergenza pi\u00f9 affidabili oggi disponibili. Per i proprietari di case e le aziende che necessitano di un&#039;alimentazione elettrica ininterrotta durante le interruzioni di corrente, questo generatore rappresenta un solido investimento in sicurezza, comfort e continuit\u00e0 operativa.<\/p>\n<p data-start=\"10523\" data-end=\"10595\">Per informazioni su prezzi, istruzioni per l&#039;installazione o consulenza professionale.<a href=\"https:\/\/bootsshopbodensee.com\/it\/contattaci\/\">, visita:<\/a><\/p>\n<h1 data-section-id=\"wa6lfm\" data-start=\"10645\" data-end=\"10673\"><\/h1>\n<h3 data-section-id=\"12xyj1c\" data-start=\"10675\" data-end=\"10755\">Qual \u00e8 la potenza erogata dal generatore Briggs and Stratton Fortress da 30 kW?<\/h3>\n<p data-start=\"10756\" data-end=\"10850\">IL <a href=\"https:\/\/en.wikipedia.org\/wiki\/Generator\" target=\"_blank\" rel=\"noopener\">generatore<\/a> Produce 30 kilowatt di potenza di riserva utilizzando gas naturale o propano come combustibile.<\/p>\n<h3 data-section-id=\"k4m5oc\" data-start=\"10852\" data-end=\"10894\">Il generatore \u00e8 in grado di alimentare un&#039;intera casa?<\/h3>\n<p data-start=\"10895\" data-end=\"11040\">S\u00ec. Un generatore da 30 kW \u00e8 in genere in grado di alimentare la maggior parte degli elettrodomestici e degli impianti presenti nelle case di grandi dimensioni, inclusi i sistemi di riscaldamento, ventilazione e condizionamento (HVAC) e gli scaldabagni elettrici.<\/p>\n<h3 data-section-id=\"aa0j88\" data-start=\"11042\" data-end=\"11085\">Che tipi di carburante pu\u00f2 utilizzare questo generatore?<\/h3>\n<p data-start=\"11086\" data-end=\"11173\">Il generatore pu\u00f2 funzionare a gas naturale o a propano, a seconda della configurazione dell&#039;impianto.<\/p>\n<h3 data-section-id=\"1dbjdel\" data-start=\"11175\" data-end=\"11222\">Quanto \u00e8 rumoroso il generatore durante il funzionamento?<\/h3>\n<p data-start=\"11223\" data-end=\"11351\">Il generatore funziona a circa 66 dBA in condizioni di funzionamento a vuoto, un livello di rumorosit\u00e0 relativamente basso per un generatore di queste dimensioni.<\/p>\n<h3 data-section-id=\"2d66yy\" data-start=\"11353\" data-end=\"11413\">Il generatore si avvia automaticamente durante un&#039;interruzione di corrente?<\/h3>\n<p data-start=\"11414\" data-end=\"11536\">S\u00ec. Se collegato a un interruttore di trasferimento automatico, il generatore si avvia automaticamente entro pochi secondi da un&#039;interruzione di corrente.<\/p>\n<h3 data-section-id=\"3v48wc\" data-start=\"11538\" data-end=\"11583\">Quale garanzia include il generatore?<\/h3>\n<p data-start=\"11584\" data-end=\"11670\">Include una garanzia limitata completa di 6 anni che copre ricambi, manodopera e trasferta.<\/p>\n<h3 data-section-id=\"1oee55p\" data-start=\"11672\" data-end=\"11714\">\u00c8 necessaria l&#039;installazione da parte di un professionista?<\/h3>\n<p data-start=\"11715\" data-end=\"11818\">Si raccomanda l&#039;installazione da parte di un professionista per garantire la conformit\u00e0 alle normative elettriche e un funzionamento sicuro.<\/p>\n<h3 data-section-id=\"1mtbtna\" data-start=\"11820\" data-end=\"11884\">Dove posso trovare assistenza per l&#039;installazione o acquistare il generatore?<\/h3>\n<p data-start=\"11885\" data-end=\"11997\">Puoi contattare direttamente il nostro team tramite la pagina di contatto ufficiale:<br data-start=\"11953\" data-end=\"11956\" \/><a class=\"decorated-link\" href=\"https:\/\/bootsshopbodensee.com\/it\/contattaci\/\" target=\"_new\" rel=\"noopener\" data-start=\"11956\" data-end=\"11997\">https:\/\/bootsshopbodensee.com\/contact-us\/<\/a><\/p>","protected":false},"excerpt":{"rendered":"<p>Generatore di emergenza commerciale Briggs and Stratton 76155 da 48 kW, 277\/480 V trifase con controller InteliNano MRS - Gas naturale\/GPL - Migliore garanzia<\/p>","protected":false},"featured_media":11093,"comment_status":"open","ping_status":"closed","template":"","meta":[],"product_brand":[],"product_cat":[129,126],"product_tag":[],"class_list":{"0":"post-11094","1":"product","2":"type-product","3":"status-publish","4":"has-post-thumbnail","6":"product_cat-briggs-and-stratton-commercial-generators","7":"product_cat-commercial-generators","9":"first","10":"instock","11":"taxable","12":"shipping-taxable","13":"purchasable","14":"product-type-simple"},"jetpack-related-posts":[],"jetpack_sharing_enabled":true,"_links":{"self":[{"href":"https:\/\/bootsshopbodensee.com\/it\/wp-json\/wp\/v2\/product\/11094","targetHints":{"allow":["GET"]}}],"collection":[{"href":"https:\/\/bootsshopbodensee.com\/it\/wp-json\/wp\/v2\/product"}],"about":[{"href":"https:\/\/bootsshopbodensee.com\/it\/wp-json\/wp\/v2\/types\/product"}],"replies":[{"embeddable":true,"href":"https:\/\/bootsshopbodensee.com\/it\/wp-json\/wp\/v2\/comments?post=11094"}],"wp:featuredmedia":[{"embeddable":true,"href":"https:\/\/bootsshopbodensee.com\/it\/wp-json\/wp\/v2\/media\/11093"}],"wp:attachment":[{"href":"https:\/\/bootsshopbodensee.com\/it\/wp-json\/wp\/v2\/media?parent=11094"}],"wp:term":[{"taxonomy":"product_brand","embeddable":true,"href":"https:\/\/bootsshopbodensee.com\/it\/wp-json\/wp\/v2\/product_brand?post=11094"},{"taxonomy":"product_cat","embeddable":true,"href":"https:\/\/bootsshopbodensee.com\/it\/wp-json\/wp\/v2\/product_cat?post=11094"},{"taxonomy":"product_tag","embeddable":true,"href":"https:\/\/bootsshopbodensee.com\/it\/wp-json\/wp\/v2\/product_tag?post=11094"}],"curies":[{"name":"wp","href":"https:\/\/api.w.org\/{rel}","templated":true}]}}