{"id":10883,"date":"2026-03-03T09:53:56","date_gmt":"2026-03-03T09:53:56","guid":{"rendered":"https:\/\/bootsshopbodensee.com\/shop\/cummins-rs25-25kw-generator-120-240v-3-phase-quietconnect-series\/"},"modified":"2026-04-03T09:11:51","modified_gmt":"2026-04-03T09:11:51","slug":"generatore-cummins-da-25-kw-serie-quiet-connect-rs25-120-240-volt-trifase","status":"publish","type":"product","link":"https:\/\/bootsshopbodensee.com\/it\/shop\/cummins-25kw-generator-quiet-connect-series-rs25-120-240-volts-3-phase\/","title":{"rendered":"Generatore Cummins da 25 kW serie Quiet Connect RS25 120\/240 Volt trifase | RS25\/A051Y400"},"content":{"rendered":"<h2 data-start=\"410\" data-end=\"482\"><strong>Generatore Cummins da 25 kW serie Quiet Connect RS25 120\/240 Volt trifase<\/strong><\/h2>\n<p data-start=\"484\" data-end=\"867\">IL <strong data-start=\"488\" data-end=\"562\">Generatore Cummins da 25 kW serie Quiet Connect RS25 120\/240 Volt trifase<\/strong> \u00c8 progettato per fornire un&#039;alimentazione di emergenza affidabile in ambienti residenziali, commerciali e industriali leggeri esigenti. Costruito attorno a un robusto motore Cummins da 2,4 litri che gira a 1800 giri\/minuto, questo generatore offre un&#039;uscita trifase stabile, bassa rumorosit\u00e0 di funzionamento e prestazioni affidabili a basse temperature fino a -40 \u00b0F (-40 \u00b0C).<\/p>\n<p data-start=\"869\" data-end=\"1215\">Per i proprietari di immobili che necessitano di un&#039;alimentazione trifase pulita a 120\/240 volt con controlli digitali avanzati e comprovata affidabilit\u00e0, l&#039;RS25 si distingue nella gamma 20-29 kW. Che si tratti di alimentare sistemi aziendali critici, carichi HVAC o attivit\u00e0 agricole, questo generatore di emergenza da 25 kW offre una regolazione della tensione costante e una diagnostica all&#039;avanguardia.<\/p>\n<hr data-start=\"1217\" data-end=\"1220\" \/>\n<h2 data-start=\"1222\" data-end=\"1304\">Generatore Cummins Quiet Connect Series da 25 kW RS25 120\/240 Volt trifase - Panoramica<\/h2>\n<p data-start=\"1306\" data-end=\"1557\">Il modello RS25\/A051Y400 fa parte della rinomata serie Quiet Connect. \u00c8 certificato UL-2200 e EPA per applicazioni fisse di emergenza. Progettato per il funzionamento automatico, si integra perfettamente con un interruttore di trasferimento automatico esterno.<\/p>\n<p data-start=\"1559\" data-end=\"1578\">Specifiche principali:<\/p>\n<ul data-start=\"1580\" data-end=\"1893\">\n<li data-start=\"1580\" data-end=\"1602\">\n<p data-start=\"1582\" data-end=\"1602\">Potenza nominale: 25 kW<\/p>\n<\/li>\n<li data-start=\"1603\" data-end=\"1637\">\n<p data-start=\"1605\" data-end=\"1637\">Tensione: 120\/240 Volt trifase<\/p>\n<\/li>\n<li data-start=\"1638\" data-end=\"1663\">\n<p data-start=\"1640\" data-end=\"1663\">Corrente nominale: 75,2 Ampere<\/p>\n<\/li>\n<li data-start=\"1664\" data-end=\"1706\">\n<p data-start=\"1666\" data-end=\"1706\">Motore: Cummins a 4 cilindri in linea da 2,4 litri<\/p>\n<\/li>\n<li data-start=\"1707\" data-end=\"1726\">\n<p data-start=\"1709\" data-end=\"1726\">Velocit\u00e0: 1800 giri al minuto<\/p>\n<\/li>\n<li data-start=\"1727\" data-end=\"1747\">\n<p data-start=\"1729\" data-end=\"1747\">Frequenza: 60 Hz<\/p>\n<\/li>\n<li data-start=\"1748\" data-end=\"1771\">\n<p data-start=\"1750\" data-end=\"1771\">Livello sonoro: 69 dBA<\/p>\n<\/li>\n<li data-start=\"1772\" data-end=\"1809\">\n<p data-start=\"1774\" data-end=\"1809\">Tipo di combustibile: Gas naturale o propano<\/p>\n<\/li>\n<li data-start=\"1810\" data-end=\"1847\">\n<p data-start=\"1812\" data-end=\"1847\">Contenitore: Alluminio Livello di rumorosit\u00e0 1<\/p>\n<\/li>\n<li data-start=\"1848\" data-end=\"1893\">\n<p data-start=\"1850\" data-end=\"1893\">Garanzia: Garanzia limitata Cummins di 2 anni<\/p>\n<\/li>\n<\/ul>\n<p data-start=\"1895\" data-end=\"2004\">Questo modello \u00e8 prodotto negli Stati Uniti ed \u00e8 progettato per una lunga durata in condizioni di standby continuo.<\/p>\n<hr data-start=\"2006\" data-end=\"2009\" \/>\n<h2 data-start=\"2011\" data-end=\"2072\">Motore e prestazioni: affidabilit\u00e0 a 1800 giri\/minuto con raffreddamento a liquido.<\/h2>\n<p data-start=\"2074\" data-end=\"2218\">Il cuore del generatore Cummins Quiet Connect Series RS25 da 25 kW, 120\/240 Volt trifase, \u00e8 un motore a 4 cilindri in linea da 2,4 litri raffreddato a liquido.<\/p>\n<p data-start=\"2220\" data-end=\"2241\">Perch\u00e9 1800 giri al minuto sono importanti:<\/p>\n<ul data-start=\"2243\" data-end=\"2368\">\n<li data-start=\"2243\" data-end=\"2284\">\n<p data-start=\"2245\" data-end=\"2284\">Minore usura rispetto alle unit\u00e0 da 3600 giri\/minuto<\/p>\n<\/li>\n<li data-start=\"2285\" data-end=\"2306\">\n<p data-start=\"2287\" data-end=\"2306\">Funzionamento pi\u00f9 silenzioso<\/p>\n<\/li>\n<li data-start=\"2307\" data-end=\"2339\">\n<p data-start=\"2309\" data-end=\"2339\">Intervalli di manutenzione pi\u00f9 lunghi<\/p>\n<\/li>\n<li data-start=\"2340\" data-end=\"2368\">\n<p data-start=\"2342\" data-end=\"2368\">Maggiore efficienza del carburante<\/p>\n<\/li>\n<\/ul>\n<p data-start=\"2370\" data-end=\"2598\">La struttura in ghisa aumenta la durata, soprattutto in ambienti di standby commerciali. Grazie alla regolazione automatica della tensione \u00b11,0%, i dispositivi elettronici sensibili e i sistemi di controllo industriale rimangono protetti durante le interruzioni di corrente.<\/p>\n<p data-start=\"2600\" data-end=\"2663\">Un altro punto di forza \u00e8 la flessibilit\u00e0 del carburante. Il generatore pu\u00f2 funzionare con:<\/p>\n<ul data-start=\"2665\" data-end=\"2705\">\n<li data-start=\"2665\" data-end=\"2683\">\n<p data-start=\"2667\" data-end=\"2683\">Gas naturale (GN)<\/p>\n<\/li>\n<li data-start=\"2684\" data-end=\"2705\">\n<p data-start=\"2686\" data-end=\"2705\">Propano liquido (GPL)<\/p>\n<\/li>\n<\/ul>\n<p data-start=\"2707\" data-end=\"2764\">La selezione del carburante \u00e8 configurabile sul campo durante l&#039;installazione.<\/p>\n<hr data-start=\"2766\" data-end=\"2769\" \/>\n<h2 data-start=\"2771\" data-end=\"2808\">Uscita di alimentazione trifase a 120\/240 Volt<\/h2>\n<p data-start=\"2810\" data-end=\"2890\">L&#039;RS25 eroga fino a 75,2 ampere a 120\/240 volt trifase, risultando ideale per:<\/p>\n<ul data-start=\"2892\" data-end=\"3055\">\n<li data-start=\"2892\" data-end=\"2922\">\n<p data-start=\"2894\" data-end=\"2922\">piccoli edifici commerciali<\/p>\n<\/li>\n<li data-start=\"2923\" data-end=\"2949\">\n<p data-start=\"2925\" data-end=\"2949\">attrezzature agricole<\/p>\n<\/li>\n<li data-start=\"2950\" data-end=\"2987\">\n<p data-start=\"2952\" data-end=\"2987\">Immobili residenziali plurifamiliari<\/p>\n<\/li>\n<li data-start=\"2988\" data-end=\"3021\">\n<p data-start=\"2990\" data-end=\"3021\">Officine con motori trifase<\/p>\n<\/li>\n<li data-start=\"3022\" data-end=\"3055\">\n<p data-start=\"3024\" data-end=\"3055\">Applicazioni industriali leggere<\/p>\n<\/li>\n<\/ul>\n<p data-start=\"3057\" data-end=\"3117\">Rispetto ai generatori monofase, l&#039;alimentazione trifase offre:<\/p>\n<ul data-start=\"3119\" data-end=\"3223\">\n<li data-start=\"3119\" data-end=\"3153\">\n<p data-start=\"3121\" data-end=\"3153\">Funzionamento del motore pi\u00f9 efficiente<\/p>\n<\/li>\n<li data-start=\"3154\" data-end=\"3184\">\n<p data-start=\"3156\" data-end=\"3184\">Distribuzione bilanciata del carico<\/p>\n<\/li>\n<li data-start=\"3185\" data-end=\"3223\">\n<p data-start=\"3187\" data-end=\"3223\">Riduzione della caduta di tensione sulla distanza<\/p>\n<\/li>\n<\/ul>\n<p data-start=\"3225\" data-end=\"3328\">Se la vostra struttura utilizza sistemi HVAC trifase o macchinari commerciali, questa configurazione \u00e8 fondamentale.<\/p>\n<p data-start=\"3330\" data-end=\"3576\">Per applicazioni ad alta tensione come i sistemi 277\/480V, considerare il <strong data-start=\"3401\" data-end=\"3575\"><a class=\"decorated-link\" href=\"https:\/\/bootsshopbodensee.com\/it\/shop\/cummins-rs125-quiet-connect-125kw-generator-277-480-volts-3-phase\/\" target=\"_new\" rel=\"noopener\" data-start=\"3403\" data-end=\"3573\">Generatore Cummins RS125 Quiet Connect da 125 kW, trifase, 277\/480 Volt.<\/a><\/strong>.<\/p>\n<hr data-start=\"3578\" data-end=\"3581\" \/>\n<h2 data-start=\"3583\" data-end=\"3632\">Tecnologia Quiet Connect e attenuazione del suono<\/h2>\n<p data-start=\"3634\" data-end=\"3737\">Il controllo del rumore viene spesso trascurato nella scelta di un generatore di emergenza. L&#039;RS25 opera a soli 69 dBA.<\/p>\n<p data-start=\"3739\" data-end=\"3785\">Il contenitore in alluminio di livello sonoro 1 offre:<\/p>\n<ul data-start=\"3787\" data-end=\"3931\">\n<li data-start=\"3787\" data-end=\"3811\">\n<p data-start=\"3789\" data-end=\"3811\">Resistenza alla corrosione<\/p>\n<\/li>\n<li data-start=\"3812\" data-end=\"3856\">\n<p data-start=\"3814\" data-end=\"3856\">Conformit\u00e0 al carico del vento di 180 MPH (ASCE 7-10)<\/p>\n<\/li>\n<li data-start=\"3857\" data-end=\"3900\">\n<p data-start=\"3859\" data-end=\"3900\">Facile accesso per la manutenzione tramite sportelli rimovibili<\/p>\n<\/li>\n<li data-start=\"3901\" data-end=\"3931\">\n<p data-start=\"3903\" data-end=\"3931\">Soppressione del rumore migliorata<\/p>\n<\/li>\n<\/ul>\n<p data-start=\"3933\" data-end=\"4041\">Nei quartieri residenziali o nelle zone commerciali soggette a restrizioni sul rumore, questo basso valore in dBA rappresenta un grande vantaggio.<\/p>\n<hr data-start=\"4043\" data-end=\"4046\" \/>\n<h2 data-start=\"4048\" data-end=\"4090\">Sistema di controllo digitale PowerCommand 1.1<\/h2>\n<p data-start=\"4092\" data-end=\"4179\">Il sistema di controllo integrato PowerCommand 1.1 include un display LED retroilluminato da 128 x 64 pixel.<\/p>\n<p data-start=\"4181\" data-end=\"4198\">Le caratteristiche includono:<\/p>\n<ul data-start=\"4200\" data-end=\"4418\">\n<li data-start=\"4200\" data-end=\"4232\">\n<p data-start=\"4202\" data-end=\"4232\">Funzione di avvio\/arresto a distanza<\/p>\n<\/li>\n<li data-start=\"4233\" data-end=\"4261\">\n<p data-start=\"4235\" data-end=\"4261\">Spegnimento automatico in caso di guasto<\/p>\n<\/li>\n<li data-start=\"4262\" data-end=\"4308\">\n<p data-start=\"4264\" data-end=\"4308\">Monitoraggio in tempo reale di tensione e frequenza<\/p>\n<\/li>\n<li data-start=\"4309\" data-end=\"4329\">\n<p data-start=\"4311\" data-end=\"4329\">Autodiagnosi<\/p>\n<\/li>\n<li data-start=\"4330\" data-end=\"4358\">\n<p data-start=\"4332\" data-end=\"4358\">Visualizzazione di allarmi e stato<\/p>\n<\/li>\n<li data-start=\"4359\" data-end=\"4418\">\n<p data-start=\"4361\" data-end=\"4418\">Conformit\u00e0 alla norma NFPA 110 Livello 1 (con gli accessori richiesti)<\/p>\n<\/li>\n<\/ul>\n<p data-start=\"4420\" data-end=\"4507\">Questo livello di intelligenza del sistema riduce i tempi di inattivit\u00e0 e semplifica la pianificazione della manutenzione.<\/p>\n<p data-start=\"4509\" data-end=\"4634\">Dal punto di vista dell&#039;assistenza, i componenti Cummins sono progettati per un accesso rapido, riducendo i tempi di manodopera durante le ispezioni di routine.<\/p>\n<hr data-start=\"4636\" data-end=\"4639\" \/>\n<h2 data-start=\"4641\" data-end=\"4682\">Prestazioni a temperature fino a -40 \u00b0F<\/h2>\n<p data-start=\"4684\" data-end=\"4821\">Una delle principali caratteristiche distintive del generatore Cummins Quiet Connect Series RS25 da 25 kW, 120\/240 Volt trifase, \u00e8 la sua capacit\u00e0 di operare in condizioni climatiche estreme.<\/p>\n<p data-start=\"4823\" data-end=\"4858\">Le funzionalit\u00e0 installate in fabbrica includono:<\/p>\n<ul data-start=\"4860\" data-end=\"4950\">\n<li data-start=\"4860\" data-end=\"4878\">\n<p data-start=\"4862\" data-end=\"4878\">Riscaldatore del liquido di raffreddamento<\/p>\n<\/li>\n<li data-start=\"4879\" data-end=\"4904\">\n<p data-start=\"4881\" data-end=\"4904\">Riscaldatore di sfiato del basamento<\/p>\n<\/li>\n<li data-start=\"4905\" data-end=\"4927\">\n<p data-start=\"4907\" data-end=\"4927\">Ampio rack per batterie<\/p>\n<\/li>\n<li data-start=\"4928\" data-end=\"4950\">\n<p data-start=\"4930\" data-end=\"4950\">Tubo flessibile per carburante<\/p>\n<\/li>\n<\/ul>\n<p data-start=\"4952\" data-end=\"5093\">Questa configurazione consente un avviamento affidabile anche a temperature fino a -40 \u00b0F, risultando ideale per i climi settentrionali e le regioni di alta quota.<\/p>\n<hr data-start=\"5095\" data-end=\"5098\" \/>\n<h2 data-start=\"5100\" data-end=\"5153\">Requisiti di installazione e consigli pratici per la configurazione<\/h2>\n<p data-start=\"5155\" data-end=\"5201\">Prima dell&#039;installazione, tieni presente questi passaggi fondamentali:<\/p>\n<ol data-start=\"5203\" data-end=\"5486\">\n<li data-start=\"5203\" data-end=\"5235\">\n<p data-start=\"5206\" data-end=\"5235\">Preparare una base di montaggio orizzontale.<\/p>\n<\/li>\n<li data-start=\"5236\" data-end=\"5295\">\n<p data-start=\"5239\" data-end=\"5295\">Verificare che il dimensionamento della fornitura di gas corrisponda al consumo a pieno carico.<\/p>\n<\/li>\n<li data-start=\"5296\" data-end=\"5356\">\n<p data-start=\"5299\" data-end=\"5356\">Installare un interruttore di trasferimento automatico con una portata adeguata.<\/p>\n<\/li>\n<li data-start=\"5357\" data-end=\"5420\">\n<p data-start=\"5360\" data-end=\"5420\">Verificare la conformit\u00e0 alle normative locali (UL, NFPA, sismiche, emissioni).<\/p>\n<\/li>\n<li data-start=\"5421\" data-end=\"5486\">\n<p data-start=\"5424\" data-end=\"5486\">Eseguire il calcolo del carico per evitare sovradimensionamenti o sottodimensionamenti.<\/p>\n<\/li>\n<\/ol>\n<p data-start=\"5488\" data-end=\"5518\">Consumo di carburante a pieno carico:<\/p>\n<ul data-start=\"5520\" data-end=\"5582\">\n<li data-start=\"5520\" data-end=\"5553\">\n<p data-start=\"5522\" data-end=\"5553\">NG: 309,5 piedi cubi all&#039;ora<\/p>\n<\/li>\n<li data-start=\"5554\" data-end=\"5582\">\n<p data-start=\"5556\" data-end=\"5582\">GPL: 3,5 galloni all&#039;ora<\/p>\n<\/li>\n<\/ul>\n<p data-start=\"5584\" data-end=\"5691\">Si raccomanda vivamente l&#039;installazione da parte di un professionista per garantire la conformit\u00e0 alle normative locali in materia di impianti elettrici e del gas.<\/p>\n<hr data-start=\"5693\" data-end=\"5696\" \/>\n<h2 data-start=\"5698\" data-end=\"5758\">Confronto tra l&#039;RS25 e i modelli Cummins Quiet Connect di dimensioni maggiori<\/h2>\n<p data-start=\"5760\" data-end=\"5862\">Se il vostro impianto richiede una potenza maggiore, confrontate l&#039;RS25 con le unit\u00e0 pi\u00f9 grandi della gamma Quiet Connect:<\/p>\n<ul data-start=\"5864\" data-end=\"6221\">\n<li data-start=\"5864\" data-end=\"6042\">\n<p data-start=\"5866\" data-end=\"6042\"><strong data-start=\"5866\" data-end=\"6040\"><a class=\"decorated-link\" href=\"https:\/\/bootsshopbodensee.com\/it\/shop\/cummins-rs125-quiet-connect-125kw-generator-120-208-volts-3-phase\/\" target=\"_new\" rel=\"noopener\" data-start=\"5868\" data-end=\"6038\">Generatore Cummins RS125 Quiet Connect da 125 kW, 120\/208 Volt trifase<\/a><\/strong><\/p>\n<\/li>\n<li data-start=\"6043\" data-end=\"6221\">\n<p data-start=\"6045\" data-end=\"6221\"><strong data-start=\"6045\" data-end=\"6219\"><a class=\"decorated-link\" href=\"https:\/\/bootsshopbodensee.com\/it\/shop\/cummins-rs125-quiet-connect-125kw-generator-120-240-volts-3-phase\/\" target=\"_new\" rel=\"noopener\" data-start=\"6047\" data-end=\"6217\">Generatore Cummins RS125 Quiet Connect da 125 kW, 120\/240 Volt trifase<\/a><\/strong><\/p>\n<\/li>\n<\/ul>\n<p data-start=\"6223\" data-end=\"6239\">Differenze principali:<\/p>\n<div class=\"TyagGW_tableContainer\">\n<div class=\"group TyagGW_tableWrapper flex flex-col-reverse w-fit\" tabindex=\"-1\">\n<table class=\"w-fit min-w-(--thread-content-width)\" style=\"height: 141px;\" width=\"788\" data-start=\"6241\" data-end=\"6483\">\n<thead data-start=\"6241\" data-end=\"6267\">\n<tr data-start=\"6241\" data-end=\"6267\">\n<th class=\"\" data-start=\"6241\" data-end=\"6251\" data-col-size=\"sm\">Caratteristica<\/th>\n<th class=\"\" data-start=\"6251\" data-end=\"6258\" data-col-size=\"sm\">RS25<\/th>\n<th class=\"\" data-start=\"6258\" data-end=\"6267\" data-col-size=\"sm\">RS125<\/th>\n<\/tr>\n<\/thead>\n<tbody data-start=\"6298\" data-end=\"6483\">\n<tr data-start=\"6298\" data-end=\"6323\">\n<td data-start=\"6298\" data-end=\"6307\" data-col-size=\"sm\">Produzione<\/td>\n<td data-start=\"6307\" data-end=\"6314\" data-col-size=\"sm\">25 kW<\/td>\n<td data-start=\"6314\" data-end=\"6323\" data-col-size=\"sm\">125 kW<\/td>\n<\/tr>\n<tr data-start=\"6324\" data-end=\"6388\">\n<td data-start=\"6324\" data-end=\"6338\" data-col-size=\"sm\">Uso tipico<\/td>\n<td data-start=\"6338\" data-end=\"6357\" data-col-size=\"sm\">Piccola attivit\u00e0 commerciale<\/td>\n<td data-start=\"6357\" data-end=\"6388\" data-col-size=\"sm\">Grandi edifici commerciali\/industriali<\/td>\n<\/tr>\n<tr data-start=\"6389\" data-end=\"6431\">\n<td data-start=\"6389\" data-end=\"6401\" data-col-size=\"sm\">Orma<\/td>\n<td data-start=\"6401\" data-end=\"6411\" data-col-size=\"sm\">Compatto<\/td>\n<td data-start=\"6411\" data-end=\"6431\" data-col-size=\"sm\">Recinto pi\u00f9 grande<\/td>\n<\/tr>\n<tr data-start=\"6432\" data-end=\"6483\">\n<td data-start=\"6432\" data-end=\"6451\" data-col-size=\"sm\">Consumo di carburante<\/td>\n<td data-start=\"6451\" data-end=\"6459\" data-col-size=\"sm\">Inferiore<\/td>\n<td data-start=\"6459\" data-end=\"6483\" data-col-size=\"sm\">Significativamente pi\u00f9 alto<\/td>\n<\/tr>\n<\/tbody>\n<\/table>\n<\/div>\n<\/div>\n<p data-start=\"6485\" data-end=\"6684\">Se gestite un impianto di produzione o un grande data center, la serie RS125 potrebbe essere pi\u00f9 adatta. Per negozi di piccole dimensioni o aziende agricole, la serie RS25 risulta pi\u00f9 efficiente ed economica.<\/p>\n<hr data-start=\"6686\" data-end=\"6689\" \/>\n<h2 data-start=\"6691\" data-end=\"6723\">Conformit\u00e0 e certificazioni<\/h2>\n<p data-start=\"6725\" data-end=\"6767\">Il modello RS25 soddisfa i principali standard normativi:<\/p>\n<ul data-start=\"6769\" data-end=\"6874\">\n<li data-start=\"6769\" data-end=\"6780\">\n<p data-start=\"6771\" data-end=\"6780\">UL-2200<\/p>\n<\/li>\n<li data-start=\"6781\" data-end=\"6817\">\n<p data-start=\"6783\" data-end=\"6817\">EPA 40CFR60 Documentazione di emergenza<\/p>\n<\/li>\n<li data-start=\"6818\" data-end=\"6833\">\n<p data-start=\"6820\" data-end=\"6833\">IBC sismico<\/p>\n<\/li>\n<li data-start=\"6834\" data-end=\"6874\">\n<p data-start=\"6836\" data-end=\"6874\">NFPA 110 (con accessori opzionali)<\/p>\n<\/li>\n<\/ul>\n<p data-start=\"6876\" data-end=\"6958\">Queste certificazioni sono fondamentali per l&#039;approvazione da parte delle compagnie assicurative e per i permessi comunali.<\/p>\n<hr data-start=\"6960\" data-end=\"6963\" \/>\n<h2 data-start=\"6965\" data-end=\"6998\">Esempio di applicazione pratica<\/h2>\n<p data-start=\"7000\" data-end=\"7168\">Un centro regionale di distribuzione alimentare necessitava di un sistema di alimentazione di emergenza per i compressori di refrigerazione e i sistemi informatici per ufficio. Il carico totale calcolato era di 19,5 kW con motori trifase.<\/p>\n<p data-start=\"7170\" data-end=\"7273\">Scegliendo il generatore Cummins Quiet Connect Series RS25 da 25 kW, 120\/240 Volt trifase, hanno ottenuto:<\/p>\n<ul data-start=\"7275\" data-end=\"7419\">\n<li data-start=\"7275\" data-end=\"7304\">\n<p data-start=\"7277\" data-end=\"7304\">Margine di sicurezza adeguato per l&#039;avvio dell&#039;attivit\u00e0<\/p>\n<\/li>\n<li data-start=\"7305\" data-end=\"7339\">\n<p data-start=\"7307\" data-end=\"7339\">Supporto bilanciato per motore trifase<\/p>\n<\/li>\n<li data-start=\"7340\" data-end=\"7372\">\n<p data-start=\"7342\" data-end=\"7372\">Operazione in un quartiere tranquillo<\/p>\n<\/li>\n<li data-start=\"7373\" data-end=\"7419\">\n<p data-start=\"7375\" data-end=\"7419\">Manutenzione ridotta grazie al motore a 1800 giri\/minuto.<\/p>\n<\/li>\n<\/ul>\n<p data-start=\"7421\" data-end=\"7487\">Questo \u00e8 un esempio da manuale di corretto dimensionamento del carico e di adattamento del sistema.<\/p>\n<hr data-start=\"7489\" data-end=\"7492\" \/>\n<h2 data-start=\"7494\" data-end=\"7530\">Intervalli di manutenzione e assistenza<\/h2>\n<p data-start=\"7532\" data-end=\"7561\">La manutenzione ordinaria comprende:<\/p>\n<ul data-start=\"7563\" data-end=\"7694\">\n<li data-start=\"7563\" data-end=\"7589\">\n<p data-start=\"7565\" data-end=\"7589\">Cambio olio e filtro<\/p>\n<\/li>\n<li data-start=\"7590\" data-end=\"7612\">\n<p data-start=\"7592\" data-end=\"7612\">Ispezione del liquido di raffreddamento<\/p>\n<\/li>\n<li data-start=\"7613\" data-end=\"7631\">\n<p data-start=\"7615\" data-end=\"7631\">Controllo della batteria<\/p>\n<\/li>\n<li data-start=\"7632\" data-end=\"7663\">\n<p data-start=\"7634\" data-end=\"7663\">Verifica del ciclo di esercizio<\/p>\n<\/li>\n<li data-start=\"7664\" data-end=\"7694\">\n<p data-start=\"7666\" data-end=\"7694\">Diagnostica del sistema di controllo<\/p>\n<\/li>\n<\/ul>\n<p data-start=\"7696\" data-end=\"7830\">La modalit\u00e0 di allenamento flessibile consente corse di soli 2 minuti ogni 6 mesi, riducendo i tempi di allenamento non necessari e mantenendo al contempo la forma fisica.<\/p>\n<hr data-start=\"7832\" data-end=\"7835\" \/>\n<h3 data-start=\"7837\" data-end=\"7937\"><strong>Conclusione: perch\u00e9 scegliere il generatore Cummins Quiet Connect Series RS25 da 25 kW, 120\/240 Volt trifase?<\/strong><\/h3>\n<p data-start=\"7939\" data-end=\"8251\">Il Cummins 25kW <a href=\"https:\/\/en.wikipedia.org\/wiki\/Generator\" target=\"_blank\" rel=\"noopener\">Generatore<\/a> Il generatore Quiet Connect Series RS25 120\/240 Volt trifase offre una combinazione equilibrata di robustezza, bassa rumorosit\u00e0, controlli avanzati e flessibilit\u00e0 di alimentazione. Il suo motore raffreddato a liquido da 1800 giri\/min garantisce una lunga durata, mentre l&#039;integrazione digitale PowerCommand offre una protezione intelligente in modalit\u00e0 standby.<\/p>\n<p data-start=\"8253\" data-end=\"8426\">Per le piccole attivit\u00e0 commerciali, le strutture agricole e gli edifici multi-inquilino che necessitano di un&#039;alimentazione trifase stabile, questo modello rappresenta un investimento affidabile a lungo termine.<\/p>\n<hr data-start=\"8428\" data-end=\"8431\" \/>\n<h1 data-start=\"8433\" data-end=\"8467\"><\/h1>\n<p data-start=\"8469\" data-end=\"8596\"><strong data-start=\"8469\" data-end=\"8534\">1. Qual \u00e8 la tensione erogata dal generatore Cummins RS25 da 25 kW?<\/strong><br data-start=\"8534\" data-end=\"8537\" \/>Fornisce alimentazione trifase a 120\/240 volt con una corrente fino a 75,2 ampere.<\/p>\n<p data-start=\"8598\" data-end=\"8726\"><strong data-start=\"8598\" data-end=\"8645\">2. L&#039;RS25 \u00e8 adatto all&#039;uso commerciale?<\/strong><br data-start=\"8645\" data-end=\"8648\" \/>S\u00ec. \u00c8 progettato per applicazioni di backup in ambito residenziale e commerciale leggero.<\/p>\n<p data-start=\"8728\" data-end=\"8854\"><strong data-start=\"8728\" data-end=\"8766\">3. Pu\u00f2 funzionare a temperature estremamente basse?<\/strong><br data-start=\"8766\" data-end=\"8769\" \/>S\u00ec. Si avvia senza problemi anche a temperature fino a -40 \u00b0F grazie ai riscaldatori installati in fabbrica.<\/p>\n<p data-start=\"8856\" data-end=\"8969\"><strong data-start=\"8856\" data-end=\"8893\">4. Quali tipi di carburante sono supportati?<\/strong><br data-start=\"8893\" data-end=\"8896\" \/>Gas naturale e propano. La selezione viene configurata in fase di installazione.<\/p>\n<p data-start=\"8971\" data-end=\"9029\"><strong data-start=\"8971\" data-end=\"8994\">5. \u00c8 certificato UL?<\/strong><br data-start=\"8994\" data-end=\"8997\" \/>S\u00ec. \u00c8 conforme agli standard UL-2200.<\/p>\n<p data-start=\"9031\" data-end=\"9103\"><strong data-start=\"9031\" data-end=\"9064\">6. Quanto \u00e8 rumoroso il generatore?<\/strong><br data-start=\"9064\" data-end=\"9067\" \/>Il suo livello di rumorosit\u00e0 \u00e8 di circa 69 dBA.<\/p>\n<p data-start=\"9105\" data-end=\"9192\"><strong data-start=\"9105\" data-end=\"9146\">7. \u00c8 dotato di un interruttore di trasferimento?<\/strong><br data-start=\"9146\" data-end=\"9149\" \/>No. L&#039;interruttore di trasferimento viene venduto separatamente.<\/p>\n<p data-start=\"9194\" data-end=\"9309\" data-is-last-node=\"\" data-is-only-node=\"\"><strong data-start=\"9194\" data-end=\"9236\">8. Che tipo di garanzia offre Cummins?<\/strong><br data-start=\"9236\" data-end=\"9239\" \/>\u00c8 inclusa una garanzia limitata di 2 anni per uso domestico e commerciale.<\/p>","protected":false},"excerpt":{"rendered":"<p>Generatore Cummins da 25 kW serie Quiet Connect RS25 120\/240 Volt trifase<\/p>","protected":false},"featured_media":10881,"comment_status":"open","ping_status":"closed","template":"","meta":[],"product_brand":[],"product_cat":[126,127],"product_tag":[],"class_list":{"0":"post-10883","1":"product","2":"type-product","3":"status-publish","4":"has-post-thumbnail","6":"product_cat-commercial-generators","7":"product_cat-cummins-commercial-generators","9":"first","10":"instock","11":"taxable","12":"shipping-taxable","13":"purchasable","14":"product-type-simple"},"jetpack-related-posts":[],"jetpack_sharing_enabled":true,"_links":{"self":[{"href":"https:\/\/bootsshopbodensee.com\/it\/wp-json\/wp\/v2\/product\/10883","targetHints":{"allow":["GET"]}}],"collection":[{"href":"https:\/\/bootsshopbodensee.com\/it\/wp-json\/wp\/v2\/product"}],"about":[{"href":"https:\/\/bootsshopbodensee.com\/it\/wp-json\/wp\/v2\/types\/product"}],"replies":[{"embeddable":true,"href":"https:\/\/bootsshopbodensee.com\/it\/wp-json\/wp\/v2\/comments?post=10883"}],"wp:featuredmedia":[{"embeddable":true,"href":"https:\/\/bootsshopbodensee.com\/it\/wp-json\/wp\/v2\/media\/10881"}],"wp:attachment":[{"href":"https:\/\/bootsshopbodensee.com\/it\/wp-json\/wp\/v2\/media?parent=10883"}],"wp:term":[{"taxonomy":"product_brand","embeddable":true,"href":"https:\/\/bootsshopbodensee.com\/it\/wp-json\/wp\/v2\/product_brand?post=10883"},{"taxonomy":"product_cat","embeddable":true,"href":"https:\/\/bootsshopbodensee.com\/it\/wp-json\/wp\/v2\/product_cat?post=10883"},{"taxonomy":"product_tag","embeddable":true,"href":"https:\/\/bootsshopbodensee.com\/it\/wp-json\/wp\/v2\/product_tag?post=10883"}],"curies":[{"name":"wp","href":"https:\/\/api.w.org\/{rel}","templated":true}]}}