{"id":10408,"date":"2026-02-26T06:43:53","date_gmt":"2026-02-26T06:43:53","guid":{"rendered":"https:\/\/bootsshopbodensee.com\/shop\/ctm-ct-6hs-6000-btu-marine-air-conditioner-230v-50-60hz-w-soft-start\/"},"modified":"2026-04-10T04:54:58","modified_gmt":"2026-04-10T04:54:58","slug":"ctm-ct-6hs-condizionatore-daria-marino-6000-btu-230v-con-avvio-graduale","status":"publish","type":"product","link":"https:\/\/bootsshopbodensee.com\/it\/shop\/ctm-ct-6hs-6000-btu-marine-air-conditioner-230v-w-soft-start\/","title":{"rendered":"CTM CT-6HS \u2013 Condizionatore d&#039;aria marino da 6000 BTU 230 V con avvio graduale"},"content":{"rendered":"<h2 data-start=\"723\" data-end=\"799\"><strong>CTM CT-6HS \u2013 Condizionatore d&#039;aria marino da 6000 BTU 230 V con avvio graduale<\/strong><\/h2>\n<p data-start=\"801\" data-end=\"1240\">Quando si tratta di comfort a bordo, il condizionatore d&#039;aria marino CTM CT-6HS da 6000 BTU a 230 V con avvio graduale stabilisce un nuovo standard in termini di efficienza, affidabilit\u00e0 e prestazioni durature. Progettato specificamente per i diportisti che richiedono un raffreddamento silenzioso e potente e un riscaldamento versatile, questo condizionatore d&#039;aria marino combina ingegneria avanzata con materiali resistenti alla corrosione per garantire il massimo comfort alla vostra imbarcazione in qualsiasi ambiente.<\/p>\n<p data-start=\"1242\" data-end=\"1597\">Questa unit\u00e0 autonoma \u00e8 ideale sia per nuove installazioni che per sostituzioni immediate di climatizzatori per uso nautico delle principali marche come Dometic, Cruisair, Marine Air e Webasto. Con serpentine in titanio, componenti in acciaio inossidabile e un sistema di avviamento graduale standard del settore, il CTM CT-6HS \u00e8 progettato per resistere alle condizioni marine pi\u00f9 difficili, riducendo al minimo il consumo di energia.<\/p>\n<hr data-start=\"1599\" data-end=\"1602\" \/>\n<h2 data-start=\"1604\" data-end=\"1660\">Caratteristiche principali del condizionatore d&#039;aria marino CTM CT-6HS<\/h2>\n<ul data-start=\"1662\" data-end=\"2210\">\n<li data-start=\"1662\" data-end=\"1697\">\n<p data-start=\"1664\" data-end=\"1697\"><strong data-start=\"1664\" data-end=\"1677\">Capacit\u00e0:<\/strong> Raffreddamento da 6.000 BTU<\/p>\n<\/li>\n<li data-start=\"1698\" data-end=\"1743\">\n<p data-start=\"1700\" data-end=\"1743\"><strong data-start=\"1700\" data-end=\"1712\">voltaggio:<\/strong> 230V, 50\/60Hz doppia frequenza<\/p>\n<\/li>\n<li data-start=\"1744\" data-end=\"1775\">\n<p data-start=\"1746\" data-end=\"1775\"><strong data-start=\"1746\" data-end=\"1767\">Tipo di refrigerante:<\/strong> R410A<\/p>\n<\/li>\n<li data-start=\"1776\" data-end=\"1851\">\n<p data-start=\"1778\" data-end=\"1851\"><strong data-start=\"1778\" data-end=\"1804\">Riscaldamento a ciclo inverso:<\/strong> Passare dal raffreddamento al riscaldamento a seconda delle necessit\u00e0<\/p>\n<\/li>\n<li data-start=\"1852\" data-end=\"1967\">\n<p data-start=\"1854\" data-end=\"1967\"><strong data-start=\"1854\" data-end=\"1880\">Tecnologia Soft Start:<\/strong> Riduce la corrente di avviamento fino a 75%, ideale per generatori o fonti di energia limitate<\/p>\n<\/li>\n<li data-start=\"1968\" data-end=\"2055\">\n<p data-start=\"1970\" data-end=\"2055\"><strong data-start=\"1970\" data-end=\"1995\">Costruzione durevole:<\/strong> Bobine in titanio, bulloni in acciaio inossidabile, padella strutturale in ABS<\/p>\n<\/li>\n<li data-start=\"2056\" data-end=\"2141\">\n<p data-start=\"2058\" data-end=\"2141\"><strong data-start=\"2058\" data-end=\"2078\">Funzionamento silenzioso:<\/strong> Il ventilatore ad alta velocit\u00e0 garantisce un raffreddamento rapido con il minimo rumore<\/p>\n<\/li>\n<li data-start=\"2142\" data-end=\"2210\">\n<p data-start=\"2144\" data-end=\"2210\"><strong data-start=\"2144\" data-end=\"2164\">Garanzia di 2 anni:<\/strong> Tranquillit\u00e0 con copertura ricambi e manodopera<\/p>\n<\/li>\n<\/ul>\n<hr data-start=\"2212\" data-end=\"2215\" \/>\n<h2 data-start=\"2217\" data-end=\"2245\">Perch\u00e9 CTM CT-6HS si distingue<\/h2>\n<p data-start=\"2247\" data-end=\"2375\">A differenza di molti condizionatori marini, il <strong data-start=\"2288\" data-end=\"2302\">Modello CTM CT-6HS<\/strong> si concentra sulle prestazioni senza compromessi. Ecco perch\u00e9 \u00e8 la scelta migliore:<\/p>\n<ol data-start=\"2377\" data-end=\"3473\">\n<li data-start=\"2377\" data-end=\"2668\">\n<p data-start=\"2380\" data-end=\"2536\"><strong data-start=\"2380\" data-end=\"2404\">Vantaggio dell&#039;avvio graduale<\/strong><br data-start=\"2404\" data-end=\"2407\" \/>Il sistema di avviamento graduale accelera il compressore in quattro fasi, riducendo significativamente l&#039;assorbimento di potenza iniziale. Ci\u00f2 consente di:<\/p>\n<ul data-start=\"2540\" data-end=\"2668\">\n<li data-start=\"2540\" data-end=\"2573\">\n<p data-start=\"2542\" data-end=\"2573\">Funziona con generatori pi\u00f9 piccoli<\/p>\n<\/li>\n<li data-start=\"2577\" data-end=\"2619\">\n<p data-start=\"2579\" data-end=\"2619\">Esegui pi\u00f9 elettrodomestici contemporaneamente<\/p>\n<\/li>\n<li data-start=\"2623\" data-end=\"2668\">\n<p data-start=\"2625\" data-end=\"2668\">Dormire comodamente senza il rumore del generatore<\/p>\n<\/li>\n<\/ul>\n<\/li>\n<li data-start=\"2670\" data-end=\"2953\">\n<p data-start=\"2673\" data-end=\"2953\"><strong data-start=\"2673\" data-end=\"2703\">Design resistente alla corrosione<\/strong><br data-start=\"2703\" data-end=\"2706\" \/>Le serpentine circolanti in titanio superano quelle in rame di 40% in termini di resistenza alla corrosione, rendendole perfette per gli ambienti con acqua salata. Il telaio in acciaio inossidabile e la vasca in ABS ne migliorano ulteriormente la durata, prevenendo la ruggine e il degrado strutturale nel tempo.<\/p>\n<\/li>\n<li data-start=\"2955\" data-end=\"3251\">\n<p data-start=\"2958\" data-end=\"3081\"><strong data-start=\"2958\" data-end=\"2985\">Compatibilit\u00e0 universale<\/strong><br data-start=\"2985\" data-end=\"2988\" \/>Il CTM CT-6HS funziona perfettamente con la maggior parte dei termostati e dei controller marini, tra cui:<\/p>\n<ul data-start=\"3085\" data-end=\"3251\">\n<li data-start=\"3085\" data-end=\"3096\">\n<p data-start=\"3087\" data-end=\"3096\">Dometic<\/p>\n<\/li>\n<li data-start=\"3100\" data-end=\"3112\">\n<p data-start=\"3102\" data-end=\"3112\">Crociera<\/p>\n<\/li>\n<li data-start=\"3116\" data-end=\"3130\">\n<p data-start=\"3118\" data-end=\"3130\">Aria marina<\/p>\n<\/li>\n<li data-start=\"3134\" data-end=\"3251\">\n<p data-start=\"3136\" data-end=\"3251\">Micro Air<br data-start=\"3145\" data-end=\"3148\" \/>Questa scheda di controllo universale garantisce una facile sostituzione e un retrofitting senza complicati ricablaggi.<\/p>\n<\/li>\n<\/ul>\n<\/li>\n<li data-start=\"3253\" data-end=\"3473\">\n<p data-start=\"3256\" data-end=\"3473\"><strong data-start=\"3256\" data-end=\"3283\">Compatto e leggero<\/strong><br data-start=\"3283\" data-end=\"3286\" \/>Con un peso di soli 19 kg, questa unit\u00e0 si adatta a spazi ridotti senza sacrificare la potenza. La sua ventola rotante ad alta velocit\u00e0 (fino a 250\u00b0) garantisce un raffreddamento rapido e uniforme in tutta la cabina.<\/p>\n<\/li>\n<\/ol>\n<hr data-start=\"3475\" data-end=\"3478\" \/>\n<h2 data-start=\"3480\" data-end=\"3516\">Suggerimenti per l&#039;installazione e la sostituzione<\/h2>\n<p data-start=\"3518\" data-end=\"3629\">Installare o sostituire un condizionatore d&#039;aria marino pu\u00f2 essere complicato, ma il CTM CT-6HS semplifica il processo:<\/p>\n<ul data-start=\"3631\" data-end=\"4065\">\n<li data-start=\"3631\" data-end=\"3762\">\n<p data-start=\"3633\" data-end=\"3762\"><strong data-start=\"3633\" data-end=\"3657\">Sostituzione immediata:<\/strong> Compatibile con i codici articolo di Dometic DTG6, DTU6, Cruisair STQ6, STX6, Marine Air VTD6K e altri.<\/p>\n<\/li>\n<li data-start=\"3763\" data-end=\"3878\">\n<p data-start=\"3765\" data-end=\"3878\"><strong data-start=\"3765\" data-end=\"3792\">Considerazioni sulla canalizzazione:<\/strong> Diametro minimo del condotto 4 pollici \/ 102 mm; fissare con morsetti standard per una tenuta perfetta.<\/p>\n<\/li>\n<li data-start=\"3879\" data-end=\"3963\">\n<p data-start=\"3881\" data-end=\"3963\"><strong data-start=\"3881\" data-end=\"3899\">Pompa per acqua di mare:<\/strong> Si consiglia CTM PM500LH 500 GPH, 230 V per un flusso d&#039;acqua ottimale.<\/p>\n<\/li>\n<li data-start=\"3964\" data-end=\"4065\">\n<p data-start=\"3966\" data-end=\"4065\"><strong data-start=\"3966\" data-end=\"3992\">Compatibilit\u00e0 di controllo:<\/strong> Funziona con i controller Elite II, Smart Touch, Passport I\/O e SMXir.<\/p>\n<\/li>\n<\/ul>\n<p data-start=\"4067\" data-end=\"4195\"><strong data-start=\"4067\" data-end=\"4079\">Consiglio da professionista:<\/strong> Verificare sempre i collegamenti della linea idrica e le dimensioni dei condotti prima di sostituire i modelli pi\u00f9 vecchi per evitare ritardi nell&#039;installazione.<\/p>\n<hr data-start=\"4197\" data-end=\"4200\" \/>\n<h2 data-start=\"4202\" data-end=\"4230\">CTM CT-6HS vs concorrenti<\/h2>\n<div class=\"TyagGW_tableContainer\">\n<div class=\"group TyagGW_tableWrapper flex flex-col-reverse w-fit\" tabindex=\"-1\">\n<table class=\"w-fit min-w-(--thread-content-width)\" style=\"height: 197px;\" width=\"812\" data-start=\"4232\" data-end=\"4651\">\n<thead data-start=\"4232\" data-end=\"4306\">\n<tr data-start=\"4232\" data-end=\"4306\">\n<th class=\"\" data-start=\"4232\" data-end=\"4242\" data-col-size=\"sm\">Caratteristica<\/th>\n<th class=\"\" data-start=\"4242\" data-end=\"4255\" data-col-size=\"sm\">Modello CTM CT-6HS<\/th>\n<th class=\"\" data-start=\"4255\" data-end=\"4270\" data-col-size=\"sm\">Dometic DTG6<\/th>\n<th class=\"\" data-start=\"4270\" data-end=\"4286\" data-col-size=\"sm\">Cruisair STX6<\/th>\n<th class=\"\" data-start=\"4286\" data-end=\"4306\" data-col-size=\"sm\">Aria marina VTD6K<\/th>\n<\/tr>\n<\/thead>\n<tbody data-start=\"4380\" data-end=\"4651\">\n<tr data-start=\"4380\" data-end=\"4448\">\n<td data-start=\"4380\" data-end=\"4399\" data-col-size=\"sm\">Capacit\u00e0 di raffreddamento<\/td>\n<td data-start=\"4399\" data-end=\"4411\" data-col-size=\"sm\">6.000 BTU<\/td>\n<td data-start=\"4411\" data-end=\"4423\" data-col-size=\"sm\">6.000 BTU<\/td>\n<td data-start=\"4423\" data-end=\"4435\" data-col-size=\"sm\">6.000 BTU<\/td>\n<td data-start=\"4435\" data-end=\"4448\" data-col-size=\"sm\">6.000 BTU<\/td>\n<\/tr>\n<tr data-start=\"4449\" data-end=\"4488\">\n<td data-start=\"4449\" data-end=\"4459\" data-col-size=\"sm\">Voltaggio<\/td>\n<td data-start=\"4459\" data-end=\"4466\" data-col-size=\"sm\">230V<\/td>\n<td data-start=\"4466\" data-end=\"4473\" data-col-size=\"sm\">230V<\/td>\n<td data-start=\"4473\" data-end=\"4480\" data-col-size=\"sm\">230V<\/td>\n<td data-start=\"4480\" data-end=\"4488\" data-col-size=\"sm\">230V<\/td>\n<\/tr>\n<tr data-start=\"4489\" data-end=\"4519\">\n<td data-start=\"4489\" data-end=\"4502\" data-col-size=\"sm\">Avvio graduale<\/td>\n<td data-start=\"4502\" data-end=\"4506\" data-col-size=\"sm\">\u2705<\/td>\n<td data-start=\"4506\" data-end=\"4510\" data-col-size=\"sm\">\u274c<\/td>\n<td data-start=\"4510\" data-end=\"4514\" data-col-size=\"sm\">\u274c<\/td>\n<td data-start=\"4514\" data-end=\"4519\" data-col-size=\"sm\">\u274c<\/td>\n<\/tr>\n<tr data-start=\"4520\" data-end=\"4554\">\n<td data-start=\"4520\" data-end=\"4537\" data-col-size=\"sm\">Bobine in titanio<\/td>\n<td data-start=\"4537\" data-end=\"4541\" data-col-size=\"sm\">\u2705<\/td>\n<td data-start=\"4541\" data-end=\"4545\" data-col-size=\"sm\">\u274c<\/td>\n<td data-start=\"4545\" data-end=\"4549\" data-col-size=\"sm\">\u274c<\/td>\n<td data-start=\"4549\" data-end=\"4554\" data-col-size=\"sm\">\u274c<\/td>\n<\/tr>\n<tr data-start=\"4555\" data-end=\"4596\">\n<td data-start=\"4555\" data-end=\"4579\" data-col-size=\"sm\">Riscaldamento a ciclo inverso<\/td>\n<td data-start=\"4579\" data-end=\"4583\" data-col-size=\"sm\">\u2705<\/td>\n<td data-start=\"4583\" data-end=\"4587\" data-col-size=\"sm\">\u2705<\/td>\n<td data-start=\"4587\" data-end=\"4591\" data-col-size=\"sm\">\u2705<\/td>\n<td data-start=\"4591\" data-end=\"4596\" data-col-size=\"sm\">\u2705<\/td>\n<\/tr>\n<tr data-start=\"4597\" data-end=\"4651\">\n<td data-start=\"4597\" data-end=\"4611\" data-col-size=\"sm\">Livello di rumore<\/td>\n<td data-start=\"4611\" data-end=\"4617\" data-col-size=\"sm\">Basso<\/td>\n<td data-start=\"4617\" data-end=\"4628\" data-col-size=\"sm\">Moderare<\/td>\n<td data-start=\"4628\" data-end=\"4639\" data-col-size=\"sm\">Moderare<\/td>\n<td data-start=\"4639\" data-end=\"4651\" data-col-size=\"sm\">Moderare<\/td>\n<\/tr>\n<\/tbody>\n<\/table>\n<\/div>\n<\/div>\n<p data-start=\"4653\" data-end=\"4856\"><strong data-start=\"4653\" data-end=\"4672\">Approfondimento dell&#039;esperto:<\/strong> Il modello CTM CT-6HS garantisce efficienza e longevit\u00e0 superiori grazie ai materiali resistenti alla corrosione e alla tecnologia soft-start, caratteristiche spesso assenti nelle unit\u00e0 Dometic o Cruisair pi\u00f9 vecchie.<\/p>\n<hr data-start=\"4858\" data-end=\"4861\" \/>\n<h2 data-start=\"4863\" data-end=\"4886\">Consigli pratici per l&#039;uso<\/h2>\n<ul data-start=\"4888\" data-end=\"5412\">\n<li data-start=\"4888\" data-end=\"5018\">\n<p data-start=\"4890\" data-end=\"5018\"><strong data-start=\"4890\" data-end=\"4914\">Massimizzare l&#039;efficienza:<\/strong> Attivare la funzione di avvio graduale durante i picchi di utilizzo della potenza per ridurre lo sforzo sul generatore o sulla presa di corrente da terra.<\/p>\n<\/li>\n<li data-start=\"5019\" data-end=\"5147\">\n<p data-start=\"5021\" data-end=\"5147\"><strong data-start=\"5021\" data-end=\"5045\">Manutenzione ordinaria:<\/strong> Ispezionare regolarmente le serpentine in titanio e pulire la presa d&#039;acqua di mare per prevenire la formazione di calcare e mantenere il flusso d&#039;aria.<\/p>\n<\/li>\n<li data-start=\"5148\" data-end=\"5282\">\n<p data-start=\"5150\" data-end=\"5282\"><strong data-start=\"5150\" data-end=\"5176\">Riscaldamento a ciclo inverso:<\/strong> Nei climi pi\u00f9 freddi o durante l&#039;uso notturno, passare al riscaldamento per mantenere il comfort dell&#039;abitacolo senza riscaldatori ausiliari.<\/p>\n<\/li>\n<li data-start=\"5283\" data-end=\"5412\">\n<p data-start=\"5285\" data-end=\"5412\"><strong data-start=\"5285\" data-end=\"5305\">Riduzione del rumore:<\/strong> Assicurarsi che la rotazione del ventilatore non sia ostruita; piccole regolazioni possono migliorare notevolmente il funzionamento silenzioso.<\/p>\n<\/li>\n<\/ul>\n<hr data-start=\"5414\" data-end=\"5417\" \/>\n<h2 data-start=\"5419\" data-end=\"5443\">Raccomandazione dell&#039;esperto<\/h2>\n<p data-start=\"5445\" data-end=\"5737\">Gli appassionati di nautica segnalano costantemente che il CTM CT-6HS \u00e8 la scelta ideale sia per le barche a vela che per quelle a motore che richiedono un sistema di climatizzazione compatto, affidabile e silenzioso. La sua combinazione di tecnologia di avviamento graduale, compatibilit\u00e0 universale e design anticorrosione lo rende un investimento di qualit\u00e0 superiore a lungo termine.<\/p>\n<p data-start=\"5739\" data-end=\"5921\"><strong data-start=\"5739\" data-end=\"5751\">Esempio:<\/strong> Una barca a vela di 40 piedi ha sostituito il suo Dometic DTG6 con un CTM CT-6HS, riducendo il carico elettrico di 30% e mantenendo un raffreddamento costante, anche durante le temperature estive pi\u00f9 elevate.<\/p>\n<hr data-start=\"5923\" data-end=\"5926\" \/>\n<h2 data-start=\"5928\" data-end=\"5956\">Specifiche CTM CT-6HS<\/h2>\n<ul data-start=\"5958\" data-end=\"6438\">\n<li data-start=\"5958\" data-end=\"5985\">\n<p data-start=\"5960\" data-end=\"5985\"><strong data-start=\"5960\" data-end=\"5973\">Capacit\u00e0:<\/strong> 6.000 BTU<\/p>\n<\/li>\n<li data-start=\"5986\" data-end=\"6011\">\n<p data-start=\"5988\" data-end=\"6011\"><strong data-start=\"5988\" data-end=\"6000\">voltaggio:<\/strong> 208\u2013230 V<\/p>\n<\/li>\n<li data-start=\"6012\" data-end=\"6035\">\n<p data-start=\"6014\" data-end=\"6035\"><strong data-start=\"6014\" data-end=\"6024\">Ciclo:<\/strong> 50\/60 Hz<\/p>\n<\/li>\n<li data-start=\"6036\" data-end=\"6094\">\n<p data-start=\"6038\" data-end=\"6094\"><strong data-start=\"6038\" data-end=\"6062\">Consumo di corrente:<\/strong> 2,1 A raffreddamento \/ 2,7 A riscaldamento<\/p>\n<\/li>\n<li data-start=\"6095\" data-end=\"6121\">\n<p data-start=\"6097\" data-end=\"6121\"><strong data-start=\"6097\" data-end=\"6115\">Ampere di avviamento:<\/strong> 7 A<\/p>\n<\/li>\n<li data-start=\"6122\" data-end=\"6153\">\n<p data-start=\"6124\" data-end=\"6153\"><strong data-start=\"6124\" data-end=\"6146\">Amplificatori a rotore bloccato:<\/strong> 35 A<\/p>\n<\/li>\n<li data-start=\"6154\" data-end=\"6187\">\n<p data-start=\"6156\" data-end=\"6187\"><strong data-start=\"6156\" data-end=\"6173\">Fusibile Max\/Min:<\/strong> 15 A \/ 10 A<\/p>\n<\/li>\n<li data-start=\"6188\" data-end=\"6219\">\n<p data-start=\"6190\" data-end=\"6219\"><strong data-start=\"6190\" data-end=\"6209\">Flusso d&#039;aria del ventilatore:<\/strong> 282 piedi cubi al minuto<\/p>\n<\/li>\n<li data-start=\"6220\" data-end=\"6251\">\n<p data-start=\"6222\" data-end=\"6251\"><strong data-start=\"6222\" data-end=\"6239\">Velocit\u00e0 del ventilatore:<\/strong> 2.000 giri\/min<\/p>\n<\/li>\n<li data-start=\"6252\" data-end=\"6302\">\n<p data-start=\"6254\" data-end=\"6302\"><strong data-start=\"6254\" data-end=\"6279\">Soffiatore ad alta velocit\u00e0:<\/strong> S\u00ec, ruotabile &lt;250\u00b0<\/p>\n<\/li>\n<li data-start=\"6303\" data-end=\"6339\">\n<p data-start=\"6305\" data-end=\"6339\"><strong data-start=\"6305\" data-end=\"6324\">Presa d&#039;acqua di mare:<\/strong> 5\/8\u2033 (16 mm)<\/p>\n<\/li>\n<li data-start=\"6340\" data-end=\"6377\">\n<p data-start=\"6342\" data-end=\"6377\"><strong data-start=\"6342\" data-end=\"6367\">Flusso d&#039;acqua consigliato:<\/strong> 250 GPH<\/p>\n<\/li>\n<li data-start=\"6378\" data-end=\"6412\">\n<p data-start=\"6380\" data-end=\"6412\"><strong data-start=\"6380\" data-end=\"6395\">Peso netto:<\/strong> 41 libbre \/ 19 kg<\/p>\n<\/li>\n<li data-start=\"6413\" data-end=\"6438\">\n<p data-start=\"6415\" data-end=\"6438\"><strong data-start=\"6415\" data-end=\"6428\">Garanzia:<\/strong> 2 anni<\/p>\n<\/li>\n<\/ul>\n<hr data-start=\"6440\" data-end=\"6443\" \/>\n<h2 data-start=\"6445\" data-end=\"6486\">Perch\u00e9 scegliere i condizionatori d&#039;aria marini CTM<\/h2>\n<p data-start=\"6488\" data-end=\"6633\">Le unit\u00e0 di climatizzazione nautica CTM coniugano quasi un decennio di esperienza nel settore della climatizzazione nautica negli Stati Uniti con un servizio clienti di prim&#039;ordine. I principali vantaggi includono:<\/p>\n<ul data-start=\"6635\" data-end=\"6909\">\n<li data-start=\"6635\" data-end=\"6682\">\n<p data-start=\"6637\" data-end=\"6682\">Completamente compatibile con i principali controlli marini<\/p>\n<\/li>\n<li data-start=\"6683\" data-end=\"6729\">\n<p data-start=\"6685\" data-end=\"6729\">Installazione rapida come sostituzioni immediate<\/p>\n<\/li>\n<li data-start=\"6730\" data-end=\"6794\">\n<p data-start=\"6732\" data-end=\"6794\">Avviamento graduale per l&#039;efficienza energetica e la compatibilit\u00e0 del generatore<\/p>\n<\/li>\n<li data-start=\"6795\" data-end=\"6844\">\n<p data-start=\"6797\" data-end=\"6844\">Prestazioni silenziose, affidabili e durature<\/p>\n<\/li>\n<li data-start=\"6845\" data-end=\"6909\">\n<p data-start=\"6847\" data-end=\"6909\">Design resistente alla corrosione, progettato per condizioni marine difficili<\/p>\n<\/li>\n<\/ul>\n<p data-start=\"6911\" data-end=\"7013\"><strong data-start=\"6911\" data-end=\"6923\">Consiglio da professionista:<\/strong> Registra il tuo CTM CT-6HS per usufruire della garanzia completa di 2 anni e ricevere assistenza clienti dedicata.<\/p>\n<hr data-start=\"7015\" data-end=\"7018\" \/>\n<h2 data-start=\"7020\" data-end=\"7033\">Conclusione<\/h2>\n<p data-start=\"7035\" data-end=\"7574\">IL <strong data-start=\"7039\" data-end=\"7118\">CTM CT-6HS \u2013 6000 BTU Marino <a href=\"https:\/\/en.wikipedia.org\/wiki\/Air_conditioning\" target=\"_blank\" rel=\"noopener\">Condizionatore d&#039;aria<\/a> \u2013 230 V \u2013 50\/60 Hz con avvio graduale<\/strong> \u00e8 la scelta migliore per i diportisti che cercano affidabilit\u00e0, silenziosit\u00e0 e prestazioni durature. Le sue bobine in titanio resistenti alla corrosione, la tecnologia di avviamento graduale e la compatibilit\u00e0 con i controlli universali lo rendono la migliore sostituzione immediata per i sistemi pi\u00f9 vecchi, offrendo al contempo efficienza e comfort superiori. Che si tratti di installare un nuovo sistema o di aggiornarne uno esistente, il CTM CT-6HS garantisce che l&#039;ambiente marino rimanga fresco, confortevole ed efficiente dal punto di vista energetico.<a href=\"https:\/\/bootsshopbodensee.com\/it\/contattaci\/\"> Contattaci<\/a><\/p>\n<hr data-start=\"7576\" data-end=\"7579\" \/>\n<h3 data-start=\"7581\" data-end=\"7602\"><strong>CTM CT-6HS \u2013 Condizionatore d&#039;aria marino da 6000 BTU 230 V con avvio graduale<\/strong><\/h3>\n<p data-start=\"7604\" data-end=\"7780\"><strong data-start=\"7604\" data-end=\"7611\">D1:<\/strong> Per quali dimensioni di imbarcazione \u00e8 adatto il CTM CT-6HS?<br data-start=\"7658\" data-end=\"7661\" \/><strong data-start=\"7661\" data-end=\"7668\">A1:<\/strong> La capacit\u00e0 di 6.000 BTU \u00e8 ideale per imbarcazioni di piccole e medie dimensioni, tra cui barche a vela e motoscafi fino a 40 piedi.<\/p>\n<p data-start=\"7782\" data-end=\"7938\"><strong data-start=\"7782\" data-end=\"7789\">D2:<\/strong> Il CTM CT-6HS pu\u00f2 sostituire il Dometic DTG6?<br data-start=\"7832\" data-end=\"7835\" \/><strong data-start=\"7835\" data-end=\"7842\">A2:<\/strong> S\u00ec, \u00e8 completamente compatibile con le unit\u00e0 Dometic DTG6, DTU6, Cruisair STX6 e Marine Air VTD6K.<\/p>\n<p data-start=\"7940\" data-end=\"8080\"><strong data-start=\"7940\" data-end=\"7947\">D3:<\/strong> Il CTM CT-6HS \u00e8 dotato di riscaldamento a ciclo inverso?<br data-start=\"7995\" data-end=\"7998\" \/><strong data-start=\"7998\" data-end=\"8005\">A3:<\/strong> S\u00ec, pu\u00f2 fornire sia raffreddamento che riscaldamento, garantendo comfort tutto l&#039;anno.<\/p>\n<p data-start=\"8082\" data-end=\"8279\"><strong data-start=\"8082\" data-end=\"8089\">D4:<\/strong> Cos&#039;\u00e8 il soft start e perch\u00e9 \u00e8 importante?<br data-start=\"8134\" data-end=\"8137\" \/><strong data-start=\"8137\" data-end=\"8144\">A4:<\/strong> L&#039;avvio graduale riduce l&#039;assorbimento di potenza iniziale fino a 75%, consentendo all&#039;unit\u00e0 di funzionare in modo efficiente sui generatori e in situazioni di potenza limitata.<\/p>\n<p data-start=\"8281\" data-end=\"8406\"><strong data-start=\"8281\" data-end=\"8288\">D5:<\/strong> Il CTM CT-6HS \u00e8 silenzioso?<br data-start=\"8313\" data-end=\"8316\" \/><strong data-start=\"8316\" data-end=\"8323\">A5:<\/strong> S\u00ec, il soffiatore ad alta velocit\u00e0 funziona silenziosamente, il che lo rende ideale per l&#039;uso notturno.<\/p>\n<p data-start=\"8408\" data-end=\"8565\"><strong data-start=\"8408\" data-end=\"8415\">D6:<\/strong> Che tipo di bobine utilizza il CTM CT-6HS?<br data-start=\"8459\" data-end=\"8462\" \/><strong data-start=\"8462\" data-end=\"8469\">A6:<\/strong> Utilizza bobine in titanio, altamente resistenti alla corrosione e ideali per gli ambienti marini.<\/p>\n<p data-start=\"8567\" data-end=\"8750\"><strong data-start=\"8567\" data-end=\"8574\">D7:<\/strong> Quale garanzia \u00e8 inclusa nel CTM CT-6HS?<br data-start=\"8615\" data-end=\"8618\" \/><strong data-start=\"8618\" data-end=\"8625\">A7:<\/strong> Le unit\u00e0 registrate sono dotate di una garanzia di 2 anni che copre parti e manodopera per il primo anno e solo parti per il secondo anno.<\/p>\n<p data-start=\"8752\" data-end=\"8957\"><strong data-start=\"8752\" data-end=\"8759\">D8:<\/strong> Posso utilizzare il CTM CT-6HS con i controller Dometic o Cruisair esistenti?<br data-start=\"8831\" data-end=\"8834\" \/><strong data-start=\"8834\" data-end=\"8841\">A8:<\/strong> S\u00ec, \u00e8 compatibile con la maggior parte dei principali controller marini, tra cui Elite II, Smart Touch, Passport I\/O e SMXir.<\/p>","protected":false},"excerpt":{"rendered":"<p>CTM CT-6HS &#8211; 6000 BTU Marine Air Conditioner 230V w\/ Soft Start When it comes to marine comfort, the CTM CT-6HS &#8211; 6000 BTU Marine Air Conditioner 230V w\/ Soft Start\u00a0sets a new standard in efficiency, reliability, and long-lasting performance. Designed specifically for boaters who demand quiet, powerful cooling and versatile heating, this marine air [&#8230;]\n","protected":false},"featured_media":10405,"comment_status":"open","ping_status":"closed","template":"","meta":[],"product_brand":[],"product_cat":[96,97],"product_tag":[],"class_list":{"0":"post-10408","1":"product","2":"type-product","3":"status-publish","4":"has-post-thumbnail","6":"product_cat-marine-air-conditioners","7":"product_cat-self-contained-air-conditioner","9":"first","10":"instock","11":"taxable","12":"shipping-taxable","13":"purchasable","14":"product-type-simple"},"jetpack-related-posts":[],"jetpack_sharing_enabled":true,"_links":{"self":[{"href":"https:\/\/bootsshopbodensee.com\/it\/wp-json\/wp\/v2\/product\/10408","targetHints":{"allow":["GET"]}}],"collection":[{"href":"https:\/\/bootsshopbodensee.com\/it\/wp-json\/wp\/v2\/product"}],"about":[{"href":"https:\/\/bootsshopbodensee.com\/it\/wp-json\/wp\/v2\/types\/product"}],"replies":[{"embeddable":true,"href":"https:\/\/bootsshopbodensee.com\/it\/wp-json\/wp\/v2\/comments?post=10408"}],"wp:featuredmedia":[{"embeddable":true,"href":"https:\/\/bootsshopbodensee.com\/it\/wp-json\/wp\/v2\/media\/10405"}],"wp:attachment":[{"href":"https:\/\/bootsshopbodensee.com\/it\/wp-json\/wp\/v2\/media?parent=10408"}],"wp:term":[{"taxonomy":"product_brand","embeddable":true,"href":"https:\/\/bootsshopbodensee.com\/it\/wp-json\/wp\/v2\/product_brand?post=10408"},{"taxonomy":"product_cat","embeddable":true,"href":"https:\/\/bootsshopbodensee.com\/it\/wp-json\/wp\/v2\/product_cat?post=10408"},{"taxonomy":"product_tag","embeddable":true,"href":"https:\/\/bootsshopbodensee.com\/it\/wp-json\/wp\/v2\/product_tag?post=10408"}],"curies":[{"name":"wp","href":"https:\/\/api.w.org\/{rel}","templated":true}]}}