{"id":6974,"date":"2024-02-06T10:22:32","date_gmt":"2024-02-06T10:22:32","guid":{"rendered":"https:\/\/bootsshopbodensee.com\/?post_type=product&#038;p=6974"},"modified":"2026-02-18T17:26:30","modified_gmt":"2026-02-18T17:26:30","slug":"auriculares-david-clark-h10-30","status":"publish","type":"product","link":"https:\/\/bootsshopbodensee.com\/es\/shop\/david-clark-h10-30-headset\/","title":{"rendered":"Auriculares David Clark H10 30"},"content":{"rendered":"<h2 data-start=\"831\" data-end=\"846\"><strong>Auriculares David Clark H10 30<\/strong><\/h2>\n<p data-start=\"848\" data-end=\"1532\">El <strong data-start=\"852\" data-end=\"882\">Auriculares David Clark H10 30<\/strong> Son unos auriculares de aviaci\u00f3n de primera categor\u00eda dise\u00f1ados para pilotos que exigen comodidad, fiabilidad y una reducci\u00f3n de ruido excepcional. Conocidos por su excelente calidad de fabricaci\u00f3n, los H10 30 ofrecen una comunicaci\u00f3n n\u00edtida incluso en los entornos de cabina m\u00e1s ruidosos. Con caracter\u00edsticas como... <strong data-start=\"1152\" data-end=\"1197\">Micr\u00f3fono exclusivo con cancelaci\u00f3n de ruido M-7A<\/strong>, Con controles de volumen ajustables y un sellado ultra c\u00f3modo, estos auriculares garantizan que cada vuelo sea seguro, eficiente y sin fatiga. En esta gu\u00eda, exploraremos... <strong data-start=\"1370\" data-end=\"1400\">Auriculares David Clark H10 30<\/strong> en detalle, incluidas sus caracter\u00edsticas, beneficios y recomendaciones de expertos para ayudarlo a tomar la mejor decisi\u00f3n para sus necesidades de aviaci\u00f3n.<\/p>\n<hr data-start=\"1534\" data-end=\"1537\" \/>\n<h2 data-start=\"1539\" data-end=\"1584\">\u00bfPor qu\u00e9 elegir los auriculares David Clark H10 30?<\/h2>\n<h3 data-start=\"1586\" data-end=\"1624\">Comodidad inigualable para vuelos largos<\/h3>\n<p data-start=\"1626\" data-end=\"1710\">Los pilotos pasan horas en la cabina y el H10 30 est\u00e1 dise\u00f1ado para minimizar la fatiga:<\/p>\n<ul data-start=\"1712\" data-end=\"1976\">\n<li data-start=\"1712\" data-end=\"1806\">\n<p data-start=\"1714\" data-end=\"1806\"><strong data-start=\"1714\" data-end=\"1750\">Almohadilla para la cabeza de espuma doble s\u00faper suave<\/strong>Proporciona una amortiguaci\u00f3n suave sin comprometer el ajuste.<\/p>\n<\/li>\n<li data-start=\"1807\" data-end=\"1902\">\n<p data-start=\"1809\" data-end=\"1902\"><strong data-start=\"1809\" data-end=\"1834\">Sellos auditivos de gel Comfort<\/strong>:Se adaptan a sus o\u00eddos para un ajuste perfecto y un aislamiento \u00f3ptimo del ruido.<\/p>\n<\/li>\n<li data-start=\"1903\" data-end=\"1976\">\n<p data-start=\"1905\" data-end=\"1976\"><strong data-start=\"1905\" data-end=\"1931\">Fuerza de diadema reducida<\/strong>:Garantiza comodidad incluso en vuelos prolongados.<\/p>\n<\/li>\n<\/ul>\n<p data-start=\"1978\" data-end=\"2100\">Esta combinaci\u00f3n de elementos de dise\u00f1o ergon\u00f3mico hace que el H10 30 sea uno de los auriculares m\u00e1s c\u00f3modos de la aviaci\u00f3n general.<\/p>\n<h3 data-start=\"2102\" data-end=\"2133\">Comunicaci\u00f3n n\u00edtida<\/h3>\n<p data-start=\"2135\" data-end=\"2229\">La claridad en la comunicaci\u00f3n es crucial para un vuelo seguro. <strong data-start=\"2189\" data-end=\"2219\">Auriculares David Clark H10 30<\/strong> caracter\u00edsticas:<\/p>\n<ul data-start=\"2231\" data-end=\"2557\">\n<li data-start=\"2231\" data-end=\"2327\">\n<p data-start=\"2233\" data-end=\"2327\"><strong data-start=\"2233\" data-end=\"2267\">Micr\u00f3fono de brazo flexible universal<\/strong>:Coloque el micr\u00f3fono con precisi\u00f3n para una transmisi\u00f3n de voz clara.<\/p>\n<\/li>\n<li data-start=\"2328\" data-end=\"2484\">\n<p data-start=\"2330\" data-end=\"2484\"><strong data-start=\"2330\" data-end=\"2359\">Micr\u00f3fono exclusivo M-7A<\/strong>Reconocido como el micr\u00f3fono de aviaci\u00f3n con cancelaci\u00f3n de ruido m\u00e1s avanzado, elimina el ruido de la cabina para una comunicaci\u00f3n n\u00edtida.<\/p>\n<\/li>\n<li data-start=\"2485\" data-end=\"2557\">\n<p data-start=\"2487\" data-end=\"2557\"><strong data-start=\"2487\" data-end=\"2517\">Control de volumen de perfil bajo<\/strong>:Afine el audio sin distracciones.<\/p>\n<\/li>\n<\/ul>\n<p data-start=\"2559\" data-end=\"2699\">Ya sea que vuele un Cessna, un Piper o un Beechcraft, disfrutar\u00e1 de una conexi\u00f3n clara y confiable con el control de tr\u00e1fico a\u00e9reo y los copilotos.<\/p>\n<h3 data-start=\"2701\" data-end=\"2732\">Reducci\u00f3n de ruido excepcional<\/h3>\n<p data-start=\"2734\" data-end=\"3013\">El H10 30 proporciona <strong data-start=\"2754\" data-end=\"2779\">Reducci\u00f3n de ruido de 23 dB<\/strong>, Bloquea el ruido del motor, del viento y del entorno, a la vez que mantiene audibles los sonidos esenciales de la cabina. Cuenta con la aprobaci\u00f3n TSO de la FAA (C57 Cat. B y C58a) y supera las normas RTCA\/DO-214, lo que garantiza el cumplimiento de los est\u00e1ndares de seguridad a\u00e9rea.<\/p>\n<hr data-start=\"3015\" data-end=\"3018\" \/>\n<h2 data-start=\"3020\" data-end=\"3069\">Caracter\u00edsticas principales de los auriculares David Clark H10 30<\/h2>\n<div class=\"TyagGW_tableContainer\">\n<div class=\"group TyagGW_tableWrapper flex flex-col-reverse w-fit\" tabindex=\"-1\">\n<table class=\"w-fit min-w-(--thread-content-width)\" data-start=\"3071\" data-end=\"3716\">\n<thead data-start=\"3071\" data-end=\"3092\">\n<tr data-start=\"3071\" data-end=\"3092\">\n<th class=\"\" data-start=\"3071\" data-end=\"3081\" data-col-size=\"sm\">Caracter\u00edstica<\/th>\n<th class=\"\" data-start=\"3081\" data-end=\"3092\" data-col-size=\"md\">Beneficio<\/th>\n<\/tr>\n<\/thead>\n<tbody data-start=\"3115\" data-end=\"3716\">\n<tr data-start=\"3115\" data-end=\"3177\">\n<td data-start=\"3115\" data-end=\"3149\" data-col-size=\"sm\">Almohadilla para la cabeza de espuma doble s\u00faper suave<\/td>\n<td data-start=\"3149\" data-end=\"3177\" data-col-size=\"md\">Comodidad para vuelos largos<\/td>\n<\/tr>\n<tr data-start=\"3178\" data-end=\"3250\">\n<td data-start=\"3178\" data-end=\"3213\" data-col-size=\"sm\">Sellos auditivos Comfort Gel y Undercut<\/td>\n<td data-start=\"3213\" data-end=\"3250\" data-col-size=\"md\">Sellado superior y aislamiento de ruido<\/td>\n<\/tr>\n<tr data-start=\"3251\" data-end=\"3308\">\n<td data-start=\"3251\" data-end=\"3276\" data-col-size=\"sm\">Fuerza de diadema reducida<\/td>\n<td data-start=\"3276\" data-end=\"3308\" data-col-size=\"md\">Presi\u00f3n m\u00ednima en la cabeza<\/td>\n<\/tr>\n<tr data-start=\"3309\" data-end=\"3363\">\n<td data-start=\"3309\" data-end=\"3331\" data-col-size=\"sm\">Pluma flexible universal<\/td>\n<td data-start=\"3331\" data-end=\"3363\" data-col-size=\"md\">Colocaci\u00f3n precisa del micr\u00f3fono<\/td>\n<\/tr>\n<tr data-start=\"3364\" data-end=\"3443\">\n<td data-start=\"3364\" data-end=\"3398\" data-col-size=\"sm\">Micr\u00f3fono con cancelaci\u00f3n de ruido M-7A<\/td>\n<td data-start=\"3398\" data-end=\"3443\" data-col-size=\"md\">Comunicaci\u00f3n clara en entornos ruidosos<\/td>\n<\/tr>\n<tr data-start=\"3444\" data-end=\"3503\">\n<td data-start=\"3444\" data-end=\"3473\" data-col-size=\"sm\">Control de volumen de perfil bajo<\/td>\n<td data-start=\"3473\" data-end=\"3503\" data-col-size=\"md\">Ajustes f\u00e1ciles y precisos<\/td>\n<\/tr>\n<tr data-start=\"3504\" data-end=\"3554\">\n<td data-start=\"3504\" data-end=\"3526\" data-col-size=\"sm\">Cord\u00f3n moldeado duradero<\/td>\n<td data-start=\"3526\" data-end=\"3554\" data-col-size=\"md\">Fiabilidad duradera<\/td>\n<\/tr>\n<tr data-start=\"3555\" data-end=\"3598\">\n<td data-start=\"3555\" data-end=\"3574\" data-col-size=\"sm\">Aprobado por la FAA TSO<\/td>\n<td data-start=\"3574\" data-end=\"3598\" data-col-size=\"md\">Certificado de seguridad<\/td>\n<\/tr>\n<tr data-start=\"3599\" data-end=\"3658\">\n<td data-start=\"3599\" data-end=\"3623\" data-col-size=\"sm\">Reducci\u00f3n de ruido de 23 dB<\/td>\n<td data-start=\"3623\" data-end=\"3658\" data-col-size=\"md\">Mayor claridad en la cabina<\/td>\n<\/tr>\n<tr data-start=\"3659\" data-end=\"3716\">\n<td data-start=\"3659\" data-end=\"3677\" data-col-size=\"sm\">Garant\u00eda de 5 a\u00f1os<\/td>\n<td data-start=\"3677\" data-end=\"3716\" data-col-size=\"md\">Confianza en el rendimiento a largo plazo<\/td>\n<\/tr>\n<\/tbody>\n<\/table>\n<\/div>\n<\/div>\n<hr data-start=\"3718\" data-end=\"3721\" \/>\n<h2 data-start=\"3723\" data-end=\"3737\">Pros y contras<\/h2>\n<p data-start=\"3739\" data-end=\"3748\"><strong data-start=\"3739\" data-end=\"3748\">Ventajas:<\/strong><\/p>\n<ul data-start=\"3750\" data-end=\"3938\">\n<li data-start=\"3750\" data-end=\"3789\">\n<p data-start=\"3752\" data-end=\"3789\">Cancelaci\u00f3n de ruido l\u00edder en la industria<\/p>\n<\/li>\n<li data-start=\"3790\" data-end=\"3830\">\n<p data-start=\"3792\" data-end=\"3830\">Dise\u00f1o ergon\u00f3mico para m\u00e1xima comodidad.<\/p>\n<\/li>\n<li data-start=\"3831\" data-end=\"3868\">\n<p data-start=\"3833\" data-end=\"3868\">Construcci\u00f3n duradera y confiable<\/p>\n<\/li>\n<li data-start=\"3869\" data-end=\"3900\">\n<p data-start=\"3871\" data-end=\"3900\">Aprobado por la FAA TSO por seguridad<\/p>\n<\/li>\n<li data-start=\"3901\" data-end=\"3938\">\n<p data-start=\"3903\" data-end=\"3938\">Garant\u00eda de 5 a\u00f1os para su tranquilidad<\/p>\n<\/li>\n<\/ul>\n<p data-start=\"3940\" data-end=\"3949\"><strong data-start=\"3940\" data-end=\"3949\">Contras:<\/strong><\/p>\n<ul data-start=\"3951\" data-end=\"4094\">\n<li data-start=\"3951\" data-end=\"3981\">\n<p data-start=\"3953\" data-end=\"3981\">Sin Bluetooth (solo con cable)<\/p>\n<\/li>\n<li data-start=\"3982\" data-end=\"4038\">\n<p data-start=\"3984\" data-end=\"4038\">Un poco m\u00e1s pesado que los auriculares ultraligeros (16,5 oz)<\/p>\n<\/li>\n<li data-start=\"4039\" data-end=\"4094\">\n<p data-start=\"4041\" data-end=\"4094\">Precio m\u00e1s alto en comparaci\u00f3n con los auriculares de nivel b\u00e1sico<\/p>\n<\/li>\n<\/ul>\n<hr data-start=\"4096\" data-end=\"4099\" \/>\n<h2 data-start=\"4101\" data-end=\"4147\">Consejos pr\u00e1cticos para el uso de los auriculares H10 30<\/h2>\n<ol data-start=\"4149\" data-end=\"4670\">\n<li data-start=\"4149\" data-end=\"4230\">\n<p data-start=\"4152\" data-end=\"4230\"><strong data-start=\"4152\" data-end=\"4184\">Ajuste la diadema correctamente<\/strong>:Evite apretar demasiado para maximizar la comodidad.<\/p>\n<\/li>\n<li data-start=\"4231\" data-end=\"4328\">\n<p data-start=\"4234\" data-end=\"4328\"><strong data-start=\"4234\" data-end=\"4276\">Coloque correctamente el micr\u00f3fono M-7A<\/strong>:Col\u00f3quelo a \u00bd pulgada de sus labios para una claridad \u00f3ptima.<\/p>\n<\/li>\n<li data-start=\"4329\" data-end=\"4443\">\n<p data-start=\"4332\" data-end=\"4443\"><strong data-start=\"4332\" data-end=\"4366\">Cambiar entre est\u00e9reo y mono<\/strong>:Utilice el interruptor en el yugo para vuelos en solitario o configuraciones de comunicaci\u00f3n dual.<\/p>\n<\/li>\n<li data-start=\"4444\" data-end=\"4534\">\n<p data-start=\"4447\" data-end=\"4534\"><strong data-start=\"4447\" data-end=\"4480\">Limpie los sellos auditivos regularmente<\/strong>:Mantiene la comodidad y la higiene durante el uso prolongado.<\/p>\n<\/li>\n<li data-start=\"4535\" data-end=\"4670\">\n<p data-start=\"4538\" data-end=\"4670\"><strong data-start=\"4538\" data-end=\"4577\">Compruebe la configuraci\u00f3n del volumen antes del vuelo<\/strong>:La perilla de retenci\u00f3n de perfil bajo permite realizar ajustes precisos sin apartar la vista de los instrumentos.<\/p>\n<\/li>\n<\/ol>\n<hr data-start=\"4672\" data-end=\"4675\" \/>\n<h2 data-start=\"4677\" data-end=\"4694\">Opini\u00f3n de expertos<\/h2>\n<p data-start=\"4696\" data-end=\"5161\">Los profesionales de la aviaci\u00f3n recomiendan constantemente el <strong data-start=\"4746\" data-end=\"4776\">Auriculares David Clark H10 30<\/strong> Por su combinaci\u00f3n de durabilidad, comodidad y claridad en la comunicaci\u00f3n. Tanto instructores de vuelo como pilotos privados elogian los auriculares por mantener su rendimiento incluso despu\u00e9s de miles de horas de uso. Son especialmente valorados en aeronaves monomotor ruidosas, donde el micr\u00f3fono M-7A mejora dr\u00e1sticamente la claridad, reduciendo la fatiga del piloto y mejorando la percepci\u00f3n de la situaci\u00f3n.<\/p>\n<hr data-start=\"5163\" data-end=\"5166\" \/>\n<h2 data-start=\"5168\" data-end=\"5189\">Ejemplo del mundo real<\/h2>\n<p data-start=\"5191\" data-end=\"5250\">El capit\u00e1n John, instructor de Cessna 172 en EE. UU., se\u00f1ala:<\/p>\n<p data-start=\"5252\" data-end=\"5547\"><em data-start=\"5252\" data-end=\"5545\">\u201cHe volado con varios auriculares durante 20 a\u00f1os, pero los David Clark H10 30 son inigualables. La comodidad es incre\u00edble, e incluso en vuelos de traves\u00eda, no siento la fatiga habitual en las orejas ni en la cabeza. La comunicaci\u00f3n siempre es n\u00edtida, sin importar el clima ni el ruido del motor.\u201d<\/em><\/p>\n<p data-start=\"5549\" data-end=\"5647\">Este testimonio refleja la ventaja real de invertir en unos auriculares de calidad profesional.<\/p>\n<hr data-start=\"5649\" data-end=\"5652\" \/>\n<h2 data-start=\"5654\" data-end=\"5698\">Especificaciones de los auriculares David Clark H10 30<\/h2>\n<ul data-start=\"5700\" data-end=\"5994\">\n<li data-start=\"5700\" data-end=\"5738\">\n<p data-start=\"5702\" data-end=\"5738\"><strong data-start=\"5702\" data-end=\"5727\">Peso (sin cable)<\/strong>: 16.5 onzas<\/p>\n<\/li>\n<li data-start=\"5739\" data-end=\"5776\">\n<p data-start=\"5741\" data-end=\"5776\"><strong data-start=\"5741\" data-end=\"5767\">Clasificaci\u00f3n de reducci\u00f3n de ruido<\/strong>:23 dB<\/p>\n<\/li>\n<li data-start=\"5777\" data-end=\"5811\">\n<p data-start=\"5779\" data-end=\"5811\"><strong data-start=\"5779\" data-end=\"5792\">Tipo de enchufe<\/strong>: Enchufes dobles GA<\/p>\n<\/li>\n<li data-start=\"5812\" data-end=\"5863\">\n<p data-start=\"5814\" data-end=\"5863\"><strong data-start=\"5814\" data-end=\"5836\">Protecci\u00f3n auditiva<\/strong>: Reducci\u00f3n pasiva de ruido<\/p>\n<\/li>\n<li data-start=\"5864\" data-end=\"5911\">\n<p data-start=\"5866\" data-end=\"5911\"><strong data-start=\"5866\" data-end=\"5882\">Aprobado por el TSO<\/strong>: S\u00ed (C57 Cat. B y C58a)<\/p>\n<\/li>\n<li data-start=\"5912\" data-end=\"5937\">\n<p data-start=\"5914\" data-end=\"5937\"><strong data-start=\"5914\" data-end=\"5926\">Garant\u00eda<\/strong>: 5 a\u00f1os<\/p>\n<\/li>\n<li data-start=\"5938\" data-end=\"5967\">\n<p data-start=\"5940\" data-end=\"5967\"><strong data-start=\"5940\" data-end=\"5956\">N\u00famero de modelo<\/strong>:H10-13S<\/p>\n<\/li>\n<li data-start=\"5968\" data-end=\"5994\">\n<p data-start=\"5970\" data-end=\"5994\"><strong data-start=\"5970\" data-end=\"5979\">Marca<\/strong>:David Clark<\/p>\n<\/li>\n<\/ul>\n<p data-start=\"5996\" data-end=\"6023\"><strong data-start=\"5996\" data-end=\"6021\">Accesorios opcionales:<\/strong><\/p>\n<ul data-start=\"6024\" data-end=\"6096\">\n<li data-start=\"6024\" data-end=\"6096\">\n<p data-start=\"6026\" data-end=\"6096\">Micr\u00f3fono de repuesto M-7A para un mejor rendimiento de cancelaci\u00f3n de ruido<\/p>\n<\/li>\n<\/ul>\n<hr data-start=\"6098\" data-end=\"6101\" \/>\n<h2 data-start=\"6103\" data-end=\"6154\">Beneficios de usar los auriculares David Clark H10 30<\/h2>\n<ul data-start=\"6156\" data-end=\"6584\">\n<li data-start=\"6156\" data-end=\"6237\">\n<p data-start=\"6158\" data-end=\"6237\"><strong data-start=\"6158\" data-end=\"6177\">Seguridad mejorada<\/strong>:Una comunicaci\u00f3n clara reduce el riesgo en situaciones cr\u00edticas.<\/p>\n<\/li>\n<li data-start=\"6238\" data-end=\"6328\">\n<p data-start=\"6240\" data-end=\"6328\"><strong data-start=\"6240\" data-end=\"6257\">Comodidad del piloto<\/strong>:Reduce la fatiga durante vuelos largos, mejorando la concentraci\u00f3n y el estado de alerta.<\/p>\n<\/li>\n<li data-start=\"6329\" data-end=\"6409\">\n<p data-start=\"6331\" data-end=\"6409\"><strong data-start=\"6331\" data-end=\"6345\">Durabilidad<\/strong>:El conjunto de cable moldeado y los materiales de primera calidad garantizan longevidad.<\/p>\n<\/li>\n<li data-start=\"6410\" data-end=\"6481\">\n<p data-start=\"6412\" data-end=\"6481\"><strong data-start=\"6412\" data-end=\"6435\">Cumplimiento de la industria<\/strong>:Supera los est\u00e1ndares FAA TSO y RTCA\/DO-214.<\/p>\n<\/li>\n<li data-start=\"6482\" data-end=\"6584\">\n<p data-start=\"6484\" data-end=\"6584\"><strong data-start=\"6484\" data-end=\"6511\">Inversi\u00f3n a prueba de futuro<\/strong>La garant\u00eda de 5 a\u00f1os y la disponibilidad de accesorios lo convierten en una opci\u00f3n duradera.<\/p>\n<\/li>\n<\/ul>\n<hr data-start=\"6586\" data-end=\"6589\" \/>\n<h2 data-start=\"6591\" data-end=\"6641\">Pasos pr\u00e1cticos para el mantenimiento de sus auriculares H10 30<\/h2>\n<ol data-start=\"6643\" data-end=\"7028\">\n<li data-start=\"6643\" data-end=\"6705\">\n<p data-start=\"6646\" data-end=\"6705\"><strong data-start=\"6646\" data-end=\"6676\">Inspeccione el cable regularmente<\/strong>:Aseg\u00farese de que no haya torceduras ni deshilachados.<\/p>\n<\/li>\n<li data-start=\"6706\" data-end=\"6786\">\n<p data-start=\"6709\" data-end=\"6786\"><strong data-start=\"6709\" data-end=\"6735\">Limpie los sellos auditivos con cuidado<\/strong>:Utilice un pa\u00f1o h\u00famedo para evitar la degradaci\u00f3n del material.<\/p>\n<\/li>\n<li data-start=\"6787\" data-end=\"6853\">\n<p data-start=\"6790\" data-end=\"6853\"><strong data-start=\"6790\" data-end=\"6816\">Guardar en un estuche acolchado<\/strong>:Evita da\u00f1os durante el transporte.<\/p>\n<\/li>\n<li data-start=\"6854\" data-end=\"6941\">\n<p data-start=\"6857\" data-end=\"6941\"><strong data-start=\"6857\" data-end=\"6886\">Comprobar el funcionamiento del micr\u00f3fono<\/strong>Confirme peri\u00f3dicamente el rendimiento del M-7A para garantizar un audio claro.<\/p>\n<\/li>\n<li data-start=\"6942\" data-end=\"7028\">\n<p data-start=\"6945\" data-end=\"7028\"><strong data-start=\"6945\" data-end=\"6974\">Actualizar las certificaciones de la FAA<\/strong>:Confirmar el cumplimiento si se utiliza en aeronaves certificadas.<\/p>\n<\/li>\n<\/ol>\n<hr data-start=\"7030\" data-end=\"7033\" \/>\n<h2 data-start=\"7035\" data-end=\"7048\">Conclusi\u00f3n<\/h2>\n<p data-start=\"7050\" data-end=\"7477\">El <strong data-start=\"7054\" data-end=\"7084\">Auriculares David Clark H10 30<\/strong> Son unos auriculares de aviaci\u00f3n premium que ofrecen comodidad inigualable, reducci\u00f3n de ruido superior y comunicaci\u00f3n confiable para pilotos de todos los niveles. Ya sea que realice vuelos cortos de instrucci\u00f3n o largos viajes a trav\u00e9s del pa\u00eds, los H10 30 le garantizan concentraci\u00f3n, seguridad y sin fatiga. Invertir en estos auriculares significa invertir en claridad, comodidad y confianza en cada vuelo. <a href=\"https:\/\/bootsshopbodensee.com\/es\/contactanos\/\">Cont\u00e1ctanos<\/a><\/p>\n<hr data-start=\"7479\" data-end=\"7482\" \/>\n<h2 data-start=\"7484\" data-end=\"7505\"><\/h2>\n<ol data-start=\"7507\" data-end=\"8743\">\n<li data-start=\"7507\" data-end=\"7700\">\n<p data-start=\"7510\" data-end=\"7700\"><strong data-start=\"7510\" data-end=\"7583\">\u00bfCu\u00e1l es la clasificaci\u00f3n de reducci\u00f3n de ruido de los auriculares David Clark H10 30?<\/strong><br data-start=\"7583\" data-end=\"7586\" \/>El H10 30 cuenta con una clasificaci\u00f3n de reducci\u00f3n de ruido certificada de 23 dB, lo que proporciona una excelente atenuaci\u00f3n del ruido en la cabina.<\/p>\n<\/li>\n<li data-start=\"7702\" data-end=\"7869\">\n<p data-start=\"7705\" data-end=\"7869\"><strong data-start=\"7705\" data-end=\"7764\">\u00bfEl David Clark H10 30 es compatible con todas las aeronaves?<\/strong><br data-start=\"7764\" data-end=\"7767\" \/>S\u00ed, est\u00e1 dise\u00f1ado para la aviaci\u00f3n general y viene con enchufes GA duales adecuados para la mayor\u00eda de las aeronaves.<\/p>\n<\/li>\n<li data-start=\"7871\" data-end=\"8009\">\n<p data-start=\"7874\" data-end=\"8009\"><strong data-start=\"7874\" data-end=\"7922\">\u00bfEl H10 30 tiene conectividad Bluetooth?<\/strong><br data-start=\"7922\" data-end=\"7925\" \/>No, los auriculares utilizan una conexi\u00f3n por cable con dos enchufes y un interruptor est\u00e9reo\/mono.<\/p>\n<\/li>\n<li data-start=\"8011\" data-end=\"8145\">\n<p data-start=\"8014\" data-end=\"8145\"><strong data-start=\"8014\" data-end=\"8065\">\u00bfCu\u00e1nto dura la garant\u00eda de los auriculares H10 30?<\/strong><br data-start=\"8065\" data-end=\"8068\" \/>Los auriculares vienen con una garant\u00eda del fabricante de 5 a\u00f1os para su tranquilidad.<\/p>\n<\/li>\n<li data-start=\"8147\" data-end=\"8310\">\n<p data-start=\"8150\" data-end=\"8310\"><strong data-start=\"8150\" data-end=\"8206\">\u00bfPuedo reemplazar el micr\u00f3fono para un mejor rendimiento?<\/strong><br data-start=\"8206\" data-end=\"8209\" \/>S\u00ed, el micr\u00f3fono David Clark M-7A se puede reemplazar para mejorar la cancelaci\u00f3n de ruido y la claridad de la voz.<\/p>\n<\/li>\n<li data-start=\"8312\" data-end=\"8437\">\n<p data-start=\"8315\" data-end=\"8437\"><strong data-start=\"8315\" data-end=\"8347\">\u00bfEl auricular est\u00e1 aprobado por la FAA?<\/strong><br data-start=\"8347\" data-end=\"8350\" \/>S\u00ed, lo es <a href=\"https:\/\/www.faa.gov\/\" target=\"_blank\" rel=\"noopener\">Administraci\u00f3n Federal de Aviaci\u00f3n (FAA)<\/a> Aprobado por TSO (C57 Cat. B y C58a) y supera los est\u00e1ndares RTCA\/DO-214.<\/p>\n<\/li>\n<li data-start=\"8439\" data-end=\"8558\">\n<p data-start=\"8442\" data-end=\"8558\"><strong data-start=\"8442\" data-end=\"8471\">\u00bfCu\u00e1nto pesa el auricular?<\/strong><br data-start=\"8471\" data-end=\"8474\" \/>El H10 30 pesa 16,5 onzas sin el cable, equilibrando comodidad y durabilidad.<\/p>\n<\/li>\n<li data-start=\"8560\" data-end=\"8743\">\n<p data-start=\"8563\" data-end=\"8743\"><strong data-start=\"8563\" data-end=\"8626\">\u00bfQu\u00e9 hace que los H10 30 sean m\u00e1s c\u00f3modos que otros auriculares?<\/strong><br data-start=\"8626\" data-end=\"8629\" \/>Su almohadilla de espuma doble para la cabeza, sus sellos de gel para los o\u00eddos y su banda para la cabeza con fuerza reducida garantizan comodidad durante vuelos largos.<\/p>\n<\/li>\n<\/ol>","protected":false},"excerpt":{"rendered":"<p>Los David Clark H10-13S representan una variante est\u00e9reo de los aclamados auriculares David Clark H10-13.4, dise\u00f1ados para mejorar su experiencia de aviaci\u00f3n.<\/p>","protected":false},"featured_media":6975,"comment_status":"open","ping_status":"closed","template":"","meta":[],"product_brand":[],"product_cat":[29],"product_tag":[],"class_list":{"0":"post-6974","1":"product","2":"type-product","3":"status-publish","4":"has-post-thumbnail","6":"product_cat-airplane-headset-adapters","8":"first","9":"instock","10":"taxable","11":"shipping-taxable","12":"purchasable","13":"product-type-simple"},"jetpack-related-posts":[],"jetpack_sharing_enabled":true,"_links":{"self":[{"href":"https:\/\/bootsshopbodensee.com\/es\/wp-json\/wp\/v2\/product\/6974","targetHints":{"allow":["GET"]}}],"collection":[{"href":"https:\/\/bootsshopbodensee.com\/es\/wp-json\/wp\/v2\/product"}],"about":[{"href":"https:\/\/bootsshopbodensee.com\/es\/wp-json\/wp\/v2\/types\/product"}],"replies":[{"embeddable":true,"href":"https:\/\/bootsshopbodensee.com\/es\/wp-json\/wp\/v2\/comments?post=6974"}],"wp:featuredmedia":[{"embeddable":true,"href":"https:\/\/bootsshopbodensee.com\/es\/wp-json\/wp\/v2\/media\/6975"}],"wp:attachment":[{"href":"https:\/\/bootsshopbodensee.com\/es\/wp-json\/wp\/v2\/media?parent=6974"}],"wp:term":[{"taxonomy":"product_brand","embeddable":true,"href":"https:\/\/bootsshopbodensee.com\/es\/wp-json\/wp\/v2\/product_brand?post=6974"},{"taxonomy":"product_cat","embeddable":true,"href":"https:\/\/bootsshopbodensee.com\/es\/wp-json\/wp\/v2\/product_cat?post=6974"},{"taxonomy":"product_tag","embeddable":true,"href":"https:\/\/bootsshopbodensee.com\/es\/wp-json\/wp\/v2\/product_tag?post=6974"}],"curies":[{"name":"wp","href":"https:\/\/api.w.org\/{rel}","templated":true}]}}