{"id":11094,"date":"2026-03-09T07:41:06","date_gmt":"2026-03-09T07:41:06","guid":{"rendered":"https:\/\/bootsshopbodensee.com\/shop\/briggs-and-stratton-48kw-480v-generator-ng-lp-76155\/"},"modified":"2026-04-01T02:40:07","modified_gmt":"2026-04-01T02:40:07","slug":"generador-briggs-and-stratton-fortress-de-30-kw-monofasico-120-240-v","status":"publish","type":"product","link":"https:\/\/bootsshopbodensee.com\/es\/shop\/briggs-and-stratton-fortress-30kw-generator-120-240v-single-phase\/","title":{"rendered":"Generador Briggs and Stratton Fortress de 30 kW, monof\u00e1sico, 120\/240 V | 76880"},"content":{"rendered":"<h2 data-section-id=\"sply9b\" data-start=\"1129\" data-end=\"1196\"><strong>Generador Briggs and Stratton Fortress de 30 kW, monof\u00e1sico, 120\/240 V.<\/strong><\/h2>\n<p data-start=\"1215\" data-end=\"1704\">El <strong data-start=\"1219\" data-end=\"1288\">Generador Briggs and Stratton Fortress de 30 kW, monof\u00e1sico, 120\/240 V.<\/strong> Est\u00e1 dise\u00f1ado para proporcionar energ\u00eda de respaldo confiable para casas grandes, propiedades de lujo e instalaciones comerciales peque\u00f1as y medianas. Los cortes de energ\u00eda pueden causar graves interrupciones, afectando la refrigeraci\u00f3n, la calefacci\u00f3n, el aire acondicionado, los sistemas de seguridad y las operaciones comerciales. Un generador de reserva instalado profesionalmente elimina estos riesgos al restablecer el suministro el\u00e9ctrico autom\u00e1ticamente en cuesti\u00f3n de segundos tras una falla en la red el\u00e9ctrica.<\/p>\n<p data-start=\"1706\" data-end=\"2066\">Dise\u00f1ado y fabricado en los Estados Unidos, este <strong data-start=\"1759\" data-end=\"1785\">Generador de reserva de 30 kW<\/strong> Combina ingenier\u00eda avanzada, un potente motor de 1.6 litros refrigerado por l\u00edquido y tecnolog\u00eda inteligente de gesti\u00f3n de carga. Ofrece potencia constante tanto con gas natural como con propano, lo que la convierte en una soluci\u00f3n flexible y fiable para el suministro de energ\u00eda de respaldo en entornos residenciales y comerciales.<\/p>\n<p data-start=\"2068\" data-end=\"2450\">A diferencia de los generadores port\u00e1tiles que requieren arranque manual y almacenamiento de combustible, este <strong data-start=\"2146\" data-end=\"2177\">generador de reserva autom\u00e1tico<\/strong> Funciona a la perfecci\u00f3n con un interruptor de transferencia autom\u00e1tica para detectar cortes de energ\u00eda y suministrar inmediatamente electricidad a los circuitos seleccionados. Para propietarios de viviendas y empresas que no pueden permitirse interrupciones en el servicio, la serie Fortress representa uno de los sistemas de energ\u00eda de respaldo m\u00e1s confiables disponibles en la actualidad.<\/p>\n<hr data-start=\"2452\" data-end=\"2455\" \/>\n<h3 data-section-id=\"1phk5xo\" data-start=\"2457\" data-end=\"2537\"><strong>Por qu\u00e9 el generador Briggs and Stratton de 30 kW est\u00e1 dise\u00f1ado para brindar energ\u00eda de respaldo confiable.<\/strong><\/h3>\n<p data-start=\"2539\" data-end=\"2817\">A <strong data-start=\"2541\" data-end=\"2579\">Generador Briggs and Stratton de 30 kW<\/strong> Est\u00e1 dise\u00f1ado espec\u00edficamente para aplicaciones donde la fiabilidad, la durabilidad y el alto rendimiento son esenciales. La serie Fortress utiliza un motor de grado comercial y un sistema de alternador robusto para garantizar un suministro el\u00e9ctrico estable durante cortes de luz prolongados.<\/p>\n<p data-start=\"2819\" data-end=\"2849\">Las prioridades clave de dise\u00f1o incluyen:<\/p>\n<p data-start=\"2851\" data-end=\"3077\">\u2022 Funcionamiento continuo y fiable<br data-start=\"2882\" data-end=\"2885\" \/>\u2022 Tecnolog\u00eda avanzada de gesti\u00f3n de carga<br data-start=\"2922\" data-end=\"2925\" \/>\u2022 Intervalos de servicio prolongados y mantenimiento simplificado<br data-start=\"2976\" data-end=\"2979\" \/>\u2022 Funcionamiento silencioso, adecuado para entornos residenciales.<br data-start=\"3034\" data-end=\"3037\" \/>\u2022 Instalaci\u00f3n exterior resistente a la intemperie<\/p>\n<p data-start=\"3079\" data-end=\"3261\">El sistema es capaz de alimentar grandes cargas el\u00e9ctricas residenciales o equipos comerciales esenciales como sistemas de refrigeraci\u00f3n, unidades de climatizaci\u00f3n, infraestructura de oficinas e iluminaci\u00f3n.<\/p>\n<hr data-start=\"3263\" data-end=\"3266\" \/>\n<h2 data-section-id=\"bhdakj\" data-start=\"3268\" data-end=\"3337\">Potente generador de reserva de 30 kW para uso residencial y comercial.<\/h2>\n<p data-start=\"3339\" data-end=\"3578\">A <strong data-start=\"3341\" data-end=\"3367\">Generador de reserva de 30 kW<\/strong> Es ideal para propiedades que requieren m\u00e1s energ\u00eda de la que pueden proporcionar los generadores de respaldo dom\u00e9sticos m\u00e1s peque\u00f1os. Este nivel de potencia permite el funcionamiento sin problemas de los sistemas dom\u00e9sticos esenciales, adem\u00e1s de alimentar electrodom\u00e9sticos de alto consumo.<\/p>\n<p data-start=\"3580\" data-end=\"3621\">Las aplicaciones residenciales t\u00edpicas incluyen:<\/p>\n<p data-start=\"3623\" data-end=\"3810\">\u2022 Sistemas de aire acondicionado central<br data-start=\"3657\" data-end=\"3660\" \/>\u2022 Calentadores de agua el\u00e9ctricos<br data-start=\"3684\" data-end=\"3687\" \/>\u2022 Refrigeradores y congeladores<br data-start=\"3715\" data-end=\"3718\" \/>\u2022 Electrodom\u00e9sticos de cocina<br data-start=\"3747\" data-end=\"3750\" \/>\u2022 Sistemas de seguridad para el hogar<br data-start=\"3773\" data-end=\"3776\" \/>\u2022 Circuitos de iluminaci\u00f3n<br data-start=\"3795\" data-end=\"3798\" \/>\u2022 Bombas de pozo<\/p>\n<p data-start=\"3812\" data-end=\"3891\">Para entornos comerciales, un <strong data-start=\"3839\" data-end=\"3870\">generador de respaldo comercial<\/strong> como esta puede generar energ\u00eda:<\/p>\n<p data-start=\"3893\" data-end=\"4036\">\u2022 Sistemas de refrigeraci\u00f3n para comercios<br data-start=\"3923\" data-end=\"3926\" \/>\u2022 Equipos de climatizaci\u00f3n<br data-start=\"3942\" data-end=\"3945\" \/>\u2022 Ordenadores y servidores de oficina<br data-start=\"3975\" data-end=\"3978\" \/>\u2022 Sistemas de iluminaci\u00f3n y seguridad<br data-start=\"4009\" data-end=\"4012\" \/>\u2022 Redes de comunicaci\u00f3n<\/p>\n<p data-start=\"4038\" data-end=\"4120\">Esto garantiza que las empresas sigan operativas incluso durante cortes prolongados de la red el\u00e9ctrica.<\/p>\n<hr data-start=\"4122\" data-end=\"4125\" \/>\n<h3 data-section-id=\"i9m724\" data-start=\"4127\" data-end=\"4184\"><strong>Motor duradero de 1.6 litros y rendimiento refrigerado por l\u00edquido.<\/strong><\/h3>\n<p data-start=\"4186\" data-end=\"4445\">En el coraz\u00f3n de la <strong data-start=\"4206\" data-end=\"4275\">Generador Briggs and Stratton Fortress de 30 kW, monof\u00e1sico, 120\/240 V.<\/strong> es duradero <strong data-start=\"4289\" data-end=\"4327\">Motor de 4 cilindros en l\u00ednea de 1.6 litros<\/strong>. Este dise\u00f1o de motor est\u00e1 espec\u00edficamente dise\u00f1ado para sistemas de alimentaci\u00f3n de reserva que deben funcionar de forma fiable durante per\u00edodos prolongados.<\/p>\n<p data-start=\"4447\" data-end=\"4477\">Entre las principales ventajas del motor se incluyen:<\/p>\n<p data-start=\"4479\" data-end=\"4695\">\u2022 Sistema de refrigeraci\u00f3n l\u00edquida para un control constante de la temperatura.<br data-start=\"4536\" data-end=\"4539\" \/>\u2022 Rendimiento a 3600 RPM para una generaci\u00f3n de energ\u00eda estable<br data-start=\"4589\" data-end=\"4592\" \/>\u2022 Protecci\u00f3n contra el apagado por bajo nivel de aceite<br data-start=\"4621\" data-end=\"4624\" \/>\u2022 Sensores de control del refrigerante<br data-start=\"4652\" data-end=\"4655\" \/>\u2022 Calentador de bloque para arranque en clima fr\u00edo<\/p>\n<p data-start=\"4697\" data-end=\"4885\">A <strong data-start=\"4699\" data-end=\"4734\">generador de reserva refrigerado por l\u00edquido<\/strong> Por lo general, dura m\u00e1s que las alternativas refrigeradas por aire porque mantiene una temperatura \u00f3ptima del motor incluso durante interrupciones prolongadas o cargas el\u00e9ctricas elevadas.<\/p>\n<hr data-start=\"4887\" data-end=\"4890\" \/>\n<h2 data-section-id=\"1m11alk\" data-start=\"4892\" data-end=\"4934\">Tecnolog\u00eda de gesti\u00f3n de energ\u00eda Symphony II<\/h2>\n<p data-start=\"4936\" data-end=\"5109\">Una de las caracter\u00edsticas m\u00e1s destacadas de este sistema es <strong data-start=\"4983\" data-end=\"5015\">Gesti\u00f3n de energ\u00eda de Symphony II<\/strong>. Este sistema inteligente distribuye autom\u00e1ticamente la salida del generador a trav\u00e9s de m\u00faltiples circuitos.<\/p>\n<p data-start=\"5111\" data-end=\"5128\">Los beneficios incluyen:<\/p>\n<p data-start=\"5130\" data-end=\"5284\">\u2022 Evita condiciones de sobrecarga<br data-start=\"5160\" data-end=\"5163\" \/>\u2022 Prioriza los electrodom\u00e9sticos de alta demanda.<br data-start=\"5199\" data-end=\"5202\" \/>\u2022 Optimiza la eficiencia del generador<br data-start=\"5234\" data-end=\"5237\" \/>\u2022 Permite que m\u00e1s electrodom\u00e9sticos funcionen simult\u00e1neamente<\/p>\n<p data-start=\"5286\" data-end=\"5475\">Por ejemplo, si el generador alimenta el aire acondicionado, la refrigeraci\u00f3n y la iluminaci\u00f3n, el sistema garantiza que la energ\u00eda se distribuya de manera eficiente sin exceder la capacidad del generador.<\/p>\n<p data-start=\"5477\" data-end=\"5572\">Esta caracter\u00edstica hace que el generador sea ideal como <strong data-start=\"5521\" data-end=\"5554\">generador de reserva para toda la casa<\/strong> para casas m\u00e1s grandes.<\/p>\n<hr data-start=\"5574\" data-end=\"5577\" \/>\n<h2 data-section-id=\"1slqdru\" data-start=\"5579\" data-end=\"5622\">Flexibilidad en el suministro de combustible de gas natural y propano<\/h2>\n<p data-start=\"5624\" data-end=\"5894\">La flexibilidad de combustible es un factor importante al elegir un generador de reserva. Este modelo puede funcionar como un <strong data-start=\"5734\" data-end=\"5767\">generador de reserva de gas natural<\/strong> o un <strong data-start=\"5773\" data-end=\"5802\">generador de reserva de propano<\/strong>, lo que permite a los propietarios seleccionar la fuente de combustible que mejor se adapte a su infraestructura.<\/p>\n<p data-start=\"5896\" data-end=\"5919\">Ventajas del gas natural:<\/p>\n<p data-start=\"5921\" data-end=\"6016\">\u2022 Suministro continuo desde las redes de gas municipales<br data-start=\"5965\" data-end=\"5968\" \/>\u2022 No se requiere almacenamiento de combustible<br data-start=\"5994\" data-end=\"5997\" \/>\u2022 Menor mantenimiento<\/p>\n<p data-start=\"6018\" data-end=\"6037\">Ventajas del propano:<\/p>\n<p data-start=\"6039\" data-end=\"6130\">\u2022 Almacenamiento de combustible fiable en las instalaciones.<br data-start=\"6070\" data-end=\"6073\" \/>\u2022 Ideal para propiedades rurales<br data-start=\"6101\" data-end=\"6104\" \/>\u2022 Estabilidad del combustible a largo plazo<\/p>\n<p data-start=\"6132\" data-end=\"6155\">Tasas de consumo de combustible:<\/p>\n<p data-start=\"6157\" data-end=\"6168\">Gas natural<\/p>\n<p data-start=\"6170\" data-end=\"6249\">\u2022 293 pies c\u00fabicos por hora a media carga<br data-start=\"6208\" data-end=\"6211\" \/>\u2022 444 pies c\u00fabicos por hora a plena carga<\/p>\n<p data-start=\"6251\" data-end=\"6258\">Propano<\/p>\n<p data-start=\"6260\" data-end=\"6333\">\u2022 3,7 galones por hora a media carga<br data-start=\"6295\" data-end=\"6298\" \/>\u2022 5,4 galones por hora a plena carga<\/p>\n<hr data-start=\"6335\" data-end=\"6338\" \/>\n<h3 data-section-id=\"4l2brc\" data-start=\"6340\" data-end=\"6387\"><strong>Caja de acero galvanizado resistente a la intemperie<\/strong><\/h3>\n<p data-start=\"6389\" data-end=\"6547\">La carcasa del generador est\u00e1 construida con <strong data-start=\"6433\" data-end=\"6470\">acero galvanizado de calidad automotriz<\/strong>, un material ampliamente utilizado en la industria automotriz por su resistencia a la corrosi\u00f3n.<\/p>\n<p data-start=\"6549\" data-end=\"6586\">Las ventajas de esta carcasa incluyen:<\/p>\n<p data-start=\"6588\" data-end=\"6711\">\u2022 Protecci\u00f3n superior contra la corrosi\u00f3n<br data-start=\"6614\" data-end=\"6617\" \/>\u2022 Larga vida \u00fatil en exteriores<br data-start=\"6640\" data-end=\"6643\" \/>\u2022 Resistencia a condiciones clim\u00e1ticas extremas<br data-start=\"6674\" data-end=\"6677\" \/>\u2022 Menores requisitos de mantenimiento<\/p>\n<p data-start=\"6713\" data-end=\"6845\">Esta robusta carcasa garantiza un funcionamiento fiable incluso en entornos dif\u00edciles, como regiones costeras o zonas con alta humedad.<\/p>\n<hr data-start=\"6847\" data-end=\"6850\" \/>\n<h2 data-section-id=\"vxva7o\" data-start=\"6852\" data-end=\"6897\">Instalaci\u00f3n flexible y optimizaci\u00f3n del espacio.<\/h2>\n<p data-start=\"6899\" data-end=\"7146\">El <strong data-start=\"6903\" data-end=\"6972\">Generador Briggs and Stratton Fortress de 30 kW, monof\u00e1sico, 120\/240 V.<\/strong> est\u00e1 dise\u00f1ado para una instalaci\u00f3n flexible. Se puede instalar tan cerca como... <strong data-start=\"7044\" data-end=\"7073\">A 18 pulgadas de un edificio<\/strong>, lo que lo hace id\u00f3neo para patios residenciales y espacios comerciales compactos.<\/p>\n<p data-start=\"7148\" data-end=\"7194\">Entre las consideraciones importantes para la instalaci\u00f3n se incluyen:<\/p>\n<p data-start=\"7196\" data-end=\"7336\">\u2022 Almohadilla de montaje preparada<br data-start=\"7219\" data-end=\"7222\" \/>\u2022 Cumplimiento de los c\u00f3digos el\u00e9ctricos locales<br data-start=\"7262\" data-end=\"7265\" \/>\u2022 Conexi\u00f3n adecuada de la l\u00ednea de combustible<br data-start=\"7294\" data-end=\"7297\" \/>\u2022 Se recomienda la instalaci\u00f3n por un profesional.<\/p>\n<p data-start=\"7338\" data-end=\"7437\">Si necesita orientaci\u00f3n para la instalaci\u00f3n o asistencia profesional, puede ponerse en contacto con nuestros especialistas aqu\u00ed:<\/p>\n<p data-start=\"7482\" data-end=\"7564\"><a href=\"https:\/\/bootsshopbodensee.com\/es\/contactanos\/\">Nuestro equipo puede ayudarle<\/a> Determinar la configuraci\u00f3n correcta del generador para su propiedad.<\/p>\n<hr data-start=\"7566\" data-end=\"7569\" \/>\n<h2 data-section-id=\"fl9ydq\" data-start=\"7571\" data-end=\"7616\">F\u00e1cil mantenimiento y f\u00e1cil acceso al servicio<\/h2>\n<p data-start=\"7618\" data-end=\"7818\">El acceso para mantenimiento es una caracter\u00edstica cr\u00edtica en los generadores de reserva. El generador Fortress est\u00e1 dise\u00f1ado con <strong data-start=\"7722\" data-end=\"7758\">paneles de acceso de servicio convenientes<\/strong> para que los t\u00e9cnicos puedan inspeccionar y mantener el motor r\u00e1pidamente.<\/p>\n<p data-start=\"7820\" data-end=\"7854\">Las caracter\u00edsticas que facilitan el servicio incluyen:<\/p>\n<p data-start=\"7856\" data-end=\"7997\">\u2022 F\u00e1cil acceso al compartimento del motor<br data-start=\"7895\" data-end=\"7898\" \/>\u2022 Puntos de inspecci\u00f3n r\u00e1pida<br data-start=\"7923\" data-end=\"7926\" \/>\u2022 Procedimientos de mantenimiento simplificados<br data-start=\"7961\" data-end=\"7964\" \/>\u2022 Reducci\u00f3n del tiempo de servicio del t\u00e9cnico<\/p>\n<p data-start=\"7999\" data-end=\"8102\">El mantenimiento rutinario ayuda a garantizar que el generador est\u00e9 siempre listo para funcionar cuando se produzca un corte de energ\u00eda.<\/p>\n<hr data-start=\"8104\" data-end=\"8107\" \/>\n<h2 data-section-id=\"173ugw1\" data-start=\"8109\" data-end=\"8149\">Funcionamiento silencioso para zonas residenciales<\/h2>\n<p data-start=\"8151\" data-end=\"8231\">A pesar de su alta potencia, el generador funciona con un nivel de ruido relativamente bajo.<\/p>\n<p data-start=\"8233\" data-end=\"8246\">Nivel de ruido:<\/p>\n<p data-start=\"8248\" data-end=\"8264\">66 dBA (sin carga)<\/p>\n<p data-start=\"8266\" data-end=\"8370\">Su funcionamiento silencioso lo hace id\u00f3neo para barrios residenciales donde puedan aplicarse restricciones de ruido.<\/p>\n<hr data-start=\"8372\" data-end=\"8375\" \/>\n<h3 data-section-id=\"rkota4\" data-start=\"8377\" data-end=\"8398\"><strong>Especificaciones clave<\/strong><\/h3>\n<p data-start=\"8400\" data-end=\"8420\">N\u00famero de modelo<br data-start=\"8412\" data-end=\"8415\" \/>76880<\/p>\n<p data-start=\"8422\" data-end=\"8465\">Potencia nominal<br data-start=\"8433\" data-end=\"8436\" \/>30 kW (gas natural o propano)<\/p>\n<p data-start=\"8467\" data-end=\"8503\">Voltaje<br data-start=\"8474\" data-end=\"8477\" \/>Monof\u00e1sico de 120\/240 voltios<\/p>\n<p data-start=\"8505\" data-end=\"8530\">Amperaje nominal<br data-start=\"8519\" data-end=\"8522\" \/>125 amperios<\/p>\n<p data-start=\"8532\" data-end=\"8563\">Motor<br data-start=\"8538\" data-end=\"8541\" \/>Motor de 4 cilindros en l\u00ednea de 1.6 litros<\/p>\n<p data-start=\"8565\" data-end=\"8595\">Sistema de refrigeraci\u00f3n<br data-start=\"8579\" data-end=\"8582\" \/>Refrigerado por l\u00edquido<\/p>\n<p data-start=\"8597\" data-end=\"8614\">Frecuencia<br data-start=\"8606\" data-end=\"8609\" \/>60 Hz<\/p>\n<p data-start=\"8616\" data-end=\"8649\">Sistema de arranque<br data-start=\"8631\" data-end=\"8634\" \/>Arranque autom\u00e1tico<\/p>\n<p data-start=\"8651\" data-end=\"8683\">Alternador<br data-start=\"8661\" data-end=\"8664\" \/>Autoexcitado 4-L\u00ednea<\/p>\n<p data-start=\"8685\" data-end=\"8713\">Recinto<br data-start=\"8694\" data-end=\"8697\" \/>Acero galvanizado<\/p>\n<p data-start=\"8715\" data-end=\"8752\">Dimensiones<br data-start=\"8725\" data-end=\"8728\" \/>71 pulgadas de largo x 32,3 pulgadas de ancho x 37 pulgadas de alto<\/p>\n<p data-start=\"8754\" data-end=\"8771\">Peso<br data-start=\"8760\" data-end=\"8763\" \/>1000 libras<\/p>\n<p data-start=\"8773\" data-end=\"8803\">Proceso de dar un t\u00edtulo<br data-start=\"8786\" data-end=\"8789\" \/>Certificado UL-2200<\/p>\n<p data-start=\"8805\" data-end=\"8839\">Garant\u00eda<br data-start=\"8813\" data-end=\"8816\" \/>Garant\u00eda limitada de 6 a\u00f1os<\/p>\n<hr data-start=\"8841\" data-end=\"8844\" \/>\n<h2 data-section-id=\"67q3xp\" data-start=\"8846\" data-end=\"8907\">Recomendaci\u00f3n de expertos: \u00bfQui\u00e9n deber\u00eda instalar un generador de 30 kW?<\/h2>\n<p data-start=\"8909\" data-end=\"8957\">A <strong data-start=\"8911\" data-end=\"8937\">Generador de reserva de 30 kW<\/strong> Es m\u00e1s adecuado para:<\/p>\n<p data-start=\"8959\" data-end=\"9162\">Viviendas grandes con m\u00faltiples unidades de climatizaci\u00f3n.<br data-start=\"8995\" data-end=\"8998\" \/>Viviendas de lujo con alta demanda el\u00e9ctrica<br data-start=\"9038\" data-end=\"9041\" \/>Oficinas comerciales<br data-start=\"9059\" data-end=\"9062\" \/>tiendas minoristas<br data-start=\"9075\" data-end=\"9078\" \/>Restaurantes con sistemas de refrigeraci\u00f3n<br data-start=\"9116\" data-end=\"9119\" \/>Cl\u00ednicas m\u00e9dicas e instalaciones profesionales<\/p>\n<p data-start=\"9164\" data-end=\"9324\">En propiedades con un alto consumo energ\u00e9tico, la instalaci\u00f3n de un generador con la capacidad adecuada garantiza que los sistemas esenciales permanezcan operativos durante las emergencias.<\/p>\n<hr data-start=\"9326\" data-end=\"9329\" \/>\n<h2 data-section-id=\"1qoicj9\" data-start=\"9331\" data-end=\"9352\">Ejemplo del mundo real<\/h2>\n<p data-start=\"9354\" data-end=\"9560\">Consideremos un supermercado que depende de la refrigeraci\u00f3n para sus productos perecederos. Durante un apag\u00f3n prolongado, incluso unas pocas horas sin electricidad pueden ocasionar p\u00e9rdidas de miles de d\u00f3lares.<\/p>\n<p data-start=\"9562\" data-end=\"9792\">Instalaci\u00f3n de un <strong data-start=\"9575\" data-end=\"9606\">generador de respaldo comercial<\/strong> El sistema Fortress de 30 kW permite que los sistemas de refrigeraci\u00f3n, iluminaci\u00f3n y seguridad permanezcan operativos. Esto protege el inventario y permite que el negocio contin\u00fae atendiendo a sus clientes.<\/p>\n<hr data-start=\"9794\" data-end=\"9797\" \/>\n<h2 data-section-id=\"8dtpi\" data-start=\"9799\" data-end=\"9812\">Conclusi\u00f3n<\/h2>\n<p data-start=\"9814\" data-end=\"10180\">El <strong data-start=\"9818\" data-end=\"9887\">Generador Briggs and Stratton Fortress de 30 kW, monof\u00e1sico, 120\/240 V.<\/strong> Ofrece una soluci\u00f3n de energ\u00eda de respaldo potente y confiable para entornos residenciales y comerciales exigentes. Con un motor duradero de 1.6 litros refrigerado por l\u00edquido, gesti\u00f3n de carga inteligente Symphony II y funcionamiento flexible con gas natural o propano, este generador est\u00e1 dise\u00f1ado para brindar confiabilidad a largo plazo.<\/p>\n<p data-start=\"10182\" data-end=\"10521\">Su carcasa resistente a la intemperie, su funcionamiento silencioso y su garant\u00eda l\u00edder en la industria de 6 a\u00f1os lo convierten en uno de los sistemas de energ\u00eda de reserva m\u00e1s confiables disponibles en la actualidad. Para propietarios de viviendas y empresas que requieren electricidad ininterrumpida durante los apagones, este generador representa una s\u00f3lida inversi\u00f3n en seguridad, comodidad y continuidad operativa.<\/p>\n<p data-start=\"10523\" data-end=\"10595\">Para obtener precios, orientaci\u00f3n sobre la instalaci\u00f3n o asesoramiento profesional<a href=\"https:\/\/bootsshopbodensee.com\/es\/contactanos\/\">, visita:<\/a><\/p>\n<h1 data-section-id=\"wa6lfm\" data-start=\"10645\" data-end=\"10673\"><\/h1>\n<h3 data-section-id=\"12xyj1c\" data-start=\"10675\" data-end=\"10755\">\u00bfCu\u00e1l es la potencia de salida del generador Briggs and Stratton Fortress de 30 kW?<\/h3>\n<p data-start=\"10756\" data-end=\"10850\">El <a href=\"https:\/\/en.wikipedia.org\/wiki\/Generator\" target=\"_blank\" rel=\"noopener\">generador<\/a> Produce 30 kilovatios de potencia de reserva utilizando gas natural o propano como combustible.<\/p>\n<h3 data-section-id=\"k4m5oc\" data-start=\"10852\" data-end=\"10894\">\u00bfPuede el generador abastecer de energ\u00eda a toda una casa?<\/h3>\n<p data-start=\"10895\" data-end=\"11040\">S\u00ed. Un generador de 30 kW suele ser capaz de alimentar la mayor\u00eda de los electrodom\u00e9sticos y sistemas de las casas grandes, incluyendo unidades de climatizaci\u00f3n y calentadores de agua el\u00e9ctricos.<\/p>\n<h3 data-section-id=\"aa0j88\" data-start=\"11042\" data-end=\"11085\">\u00bfQu\u00e9 tipos de combustible puede utilizar este generador?<\/h3>\n<p data-start=\"11086\" data-end=\"11173\">El generador puede funcionar con gas natural o propano, dependiendo de la configuraci\u00f3n de la instalaci\u00f3n.<\/p>\n<h3 data-section-id=\"1dbjdel\" data-start=\"11175\" data-end=\"11222\">\u00bfQu\u00e9 tan ruidoso es el generador durante su funcionamiento?<\/h3>\n<p data-start=\"11223\" data-end=\"11351\">El generador funciona a aproximadamente 66 dBA en condiciones de vac\u00edo, lo cual es relativamente silencioso para un generador de este tama\u00f1o.<\/p>\n<h3 data-section-id=\"2d66yy\" data-start=\"11353\" data-end=\"11413\">\u00bfEl generador se pone en marcha autom\u00e1ticamente durante un apag\u00f3n?<\/h3>\n<p data-start=\"11414\" data-end=\"11536\">S\u00ed. Cuando se conecta a un interruptor de transferencia autom\u00e1tica, el generador arranca autom\u00e1ticamente a los pocos segundos de un corte de energ\u00eda.<\/p>\n<h3 data-section-id=\"3v48wc\" data-start=\"11538\" data-end=\"11583\">\u00bfQu\u00e9 garant\u00eda incluye el generador?<\/h3>\n<p data-start=\"11584\" data-end=\"11670\">Incluye una garant\u00eda limitada integral de 6 a\u00f1os que cubre piezas, mano de obra y desplazamientos.<\/p>\n<h3 data-section-id=\"1oee55p\" data-start=\"11672\" data-end=\"11714\">\u00bfSe requiere instalaci\u00f3n profesional?<\/h3>\n<p data-start=\"11715\" data-end=\"11818\">Se recomienda la instalaci\u00f3n por parte de un profesional para garantizar el cumplimiento de las normas el\u00e9ctricas y un funcionamiento seguro.<\/p>\n<h3 data-section-id=\"1mtbtna\" data-start=\"11820\" data-end=\"11884\">\u00bfD\u00f3nde puedo obtener ayuda para la instalaci\u00f3n o comprar el generador?<\/h3>\n<p data-start=\"11885\" data-end=\"11997\">Puedes ponerte en contacto con nuestro equipo directamente a trav\u00e9s de la p\u00e1gina de contacto oficial:<br data-start=\"11953\" data-end=\"11956\" \/><a class=\"decorated-link\" href=\"https:\/\/bootsshopbodensee.com\/es\/contactanos\/\" target=\"_new\" rel=\"noopener\" data-start=\"11956\" data-end=\"11997\">https:\/\/bootsshopbodensee.com\/contact-us\/<\/a><\/p>","protected":false},"excerpt":{"rendered":"<p>Generador comercial Briggs and Stratton 76155 de reserva de 48 kW, 277\/480 V, trif\u00e1sico con controlador InteliNano MRS \u2014 Gas natural\/GLP \u2014 La mejor garant\u00eda<\/p>","protected":false},"featured_media":11093,"comment_status":"open","ping_status":"closed","template":"","meta":[],"product_brand":[],"product_cat":[129,126],"product_tag":[],"class_list":{"0":"post-11094","1":"product","2":"type-product","3":"status-publish","4":"has-post-thumbnail","6":"product_cat-briggs-and-stratton-commercial-generators","7":"product_cat-commercial-generators","9":"first","10":"instock","11":"taxable","12":"shipping-taxable","13":"purchasable","14":"product-type-simple"},"jetpack-related-posts":[],"jetpack_sharing_enabled":true,"_links":{"self":[{"href":"https:\/\/bootsshopbodensee.com\/es\/wp-json\/wp\/v2\/product\/11094","targetHints":{"allow":["GET"]}}],"collection":[{"href":"https:\/\/bootsshopbodensee.com\/es\/wp-json\/wp\/v2\/product"}],"about":[{"href":"https:\/\/bootsshopbodensee.com\/es\/wp-json\/wp\/v2\/types\/product"}],"replies":[{"embeddable":true,"href":"https:\/\/bootsshopbodensee.com\/es\/wp-json\/wp\/v2\/comments?post=11094"}],"wp:featuredmedia":[{"embeddable":true,"href":"https:\/\/bootsshopbodensee.com\/es\/wp-json\/wp\/v2\/media\/11093"}],"wp:attachment":[{"href":"https:\/\/bootsshopbodensee.com\/es\/wp-json\/wp\/v2\/media?parent=11094"}],"wp:term":[{"taxonomy":"product_brand","embeddable":true,"href":"https:\/\/bootsshopbodensee.com\/es\/wp-json\/wp\/v2\/product_brand?post=11094"},{"taxonomy":"product_cat","embeddable":true,"href":"https:\/\/bootsshopbodensee.com\/es\/wp-json\/wp\/v2\/product_cat?post=11094"},{"taxonomy":"product_tag","embeddable":true,"href":"https:\/\/bootsshopbodensee.com\/es\/wp-json\/wp\/v2\/product_tag?post=11094"}],"curies":[{"name":"wp","href":"https:\/\/api.w.org\/{rel}","templated":true}]}}